{"id":1289,"date":"2019-03-18T18:38:34","date_gmt":"2019-03-18T17:38:34","guid":{"rendered":"https:\/\/firmalan.com\/sv\/?page_id=1289"},"modified":"2020-11-28T22:14:11","modified_gmt":"2020-11-28T21:14:11","slug":"skuldebrev","status":"publish","type":"page","link":"https:\/\/firmalan.com\/sv\/skuldebrev\/","title":{"rendered":"Skuldebrev"},"content":{"rendered":"<p><strong>Inneh\u00e5ll<\/strong><\/p>\n<div class=\"numberlist\">\n<ul>\n<li><a href=\"#vad-ar-et-skuldebrev\">Vad \u00e4r ett skuldebrev<\/a><\/li>\n<li><a href=\"#laneavtal-mall-exempel-pa-vad-skuldebrev-ska-innehalla\">L\u00e5neavtal mall &#8211; Exempel p\u00e5 vad skuldebrev ska inneh\u00e5lla<\/a><\/li>\n<li><a href=\"https:\/\/firmalan.com\/sv\/wp-content\/uploads\/gratis-mallar\/skuldebrev-mall.docx\">Gratis skuldebrev mall<\/a><\/li>\n<li><a href=\"#lana-ut-pengar-till-eget-aktiebolag\">L\u00e5na ut pengar till eget aktiebolag<\/a><\/li>\n<li><a href=\"#vad-skiljer-ett-lopande-och-enkelt-skuldebrev\">Vad skiljer ett l\u00f6pande och enkelt skuldebrev<\/a><\/li>\n<\/ul>\n<\/div>\n<p>&nbsp;<\/p>\n<h2 id=\"vad-ar-et-skuldebrev\">Vad \u00e4r ett skuldebrev?<\/h2>\n<p>N\u00e4r l\u00e5neavtal ing\u00e5s uppr\u00e4ttas ett skuldebrev, en slags kvitto som fungerar som ett skriftligt juridiskt bindande dokument skuldf\u00f6rbindelse mellan en borgen\u00e4r (l\u00e5ngivare) och g\u00e4lden\u00e4r (l\u00e5ntagare). Skuldebrevet inneh\u00e5ller ett skriftligt erk\u00e4nnande av en penningskuld och den summan l\u00e5neavtalet g\u00e4ller. Likt andra juridiska avtal skall de signeras och dateras. Ett enkelt skuldebrev inneh\u00e5ller oftast \u00e4ven ytterligare villkor s\u00e5 som r\u00e4nta samt tid och tillv\u00e4gag\u00e5ngss\u00e4tt f\u00f6r \u00e5terbetalning. Ett enskilt skuldebrev kan fungera som en s\u00e4kerhet\/garanti f\u00f6r ett l\u00e5n n\u00e4r n\u00e5gon ytterligare reell s\u00e4kerhet inte finns eller kombineras med exempelvis ett pantbrev (inteckning i fastighet) eller f\u00f6retagsinteckningsbrev (f\u00f6retagsinteckning som m\u00f6jligg\u00f6r att r\u00f6relseegendom anv\u00e4nds som kredits\u00e4kerhet).<\/p>\n<p>Muntliga skuldebrev har i juridisk mening samma giltighet som skriftliga, dock ligger bevisb\u00f6rdan helt och h\u00e5llet p\u00e5 den som yrkar p\u00e5 att ett avtal har tr\u00e4ffats.<\/p>\n<h2 id=\"laneavtal-mall-exempel-pa-vad-skuldebrev-ska-innehalla\">L\u00e5neavtal mall &#8211; Exempel p\u00e5 vad skuldebrev ska inneh\u00e5lla<\/h2>\n<p><em>L\u00e5neavtal mall i 11 exempelpunkter:<\/em><\/p>\n<p>1. Vilka som ing\u00e5tt l\u00e5neavtal &#8211; fullst\u00e4ndiga uppgifter borgen\u00e4r (l\u00e5ngivare) och g\u00e4lden\u00e4r (l\u00e5ntagare)<br>\n2. L\u00e5nebelopp som avtalet avser<br>\n3. R\u00e4nta och hur denna skall ber\u00e4knas<br>\n4. Andra \u00f6vriga avgifter, s\u00e5 som t.ex. uppl\u00e4ggningsavgift<br>\n5. Storlek p\u00e5 amortering<br>\n6. \u00c5terbetalningstid<br>\n7. Hur l\u00e5net ska betalas tillbaka<br>\n8. Upps\u00e4gningsklausul<br>\n9. Eventuell dr\u00f6jsm\u00e5lsr\u00e4nta<br>\n10. F\u00f6rtidsinl\u00f6sen och eventuell r\u00e4nteskillnadsers\u00e4ttning<br>\n11. Underskrift av b\u00e5da parter samt datering\/ort<\/p>\n<p><a class=\"btn btn-theme-primary btn-lg\" style=\"min-width: 250px;\" href=\"\/sv\/go\/mallar\/skuldebrev\/\" target=\"_blank\" rel=\"noopener noreferrer\">Ladda ner gratis mall f\u00f6r enkelt skuldebrev<\/a><\/p>\n<p>Juridiskt regleras inneh\u00e5llet i skuldebrev i <a href=\"https:\/\/www.riksdagen.se\/sv\/dokument-lagar\/dokument\/svensk-forfattningssamling\/lag-193681-om-skuldebrev_sfs-1936-81\">skuldebrevlagen (SkbrL)<\/a>, men denna lag kan vara ganska kr\u00e5nglig f\u00f6r en lekman att uttolka d\u00e4rf\u00f6r \u00e4r det att rekommendera att ta hj\u00e4lp av en avtalsjurist vid uppr\u00e4ttande av l\u00e5neavtal s\u00e5 att inneh\u00e5llet utformas juridiskt korrekt.<\/p>\n<p>T\u00e4nk p\u00e5 att det inte alltid r\u00e4cker med att endast ange eventuella panter och s\u00e4kerheter i skuldebrevet, du m\u00e5ste exempelvis \u00e4ven ans\u00f6ka om inteckning av fastigheten hos Lantm\u00e4teriet eller f\u00f6retagsinteckning hos Bolagsverket f\u00f6r att kunna anv\u00e4nda f\u00f6retags\u00e4gd fastighet eller r\u00f6relseegendom som kredits\u00e4kerhet.<\/p>\n<h2 id=\"lana-ut-pengar-till-eget-aktiebolag\">L\u00e5na ut pengar till eget aktiebolag<\/h2>\n<p>Att l\u00e5na pengar som privatperson fr\u00e5n egna bolag \u00e4r strikt f\u00f6rbjudet, d\u00e4remot \u00e4r det m\u00f6jligt att l\u00e5na ut pengar till sitt eget aktiebolag. Men precis som vid alla andra l\u00e5neavtal skall ett skuldebrev uppr\u00e4ttas. I detta fall skapas ett skuldebrev mellan dig (personligen) och ditt aktiebolag (juridisk person), avtalet b\u00f6r inneh\u00e5lla alla grundl\u00e4ggande uppgifter s\u00e5 som l\u00e5nebelopp samt r\u00e4nta. Dock \u00e4r det inte helt n\u00f6dv\u00e4ndigt att ange exakt hur \u00e5terbetalningen skall ske om du st\u00e5r som ensam \u00e4gare av f\u00f6retaget, om detta utel\u00e4mnas f\u00f6ruts\u00e4tts att skulden skall \u00e5terbetalas efter anfordran (formell beg\u00e4ran). Skulle f\u00f6retaget med tiden v\u00e4xa och f\u00e5 fler del\u00e4gare kan det oreglerade skuldebrevet uppdateras och regleras utifr\u00e5n de nya f\u00f6ruts\u00e4ttningarna.<\/p>\n<p>Viktigt att t\u00e4nka p\u00e5 innan du l\u00e5nar ut pengar till ditt bolag \u00e4r att endast en marknadsm\u00e4ssig r\u00e4ntan f\u00e5r tas ut, exakt vad detta inneb\u00e4r varierar beroende p\u00e5 hur stora belopp det r\u00f6r sig om, \u00e5terbetalningstid samt hur pengarna skall nyttjas. Ett riktm\u00e4rke f\u00f6r vad som \u00e4r en marknadsm\u00e4ssig r\u00e4nta f\u00f6r f\u00e5mansf\u00f6retag kan vara att <a href=\"https:\/\/firmalan.com\/sv\/lana-pengar\/jamfor-lan\/\">j\u00e4mf\u00f6ra r\u00e4nta p\u00e5 f\u00f6retagsl\u00e5n<\/a> hos olika svenska kreditgivare. Dock b\u00f6r du vara medveten om att det \u00e4r Skatteverket som i slut\u00e4nden avg\u00f6r vad som kan anses vara en marknadsm\u00e4ssig r\u00e4nta och den \u00f6verstigande delen kommer beskattas som en <a href=\"https:\/\/www4.skatteverket.se\/rattsligvagledning\/edition\/2017.3\/331683.html#h-Oppen-eller-fortackt-utdelning\">f\u00f6rt\u00e4ckt utdelning<\/a>. Den marknadsm\u00e4ssiga r\u00e4ntan som en del\u00e4gare f\u00e5r fr\u00e5n f\u00e5mansf\u00f6retaget f\u00f6r medel som han eller hon har l\u00e5nat ut, beskattas annars normalt i inkomstslaget kapital.<\/p>\n<h2 id=\"vad-skiljer-ett-lopande-och-enkelt-skuldebrev\">Vad skiljer ett l\u00f6pande och enkelt skuldebrev?<\/h2>\n<p>Enkla skuldebrev utg\u00f6r ett bevis p\u00e5 att en fordran finns, kan \u00f6verl\u00e5tas exempelvis i samband med en konkurs genom denuntiationen men s\u00e4rskilda regler till\u00e4mpas och g\u00e4lden\u00e4ren m\u00e5ste uppm\u00e4rksammas. F\u00f6r l\u00e5n mellan privatpersoner eller till eget f\u00f6retag anv\u00e4nds i regel enkelt skuldebrev (enkel l\u00e5nerevers), som inte \u00e4r ett v\u00e4rdepapper utan enbart en revers d\u00e4r det tydligt framg\u00e5r vem det \u00e4r som \u00e4r skyldig pengar och vem det \u00e4r som ska f\u00e5 betalt.<br>\nL\u00f6pande skuldebrev \u00e4r en typ av v\u00e4rdepapper, som l\u00e4tt kan ges bort\/s\u00e4ljas och ger innehavaren r\u00e4tt att kr\u00e4va in betalning. Dessa l\u00f6pande skuldebrev kan delas in i tv\u00e5 huvudtyper: innehavarskuldebrev och orderskuldebrev. Innehavarskuldebrev inneb\u00e4r att den som innehar det l\u00f6pande skuldebrevet ocks\u00e5 \u00e4ger r\u00e4tten att f\u00e5 betalt. Vid orderskuldebrev \u00e4ger en specifik namngiven borgen\u00e4r r\u00e4tten att f\u00e5 betalt, det \u00e4r m\u00f6jligt att \u00f6verl\u00e5ta fodringsr\u00e4tten till en annan borgen\u00e4r.<\/p>\n\n\n<div style='display:none'>Adservice Comparison Feed: Could not find feed with ID \"firma001\"<\/div>\n<script>console.log('Adservice Comparison Feed: Could not find feed with ID \"firma001\"');<\/script>\n","protected":false},"excerpt":{"rendered":"<p>Inneh\u00e5ll Vad \u00e4r ett skuldebrev L\u00e5neavtal mall &#8211; Exempel p\u00e5 vad skuldebrev ska inneh\u00e5lla Gratis skuldebrev mall L\u00e5na ut pengar till eget aktiebolag Vad skiljer ett l\u00f6pande och enkelt skuldebrev &#8230;<\/p>\n","protected":false},"author":1,"featured_media":0,"parent":0,"menu_order":0,"comment_status":"closed","ping_status":"closed","template":"","meta":{"footnotes":""},"class_list":["post-1289","page","type-page","status-publish","hentry"],"_links":{"self":[{"href":"https:\/\/firmalan.com\/sv\/wp-json\/wp\/v2\/pages\/1289","targetHints":{"allow":["GET"]}}],"collection":[{"href":"https:\/\/firmalan.com\/sv\/wp-json\/wp\/v2\/pages"}],"about":[{"href":"https:\/\/firmalan.com\/sv\/wp-json\/wp\/v2\/types\/page"}],"author":[{"embeddable":true,"href":"https:\/\/firmalan.com\/sv\/wp-json\/wp\/v2\/users\/1"}],"replies":[{"embeddable":true,"href":"https:\/\/firmalan.com\/sv\/wp-json\/wp\/v2\/comments?post=1289"}],"version-history":[{"count":4,"href":"https:\/\/firmalan.com\/sv\/wp-json\/wp\/v2\/pages\/1289\/revisions"}],"predecessor-version":[{"id":2401,"href":"https:\/\/firmalan.com\/sv\/wp-json\/wp\/v2\/pages\/1289\/revisions\/2401"}],"wp:attachment":[{"href":"https:\/\/firmalan.com\/sv\/wp-json\/wp\/v2\/media?parent=1289"}],"curies":[{"name":"wp","href":"https:\/\/api.w.org\/{rel}","templated":true}]}}