{"id":1278,"date":"2019-03-09T16:27:09","date_gmt":"2019-03-09T15:27:09","guid":{"rendered":"https:\/\/firmalan.com\/sv\/?page_id=1278"},"modified":"2023-11-30T11:35:38","modified_gmt":"2023-11-30T10:35:38","slug":"investmentbolag","status":"publish","type":"page","link":"https:\/\/firmalan.com\/sv\/foretagsfinansiering\/investmentbolag\/","title":{"rendered":"Vad \u00e4r investmentbolag?"},"content":{"rendered":"<p>Aff\u00e4rsid\u00e9n bakom investmentbolag (ibland \u00e4ven kallat investeringsbolag) \u00e4r att genom strategiska investeringar kontrollera och st\u00f6dja utvecklingen i andra b\u00f6rsnoterade aktiebolag med en \u00f6verordnad m\u00e5ls\u00e4ttning att skapa substansutveckling f\u00f6r sina \u00e4gare utifr\u00e5n l\u00e5ngsiktiga vinstm\u00e5l.<\/p>\n<p>Skatter\u00e4ttligt \u00e4r det m\u00f6jligt f\u00f6r investmentf\u00f6retag att bedriva denna verksamhet i bolagsform f\u00f6rutsatt att man uteslutande eller s\u00e5 gott som uteslutande f\u00f6rvaltar v\u00e4rdepapper eller liknande tillg\u00e5ngar. Konkret inneb\u00e4r det att investmentbolagen fortl\u00f6pande v\u00e4rderar och utv\u00e4rderar olika b\u00f6rsnoterade bolag f\u00f6r att sedan k\u00f6pa och s\u00e4lja innehav (aktier) i utvalda f\u00f6retag. \u00a0<a href=\"https:\/\/firmalan.com\/sv\/foretagsfinansiering\/riskkapital\/\">Riskkapitalbolag<\/a> kan fungera som r\u00e5dgivare \u00e5t fonder som i sin tur \u00e4ger investmentbolagen.<\/p>\n<p>M\u00e5nga framg\u00e5ngsrika investmentbolag i Sverige \u00e4r i sin tur b\u00f6rsnoterade och har p\u00e5 detta vis ut\u00f6kat det tillg\u00e4ngliga investeringskapitalet.<\/p>\n<h3>Lista med investmentbolag i Sverige<\/h3>\n<ul>\n<li>Bure<\/li>\n<li>Creades<\/li>\n<li>Eastnine<\/li>\n<li>Havsfrun Investment<\/li>\n<li>Industriv\u00e4rden<\/li>\n<li>Investor<\/li>\n<li>Kinnevik<\/li>\n<li>Latour<\/li>\n<li>Lundbergf\u00f6retagen<\/li>\n<li>Melker Sch\u00f6rling<\/li>\n<li>Midway Holding<\/li>\n<li>NAXS<\/li>\n<li>Ratos<\/li>\n<li>Spiltan<\/li>\n<li>Svolder<\/li>\n<li>Traction<\/li>\n<li>Volati<\/li>\n<li>Vostok Emerging Finance<\/li>\n<li>Vostok New Ventures<\/li>\n<li>\u00d6resund<\/li>\n<\/ul>\n<h2>Bli en del av investment banking v\u00e4rlden<\/h2>\n<p>F\u00f6r dig som s\u00f6ker en karri\u00e4r inom investment banking och vill veta mer om vad investment banking inneb\u00e4r, \u00e4r <a href=\"https:\/\/www.financerecruitment.se\/rekryteringsforetag-stockholm\/bank-finans-och-forsakring\/investment-banking-jobb-stockholm\/\" target=\"_blank\" rel=\"noopener\">Financerecruitment.se<\/a> en idealisk plattform. De specialiserar sig p\u00e5 att rekrytera till jobb inom investment banking i Stockholm, och erbjuder unika m\u00f6jligheter f\u00f6r dig att utvecklas i finansbranschen. Hos Financerecruitment hittar du all information du beh\u00f6ver om yrkesrollen samt tillg\u00e4ngliga jobb. Deras expertis och n\u00e4tverk inom branschen kan vara din biljett till en framg\u00e5ngsrik karri\u00e4r inom investment banking.<\/p>\n<h2>Investmentbanker<\/h2>\n<p>En investmentbank \u00e4r en v\u00e4rdepappersr\u00f6relse som erbjuder r\u00e5dgivning till kunder samt handlar med v\u00e4rdepapper f\u00f6r egen r\u00e4kning. Men investmentbanker kan \u00e4ven hj\u00e4lpa till med nyemissioner samt introducera bolag p\u00e5 en aktieb\u00f6rs.<\/p>\n<h5>Svenska investmentbanker<\/h5>\n<ol>\n<li>Carnegie Investment Bank<\/li>\n<li>Erik Penser Bank<\/li>\n<li>Handelsbanken Capital Markets<\/li>\n<li>Nordea Markets<\/li>\n<li>SEB Enskilda<\/li>\n<li>Swedbank Markets<\/li>\n<\/ol>\n","protected":false},"excerpt":{"rendered":"<p>Aff\u00e4rsid\u00e9n bakom investmentbolag (ibland \u00e4ven kallat investeringsbolag) \u00e4r att genom strategiska investeringar kontrollera och st\u00f6dja utvecklingen i andra b\u00f6rsnoterade aktiebolag med en \u00f6verordnad m\u00e5ls\u00e4ttning att skapa substansutveckling f\u00f6r sina \u00e4gare &#8230;<\/p>\n","protected":false},"author":1,"featured_media":0,"parent":783,"menu_order":0,"comment_status":"closed","ping_status":"closed","template":"","meta":{"footnotes":""},"class_list":["post-1278","page","type-page","status-publish","hentry"],"_links":{"self":[{"href":"https:\/\/firmalan.com\/sv\/wp-json\/wp\/v2\/pages\/1278","targetHints":{"allow":["GET"]}}],"collection":[{"href":"https:\/\/firmalan.com\/sv\/wp-json\/wp\/v2\/pages"}],"about":[{"href":"https:\/\/firmalan.com\/sv\/wp-json\/wp\/v2\/types\/page"}],"author":[{"embeddable":true,"href":"https:\/\/firmalan.com\/sv\/wp-json\/wp\/v2\/users\/1"}],"replies":[{"embeddable":true,"href":"https:\/\/firmalan.com\/sv\/wp-json\/wp\/v2\/comments?post=1278"}],"version-history":[{"count":3,"href":"https:\/\/firmalan.com\/sv\/wp-json\/wp\/v2\/pages\/1278\/revisions"}],"predecessor-version":[{"id":2428,"href":"https:\/\/firmalan.com\/sv\/wp-json\/wp\/v2\/pages\/1278\/revisions\/2428"}],"up":[{"embeddable":true,"href":"https:\/\/firmalan.com\/sv\/wp-json\/wp\/v2\/pages\/783"}],"wp:attachment":[{"href":"https:\/\/firmalan.com\/sv\/wp-json\/wp\/v2\/media?parent=1278"}],"curies":[{"name":"wp","href":"https:\/\/api.w.org\/{rel}","templated":true}]}}