{"id":1276,"date":"2019-03-09T16:17:24","date_gmt":"2019-03-09T15:17:24","guid":{"rendered":"https:\/\/firmalan.com\/sv\/?page_id=1276"},"modified":"2019-04-24T10:42:55","modified_gmt":"2019-04-24T08:42:55","slug":"riskkapital","status":"publish","type":"page","link":"https:\/\/firmalan.com\/sv\/foretagsfinansiering\/riskkapital\/","title":{"rendered":"Riskkapital"},"content":{"rendered":"<p>Riskkapital avser alla sorters kapital som investeras i bolag som inte \u00e4r l\u00e5n. \u00a0Dessa pengar kan anv\u00e4ndas till drift, utveckling och ut\u00f6kning av befintliga verksamheter. \u00a0Riskkapitalister v\u00e4ljer att satsa kapital i bolag man tror p\u00e5 och d\u00e4r man bed\u00f6mer att det g\u00e5r att f\u00e5 god avkastning p\u00e5 investeringen.<\/p>\n<p>Anledningen till att det kallas riskkapital \u00e4r att alla investeringar inneb\u00e4r en risk f\u00f6r den som stoppar in pengar i en verksamhet. Detta \u00e4r en av de stora skillnaderna j\u00e4mf\u00f6rt med hur bankerna jobbar med l\u00e5n, d\u00e4r de kr\u00e4ver att f\u00f6retag kan erbjuda n\u00e5gon form av s\u00e4kerhet eller borgens\u00e5tagande i utbyte mot finansiering.<\/p>\n<p>Riskkapitalinvesterare \u00e4r v\u00e4l inf\u00f6rst\u00e5dda med att de riskerar de investerade medlen, men det betyder inte att man \u00e4r villiga att g\u00f6ra on\u00f6diga chansningar. En viktig del i riskkapitalisternas arbete \u00e4r att arbeta med v\u00e4rdering, f\u00f6retagsanalys och due diligence d\u00e4r erfarna ekonomer g\u00f6r bed\u00f6mningar utifr\u00e5n ett risk\/reward scenario. \u00a0Om avkastningsm\u00f6jligheterna visar sig vara tillr\u00e4ckligt goda v\u00e4ljer man att g\u00e5 inte med riskkapital.<\/p>\n<h3>Konsten att s\u00f6ka riskkapital<\/h3>\n<p>Det kan vara sv\u00e5rt och framf\u00f6rallt tidskr\u00e4vande att f\u00e5 fatt i riskkapital, nyckeln till framg\u00e5ng \u00e4r att f\u00f6rbereda sig v\u00e4l. I m\u00e5nga och mycket \u00e4r f\u00f6rberedelse processen densamma som om man s\u00f6ker l\u00e5n fr\u00e5n banken. Se till att ha ordning p\u00e5 din verksamhet, uppr\u00e4tta en aff\u00e4rsplan och se till att vara f\u00f6rberedd p\u00e5 att kunna besvara allehanda fr\u00e5gor om f\u00f6retaget.<\/p>\n<p>F\u00f6rtroende \u00e4r A och O f\u00f6r riskkapitalister d\u00e4rf\u00f6r \u00e4r det avg\u00f6rande f\u00f6r dig som f\u00f6retagsledare att kunna g\u00f6ra ett gott intryck p\u00e5 investerarna. Kompetens v\u00e4rderas h\u00f6gt, se d\u00e4rf\u00f6r till att presentera alla viktiga nyckelpersoner inom f\u00f6retaget.<\/p>\n<p>I regel vill riskkapitalister g\u00e5 in i ett tidigt skede av utvecklingen f\u00f6r att f\u00e5 st\u00f6rst valuta f\u00f6r sina pengar och f\u00f6r att kunna ut\u00f6va mesta m\u00f6jliga p\u00e5verkan. Det \u00e4r ocks\u00e5 s\u00e5 att det kan vara sv\u00e5rt att <a href=\"https:\/\/firmalan.com\/sv\/lana-pengar\/nytt-foretag\/\">l\u00e5na f\u00f6r nya f\u00f6retag<\/a> n\u00e4r de beh\u00f6ver ta in extern finansiering f\u00f6r att skapa tillv\u00e4xt, d\u00e4rf\u00f6r \u00e4r det naturligt att \u00f6ppna upp f\u00f6r riskkapitalister n\u00e4r det beh\u00f6vs pengar till olika investeringar. <em>Venture kapital<\/em> \u00e4r en term som anv\u00e4nds f\u00f6r att beskriva riskkapital som investeras i nystartade f\u00f6retag s\u00e5 kallade startups. F\u00f6r dig som egenf\u00f6retagare \u00e4r det klokt att b\u00f6rja leta efter investerare i ett tidigt skede medan de ekonomiska marginalerna allt j\u00e4mt \u00e4r goda, n\u00e4r en likviditetsbrist v\u00e4l uppst\u00e5tt f\u00f6rsvagas n\u00e4mligen f\u00f6rhandlingspositionen avsev\u00e4rt.<\/p>\n<h3>Hitta riskkapitalister<\/h3>\n<p>De flesta riskkapitalisterna \u00e4r privata investerare; aff\u00e4rs\u00e4nglar eller riskkapitalbolag, men det finns \u00e4ven statliga organisationer som erbjuder riskkapital. M\u00e5nga av de riktigt stora riskkapitalbolagen finansieras via fonder i vilka externa investerare kan k\u00f6pa andelar. <a href=\"https:\/\/firmalan.com\/sv\/finansiering\/svca\/\">Svenska riskkapitalf\u00f6reningen \u2013 SVCA<\/a> \u00e4r en sammanslutning f\u00f6r svenska riskkapitalister d\u00e4r de flesta riskkapitalbolagen \u00e4r anslutna.<\/p>\n<h5>Venture Capital (uppstartskapital)<\/h5>\n<p>Backstage Invest AB<br \/>\nBrightly Ventures<br \/>\nCentrecourt AB<br \/>\nChalmers Ventures AB<br \/>\nCreandum II Advisor AB<br \/>\nCreathor Venture<br \/>\nF\u00f6rsta Entrepren\u00f6rsfonden AB<br \/>\nGLD Invest AB<br \/>\nGP Bullhound AB<br \/>\nHadean Ventures<br \/>\nHealthCap AB<br \/>\nIngka GreenTech AB<br \/>\nInnovationskapital<br \/>\nNFT Ventures AB<br \/>\nNordic Game Ventures<br \/>\nNorthzone Ventures<br \/>\nPULS Partners<br \/>\nRite Ventures<br \/>\nSaab Ventures<br \/>\nSEB Venture Capital<br \/>\nServisen Investment Management AB<br \/>\nSpintop Ventures<br \/>\n<a href=\"https:\/\/firmalan.com\/sv\/foretagsfinansiering\/riskkapital\/propel-capital\/\">Stockholm Innovation &amp; Growth AB (s\u00e5ddfinansiering via Propel Capital AB)<\/a><br \/>\nStronghold Invest AB<br \/>\nTransferator AB<br \/>\nVidici Ventures<br \/>\nVolvo Group Venture Capital<br \/>\nZenith Group<\/p>\n<h5>Offentliga\/statliga organisationer inom Venture Capital<\/h5>\n<p>Almi Invest AB<br \/>\nGU Ventures<br \/>\nIndustrifonden<br \/>\nSLU Holding AB<\/p>\n<h5>Growth Capital (tillv\u00e4xtfinansiering)<\/h5>\n<p>eEquity AB<br \/>\nNovAx<br \/>\nScope Capital Advisory AB<br \/>\nStandout Capital<br \/>\nVerdane<\/p>\n<h5>Buyout (majoritetsinvestering)<\/h5>\n<p>AB Max Sievert<br \/>\nAccent Equity Partners AB<br \/>\nAdelis Advisory I AB<br \/>\nAdvent International Plc<br \/>\nAlder<br \/>\nAltor Equity Partners AB<br \/>\nAmymone AB<br \/>\nAxcel Management AB<br \/>\nBridgepoint AB<br \/>\nCapMan AB<br \/>\nCoeli Private Equity Management AB<br \/>\nCubera Private Equity<br \/>\nCVC Capital Partners<br \/>\nEQT Partners AB<br \/>\nFSN Capital Partners AB<br \/>\nKarnell<br \/>\nLitorina<br \/>\nMedCap<br \/>\nMVI Fund I AB<br \/>\nNC Advisory AB<br \/>\nNorvestor Equity AS<br \/>\nPAI Partners<br \/>\nPermira Adviser KB<br \/>\nPolaris Private Equity<br \/>\nPriveq Advisory AB<br \/>\nProcuritas Capital Investors<br \/>\nRiverside Europe Partners<br \/>\nSegulah Advisor AB<br \/>\nSerafim Invest AB<br \/>\nSumma Equity<br \/>\nTriton Advisers Limited<\/p>\n<h5>\u00d6vriga associerade<\/h5>\n<p>Connect Sverige en ideell organisation som sammanf\u00f6r f\u00f6retagare med investerare.<br \/>\nLivf\u00f6rs\u00e4kringsaktiebolaget Skandia,\u00f6msesidigt<br \/>\nNAXS Nordic Buyout Fund AB<br \/>\nSj\u00e4tte AP Fonden<br \/>\nStronghold Invest AB<br \/>\nTredje AP Fonden<\/p>\n<h3>F\u00f6rdelar och nackdelar med riskkapital j\u00e4mf\u00f6rt med f\u00f6retagsl\u00e5n<\/h3>\n<p>+ F\u00e5 kapitaltillskott<br \/>\n+ Du slipper sj\u00e4lv ta risken<br \/>\n+ Spelar ingen roll om banken s\u00e4ger nej<br \/>\n+ Undvik dyra l\u00e5nekostnader<br \/>\n+ Beh\u00e5ll god kreditv\u00e4rdighet<\/p>\n<p>&#8211; Kan vara sv\u00e5rt att hitta villiga investerare<br \/>\n&#8211; F\u00f6rlorad kontroll och minskat \u00e4gande \u00a0i bolaget<br \/>\n&#8211; Riskkapitalister kan komma att st\u00e4lla krav p\u00e5 hur verksamheten skall drivas och utvecklas<br \/>\n&#8211; Risk att f\u00e5 in oseri\u00f6sa\/kriminella akt\u00f6rer i f\u00f6retaget<br \/>\n&#8211; Ytterligare press att leverera tillv\u00e4xt<\/p>\n","protected":false},"excerpt":{"rendered":"<p>Riskkapital avser alla sorters kapital som investeras i bolag som inte \u00e4r l\u00e5n. \u00a0Dessa pengar kan anv\u00e4ndas till drift, utveckling och ut\u00f6kning av befintliga verksamheter. \u00a0Riskkapitalister v\u00e4ljer att satsa kapital &#8230;<\/p>\n","protected":false},"author":1,"featured_media":0,"parent":783,"menu_order":0,"comment_status":"closed","ping_status":"closed","template":"","meta":{"footnotes":""},"class_list":["post-1276","page","type-page","status-publish","hentry"],"_links":{"self":[{"href":"https:\/\/firmalan.com\/sv\/wp-json\/wp\/v2\/pages\/1276","targetHints":{"allow":["GET"]}}],"collection":[{"href":"https:\/\/firmalan.com\/sv\/wp-json\/wp\/v2\/pages"}],"about":[{"href":"https:\/\/firmalan.com\/sv\/wp-json\/wp\/v2\/types\/page"}],"author":[{"embeddable":true,"href":"https:\/\/firmalan.com\/sv\/wp-json\/wp\/v2\/users\/1"}],"replies":[{"embeddable":true,"href":"https:\/\/firmalan.com\/sv\/wp-json\/wp\/v2\/comments?post=1276"}],"version-history":[{"count":3,"href":"https:\/\/firmalan.com\/sv\/wp-json\/wp\/v2\/pages\/1276\/revisions"}],"predecessor-version":[{"id":1457,"href":"https:\/\/firmalan.com\/sv\/wp-json\/wp\/v2\/pages\/1276\/revisions\/1457"}],"up":[{"embeddable":true,"href":"https:\/\/firmalan.com\/sv\/wp-json\/wp\/v2\/pages\/783"}],"wp:attachment":[{"href":"https:\/\/firmalan.com\/sv\/wp-json\/wp\/v2\/media?parent=1276"}],"curies":[{"name":"wp","href":"https:\/\/api.w.org\/{rel}","templated":true}]}}