{"id":1274,"date":"2019-03-09T15:58:12","date_gmt":"2019-03-09T14:58:12","guid":{"rendered":"https:\/\/firmalan.com\/sv\/?page_id=1274"},"modified":"2020-11-28T22:38:21","modified_gmt":"2020-11-28T21:38:21","slug":"affarsangel","status":"publish","type":"page","link":"https:\/\/firmalan.com\/sv\/foretagsfinansiering\/affarsangel\/","title":{"rendered":"Aff\u00e4rs\u00e4ngel"},"content":{"rendered":"<p>Kanske \u00e4r termen aff\u00e4rs\u00e4ngel n\u00e5got missvisande d\u00e5 den l\u00e4tt f\u00e5r en att g\u00f6ra associationer till n\u00e5got oskuldsfullt l\u00e5ngt bort fr\u00e5n aff\u00e4rsv\u00e4rldens ofta brutalt h\u00e5rda konkurrens. Fast \u00e4ven om dessa \u00e4nglar kanske inte helt och fullt kan m\u00e4ta sig med himmelns heliga v\u00e4ktare, har aff\u00e4rs\u00e4nglar m\u00e5nga g\u00e5ngar r\u00e4ddat f\u00f6retag i n\u00f6d genom kapitalfinansiering. Att man tr\u00e4der in som \u201dv\u00e4lg\u00f6rare\u201d p\u00e5 detta vis utesluter emellertid inte att aff\u00e4rs\u00e4ngeln \u00e4ven f\u00f6rv\u00e4ntar sig kunna tj\u00e4na pengar p\u00e5 sin investering och vid b\u00e4sta m\u00f6jliga utfall uppst\u00e5r en win-win situation d\u00e4r b\u00e5de f\u00f6retags\u00e4gare och investerare tj\u00e4nar p\u00e5 aff\u00e4rssamarbetet.<\/p>\n<blockquote><p>Aff\u00e4rs\u00e4ngel en v\u00e4lg\u00f6rare eller en aff\u00e4rspartner med vinstintresse?<\/p><\/blockquote>\n<ul>\n<li>M\u00e5nga investerare vill f\u00f6lja bolagen och bygga relationer under minst 1 \u00e5r innan de beslutar sig f\u00f6r att satsa kapital.<\/li>\n<li>Investeringar sker ofta med en l\u00e5ngsiktig tidshorisont.<\/li>\n<li>Aff\u00e4rs\u00e4nglar bedriver inte v\u00e4lg\u00f6renhet, man vill bygga framg\u00e5ngsrika f\u00f6retag med god vinst.<\/li>\n<li>Som aff\u00e4rspartners \u00e4r det viktigt att ni kommer \u00f6verens och att rollerna \u00e4r utredda innan kapital investeras.<\/li>\n<\/ul>\n<h3>Inte bara pengar<\/h3>\n<p>\u00c4ven om aff\u00e4rs\u00e4nglar \u00e4r intimt f\u00f6rknippade med finansiella investeringar i bolag, b\u00f6r man inte underskatta alla de \u00f6vriga kompetenser som erfarna investerare kan bidra med. Eftersom b\u00e5de du och aff\u00e4rs\u00e4ngeln vill samma sak, n\u00e4mligen att f\u00f6retaget blir l\u00f6nsamt, \u00e4r det dumt att inte nyttja samarbetet fullt ut. Aff\u00e4rs\u00e4nglar har ofta ett brett aff\u00e4rsn\u00e4tverk och inte s\u00e4llan har man personliga erfarenheter av att skapa, driva och utveckla f\u00f6retag, det \u00e4r dessa resurser som i kombination med finansiering tillsammans med h\u00e5rt arbete kan ge synergier som leder till stark tillv\u00e4xt.<\/p>\n<p><em>Detta kan en aff\u00e4rs\u00e4ngel bidra med ut\u00f6ver kapital:<\/em><\/p>\n<ul>\n<li><strong>Kompetens<\/strong> &#8211; m\u00e5nga enskilda investerare \u00e4r sj\u00e4lva f\u00f6retagsledare med gedigna erfarenheter av att bygga upp och utveckla verksamheter.<\/li>\n<li><strong>N\u00e4tverk<\/strong> \u2013 som m\u00f6jligg\u00f6r kontakt med r\u00e4tt aff\u00e4rskontakter, logistiska l\u00f6sningar och f\u00f6rs\u00e4ljningskanaler.<\/li>\n<li><strong>Namnkunnighet<\/strong> \u2013 skapa brand awareness genom att samverka med v\u00e4lk\u00e4nda akt\u00f6rer.<\/li>\n<\/ul>\n<h3>Vem\/vad \u00e4r en aff\u00e4rs\u00e4ngel?<\/h3>\n<p>I grunden \u00e4r aff\u00e4rs\u00e4nglar kapitalstarka individer som g\u00f6r privata investeringar direkt i onoterade bolag. Oftast sker dessa investeringar tidigt under uppstartsfasen som ett alternativ till <a href=\"https:\/\/firmalan.com\/sv\/1100-starta-eget\/\">eget l\u00e5n<\/a>, men en privat investerare kan \u00e4ven v\u00e4lja att g\u00e5 med kapital i ett senare skede exempelvis n\u00e4r f\u00f6retag beh\u00f6ver pengar f\u00f6r att v\u00e4xa och utveckla sin verksamhet.<\/p>\n<p>Aff\u00e4rs\u00e4nglar beh\u00f6ver inte n\u00f6dv\u00e4ndigtvis operera enskilt det finns \u00e4ven f\u00f6reningar s\u00e5 kallade aff\u00e4rs\u00e4ngeln\u00e4tverk d\u00e4r flera privata investerare hj\u00e4lps \u00e5t att hitta l\u00e4mpliga och lovande f\u00f6retag att satsa pengar p\u00e5.<\/p>\n<h3>Hitta aff\u00e4rs\u00e4ngel<\/h3>\n<p><a href=\"https:\/\/firmalan.com\/sv\/organisation\/connect-sverige\/\">Connect Sverige<\/a> har ett n\u00e4tverk best\u00e5ende utav omkring 450 aff\u00e4rs\u00e4nglar, d\u00e4r ca 250 individer \u00e4r aktiva.<\/p>\n<p>N\u00e4tverk f\u00f6r kvinnliga aff\u00e4rs\u00e4nglar:<\/p>\n<ul>\n<li>IDA-n\u00e4tverket i Connect V\u00e4st<\/li>\n<li>Cash is QUEEN i Connect \u00d6st<\/li>\n<\/ul>\n<p><a href=\"https:\/\/firmalan.com\/sv\/finansiering\/svca\/\">SVCA<\/a> &#8211; \u00e4r en organisation f\u00f6r riskkapitalister och aff\u00e4rs\u00e4nglar<\/p>\n<h3>Vad \u00e4r skillnaden mellan en aff\u00e4rs\u00e4ngel och riskkapitalist?<\/h3>\n<p>Det finns inga vattent\u00e4ta skott mellan aff\u00e4rs\u00e4nglar och riskkapitalister, i m\u00e5ngt och mycket Riskkapitalbolag\/investmentbolag d\u00e4r man oftast anv\u00e4nder \u00e4ven andras pengar till investeringar i olika bolag.<\/p>\n<h3>Locka till dig investerare<\/h3>\n<p>Lyckade aff\u00e4rs\u00e4nglar har inte blivit framg\u00e5ngsrika p\u00e5 att satsa p\u00e5 svaga aff\u00e4rsid\u00e9er, de har n\u00e4sa f\u00f6r att hitta f\u00f6retagen med b\u00e4st potential. Samtidigt \u00e4r det naturligtvis s\u00e5 att m\u00e5nga fler verksamheter skulle kunna ha blivit framg\u00e5ngsrika om bara f\u00f6retagen i ett tidigt skede lyckas f\u00e5nga en aff\u00e4rs\u00e4ngels intresse.<\/p>\n<p>Att locka till sig investerare \u00e4r en konst i sig, viktigast \u00e4r att ha en bra aff\u00e4rsid\u00e9 och en tydlig aff\u00e4rsplan, men det \u00e4r naturligtvis ocks\u00e5 viktigt att vara s\u00e4ljande, synas och sticka ut fr\u00e5n m\u00e4ngden. T\u00e4nk p\u00e5 att du kanske bara f\u00e5r en chans att presentera din aff\u00e4rsid\u00e9 inf\u00f6r drakarna, se d\u00e4rf\u00f6r till att vara v\u00e4l f\u00f6rberedd och ge inte upp.<\/p>\n<p>Ett tips f\u00f6r den som vill f\u00e5 en bild av hur aff\u00e4rs\u00e4nglar t\u00e4nker n\u00e4r de tr\u00e4ffar entrepren\u00f6rer som s\u00f6ker kapital, \u00e4r att titta p\u00e5 ett par avsnitt av Drakn\u00e4stet eller den amerikanska eller brittiska Dragons&#8217; Den. Nu \u00e4r detta visserligen en TV-show med allt vad det inneb\u00e4r, men tankeg\u00e5ngarna\/resonemanget \u00e4r desamma i verkligheten.<\/p>\n\n\n<div style='display:none'>Adservice Comparison Feed: Could not find feed with ID \"firma001\"<\/div>\n<script>console.log('Adservice Comparison Feed: Could not find feed with ID \"firma001\"');<\/script>\n","protected":false},"excerpt":{"rendered":"<p>Kanske \u00e4r termen aff\u00e4rs\u00e4ngel n\u00e5got missvisande d\u00e5 den l\u00e4tt f\u00e5r en att g\u00f6ra associationer till n\u00e5got oskuldsfullt l\u00e5ngt bort fr\u00e5n aff\u00e4rsv\u00e4rldens ofta brutalt h\u00e5rda konkurrens. Fast \u00e4ven om dessa \u00e4nglar &#8230;<\/p>\n","protected":false},"author":1,"featured_media":0,"parent":783,"menu_order":0,"comment_status":"closed","ping_status":"closed","template":"","meta":{"footnotes":""},"class_list":["post-1274","page","type-page","status-publish","hentry"],"_links":{"self":[{"href":"https:\/\/firmalan.com\/sv\/wp-json\/wp\/v2\/pages\/1274","targetHints":{"allow":["GET"]}}],"collection":[{"href":"https:\/\/firmalan.com\/sv\/wp-json\/wp\/v2\/pages"}],"about":[{"href":"https:\/\/firmalan.com\/sv\/wp-json\/wp\/v2\/types\/page"}],"author":[{"embeddable":true,"href":"https:\/\/firmalan.com\/sv\/wp-json\/wp\/v2\/users\/1"}],"replies":[{"embeddable":true,"href":"https:\/\/firmalan.com\/sv\/wp-json\/wp\/v2\/comments?post=1274"}],"version-history":[{"count":2,"href":"https:\/\/firmalan.com\/sv\/wp-json\/wp\/v2\/pages\/1274\/revisions"}],"predecessor-version":[{"id":2405,"href":"https:\/\/firmalan.com\/sv\/wp-json\/wp\/v2\/pages\/1274\/revisions\/2405"}],"up":[{"embeddable":true,"href":"https:\/\/firmalan.com\/sv\/wp-json\/wp\/v2\/pages\/783"}],"wp:attachment":[{"href":"https:\/\/firmalan.com\/sv\/wp-json\/wp\/v2\/media?parent=1274"}],"curies":[{"name":"wp","href":"https:\/\/api.w.org\/{rel}","templated":true}]}}