{"id":1260,"date":"2019-03-04T10:11:56","date_gmt":"2019-03-04T09:11:56","guid":{"rendered":"https:\/\/firmalan.com\/sv\/?page_id=1260"},"modified":"2019-11-20T10:42:23","modified_gmt":"2019-11-20T09:42:23","slug":"direkto","status":"publish","type":"page","link":"https:\/\/firmalan.com\/sv\/lana-pengar\/direkto\/","title":{"rendered":"Direkto"},"content":{"rendered":"<div class=\"section-content\">\n<div class=\"row\">\n<div class=\"feature-item col-lg-6 col-sm-6 wow slideInUp\">\n<div class=\"feature-media\"><img decoding=\"async\" src=\"https:\/\/firmalan.com\/sv\/wp-content\/uploads\/2019\/03\/direkto-foretagslan.jpg\" \/><\/div>\n<\/div>\n<div class=\"feature-item col-lg-6 col-sm-6 wow slideInUp\">\n<p>Direkto gjorde sig k\u00e4nda genom tv-reklamen med Alexander &#8220;the Mauler&#8221; Gustafsson och slogan &#8220;Du m\u00e5ste t\u00e4nka p\u00e5 procenten&#8221;. L\u00e5nef\u00f6rmedlaren j\u00e4mf\u00f6r i f\u00f6rsta hand l\u00e5n upp till 600.000 kr \u00e5t privata hush\u00e5ll i Sverige, men har helt nyligen \u00e4ven b\u00f6rjat erbjuda l\u00e5n till egenf\u00f6retagare.<\/p>\n<p>&nbsp;<\/p>\n<p>Uppgifterna om Direkto f\u00f6retagsl\u00e5n \u00e4r emellertid mycket knapph\u00e4ndiga, men utifr\u00e5n informationen p\u00e5 Direkto.se kan man utl\u00e4sa att de f\u00f6rmedlar l\u00e5n p\u00e5 20.000-5.000.000 kr till f\u00f6retagare med r\u00e4ntor fr\u00e5n 4% d\u00e4r en ospecificerad uppl\u00e4ggningsavgift tillkommer. Det kostar inget att ans\u00f6ka om Direkto f\u00f6retagsl\u00e5n och ans\u00f6kan \u00e4r inte bindande. I dagsl\u00e4get saknas en ans\u00f6kningsfunktion f\u00f6r f\u00f6retag hos Direkto, ist\u00e4llet ombeds egenf\u00f6retagare ta kontakt med n\u00e5gon av l\u00e5ner\u00e5dgivarna Alexander H\u00e4ger\u00f6 eller Henrik Andersson.<\/p>\n<\/div>\n<\/div>\n<\/div>\n<div class=\"section-color\">\n<div class=\"row\">\n<div class=\"feature-item col-lg-6 col-sm-6 wow slideInUp\">\n<p class=\"kapitel\">F\u00f6retagsl\u00e5n<\/p>\n<ul id=\"navlist\">\n<li>Belopp: 20 000-5 000 000 kr<\/li>\n<li>L\u00f6ptid: Ospecificerad<\/li>\n<li>R\u00e4nta: fr\u00e5n 4%.<\/li>\n<\/ul>\n<\/div>\n<div class=\"feature-item col-lg-6 col-sm-6 wow slideInUp\">\n<p class=\"kapitel\">Ans\u00f6kan<\/p>\n<ul id=\"navlist\">\n<li>Anm\u00e4l intresse via E-post\/telefon<\/li>\n<li>Tala med l\u00e5ner\u00e5dgivare<\/li>\n<li>Godk\u00e4nnande efter individuell pr\u00f6vning<\/li>\n<li>Utbetalning inom 1-2 dagar<\/li>\n<\/ul>\n<\/div>\n<\/div>\n<\/div>\n<p><span style=\"color: #00529c; font-size: 16pt;\">Villkor:<\/span><\/p>\n<table>\n<tbody>\n<tr>\n<td bgcolor=\"#000\"><span style=\"color: #ffffff;\">R\u00e4nta<\/span><\/td>\n<td>\u00c5rsr\u00e4nta:fr\u00e5n 4%.<\/td>\n<\/tr>\n<tr>\n<td bgcolor=\"#000\"><span style=\"color: #ffffff;\">Uppl\u00e4ggningsavgift<\/span><\/td>\n<td>Tillkommer.<\/td>\n<\/tr>\n<tr>\n<td bgcolor=\"#000\"><span style=\"color: #ffffff;\">Borgens\u00e5tagande<\/span><\/td>\n<td>Uppgift saknas.<\/td>\n<\/tr>\n<tr>\n<td bgcolor=\"#000\"><span style=\"color: #ffffff;\">F\u00f6rtidsinl\u00f6sen<\/span><\/td>\n<td>Uppgift saknas.<\/td>\n<\/tr>\n<tr>\n<td bgcolor=\"#000\"><span style=\"color: #ffffff;\">Betalningsanm\u00e4rkning<\/span><\/td>\n<td>Uppgift saknas.<\/td>\n<\/tr>\n<\/tbody>\n<\/table>\n<p><span style=\"color: #00529c; font-size: 16pt;\">Krav p\u00e5 f\u00f6retag som s\u00f6ker:<\/span><\/p>\n<table>\n<tbody>\n<tr>\n<td bgcolor=\"#000\"><span style=\"color: #ffffff;\">Oms\u00e4ttning<\/span><\/td>\n<td>Minst 500.000 kr\/\u00e5r h\u00f6gst 10.000.000 kr\/\u00e5r.<\/td>\n<\/tr>\n<tr>\n<td bgcolor=\"#000\"><span style=\"color: #ffffff;\">Historik<\/span><\/td>\n<td>Minst 6 m\u00e5naders verksamhet. Godk\u00e4nd kreditupplysning f\u00f6r f\u00f6retaget och personer bakom bolaget kr\u00e4vs.<\/td>\n<\/tr>\n<tr>\n<td bgcolor=\"#000\"><span style=\"color: #ffffff;\">\u00c4garskap<\/span><\/td>\n<td>Alla svenska aktiebolag, enskilda firmor, handelsbolag och kommanditbolag kan ans\u00f6ka om l\u00e5n<\/td>\n<\/tr>\n<tr>\n<td bgcolor=\"#000\"><span style=\"color: #ffffff;\">F\u00f6retagsadress<\/span><\/td>\n<td>Verksamheten \u00e4r registrerad hos bolagsverket i Sverige.<\/td>\n<\/tr>\n<\/tbody>\n<\/table>\n<hr \/>\n<p>Enligt v\u00e5ra uppgifter samverkar l\u00e5nef\u00f6rmedlaren med f\u00f6ljande kreditgivare: Avida Finans,Balanzia,Bigbank,Bluestep Bank,Brocc,Credway,Collector Bank,Credento,Coop MedMera Bank,Forex Bank,Komplett Bank,KonsumentKredit,Lendify,Marginalen Bank,Nordnet Bank,Santander Bank,Tryggkredit. Det saknas uppgifter om vilken kreditgivare som st\u00e5r bakom det f\u00f6retagsl\u00e5n som Direkto f\u00f6rmedlar.<\/p>\n<p>Direkto grundades 2014 av Hemad Razavi och \u00e4r en frist\u00e5ende l\u00e5nef\u00f6rmedlare med fullt fokus p\u00e5 kreditf\u00f6rmedling mot den svenska marknaden. Direkto st\u00f6djer BRIS &#8211; Barnens R\u00e4tt I Samh\u00e4llet, vilket inneb\u00e4r att \u00e4ven du st\u00f6djer denna organisation genom att ans\u00f6ka om ett l\u00e5n via deras tj\u00e4nster.<\/p>\n<p>&nbsp;<\/p>\n<h4>\u00d6PPETTIDER KUNDTJ\u00c4NST:<\/h4>\n<table class=\"table table-striped\" border=\"0\">\n<tbody>\n<tr>\n<td valign=\"top\" width=\"150\">M\u00e5ndag \u2013 Torsdag<\/td>\n<td valign=\"top\" width=\"100\">09:00-18:00<\/td>\n<\/tr>\n<tr>\n<td valign=\"top\" width=\"150\">Fredag<\/td>\n<td valign=\"top\" width=\"100\">09:00-15:30<\/td>\n<\/tr>\n<tr>\n<td valign=\"top\" width=\"150\">Helg<\/td>\n<td valign=\"top\" width=\"100\">St\u00e4ngt<\/td>\n<\/tr>\n<\/tbody>\n<\/table>\n<blockquote><p>Telefon: 020-252626<br \/>\nE-mail: <a href=\"mailto:info@direkto.se\">info@direkto.se<\/a><\/p><\/blockquote>\n<blockquote class=\"theme\"><p>Direkto AB<\/p>\n<h4>ADRESS:<\/h4>\n<p>Birger Jarlsgatan 2<br \/>\n114 34 Stockholm<br \/>\nOrg. nr: 556962-9404<\/p><\/blockquote>\n","protected":false},"excerpt":{"rendered":"<p>Direkto gjorde sig k\u00e4nda genom tv-reklamen med Alexander &#8220;the Mauler&#8221; Gustafsson och slogan &#8220;Du m\u00e5ste t\u00e4nka p\u00e5 procenten&#8221;. L\u00e5nef\u00f6rmedlaren j\u00e4mf\u00f6r i f\u00f6rsta hand l\u00e5n upp till 600.000 kr \u00e5t privata &#8230;<\/p>\n","protected":false},"author":1,"featured_media":1261,"parent":164,"menu_order":0,"comment_status":"closed","ping_status":"closed","template":"","meta":{"footnotes":""},"class_list":["post-1260","page","type-page","status-publish","has-post-thumbnail","hentry"],"_links":{"self":[{"href":"https:\/\/firmalan.com\/sv\/wp-json\/wp\/v2\/pages\/1260","targetHints":{"allow":["GET"]}}],"collection":[{"href":"https:\/\/firmalan.com\/sv\/wp-json\/wp\/v2\/pages"}],"about":[{"href":"https:\/\/firmalan.com\/sv\/wp-json\/wp\/v2\/types\/page"}],"author":[{"embeddable":true,"href":"https:\/\/firmalan.com\/sv\/wp-json\/wp\/v2\/users\/1"}],"replies":[{"embeddable":true,"href":"https:\/\/firmalan.com\/sv\/wp-json\/wp\/v2\/comments?post=1260"}],"version-history":[{"count":5,"href":"https:\/\/firmalan.com\/sv\/wp-json\/wp\/v2\/pages\/1260\/revisions"}],"predecessor-version":[{"id":1990,"href":"https:\/\/firmalan.com\/sv\/wp-json\/wp\/v2\/pages\/1260\/revisions\/1990"}],"up":[{"embeddable":true,"href":"https:\/\/firmalan.com\/sv\/wp-json\/wp\/v2\/pages\/164"}],"wp:featuredmedia":[{"embeddable":true,"href":"https:\/\/firmalan.com\/sv\/wp-json\/wp\/v2\/media\/1261"}],"wp:attachment":[{"href":"https:\/\/firmalan.com\/sv\/wp-json\/wp\/v2\/media?parent=1260"}],"curies":[{"name":"wp","href":"https:\/\/api.w.org\/{rel}","templated":true}]}}