{"id":126,"date":"2017-07-03T18:15:00","date_gmt":"2017-07-03T16:15:00","guid":{"rendered":"https:\/\/firmalan.com\/sv\/?page_id=126"},"modified":"2020-07-07T06:06:25","modified_gmt":"2020-07-07T04:06:25","slug":"opr","status":"publish","type":"page","link":"https:\/\/firmalan.com\/sv\/lana-pengar\/opr\/","title":{"rendered":"OPR Finance F\u00f6retagsl\u00e5n"},"content":{"rendered":"<div class=\"section-content\">\n<div class=\"row\">\n<div class=\"feature-item col-lg-6 col-sm-6 wow slideInUp\">\n<div class=\"feature-media\"><img decoding=\"async\" src=\"https:\/\/firmalan.com\/sv\/wp-content\/uploads\/logo\/opr-finance.png\" \/><\/div>\n<\/div>\n<div class=\"feature-item col-lg-6 col-sm-6 wow slideInUp\">\n<p>Sm\u00e5f\u00f6retagare har i regel sv\u00e5rt att l\u00e5na hos de st\u00f6rsta bankerna. OPR F\u00f6retagsl\u00e5n g\u00f6r det m\u00f6jligt ocks\u00e5 f\u00f6r mindre firmor att f\u00e5 tillg\u00e5ng till kapital n\u00e4r behovet \u00e4r som st\u00f6rst. OPR f\u00f6retagsl\u00e5n premierar kunder som sk\u00f6ter sina \u00e5terbetalning exemplariskt genom att \u00e5terbetala 20 % av avgifterna i samband med slutbetalningen av l\u00e5net. <\/p>\n<p><span style=\"color: #f4f4f4;\"><strong><a class=\"btn btn-theme-primary btn-lg\" style=\"color: #f4f4f4;\" title=\"\u27a4 OPR f\u00f6retag- l\u00e5n\" href=\"https:\/\/firmalan.com\/sv\/go\/opr\/\" target=\"_blank\" rel=\"nofollow noopener noreferrer\">\u27a4 G\u00e5 Till OPR Finance<\/a><\/strong><\/span><\/p>\n<\/div>\n<\/div>\n<\/div>\n<div class=\"section-color\">\n<div class=\"row\">\n<div class=\"feature-item col-lg-6 col-sm-6 wow slideInUp\">\n<p class=\"kapitel\">F\u00f6retagskrediten<\/p>\n<ul id=\"navlist\">\n<li>Belopp: 30 000-500 000 kr<\/li>\n<li>L\u00f6ptid: 1-18 m\u00e5n<\/li>\n<li>Fasta kostnader <a href=\"#tabell\">se tabell<\/a><\/li>\n<\/ul>\n<\/div>\n<div class=\"feature-item col-lg-6 col-sm-6 wow slideInUp\">\n<p class=\"kapitel\">Ans\u00f6kan<\/p>\n<ul id=\"navlist\">\n<li>Snabb ans\u00f6kan med BankID<\/li>\n<li>L\u00e5nebeslut samma dag (vardag f\u00f6re kl 16)<\/li>\n<li>Utbetalning direkt efter godk\u00e4nnande<\/li>\n<\/ul>\n<\/div>\n<\/div>\n<\/div>\n<p><SPAN STYLE=\"color: #00529C; font-size: 16pt\">Villkor:<\/span><\/p>\n<table>\n<tr>\n    <TD BGCOLOR=\"#000\"> <FONT COLOR=\"#FFF\">R\u00e4nta<\/font><\/td>\n<td>Fasta avgifter motsvarar:<br \/>\n\u00c5rsr\u00e4nta: ca 27.46%-156.88%<br \/>\nM\u00e5nadsr\u00e4nta: ca 2%-8%<\/td>\n<\/tr>\n<tr>\n    <TD BGCOLOR=\"#000\"> <FONT COLOR=\"#FFF\">Uppl\u00e4ggningsavgift<\/font><\/td>\n<td>Fasta avgifter tas ut f\u00f6r l\u00e5net.<\/td>\n<\/tr>\n<tr>\n    <TD BGCOLOR=\"#000\"> <FONT COLOR=\"#FFF\">Borgens\u00e5tagande<\/font><\/td>\n<td>F\u00f6r l\u00e5n under 200.000 kr kr\u00e4vs att minst en bolagsman tar p\u00e5 sig en personlig borgen, f\u00f6r h\u00f6gre belopp kr\u00e4vs tv\u00e5 borgen\u00e4rer.<\/td>\n<\/tr>\n<tr>\n  <TD BGCOLOR=\"#000\"> <FONT COLOR=\"#FFF\">F\u00f6rtidsinl\u00f6sen<\/font><\/td>\n<td>Kan g\u00f6ras n\u00e4r som helst, dock blir totalkostnaden densamma. <\/td>\n<\/tr>\n<tr>\n    <TD BGCOLOR=\"#000\"> <FONT COLOR=\"#FFF\">Betalningsanm\u00e4rkning<\/font><\/td>\n<td>Ingen borgen\u00e4r f\u00e5r ha betalningsanm\u00e4rkning.<\/td>\n<\/tr>\n<\/table>\n<p><SPAN STYLE=\"color: #00529C; font-size: 16pt\">Krav p\u00e5 f\u00f6retag som s\u00f6ker:<\/span><\/p>\n<table>\n<tr>\n    <TD BGCOLOR=\"#000\"> <FONT COLOR=\"#FFF\">Oms\u00e4ttning<\/font><\/td>\n<td>Uppgift saknas.<\/td>\n<\/tr>\n<tr>\n    <TD BGCOLOR=\"#000\"> <FONT COLOR=\"#FFF\">Historik<\/font><\/td>\n<td>F\u00f6retaget har god kreditv\u00e4rdighet.<\/td>\n<\/tr>\n<tr>\n  <TD BGCOLOR=\"#000\"> <FONT COLOR=\"#FFF\">\u00c4garskap<\/font><\/td>\n<td>Alla \u00e4gare \u00e5terfinns i Sverige. <\/td>\n<\/tr>\n<tr>\n    <TD BGCOLOR=\"#000\"> <FONT COLOR=\"#FFF\">F\u00f6retagsadress<\/font><\/td>\n<td>Verksamheten \u00e4r registrerad hos bolagsverket i Sverige.<\/td>\n<\/tr>\n<\/table>\n<p><SPAN STYLE=\"color: #00529C; font-size: 16pt\">F\u00f6ljande information\/dokumentation beh\u00f6vs:<\/span><\/p>\n<ul>\n<li>Du skall ha namnteckningsr\u00e4tt i f\u00f6retaget ensam eller tillsammans annan person<\/li>\n<li>Tillg\u00e5ng till BankID eller mobilt BankID<\/li>\n<li>F\u00f6retagets faktureringsuppgifter samt bankkontonummer<\/li>\n<li>Namn p\u00e5 och e-postadresser till ansvariga personer och borgensm\u00e4n.<\/li>\n<li>Samtliga personer m\u00e5ste personligen logga in och godk\u00e4nna l\u00e5neavtalet som skickas ut per e-post.<\/li>\n<\/ul>\n<hr \/>\n<p>F\u00f6r att ha r\u00e4tt att s\u00f6ka OPR Finance f\u00f6retagsl\u00e5n skall du inneha en ledande position inom det f\u00f6retag som avser teckna l\u00e5net. Minsta l\u00e5nebeloppet \u00e4r 30.000 kr och det h\u00f6gsta m\u00f6jliga s\u00f6kbara beloppet \u00e4r 500.000 kr. F\u00f6r l\u00e5nesummor \u00f6ver 200.000 kr kr\u00e4vs borgens\u00e5taganden fr\u00e5n tv\u00e5 olika privatpersoner. Hur och till vad de l\u00e5nade pengarna anv\u00e4nds best\u00e4mmer f\u00f6retaget sj\u00e4lv utan inblandning fr\u00e5n OPR.<\/p>\n<p>Avtal om OPR f\u00f6retagsl\u00e5n uppr\u00e4ttas direkt efter ans\u00f6kan via webben. Alla ans\u00f6kningar som sker under vardagar f\u00f6re kl. 16:00, f\u00e5r l\u00e5nebeslutet samma dag. F\u00f6r att kunna uppr\u00e4tta en ans\u00f6kan kr\u00e4vs BankID.<\/p>\n<p>\u00c5terbetalning av l\u00e5net sker l\u00f6pande m\u00e5nadsvis och den m\u00e5natliga betalningen \u00e4r alltid lika stor. I j\u00e4mf\u00f6relse med Ferratum Business har OPR Finance en rimligare \u00e5terbetalningstid p\u00e5 upp till 18 m\u00e5nader. <\/p>\n<p>OPR Finance AB \u00e4r ett svenskt aktiebolag, men dess \u00e4gare OPR-Vakuus Oy har dess residens i Helsingfors, Finland. Moderbolaget i flera europeiska l\u00e4nder grundades 2005 och har sedan haft \u00f6ver 300.000 kunder.<\/p>\n<p><a name=\"tabell\"><\/a> <span style=\"color: #00529c; font-size: 16pt;\">Kostnadstabell<\/span><\/p>\n<table>\n<thead>\n<tr>\n<th>Belopp<\/th>\n<th>1 m\u00e5n<\/th>\n<th>3 m\u00e5n<\/th>\n<th>6 m\u00e5n<\/th>\n<th>12 m\u00e5n<\/th>\n<th>18 m\u00e5n<\/th>\n<\/tr>\n<\/thead>\n<tbody>\n<tr>\n<td bgcolor=\"#000\"><span style=\"color: #ffffff;\">30 000 kr<\/span><\/td>\n<td>35 000 kr<\/td>\n<td>37 980 kr<\/td>\n<td>43 980 kr<\/td>\n<td>57 240 kr<\/td>\n<td>&#8211;<\/td>\n<\/tr>\n<tr>\n<td bgcolor=\"#000\"><span style=\"color: #ffffff;\">50 000 kr<\/span><\/td>\n<td>55 000 kr<\/td>\n<td>57 990 kr<\/td>\n<td>64 020 kr<\/td>\n<td>77 400 kr<\/td>\n<td>&#8211;<\/td>\n<\/tr>\n<tr>\n<td bgcolor=\"#000\"><span style=\"color: #ffffff;\">100 000 kr<\/span><\/td>\n<td>110 000 kr<\/td>\n<td>116 010 kr<\/td>\n<td>127 980 kr<\/td>\n<td>152 040 kr<\/td>\n<td>176 040 kr<\/td>\n<\/tr>\n<tr>\n<td bgcolor=\"#000\"><span style=\"color: #ffffff;\">300 000 kr<\/span><\/td>\n<td>324 000 kr<\/td>\n<td>336 000 kr<\/td>\n<td>359 940 kr<\/td>\n<td>406 680 kr<\/td>\n<td>453 474 kr<\/td>\n<\/tr>\n<tr>\n<td bgcolor=\"#000\"><span style=\"color: #ffffff;\">500 000 kr<\/span><\/td>\n<td>538 500 kr<\/td>\n<td>555 510 kr<\/td>\n<td>591 000 kr<\/td>\n<td>659 400 kr<\/td>\n<td>719 496 kr<\/td>\n<\/tr>\n<\/tbody>\n<\/table>\n<p>*Uppdaterad 2017-05-04<\/p>\n<p>&nbsp;<\/p>\n<h4>\u00d6PPETTIDER KUNDTJ\u00c4NST:<\/h4>\n<table class=\"table table-striped\" border=\"0\">\n<tbody>\n<tr>\n<td valign=\"top\" width=\"150\">M\u00e5ndag \u2013 Fredagar<\/td>\n<td valign=\"top\" width=\"100\">09:00 \u2013 17:00<\/td>\n<\/tr>\n<tr>\n<td valign=\"top\" width=\"150\">Helg<\/td>\n<td valign=\"top\" width=\"100\">St\u00e4ngt<\/td>\n<\/tr>\n<\/tbody>\n<\/table>\n<blockquote><p>Telefon: 08-501 006 60<br \/>\nE-mail: <a href=\"mailto:kundtjanst@opr-foretagslan.se\">kundtjanst@opr-foretagslan.se<\/a><\/p><\/blockquote>\n<blockquote class=\"theme\"><p>OPR- Finance AB<\/p>\n<h4>ADRESS:<\/h4>\n<p>Gamla Brogatan 11<br \/>\n111 20 Stockholm<br \/>\nOrg. nr: 556707-7044<\/p><\/blockquote>\n","protected":false},"excerpt":{"rendered":"<p>Skapa likviditet med en f\u00f6retagskredit utan s\u00e4kerhet. Tillf\u00e4lliga h\u00f6ga kostnader kan kn\u00e4cka vilken verksamhet som helst. Skulle en s\u00e5dana situation uppst\u00e5 kan du nyttja OPR f\u00f6retagsl\u00e5n f\u00f6r att skjuta till n\u00f6dv\u00e4ndigt kapital.  <\/p>\n","protected":false},"author":1,"featured_media":138,"parent":164,"menu_order":41,"comment_status":"open","ping_status":"closed","template":"template-fullwidth.php","meta":{"footnotes":""},"class_list":["post-126","page","type-page","status-publish","has-post-thumbnail","hentry"],"_links":{"self":[{"href":"https:\/\/firmalan.com\/sv\/wp-json\/wp\/v2\/pages\/126","targetHints":{"allow":["GET"]}}],"collection":[{"href":"https:\/\/firmalan.com\/sv\/wp-json\/wp\/v2\/pages"}],"about":[{"href":"https:\/\/firmalan.com\/sv\/wp-json\/wp\/v2\/types\/page"}],"author":[{"embeddable":true,"href":"https:\/\/firmalan.com\/sv\/wp-json\/wp\/v2\/users\/1"}],"replies":[{"embeddable":true,"href":"https:\/\/firmalan.com\/sv\/wp-json\/wp\/v2\/comments?post=126"}],"version-history":[{"count":19,"href":"https:\/\/firmalan.com\/sv\/wp-json\/wp\/v2\/pages\/126\/revisions"}],"predecessor-version":[{"id":2326,"href":"https:\/\/firmalan.com\/sv\/wp-json\/wp\/v2\/pages\/126\/revisions\/2326"}],"up":[{"embeddable":true,"href":"https:\/\/firmalan.com\/sv\/wp-json\/wp\/v2\/pages\/164"}],"wp:featuredmedia":[{"embeddable":true,"href":"https:\/\/firmalan.com\/sv\/wp-json\/wp\/v2\/media\/138"}],"wp:attachment":[{"href":"https:\/\/firmalan.com\/sv\/wp-json\/wp\/v2\/media?parent=126"}],"curies":[{"name":"wp","href":"https:\/\/api.w.org\/{rel}","templated":true}]}}