{"id":1256,"date":"2019-03-04T09:20:44","date_gmt":"2019-03-04T08:20:44","guid":{"rendered":"https:\/\/firmalan.com\/sv\/?page_id=1256"},"modified":"2019-11-20T10:45:41","modified_gmt":"2019-11-20T09:45:41","slug":"dsf-finans","status":"publish","type":"page","link":"https:\/\/firmalan.com\/sv\/lana-pengar\/dsf-finans\/","title":{"rendered":"DSF finans"},"content":{"rendered":"<p><em>Viktig information kan saknas om DSF finans AB, d\u00e4rf\u00f6r skall inte v\u00e5r recension betraktas som helt\u00e4ckande och fullst\u00e4ndig. Nordiska Firmal\u00e5n har inget aktivt samarbete\/samr\u00f6re med DSF Finans.<\/em><\/p>\n<p>G\u00f6teborgsbaserade DSF Finans etablerades 2008 och har sedan dess arbetat med att ta fram skr\u00e4ddarsydda l\u00f6sningar inom kapitalanskaffning. I f\u00f6rsta hand arbetar DSF med finansieringsuppl\u00e4gg f\u00f6r f\u00f6retag, men erbjuder \u00e4ven privatl\u00e5n i mindre skala. Syrkan hos DSF Finans \u00e4r medarbetarnas gedigna kunskaper inom f\u00f6ljande omr\u00e5den: ekonomi, finans, juridik, HR samt administration.&#8217;<\/p>\n<p>Bolaget erbjuder tv\u00e5 huvudtyper av finansiella tj\u00e4nster: Factoring samt f\u00f6retagsl\u00e5n. D\u00e4r ans\u00f6kan sker digitalt online och handl\u00e4ggning utlovas inom 24 timmar. DSF erbjud specialanpassade f\u00f6retagsl\u00e5n till verksamheter i olika utvecklingsfaser.<\/p>\n<p><strong>Enkla l\u00e5net<\/strong> &#8211; l\u00e4mpar sig v\u00e4l att anv\u00e4nda till b\u00e5de investeringar och l\u00f6pande kostnader. L\u00e5na upp till 500.000 kr med en r\u00e4ntan p\u00e5 fr\u00e5n 3% vilken best\u00e4ms individuell kreditpr\u00f6vning.<\/p>\n<div class=\"section-color\">\n<div class=\"row\">\n<div class=\"feature-item col-lg-6 col-sm-6 wow slideInUp\">\n<p class=\"kapitel\">Enkla l\u00e5net<\/p>\n<ul id=\"navlist\">\n<li>Belopp: 30 000-500 000 kr<\/li>\n<li>L\u00f6ptid: Ospecificerad<\/li>\n<li>R\u00e4nta:3-15%.<\/li>\n<\/ul>\n<\/div>\n<div class=\"feature-item col-lg-6 col-sm-6 wow slideInUp\">\n<p class=\"kapitel\">Ans\u00f6kan<\/p>\n<ul id=\"navlist\">\n<li>Uppr\u00e4tta intresseanm\u00e4lan<\/li>\n<li>\u00c5terkoppling inom 24 timmar<\/li>\n<li>Godk\u00e4nnande efter individuell pr\u00f6vning<\/li>\n<li>Utbetalning efter l\u00e5neavtalet uppr\u00e4ttats<\/li>\n<\/ul>\n<\/div>\n<p><strong>Premiuml\u00e5net<\/strong> &#8211; f\u00f6rm\u00e5nligare r\u00e4ntevillkor kan oftast erbjudas till den som s\u00f6ker kapitalfinansiering f\u00f6r att g\u00f6ra st\u00f6rre investeringar. Premiuml\u00e5net erbjuder ut\u00f6kad \u00e5terbetalningstid och kan anpassas efter behov.<\/p>\n<p><strong>Leverant\u00f6rsl\u00e5net<\/strong> &#8211; \u00e4r en form av omv\u00e4nd factoring, d\u00e4r DSF k\u00f6per utest\u00e5ende leverant\u00f6rsfakturor. F\u00f6rdelen med detta uppl\u00e4gg \u00e4r att leverant\u00f6rerna f\u00e5r betalt i tid, ni undviker dr\u00f6jsm\u00e5lsr\u00e4nta och inkasso\u00e4renden, dessutom belastas inte era leverant\u00f6rsrelationer. Alla avtal f\u00f6r leverant\u00f6rsl\u00e5n f\u00f6rhandlas individuellt.<\/p>\n<p><strong>Uppstartsl\u00e5net<\/strong> &#8211; \u00e4ven nybildade f\u00f6retag har m\u00f6jlighet att l\u00e5na pengar hos DSF finans. Skaffa kapital till att f\u00f6rverkliga en aff\u00e4rsid\u00e9 eller utveckla ett nyligen startat f\u00f6retag.<\/p>\n<p><strong>DSF Factoringtj\u00e4nster<\/strong> &#8211; bel\u00e5na eller s\u00e4lj utest\u00e5ende kundfakturor och f\u00f6rb\u00e4ttra f\u00f6retagets likviditet snabbt. Anm\u00e4l ert intresse via webbformul\u00e4ret p\u00e5 hemsidan, d\u00e4refter kommer DSF \u00e5terkoppla redan samma dygn. Om v\u00e4ljer att teckna tj\u00e4nsten, kommer ett factoringavtal uppr\u00e4ttas och sedan tar DSF \u00f6ver och hanterar valda kundfordringar och en utbetalning sker till ert f\u00f6retagskonto.<\/p>\n<p><strong>Investmenttj\u00e4nster<\/strong> &#8211; ut\u00f6ver bel\u00e5ning och utl\u00e5ning, investerar DSF Finans \u00e4ven i bolag med en oms\u00e4ttning kring 50 \u2013 500 mkr. I utbyte mot ett kapitaltillskott g\u00e5r DSF in som del\u00e4gare.<\/p>\n<p>&nbsp;<\/p>\n<h4>\u00d6PPETTIDER KUNDTJ\u00c4NST:<\/h4>\n<table class=\"table table-striped\" border=\"0\">\n<tbody>\n<tr>\n<td valign=\"top\" width=\"150\">M\u00e5ndag \u2013 Fredagar<\/td>\n<td valign=\"top\" width=\"100\">Uppgift saknas<\/td>\n<\/tr>\n<tr>\n<td valign=\"top\" width=\"150\">Helg<\/td>\n<td valign=\"top\" width=\"100\">St\u00e4ngt<\/td>\n<\/tr>\n<\/tbody>\n<\/table>\n<blockquote><p>Telefon: 031 &#8211; 486 100<br \/>\nE-mail: <a href=\"mailto:info@dsf-invest.se\">info@dsf-invest.se.<\/a><\/p><\/blockquote>\n<blockquote class=\"theme\"><p>DSF Holding AB<\/p>\n<h4>ADRESS:<\/h4>\n<p>MASKINKAJEN 9 2TR LGH 1103<br \/>\n417 64 G\u00f6teborg<br \/>\nV\u00e4stra G\u00f6talands l\u00e4n<br \/>\nOrg. nr: 559005-1537<\/p><\/blockquote>\n<\/div>\n<\/div>\n","protected":false},"excerpt":{"rendered":"<p>Viktig information kan saknas om DSF finans AB, d\u00e4rf\u00f6r skall inte v\u00e5r recension betraktas som helt\u00e4ckande och fullst\u00e4ndig. Nordiska Firmal\u00e5n har inget aktivt samarbete\/samr\u00f6re med DSF Finans. G\u00f6teborgsbaserade DSF Finans &#8230;<\/p>\n","protected":false},"author":1,"featured_media":0,"parent":164,"menu_order":0,"comment_status":"closed","ping_status":"closed","template":"","meta":{"footnotes":""},"class_list":["post-1256","page","type-page","status-publish","hentry"],"_links":{"self":[{"href":"https:\/\/firmalan.com\/sv\/wp-json\/wp\/v2\/pages\/1256","targetHints":{"allow":["GET"]}}],"collection":[{"href":"https:\/\/firmalan.com\/sv\/wp-json\/wp\/v2\/pages"}],"about":[{"href":"https:\/\/firmalan.com\/sv\/wp-json\/wp\/v2\/types\/page"}],"author":[{"embeddable":true,"href":"https:\/\/firmalan.com\/sv\/wp-json\/wp\/v2\/users\/1"}],"replies":[{"embeddable":true,"href":"https:\/\/firmalan.com\/sv\/wp-json\/wp\/v2\/comments?post=1256"}],"version-history":[{"count":4,"href":"https:\/\/firmalan.com\/sv\/wp-json\/wp\/v2\/pages\/1256\/revisions"}],"predecessor-version":[{"id":1993,"href":"https:\/\/firmalan.com\/sv\/wp-json\/wp\/v2\/pages\/1256\/revisions\/1993"}],"up":[{"embeddable":true,"href":"https:\/\/firmalan.com\/sv\/wp-json\/wp\/v2\/pages\/164"}],"wp:attachment":[{"href":"https:\/\/firmalan.com\/sv\/wp-json\/wp\/v2\/media?parent=1256"}],"curies":[{"name":"wp","href":"https:\/\/api.w.org\/{rel}","templated":true}]}}