{"id":1230,"date":"2019-02-14T10:56:07","date_gmt":"2019-02-14T09:56:07","guid":{"rendered":"https:\/\/firmalan.com\/sv\/?page_id=1230"},"modified":"2019-11-20T11:20:17","modified_gmt":"2019-11-20T10:20:17","slug":"izettle","status":"publish","type":"page","link":"https:\/\/firmalan.com\/sv\/lana-pengar\/izettle\/","title":{"rendered":"iZettle"},"content":{"rendered":"<p>iZettle \u00e4r ett svenskt fintech-betalningsf\u00f6retag som erbjuder smarta l\u00f6sningar f\u00f6r kortbetalningar via mobila kortterminaler. Det stockholmsbaserade bolaget \u00e4r marknadsledande inom mobila kortterminaler, det fr\u00e4msta sk\u00e4let till detta \u00e4r att man erbjuder f\u00f6retag att k\u00f6pa in dessa terminaler mycket billigt. Aff\u00e4rsid\u00e9n bygger i stort p\u00e5 att bygga upp en stor kundstock och sedan ta betalt f\u00f6r de transaktioner som g\u00f6rs via betalterminalerna. Kundkretsen best\u00e5r av f\u00f6retagare inom restaurangbranschen, butiks\u00e4gare, aff\u00e4rsinnehavare, gym, fris\u00f6rer, behandlingskliniker samt tj\u00e4nstef\u00f6retag.<\/p>\n<hr \/>\n<h2>iZettle f\u00f6retagsl\u00e5n<\/h2>\n<p>Kunder hos iZettle har m\u00f6jlighet att s\u00f6ka f\u00f6retagsl\u00e5n upp till 100.000 kr med sex m\u00e5naders \u00e5terbetalningstid. F\u00f6retag betalar alltid endast en fast avgift, inga andra kostnader tillkommer s\u00e5 som r\u00e4nta eller dolda avgifter. Amorteringsplanen skapas automatiskt och \u00e5terbetalning sker via bankgiro d\u00e4r ett f\u00f6rutbest\u00e4mt belopp dras varje m\u00e5nad. I samband med l\u00e5neans\u00f6kan g\u00f6rs en kreditbed\u00f6mning och sedan erbjuds f\u00f6retag l\u00e5nebelopp baserat p\u00e5 de uppgifter och dokument som iZettle samlar in fr\u00e5n dig.<\/p>\n<p>F\u00f6r att kontrollera att du \u00e4r den du s\u00e4ger dig vara anv\u00e4nder iZettle tj\u00e4nster fr\u00e5n Instantor AB f\u00f6r att validera er identitet. Utbetalning sker direkt till f\u00f6retagskonto, vilket normalt tar 2-4 bankdagar. I vissa fall kan iZettle komma att skicka ytterligare l\u00e5neerbjudande om de anser det vara m\u00f6jligt f\u00f6r er att s\u00f6ka ett st\u00f6rre belopp \u00e4n befintlig l\u00e5nesumma. Bolaget f\u00e4ster stor vikt vid att bedriva ansvarsfull l\u00e5ngivning.<\/p>\n<p><strong>Krav f\u00f6r f\u00f6retagsl\u00e5n:<\/strong><\/p>\n<ul>\n<li>Du m\u00e5ste ha ett iZettle-konto.<\/li>\n<li>F\u00f6retaget skall bedriva en aktiv verksamhet.<\/li>\n<li>En stabil ekonomi kr\u00e4vs.<\/li>\n<\/ul>\n<p><strong>Kostnadsexempel<\/strong><\/p>\n<p>Vid ett l\u00e5n om 60 000 kr i 6 m\u00e5nader med annuitet betalas en sj\u00e4ttedel av den totala skulden varje m\u00e5nad. Amorteringen \u00e4r 10 000 kr per m\u00e5nad och kostnaden f\u00f6r f\u00f6retagsl\u00e5net 670 kr per m\u00e5nad. Totalt betalar du 10 670 kr per m\u00e5nad och totalt 64 020 kr.<br \/>\n<em>*Observera att detta endast \u00e4r ett exempel, den fasta avgiften f\u00f6r l\u00e5net kan var st\u00f6rre eller mindre.<\/em><\/p>\n<hr \/>\n<h2>iZettle Advance<\/h2>\n<p>Den andra formen av f\u00f6retagsfinansiering hos betalbolaget heter iZettle Advance och \u00e4r en kredittyp kallad oms\u00e4ttningsf\u00f6rskott. iZettle Advance \u00e4r inget traditionellt l\u00e5n utan \u00e4r ett kontantf\u00f6rskott p\u00e5 dina framtida kortbetalningar. Tj\u00e4nsten kan endast utnyttjas av befintliga iZettle-kunder och ans\u00f6kan sker via inloggat l\u00e4ge p\u00e5 hemsidan, m\u00f6jlighet att s\u00f6ka f\u00f6rskott p\u00e5 50 000-350 000 kr.<\/p>\n<p>Storleken p\u00e5 oms\u00e4ttningsf\u00f6rskottet beror p\u00e5 hur stora volymer med kortf\u00f6rs\u00e4ljningar du har hos iZettle och vilken \u00e5terbetalningsf\u00f6rm\u00e5ga ert f\u00f6retag bed\u00f6ms ha, \u00e5terbetalningsniv\u00e5n b\u00f6r ej \u00f6verstiga 25 % av din dagliga f\u00f6rs\u00e4ljning. Utbetalning sker normalt inom 1-2 dagar till det bankkonto som \u00e4r kopplat till ditt iZettle-konto.<\/p>\n<p>En fast avgift tas ut f\u00f6r hela f\u00f6rskottsutbetalningen som skall vara \u00e5terbetald inom 12 m\u00e5nader. \u00c5terbetalningen sker l\u00f6pande och automatiskt genom att iZettle drar av en procentsats fr\u00e5n dina dagliga kortf\u00f6rs\u00e4ljningar som avbetalning. M\u00f6jlighet kan finnas att ut\u00f6ka f\u00f6rskottsbeloppet i takt med att kortf\u00f6rs\u00e4ljningarna \u00f6kar.<\/p>\n<p><strong>Krav f\u00f6r att beviljas iZettle Advance<\/strong>:<\/p>\n<ul>\n<li>Viss f\u00f6rs\u00e4ljningsvolym med korttransaktioner via iZettle.<\/li>\n<li>Antalet korttransaktioner skall vara stabilt och ske fortl\u00f6pande.<\/li>\n<li>Sund soliditet d\u00e4r kortf\u00f6rs\u00e4ljningsvolymen \u00e4r konstant eller p\u00e5 upp\u00e5tg\u00e5ende.<\/li>\n<\/ul>\n<p><strong>Exempel oms\u00e4ttningsf\u00f6rskott och \u00e5terbetalning:<\/strong><br \/>\nAdvance-summa: 10 000 kr<br \/>\niZettle fast avgift: 1300 kr<br \/>\nTotalt belopp att betala: 11 300 kr<\/p>\n<p>\u00c5terbetalningstakt: 10 % av den dagliga kortf\u00f6rs\u00e4ljningen<br \/>\nDaglig kortf\u00f6rs\u00e4ljning: 500 kr<br \/>\nBelopp som iZettle automatiskt drar varje dag: 50 kr<\/p>\n<p><em>*Observera att detta endast \u00e4r ett exempel, den fasta avgiften kan var st\u00f6rre eller mindre och korrelerar med storleken p\u00e5 oms\u00e4ttningsf\u00f6rskottet.<\/em><\/p>\n<hr \/>\n<h3>Om bolaget<\/h3>\n<p>Fr\u00f6et till id\u00e9n om ett betalbolag s\u00e5ddes n\u00e4r Izettle grundaren, Jacob de Geers, d\u00e5varande fru f\u00f6rlorade f\u00f6rs\u00e4ljningar p\u00e5 att inte kunna erbjuda kortbetalningar i samband med m\u00e4ssor och event. 2010 best\u00e4mde sig Jacob tillsammans med riskkapitalisten Magnus Nilsson f\u00f6r att satsa helhj\u00e4rtat p\u00e5 mobila kortterminaler, m\u00e5ls\u00e4ttningen var att g\u00f6ra om mobiltelefonen till en kassa. En tid senare lanserade man v\u00e4rldens f\u00f6rsta chipkortl\u00e4sare och app f\u00f6r mobila kortbetalningar. Idag erbjuder man m\u00e4ngder av sm\u00e5f\u00f6retag i Europa och Latinamerika smidiga betalningsl\u00f6sningar som bidrar till \u00f6kad f\u00f6rs\u00e4ljning. Den 17 maj 2018 k\u00f6pte marknadsledande Paypal Izettle f\u00f6r motsvarande 19 miljarder kronor.<\/p>\n<p>&nbsp;<\/p>\n<hr \/>\n<p>&nbsp;<\/p>\n<h4>\u00d6PPETTIDER KUNDTJ\u00c4NST:<\/h4>\n<table class=\"table table-striped\" border=\"0\">\n<tbody>\n<tr>\n<td valign=\"top\" width=\"150\">M\u00e5ndag \u2013 Fredagar<\/td>\n<td valign=\"top\" width=\"100\">09:00 \u2013 17:00<\/td>\n<\/tr>\n<tr>\n<td valign=\"top\" width=\"150\">Helg<\/td>\n<td valign=\"top\" width=\"100\">St\u00e4ngt<\/td>\n<\/tr>\n<\/tbody>\n<\/table>\n<blockquote><p>Telefon: 010-888 72 67<br \/>\nE-mail: <a href=\"mailto:help@izettle.com\">help@izettle.com<\/a><\/p><\/blockquote>\n<p>Chatt: Vardagar 09:00 \u2013 17:00.<\/p>\n<blockquote class=\"theme\"><p>iZettle AB<\/p>\n<h4>ADRESS:<\/h4>\n<p>Regeringsgatan 59<br \/>\n111 56 Stockholm<br \/>\nOrg. nr: 556806-0734<\/p><\/blockquote>\n","protected":false},"excerpt":{"rendered":"<p>iZettle \u00e4r ett svenskt fintech-betalningsf\u00f6retag som erbjuder smarta l\u00f6sningar f\u00f6r kortbetalningar via mobila kortterminaler. Det stockholmsbaserade bolaget \u00e4r marknadsledande inom mobila kortterminaler, det fr\u00e4msta sk\u00e4let till detta \u00e4r att man &#8230;<\/p>\n","protected":false},"author":1,"featured_media":0,"parent":164,"menu_order":0,"comment_status":"closed","ping_status":"closed","template":"","meta":{"footnotes":""},"class_list":["post-1230","page","type-page","status-publish","hentry"],"_links":{"self":[{"href":"https:\/\/firmalan.com\/sv\/wp-json\/wp\/v2\/pages\/1230","targetHints":{"allow":["GET"]}}],"collection":[{"href":"https:\/\/firmalan.com\/sv\/wp-json\/wp\/v2\/pages"}],"about":[{"href":"https:\/\/firmalan.com\/sv\/wp-json\/wp\/v2\/types\/page"}],"author":[{"embeddable":true,"href":"https:\/\/firmalan.com\/sv\/wp-json\/wp\/v2\/users\/1"}],"replies":[{"embeddable":true,"href":"https:\/\/firmalan.com\/sv\/wp-json\/wp\/v2\/comments?post=1230"}],"version-history":[{"count":2,"href":"https:\/\/firmalan.com\/sv\/wp-json\/wp\/v2\/pages\/1230\/revisions"}],"predecessor-version":[{"id":2005,"href":"https:\/\/firmalan.com\/sv\/wp-json\/wp\/v2\/pages\/1230\/revisions\/2005"}],"up":[{"embeddable":true,"href":"https:\/\/firmalan.com\/sv\/wp-json\/wp\/v2\/pages\/164"}],"wp:attachment":[{"href":"https:\/\/firmalan.com\/sv\/wp-json\/wp\/v2\/media?parent=1230"}],"curies":[{"name":"wp","href":"https:\/\/api.w.org\/{rel}","templated":true}]}}