{"id":1210,"date":"2019-02-11T11:44:58","date_gmt":"2019-02-11T10:44:58","guid":{"rendered":"https:\/\/firmalan.com\/sv\/?page_id=1210"},"modified":"2019-11-20T12:49:04","modified_gmt":"2019-11-20T11:49:04","slug":"safe-capital","status":"publish","type":"page","link":"https:\/\/firmalan.com\/sv\/lana-pengar\/safe-capital\/","title":{"rendered":"Safe Capital"},"content":{"rendered":"<p><em>Viktig information saknas om Safe Capital Sweden AB och d\u00e4rf\u00f6r kan inte denna recension betraktas som helt\u00e4ckande och fullst\u00e4ndig.<\/em><\/p>\n<p>Safe Capital Sweden \u00e4r ett svenskregistrerat finansiella institut hos Finansinspektionen som erbjuder finansiering i form av fakturak\u00f6p och f\u00f6retagsl\u00e5n.<\/p>\n<h5>Safe Capital F\u00f6retagsl\u00e5n<\/h5>\n<p>Ans\u00f6kan om l\u00e5n hos Safe Capital g\u00f6rs online, det \u00e4r kostnadsfritt och du f\u00f6rbinder dig inte till n\u00e5got. I samband med ans\u00f6kan anger du ett valfritt \u00f6nskat l\u00e5nebelopp samt uppger organisationsnummer samt e-post och mobilnummer. Det finns ingen angivelse om minsta eller h\u00f6gsta s\u00f6kbara l\u00e5nesumma. Normalt ges l\u00e5nesvar med besked redan inom 1 timme per e-post. Efter godk\u00e4nnande betalas pengarna ut direkt till ert f\u00f6retagskonto.<\/p>\n<p>F\u00f6ljande grundl\u00e4ggande krav st\u00e4lls p\u00e5 f\u00f6retag som vill l\u00e5na pengar genom Safe Capital:<\/p>\n<ol>\n<li>En \u00e5rsoms\u00e4ttning p\u00e5 minst 1 miljon kronor.<\/li>\n<li>Minst ett bokslut.<\/li>\n<li>Verksamheten skall i \u00f6vrigt vara ordnad och fungera.<\/li>\n<\/ol>\n<p>Kreditpr\u00f6vning g\u00f6rs dock saknas uppgift om vilket kreditupplysningsf\u00f6retag som anv\u00e4nds.<\/p>\n<h5>Fakturak\u00f6p<\/h5>\n<p>Den huvudsakliga verksamheten hos Safe Capital \u00e4r fakturak\u00f6p. F\u00f6r att s\u00e4lja obetalda kundfakturor m\u00e5ste du f\u00f6rst uppr\u00e4tta ett avtal med en \u00e5rsavgift samt en procentsats per faktura, exakta villkor best\u00e4ms utifr\u00e5n fakturavolym samt kundkvalitet. N\u00e4r du v\u00e4l s\u00e5lt en faktura kommer Safe Capital sk\u00f6ta utskick av betalningsp\u00e5minnelser samt skicka ut eventuella inkassokrav vid uteblivna betalningar.<\/p>\n<h5>\nOm Safe Capital AB<\/h5>\n<p>Bolaget har enligt uppgift funnits sedan 2017, n\u00e4r vi s\u00f6ker information om r\u00e4ntor\/kostnader samt recensioner om den finansiella tj\u00e4nsten finner vi inte speciellt mycket uppgifter. D\u00e4rf\u00f6r rekommenderar vi f\u00f6retag att sj\u00e4lva ta kontakt med bolaget f\u00f6r att kunna bilda sig en uppfattning om f\u00f6retagsl\u00e5net.<\/p>\n<p>&nbsp;<\/p>\n<h4>\u00d6PPETTIDER KUNDTJ\u00c4NST:<\/h4>\n<table class=\"table table-striped\" border=\"0\">\n<tbody>\n<tr>\n<td valign=\"top\" width=\"150\">M\u00e5ndag \u2013 Fredagar<\/td>\n<td valign=\"top\" width=\"100\">Uppgift saknas<\/td>\n<\/tr>\n<tr>\n<td valign=\"top\" width=\"150\">Helg<\/td>\n<td valign=\"top\" width=\"100\">St\u00e4ngt<\/td>\n<\/tr>\n<\/tbody>\n<\/table>\n<blockquote><p>Telefon: +46 556 090 99<br \/>\nE-mail: <a href=\"mailto:info@safecapital.se\">info@safecapital.se.<\/a><\/p><\/blockquote>\n<blockquote class=\"theme\"><p>Safe Capital Sweden AB<\/p>\n<h4>ADRESS:<\/h4>\n<p>Blekingegatan 40,<br \/>\n116 62 Stockholm<br \/>\nOrg. nr: 559040-5923<\/p><\/blockquote>\n","protected":false},"excerpt":{"rendered":"<p>Viktig information saknas om Safe Capital Sweden AB och d\u00e4rf\u00f6r kan inte denna recension betraktas som helt\u00e4ckande och fullst\u00e4ndig. Safe Capital Sweden \u00e4r ett svenskregistrerat finansiella institut hos Finansinspektionen som &#8230;<\/p>\n","protected":false},"author":1,"featured_media":0,"parent":164,"menu_order":0,"comment_status":"closed","ping_status":"closed","template":"","meta":{"footnotes":""},"class_list":["post-1210","page","type-page","status-publish","hentry"],"_links":{"self":[{"href":"https:\/\/firmalan.com\/sv\/wp-json\/wp\/v2\/pages\/1210","targetHints":{"allow":["GET"]}}],"collection":[{"href":"https:\/\/firmalan.com\/sv\/wp-json\/wp\/v2\/pages"}],"about":[{"href":"https:\/\/firmalan.com\/sv\/wp-json\/wp\/v2\/types\/page"}],"author":[{"embeddable":true,"href":"https:\/\/firmalan.com\/sv\/wp-json\/wp\/v2\/users\/1"}],"replies":[{"embeddable":true,"href":"https:\/\/firmalan.com\/sv\/wp-json\/wp\/v2\/comments?post=1210"}],"version-history":[{"count":2,"href":"https:\/\/firmalan.com\/sv\/wp-json\/wp\/v2\/pages\/1210\/revisions"}],"predecessor-version":[{"id":2034,"href":"https:\/\/firmalan.com\/sv\/wp-json\/wp\/v2\/pages\/1210\/revisions\/2034"}],"up":[{"embeddable":true,"href":"https:\/\/firmalan.com\/sv\/wp-json\/wp\/v2\/pages\/164"}],"wp:attachment":[{"href":"https:\/\/firmalan.com\/sv\/wp-json\/wp\/v2\/media?parent=1210"}],"curies":[{"name":"wp","href":"https:\/\/api.w.org\/{rel}","templated":true}]}}