{"id":1202,"date":"2016-02-11T11:18:02","date_gmt":"2016-02-11T10:18:02","guid":{"rendered":"https:\/\/firmalan.com\/sv\/?page_id=1202"},"modified":"2019-11-20T12:24:41","modified_gmt":"2019-11-20T11:24:41","slug":"mynt","status":"publish","type":"page","link":"https:\/\/firmalan.com\/sv\/lana-pengar\/mynt\/","title":{"rendered":"Mynt F\u00f6retagsl\u00e5n"},"content":{"rendered":"<div class=\"section-content\">\n<div class=\"row\">\n<div class=\"feature-item col-lg-6 col-sm-6 wow slideInUp\">\n<div class=\"feature-media\"><img decoding=\"async\" src=\"https:\/\/firmalan.com\/sv\/wp-content\/uploads\/2019\/02\/mynt-logo.jpg\" \/><br \/>\n<span style=\"color: #f4f4f4;\"><strong><a class=\"btn btn-theme-primary btn-lg\" style=\"color: #f4f4f4;\" title=\"\u27a4 Mynt f\u00f6retag- l\u00e5n\" href=\"https:\/\/firmalan.com\/sv\/go\/mynt\/\" target=\"_blank\" rel=\"nofollow noopener noreferrer\">\u27a4 Ans\u00f6k om Mynt F\u00f6retagsl\u00e5n <\/a><\/strong><\/span><br \/>\n<script type=\"text\/javascript\">qis__rates[\"qis_1\"] = {\"formheader\":false,\"buttons\":false,\"currency\":\" kr\",\"iso\":\"SEK\",\"ba\":\"after\",\"separator\":\"none\",\"primary\":1.5,\"secondary\":false,\"interesttype\":\"simple\",\"loanlabel\":false,\"loanmin\":10000,\"loanmax\":1000000,\"loaninitial\":10000,\"loanstep\":10000,\"loanhelp\":false,\"loaninfo\":false,\"termlabel\":false,\"periodslider\":true,\"periodmin\":3,\"periodmax\":24,\"periodinitial\":12,\"periodstep\":3,\"period\":\"months\",\"singleperiodlabel\":\"m\\u00e5nad\",\"periodlabel\":\"m\\u00e5nader\",\"periodhelp\":false,\"periodinfo\":false,\"interestslider\":false,\"interestmin\":false,\"interestmax\":false,\"interestinitial\":false,\"intereststep\":false,\"interestlabel\":false,\"interesthelp\":false,\"interestinfo\":false,\"multiplier\":1,\"trigger\":60,\"outputrepayments\":true,\"repaymentlabel\":\"Vid [principle] f\\u00f6retagsl\\u00e5n i [term] betalar du [amount]\\\/[period] med [rate] m\\u00e5ndsr\\u00e4nta\",\"outputinterestlabel\":false,\"outputtotallabel\":\"Totalt att betala: [total]\",\"totallabel\":false,\"primarylabel\":false,\"secondarylabel\":false,\"usebubble\":0,\"outputlimits\":true,\"outputinterest\":false,\"outputtotal\":true,\"outputhelp\":false,\"outputinfo\":false,\"triggers\":[{\"rate\":\"1.50\",\"trigger\":0,\"amttrigger\":0,\"dae\":\"\"},{\"rate\":3,\"trigger\":\"60\",\"amttrigger\":0,\"dae\":\"\"}],\"markers\":false,\"adminfee\":false,\"adminfeevalue\":15,\"adminfeetype\":\"fixed\",\"termfee\":false,\"termfeevalue\":2,\"adminfeemin\":false,\"adminfeemax\":false,\"adminfeewhen\":\"beforeinterest\",\"usedownpayment\":false,\"downpaymentfixed\":false,\"downpaymentpercent\":false,\"usedownpaymentslider\":false,\"downpaymentlabel\":false,\"downpaymenthelp\":false,\"downpaymentinfo\":false,\"downpaymentmin\":false,\"downpaymentmax\":false,\"downpaymentinitial\":false,\"downpaymentstep\":false,\"textinputs\":\"slider\",\"textinputslabel\":false,\"triggertype\":\"periodtrigger\",\"decimals\":\"none\",\"forceapr\":false,\"maxminlimits\":true,\"nosliderlabel\":false,\"applynow\":false,\"applynowlabel\":false,\"applynowaction\":\"\",\"applynowquery\":false,\"fixedaddition\":false,\"outputhide\":false,\"nostore\":false,\"usecurrencies\":false,\"usefx\":false,\"currencieslabel\":false,\"currency_array\":[],\"interestselector\":false,\"interestselectorlabel\":false,\"interestrate1\":false,\"interestname1\":false,\"interestrate2\":false,\"interestname2\":false,\"interestrate3\":false,\"interestname3\":false,\"interestrate4\":false,\"interestname4\":false,\"interestdropdown\":false,\"interestdropdownlabel\":false,\"interestdropdownvalues\":false,\"interestdropdownlabelposition\":false,\"periodformat\":\"US\",\"dateseperator\":\"\\\/\",\"dae\":false,\"sort\":\"amount,currencies,term,interest,downpayment,graph,repayments,total,apply\",\"usegraph\":false,\"graphlabel\":false,\"graphdownpayment\":false,\"graphdiscount\":false,\"graphprinciple\":false,\"graphprocessing\":false,\"graphinterest\":false,\"rounding\":\"noround\",\"discount\":0,\"sliderlabelposition\":\"aboveslider\",\"sliderbuttonposition\":\"slidertop\",\"onlyslidervalue\":false,\"querystructure\":\"?amount=[amount]&term=[term]\",\"outputtable\":false,\"percentages\":false,\"shortmonths\":[\"Jan\",\"Feb\",\"Mar\",\"Apr\",\"May\",\"Jun\",\"Jul\",\"Aug\",\"Sep\",\"Oct\",\"Nov\",\"Dec\"],\"buttonunits\":\"months\",\"termbutton0\":false,\"termbutton1\":false,\"termbutton2\":false,\"termbutton3\":false,\"terminterface\":\"slider\",\"amounttext\":\"Minimum amount: [min], maximum amount: [max]\",\"termtext\":\"Minimum term: [min], maximum term: [max]\",\"downpaymenttext\":\"Minimum downpayment: [min], maximum downpayment: [max]\",\"interesttext\":\"Minimum interest: [min], maximum interest: [max]\",\"ca\":\" kr\",\"cb\":\" \",\"singleperiod\":\"m\\u00e5nad\",\"offset\":0,\"currencies\":[],\"graph\":{\"use\":false}};qis_form = \"N\\\/A\";<\/script><form action=\"\" class=\"qis_form shadow\" method=\"POST\" id=\"qis_1\" enctype=\"multipart\/form-data\"><input type=\"hidden\" name=\"submitted_form\" value=\"qis_1\" \/><div class=\"qis-sections qis-float \"><div class=\"qis-inputs qis-float-columns\"><input type=\"hidden\" name=\"interesttype\" value=\"simple\" \/><div class=\"range qis-slider-principal\"><div class=\"qis_slideroutputs\"><span class=\"column left qis-sliderleft\"> 10000 kr<\/span><span class=\"column center qis-slidercenter\"><output><\/output><\/span><span class=\"column right qis-sliderright\"> 1000000 kr<\/span><\/div><input type=\"range\" name=\"loan-amount\" min=\"10000\" max=\"1000000\" value=\"10000\" step=\"10000\" data-qis><\/div><div class=\"range qis-slider-term\"><div class=\"qis_slideroutputs\"><span class=\"column left qis-sliderleft\">3 m\u00e5nad<\/span><span class=\"column center qis-slidercenter\"><output><\/output><\/span><span class=\"column right qis-sliderright\">24 m\u00e5nader<\/span><\/div><input type=\"range\" name=\"loan-period\" min=\"3\" max=\"24\" value=\"12\" step=\"3\" data-qis><\/div><div class=\"qis-repayments\">Vid <span class=\"principle\"><\/span> f\u00f6retagsl\u00e5n i <span class=\"term\"><\/span> betalar du <span class=\"repayment\"><\/span>\/m\u00e5nad med <span class=\"interestrate\"><\/span> m\u00e5ndsr\u00e4nta<\/div><div class=\"qis-total\">Totalt att betala: <span class=\"final_total\"><\/span><\/div><\/div><input type=\"hidden\" name=\"repayment\" value=\"\" \/><input type=\"hidden\" name=\"totalamount\" value=\"\" \/><input type=\"hidden\" id=\"formname\" name=\"formname\" value=\"1\" \/><input type=\"hidden\" id=\"calculatorname\" name=\"calculatorname\" value=\"\" \/><input type=\"hidden\" name=\"rate\" value=\"\" \/><div id=\"filechecking\"><div class=\"filecheckingcontent\"><img decoding=\"async\" src=\"https:\/\/firmalan.com\/sv\/wp-content\/plugins\/quick-interest-slider\/\/img\/waiting.gif\" alt=\"Loading\"><\/div><\/div><\/div><\/form><\/div>\n<\/div>\n<div class=\"feature-item col-lg-6 col-sm-6 wow slideInUp\">\n<p>Nu lanserar Mynt AB ett nytt f\u00f6retagsl\u00e5n i form av en checkkredit med fria uttag med utbetalning inom 24 timmar d\u00e4r du endast betalar f\u00f6r de pengar som ert f\u00f6retag faktiskt anv\u00e4nder i verksamheten.<\/p>\n<p>Som den moderna tj\u00e4nst Mynt f\u00f6retagsl\u00e5n \u00e4r har man lagt stort fokus p\u00e5 automatiserad kreditbed\u00f6mning vilket ger kapade handl\u00e4ggningstider och b\u00e4ttre m\u00f6jlighet f\u00f6r f\u00f6retag med r\u00e4tt f\u00f6ruts\u00e4ttningar att f\u00e5 l\u00e5n. Mynt str\u00e4var efter att erbjuda ett f\u00f6retagsl\u00e5n med villkor som speglar f\u00f6retags aktuella \u00e5terbetalningsf\u00f6rm\u00e5ga, en nyckel till detta \u00e4r att skapa effektiva metoder f\u00f6r att inh\u00e4mta uppdaterad ekonomisk data om bolag.<\/p>\n<p>Genom att identifiera er via er f\u00f6retagsbank och koppla ihop Mynt med ert bokf\u00f6ringsprogram kan kreditgivaren inh\u00e4mta kompletterande information till den sedvanliga kreditupplysningen hos Creditsafe\/Bisnode och d\u00e4rmed g\u00f6ra en mer precis bed\u00f6mning samt erbjuda b\u00e4sta m\u00f6jliga r\u00e4ntevillkor.<\/p>\n<\/div>\n<p>\u00c5terbetalningstiden \u00e4r valbar fr\u00e5n 1 m\u00e5nad upp till 18 m\u00e5nader, men den \u00e4r flexibel d\u00e5 du n\u00e4r som helst kan v\u00e4lja att betala tillbaka l\u00e5net. Mynt tar endast ut en fast avgift f\u00f6r varje p\u00e5b\u00f6rjad m\u00e5nad, kostnaden beror p\u00e5 hur stor del av f\u00f6retagskrediten som belastas. Det finns inga dolda avgifter s\u00e5 som uppl\u00e4ggningsavgifter eller extra kostnader f\u00f6r f\u00f6rtidsinl\u00f6sen. Undantag fr\u00e5n huvudregeln kan i enstaka fall f\u00f6rekomma, d\u00e4r f\u00f6retagsl\u00e5net har en fast bidningstid, om s\u00e5 \u00e4r fallet kommer Mynt tydligt att meddela detta innan avtal tecknas.<\/p>\n<p>Ans\u00f6kningsprocessen \u00e4r ganska l\u00e4ttf\u00f6rst\u00e5elig, vid nyregistrering st\u00e4lls en del fr\u00e5gor om er verksamhet d\u00e4refter \u00e4r det m\u00f6jligt att ber\u00e4kna vilket kreditutrymme ert f\u00f6retag kan erbjudas.<\/p>\n<div class=\"numberlist\">\n<p>Det finns tv\u00e5 m\u00f6jligheter till finansiering hos Mynt:<\/p>\n<ol>\n<li>Kundfakturor anv\u00e4nds som s\u00e4kerhet f\u00f6r l\u00e5net och tj\u00e4nsten Mynt fakturafinansiering aktiveras. Detta uppl\u00e4gg \u00e4r m\u00f6jligt om ni prim\u00e4rt tar betalt av era kunder via faktura.<\/li>\n<li>Om era kunder f\u00f6retr\u00e4desvis anv\u00e4nder betalar via kort, bank\u00f6verf\u00f6ring eller bankgiro \u00e4r det m\u00f6jligt att s\u00f6ka Mynt f\u00f6retagsl\u00e5n som i vissa fall f\u00f6ruts\u00e4tter personlig borgen.<\/li>\n<\/ol>\n<\/div>\n<p>&nbsp;<\/p>\n<p>\u00c5terbetalning sker l\u00f6pande enligt avtal via autogiro. F\u00f6rdelen med autogiro \u00e4r att du ej beh\u00f6ver h\u00e5lla koll p\u00e5 f\u00f6rfallodatum och riskera dyra f\u00f6reningsavgifter, ist\u00e4llet dras pengarna automatiskt fr\u00e5n ert f\u00f6retagskonto. Dock \u00e4r det naturligtvis viktigt att se till att det finns tillr\u00e4ckligt mycket likvida medel p\u00e5 konto f\u00f6r att \u00e5terbetalningen skall kunna ske i samband med varje dragning.<\/p>\n<\/div>\n<\/div>\n<div class=\"section-color\">\n<div class=\"row\">\n<div class=\"feature-item col-lg-6 col-sm-6 wow slideInUp\">\n<p class=\"kapitel\">Mynt f\u00f6retagskredit<\/p>\n<ul id=\"navlist\">\n<li>Belopp: 10.000-1.000.000 kr<\/li>\n<li>L\u00f6ptid: 3-18 m\u00e5nader<\/li>\n<li>Fast avgift: fr\u00e5n 1% per m\u00e5nad.<\/li>\n<\/ul>\n<\/div>\n<div class=\"feature-item col-lg-6 col-sm-6 wow slideInUp\">\n<p class=\"kapitel\">Ans\u00f6kan<\/p>\n<ul id=\"navlist\">\n<li>Ans\u00f6k p\u00e5 webben med mobilt Bankid samt via f\u00f6retagsbank<\/li>\n<li>F\u00e5 svar om kreditutrymme inom 3 min<\/li>\n<li>Efter godk\u00e4nnande sker utbetalning inom 24 timmar<\/li>\n<\/ul>\n<\/div>\n<\/div>\n<\/div>\n<p><span style=\"color: #00529c; font-size: 16pt;\">Villkor:<\/span><\/p>\n<table>\n<tbody>\n<tr>\n<td bgcolor=\"#000\"><span style=\"color: #ffffff;\">R\u00e4nta<\/span><\/td>\n<td>Fast avgift fr\u00e5n 1% per p\u00e5b\u00f6rjad m\u00e5nad.<\/td>\n<\/tr>\n<tr>\n<td bgcolor=\"#000\"><span style=\"color: #ffffff;\">Uppl\u00e4ggningsavgift<\/span><\/td>\n<td>Inga avgifter ut\u00f6ver fasta kostnader.<\/td>\n<\/tr>\n<tr>\n<td bgcolor=\"#000\"><span style=\"color: #ffffff;\">Borgens\u00e5tagande<\/span><\/td>\n<td>I vissa fall kr\u00e4vs personlig borgen av huvud\u00e4gare eller vd f\u00f6r bolaget. Solidarisk borgen \u00e4r m\u00f6jlig och inneb\u00e4r att \u00e5tagandet kan delas upp mellan flera individer.<\/td>\n<\/tr>\n<tr>\n<td bgcolor=\"#000\"><span style=\"color: #ffffff;\">F\u00f6rtidsinl\u00f6sen<\/span><\/td>\n<td>F\u00f6rtidsinl\u00f6sen \u00e4r m\u00f6jlig, du betalar d\u00e5 endast f\u00f6r den tid du nyttjat l\u00e5net.<\/td>\n<\/tr>\n<tr>\n<td bgcolor=\"#000\"><span style=\"color: #ffffff;\">Betalningsanm\u00e4rkning<\/span><\/td>\n<td>Inneb\u00e4r ej automatiskt avslag, men p\u00e5verkar totalbed\u00f6mningen.<\/td>\n<\/tr>\n<\/tbody>\n<\/table>\n<p><span style=\"color: #00529c; font-size: 16pt;\">Krav p\u00e5 f\u00f6retag som s\u00f6ker:<\/span><\/p>\n<table>\n<tbody>\n<tr>\n<td bgcolor=\"#000\"><span style=\"color: #ffffff;\">Oms\u00e4ttning<\/span><\/td>\n<td>Minst 500.000 kr i \u00e5rsoms\u00e4ttning.<\/td>\n<\/tr>\n<tr>\n<td bgcolor=\"#000\"><span style=\"color: #ffffff;\">Historik<\/span><\/td>\n<td>F\u00f6retaget skall ha funnits i minst 6 m\u00e5nader och ha transaktioner f\u00f6r minst 3 m\u00e5nader.<\/td>\n<\/tr>\n<tr>\n<td bgcolor=\"#000\"><span style=\"color: #ffffff;\">\u00c4garskap<\/span><\/td>\n<td>Ans\u00f6kan kan endast uppr\u00e4ttas av \u00e4gare, VD eller annan firmatecknare.<\/td>\n<\/tr>\n<tr>\n<td bgcolor=\"#000\"><span style=\"color: #ffffff;\">F\u00f6retagsadress<\/span><\/td>\n<td>Verksamheten \u00e4r registrerad hos bolagsverket i Sverige.<\/td>\n<\/tr>\n<\/tbody>\n<\/table>\n<p><span style=\"color: #00529c; font-size: 16pt;\">F\u00f6ljande information\/dokumentation beh\u00f6vs:<\/span><\/p>\n<ul>\n<li>Tillg\u00e5ng till personligt BankID\/mobilt BankID<\/li>\n<li>Registrera er och besvara fr\u00e5gor om ert f\u00f6retag i &#8220;Mynts onboarding&#8221;.<\/li>\n<li>Du beh\u00f6ver logga in p\u00e5 f\u00f6retagsbanken och ge tillg\u00e5ng till uppgifter om ditt f\u00f6retags banktransaktioner.<\/li>\n<li>Anv\u00e4nder ert f\u00f6retag en bokf\u00f6ringstj\u00e4nst med integrerat st\u00f6d f\u00f6r Mynt F\u00f6retagsl\u00e5n, kan en ans\u00f6kan via detta f\u00f6rb\u00e4ttrar era m\u00f6jligheter att f\u00e5 ett godk\u00e4nnande.<\/li>\n<li>Du skall ha namnteckningsr\u00e4tt i f\u00f6retaget ensam eller tillsammans annan person<\/li>\n<li>F\u00f6retagets faktureringsuppgifter samt kontonummer<\/li>\n<\/ul>\n<hr \/>\n<h5>Ingen f\u00f6retagsupplysning hos UC<\/h5>\n<p>Mynt f\u00f6ljer svensk lag och god kreditgivningssed och samarbetar med b\u00e5de Creditsafe och Bisnode f\u00f6r kreditpr\u00f6vning, men detta p\u00e5verkar inte er kreditv\u00e4rdighet p\u00e5 samma vis som en kreditupplysning hos UC. Personliga kreditpr\u00f6vningar kan f\u00f6rekomma p\u00e5 borgen\u00e4rer om personlig borgen, det framg\u00e5r inte helt tydlig huruvida dessa upplysningar ocks\u00e5 sker utan UC.<\/p>\n<h5>Sena betalningar<\/h5>\n<p>Vid f\u00f6rsenade eller uteblivna \u00e5terbetalningar kan Mynt ut en p\u00e5minnelseavgift p\u00e5 60 kr samt f\u00f6rseningsavgift om 500 kr per f\u00f6rsenad\/utebliven betalning. Kreditgivaren har \u00e4ven r\u00e4tt att s\u00e4ga upp kreditavtalet om kunden p\u00e5 ett eller flera vis inte fullf\u00f6ljer sin del av avtalet.<\/p>\n<h5>Om Mynt aff\u00e4rsid\u00e9 &amp; partners<\/h5>\n<p>Fintechbolaget Mynt AB har funnits sedan 2017, aff\u00e4rsid\u00e9n \u00e4r att erbjuda f\u00f6retagsl\u00e5n till sm\u00e5f\u00f6retag och kunna konkurrera med st\u00f6rre banker genom att ligga i framkanten n\u00e4r det g\u00e4ller tekniska l\u00f6sningar och system. Projektet backas med 8,3 miljoner kronor fr\u00e5n <a href=\"https:\/\/firmalan.com\/sv\/lana-pengar\/svea-ekonomi\/\">Svea Ekonomi<\/a>, vars VD\u00a0Lennart \u00c5gren numera \u00e4ven ing\u00e5r i styrelsen.<\/p>\n<p>I dagsl\u00e4get har omkring 200 st f\u00f6retag valt att anv\u00e4nda Mynt finansieringstj\u00e4nster och initialt h\u00e5ller man fullt fokus p\u00e5 den svenska marknaden, men om projektet faller v\u00e4l ut \u00e4r en vidare expansion ut i Europa inte en om\u00f6jlighet.<\/p>\n<p>Det finansiella institutet arbetar aktivt f\u00f6r att skapa partnerskap med ledande akt\u00f6rer p\u00e5 marknaden och det \u00e4r m\u00f6jligt att enkelt kontrollera och s\u00f6ka kreditutrymme direkt genom de integrerade bokf\u00f6ringssystemen: PE Accounting, Fortnox och Visma eEkonomi. Man har \u00e4ven utvecklat samarbeten med j\u00e4mf\u00f6relsetj\u00e4nsterna <a href=\"https:\/\/firmalan.com\/sv\/lana-pengar\/fakturino\/\">Fakturino<\/a> samt <a href=\"https:\/\/firmalan.com\/sv\/lana-pengar\/cfind\/\">Cfind<\/a>. Mynt \u00e4r ett registrerat  finansiellt institut hos FI, men \u00e4r ej under finansinspektionens tillsyn.<\/p>\n<p><a name=\"tabell\"><\/a> <span style=\"color: #00529c; font-size: 16pt;\">Kostnadstabell<\/span><br \/>\nNedanst\u00e5ende kostnadsuppgifter \u00e4r endast exempel p\u00e5 vilket kostnad Mynt f\u00f6retagsl\u00e5n kan ha, exemplet utg\u00e5r fr\u00e5n en fast avgift om 1,5% som ber\u00e4knas p\u00e5 det totala l\u00e5nebeloppet per m\u00e5n. Observera att varje ans\u00f6kan bed\u00f6ms individuellt vilket g\u00f6r att kostnaderna kan bli h\u00f6gre eller l\u00e4gre f\u00f6r ert f\u00f6retag.<\/p>\n<table>\n<thead>\n<tr>\n<th>Belopp<\/th>\n<th>6 m\u00e5n<\/th>\n<th>12 m\u00e5n<\/th>\n<th>24 m\u00e5n<\/th>\n<\/tr>\n<\/thead>\n<tbody>\n<tr>\n<td bgcolor=\"#000\"><span style=\"color: #ffffff;\">25000 kr<\/span><\/td>\n<td>27250 kr<\/td>\n<td>29500 kr<\/td>\n<td>34000 kr<\/td>\n<\/tr>\n<tr>\n<td bgcolor=\"#000\"><span style=\"color: #ffffff;\">100000 kr<\/span><\/td>\n<td>109000 kr<\/td>\n<td>118000 kr<\/td>\n<td>136000 kr<\/td>\n<\/tr>\n<tr>\n<td bgcolor=\"#000\"><span style=\"color: #ffffff;\">200000 kr<\/span><\/td>\n<td>218000 kr<\/td>\n<td>236000 kr<\/td>\n<td>272000 kr<\/td>\n<\/tr>\n<tr>\n<td bgcolor=\"#000\"><span style=\"color: #ffffff;\">300000 kr<\/span><\/td>\n<td>327000 kr<\/td>\n<td>354000 kr<\/td>\n<td>408000 kr<\/td>\n<\/tr>\n<tr>\n<td bgcolor=\"#000\"><span style=\"color: #ffffff;\">500000 kr<\/span><\/td>\n<td>545000 kr<\/td>\n<td>590000 kr<\/td>\n<td>680000 kr<\/td>\n<\/tr>\n<tr>\n<td bgcolor=\"#000\"><span style=\"color: #ffffff;\">1.000.000 kr<\/span><\/td>\n<td>1.090.000 kr<\/td>\n<td>1.180.000 kr<\/td>\n<td>1.360.000 kr<\/td>\n<\/tr>\n<\/tbody>\n<\/table>\n<p>Ber\u00e4kningarna ovan utg\u00e5r fr\u00e5n att hela krediten nyttjas utan amorteringar under 6,12 eller 24 m\u00e5naders tid. Den fasta avgiften i exemplet \u00e4r 1,5% av total beloppet adderas till varje p\u00e5b\u00f6rjad m\u00e5nad.<br \/>\n*Uppdaterad 2019-05-08<\/p>\n<h4>\u00d6PPETTIDER KUNDTJ\u00c4NST:<\/h4>\n<table class=\"table table-striped\" border=\"0\">\n<tbody>\n<tr>\n<td valign=\"top\" width=\"150\">M\u00e5ndag \u2013 Fredagar<\/td>\n<td valign=\"top\" width=\"100\">Uppgift saknas<\/td>\n<\/tr>\n<tr>\n<td valign=\"top\" width=\"150\">Helg<\/td>\n<td valign=\"top\" width=\"100\">St\u00e4ngt<\/td>\n<\/tr>\n<\/tbody>\n<\/table>\n<blockquote><p>Telefon: 010-198 0300<br \/>\nE-mail: <a href=\"mailto:info@mynt.se\">info@mynt.se.<\/a><\/p><\/blockquote>\n<blockquote class=\"theme\"><p>Mynt AB<\/p>\n<h4>ADRESS:<\/h4>\n<p>Regeringsgatan 65<br \/>\n111 44 Stockholm<br \/>\nOrg. nr: 559100-8874<\/p><\/blockquote>\n","protected":false},"excerpt":{"rendered":"<p>\u27a4 Ans\u00f6k om Mynt F\u00f6retagsl\u00e5n Nu lanserar Mynt AB ett nytt f\u00f6retagsl\u00e5n i form av en checkkredit med fria uttag med utbetalning inom 24 timmar d\u00e4r du endast betalar f\u00f6r &#8230;<\/p>\n","protected":false},"author":1,"featured_media":1203,"parent":164,"menu_order":0,"comment_status":"closed","ping_status":"closed","template":"","meta":{"footnotes":""},"class_list":["post-1202","page","type-page","status-publish","has-post-thumbnail","hentry"],"_links":{"self":[{"href":"https:\/\/firmalan.com\/sv\/wp-json\/wp\/v2\/pages\/1202","targetHints":{"allow":["GET"]}}],"collection":[{"href":"https:\/\/firmalan.com\/sv\/wp-json\/wp\/v2\/pages"}],"about":[{"href":"https:\/\/firmalan.com\/sv\/wp-json\/wp\/v2\/types\/page"}],"author":[{"embeddable":true,"href":"https:\/\/firmalan.com\/sv\/wp-json\/wp\/v2\/users\/1"}],"replies":[{"embeddable":true,"href":"https:\/\/firmalan.com\/sv\/wp-json\/wp\/v2\/comments?post=1202"}],"version-history":[{"count":26,"href":"https:\/\/firmalan.com\/sv\/wp-json\/wp\/v2\/pages\/1202\/revisions"}],"predecessor-version":[{"id":2024,"href":"https:\/\/firmalan.com\/sv\/wp-json\/wp\/v2\/pages\/1202\/revisions\/2024"}],"up":[{"embeddable":true,"href":"https:\/\/firmalan.com\/sv\/wp-json\/wp\/v2\/pages\/164"}],"wp:featuredmedia":[{"embeddable":true,"href":"https:\/\/firmalan.com\/sv\/wp-json\/wp\/v2\/media\/1203"}],"wp:attachment":[{"href":"https:\/\/firmalan.com\/sv\/wp-json\/wp\/v2\/media?parent=1202"}],"curies":[{"name":"wp","href":"https:\/\/api.w.org\/{rel}","templated":true}]}}