{"id":120,"date":"2017-07-03T15:23:00","date_gmt":"2017-07-03T13:23:00","guid":{"rendered":"https:\/\/firmalan.com\/sv\/?page_id=120"},"modified":"2020-02-11T06:11:40","modified_gmt":"2020-02-11T05:11:40","slug":"capitalbox","status":"publish","type":"page","link":"https:\/\/firmalan.com\/sv\/lana-pengar\/capitalbox\/","title":{"rendered":"CapitalBox f\u00f6retagsl\u00e5n"},"content":{"rendered":"<div class=\"section-content\">\n<div class=\"row\">\n<div class=\"feature-item col-lg-6 col-sm-6 wow slideInUp\">\n<div class=\"feature-media\"><img decoding=\"async\" src=\"https:\/\/firmalan.com\/sv\/wp-content\/uploads\/2020\/02\/capitalbox.jpg\" \/><\/div>\n<\/div>\n<div class=\"feature-item col-lg-6 col-sm-6 wow slideInUp\">\n<p>Ferratum Business byter namn till CapitalBox. Internationella Ferratum Group \u00e4r ett av Europas ledande finansbolag. Fr\u00e4msta fokus f\u00f6r Ferratum Group \u00e4r konsumentkrediter f\u00f6r privatpersoner, men med varum\u00e4rket CapitalBox har man nu \u00e4ven etablerat sig som en l\u00e5ngivare med finansieringsm\u00f6jligheter f\u00f6r f\u00f6retagare.<\/p>\n<p><span style=\"color: #f4f4f4;\"><strong><a class=\"btn btn-theme-primary btn-lg\" style=\"color: #f4f4f4;\" title=\"\u27a4 Vidare till Capitalbox.se\" href=\"https:\/\/firmalan.com\/sv\/go\/capitalbox\/\" target=\"_blank\" rel=\"nofollow noopener noreferrer\">\u27a4 Ans\u00f6kan hos Capital Box<\/a><\/strong><\/span><\/p>\n<\/div>\n<\/div>\n<\/div>\n<div class=\"section-color\">\n<div class=\"row\">\n<div class=\"feature-item col-lg-6 col-sm-6 wow slideInUp\">\n<p class=\"kapitel\">F\u00f6retagskrediten<\/p>\n<ul id=\"navlist\">\n<li>Belopp: 20 000-2 000 000 kr<\/li>\n<li>L\u00f6ptid: 6-24 m\u00e5n<\/li>\n<li>R\u00e4nta best\u00e4ms efter kreditpr\u00f6vning<\/li>\n<\/ul>\n<\/div>\n<div class=\"feature-item col-lg-6 col-sm-6 wow slideInUp\">\n<p class=\"kapitel\">Ans\u00f6kan<\/p>\n<ul id=\"navlist\">\n<li>Ans\u00f6kan p\u00e5 5 min<\/li>\n<li>Godk\u00e4nnande inom 24 timmar<\/li>\n<li>Utbetalning inom 48 timmar<\/li>\n<\/ul>\n<\/div>\n<\/div>\n<\/div>\n<p><span style=\"color: #00529c; font-size: 16pt;\">Villkor:<\/span><\/p>\n<table>\n<tbody>\n<tr>\n<td bgcolor=\"#000\"><span style=\"color: #fff;\">R\u00e4nta<\/span><\/td>\n<td>Genomsnittsr\u00e4nta 2,9% per m\u00e5nad av det l\u00e5nade kapitalet. *R\u00e4ntan s\u00e4tts individuellt.<\/td>\n<\/tr>\n<tr>\n<td bgcolor=\"#000\"><span style=\"color: #fff;\">Uppl\u00e4ggningsavgift<\/span><\/td>\n<td>2,5% av totala l\u00e5nebeloppet.<\/td>\n<\/tr>\n<tr>\n<td bgcolor=\"#000\"><span style=\"color: #fff;\">Borgens\u00e5tagande<\/span><\/td>\n<td>F\u00f6r l\u00e5n kr\u00e4vs att minst en bolagsman tar p\u00e5 sig en personlig borgen.<\/td>\n<\/tr>\n<tr>\n<td bgcolor=\"#000\"><span style=\"color: #fff;\">F\u00f6rtidsinl\u00f6sen<\/span><\/td>\n<td>Kan g\u00f6ras n\u00e4r som helst, du betalar endast f\u00f6r tiden du har haft l\u00e5net.<\/td>\n<\/tr>\n<tr>\n<td bgcolor=\"#000\"><span style=\"color: #fff;\">Betalningsanm\u00e4rkning<\/span><\/td>\n<td>Uppgift saknas.<\/td>\n<\/tr>\n<\/tbody>\n<\/table>\n<p><span style=\"color: #00529c; font-size: 16pt;\">Krav p\u00e5 f\u00f6retag som s\u00f6ker:<\/span><\/p>\n<table>\n<tbody>\n<tr>\n<td bgcolor=\"#000\"><span style=\"color: #fff;\">Oms\u00e4ttning<\/span><\/td>\n<td>Minst 500 000 kr i \u00e5rlig oms\u00e4ttning.<\/td>\n<\/tr>\n<tr>\n<td bgcolor=\"#000\"><span style=\"color: #fff;\">Historik<\/span><\/td>\n<td>Verksamhet i minst 6 m\u00e5nader.<\/td>\n<\/tr>\n<tr>\n<td bgcolor=\"#000\"><span style=\"color: #fff;\">\u00c4garskap<\/span><\/td>\n<td>Alla \u00e4gare \u00e5terfinns i Sverige.<\/td>\n<\/tr>\n<tr>\n<td bgcolor=\"#000\"><span style=\"color: #fff;\">F\u00f6retagsadress<\/span><\/td>\n<td>Det skall finnas en fysisk placering av f\u00f6retaget.<\/td>\n<\/tr>\n<tr>\n<td bgcolor=\"#000\"><span style=\"color: #fff;\">F\u00f6retagsbank<\/span><\/td>\n<td>Det m\u00e5ste finnas ett separat f\u00f6retagskonto.<\/td>\n<\/tr>\n<\/tbody>\n<\/table>\n<p><span style=\"color: #00529c; font-size: 16pt;\">F\u00f6ljande information\/dokumentation beh\u00f6vs:<\/span><\/p>\n<ul>\n<li>Org.nummer<\/li>\n<li>Personnummer<\/li>\n<li>Verifikation av ditt bankkonto online<\/li>\n<li>Giltig svensk legitimation<\/li>\n<li>Foto av dig via mobil<\/li>\n<\/ul>\n<hr \/>\n<p>CapitalBox f\u00f6retagsl\u00e5n passar dig som inte lyckas f\u00e5 finansiering genom banken. L\u00e5na sm\u00e5belopp fr\u00e5n 20.000 kr eller st\u00f6rre kapital upp till 2.000.000 kr. F\u00f6r att f\u00e5 loss investeringskapital i 6-24 m\u00e5nader kr\u00e4vs ingen s\u00e4kerhet ist\u00e4llet l\u00e4mnar du en personlig garanti som juridiskt s\u00e4kerst\u00e4ller att ditt l\u00e5n blir \u00e5terbetalat.<\/p>\n<p>Att ans\u00f6ka om CapitalBox f\u00f6retagsl\u00e5n g\u00e5r snabbt och enkelt. Ans\u00f6kan tar endast ca 5 minuter att fylla i och om ans\u00f6kan godk\u00e4nns kommer l\u00e5neutbetalningen normalt g\u00f6ras till ditt konto inom 24-48 timmar. Hela ans\u00f6kningsprocessen sker digitalt via hemsidan <a href=\"https:\/\/firmalan.com\/sv\/go\/capitalbox\/\" target=\"_blank\" rel=\"nofollow noopener noreferrer\">www.capitalbox.se<\/a> och sker helt utan komplicerat pappersarbete.<\/p>\n<p>L\u00e5ntagare har m\u00f6jlighet att v\u00e4lja en \u00e5terbetalningstid fr\u00e5n 6-24 m\u00e5nader f\u00f6r att betala av hela skulden, vi rekommenderar dig att v\u00e4lja en l\u00e4ngre tidsplan om du tecknar ett st\u00f6rre investeringsl\u00e5n. Sj\u00e4lva \u00e5terbetalningen sker m\u00e5nadsvis och den genomsnittliga r\u00e4ntan \u00e4r 2,9% per m\u00e5nad av det l\u00e5nade kapitalet.<\/p>\n<p>Ferratum Group \u00e4r b\u00f6rsnoterat p\u00e5 Frankfurtb\u00f6rsen och \u00e4r just nu inne i en mycket expansiv fas. Sedan slutet av 2014 sker utl\u00e5ningsverksamheten genom Ferratum Bank p.l.c. med placering p\u00e5 Malta och f\u00f6retaget har sedan dess arbetat h\u00e5rt f\u00f6r att bredda sin verksamhet, bland annat genom att erbjuda f\u00f6retagsl\u00e5n och m\u00f6jlighet att \u00f6ppna privata sparkonton.<\/p>\n<hr \/>\n<p><a name=\"tabell\"><\/a> <span style=\"color: #00529c; font-size: 16pt;\">Kostnadstabell<\/span><br \/>\nNedanst\u00e5ende kostnadsuppgifter endast \u00e4r en exempelber\u00e4kning ber\u00e4knad utifr\u00e5n att CapitalBox tar ut en uppl\u00e4ggningsavgift om 2.50% samt en fast avgift p\u00e5 2.90% av det totala l\u00e5nebeloppet per m\u00e5n. Observera att varje ans\u00f6kan bed\u00f6ms individuellt vilket g\u00f6r att kostnaderna kan bli h\u00f6gre eller l\u00e4gre f\u00f6r ert f\u00f6retag.<\/p>\n<table>\n<thead>\n<tr>\n<th>Belopp<\/th>\n<th>6 m\u00e5n<\/th>\n<th>9 m\u00e5n<\/th>\n<th>12 m\u00e5n<\/th>\n<th>24 m\u00e5n<\/th>\n<\/tr>\n<\/thead>\n<tbody>\n<tr>\n<td bgcolor=\"#000\"><span style=\"color: #ffffff;\">20000 kr<\/span><\/td>\n<td>23980 kr<\/td>\n<td>25720 kr<\/td>\n<td>27460 kr<\/td>\n<td>34420 kr<\/td>\n<\/tr>\n<tr>\n<td bgcolor=\"#000\"><span style=\"color: #ffffff;\">50000 kr<\/span><\/td>\n<td>59950 kr<\/td>\n<td>64300 kr<\/td>\n<td>68650 kr<\/td>\n<td>86050 kr<\/td>\n<\/tr>\n<tr>\n<td bgcolor=\"#000\"><span style=\"color: #ffffff;\">100000 kr<\/span><\/td>\n<td>119900 kr<\/td>\n<td>128600 kr<\/td>\n<td>137300 kr<\/td>\n<td>172100 kr<\/td>\n<\/tr>\n<tr>\n<td bgcolor=\"#000\"><span style=\"color: #ffffff;\">200000 kr<\/span><\/td>\n<td>239800 kr<\/td>\n<td>257200 kr<\/td>\n<td>274600 kr<\/td>\n<td>344200 kr<\/td>\n<\/tr>\n<tr>\n<td bgcolor=\"#000\"><span style=\"color: #ffffff;\">500000 kr<\/span><\/td>\n<td>599500 kr<\/td>\n<td>643000 kr<\/td>\n<td>686500 kr<\/td>\n<td>860500 kr<\/td>\n<\/tr>\n<tr>\n<td bgcolor=\"#000\"><span style=\"color: #ffffff;\">1000000 kr<\/span><\/td>\n<td>1199000 kr<\/td>\n<td>1286000 kr<\/td>\n<td>1373000 kr<\/td>\n<td>1721000 kr<\/td>\n<\/tr>\n<tr>\n<td bgcolor=\"#000\"><span style=\"color: #ffffff;\">2000000 kr<\/span><\/td>\n<td>2398000 kr<\/td>\n<td>2572000 kr<\/td>\n<td>2746000 kr<\/td>\n<td>3442000 kr<\/td>\n<\/tr>\n<\/tbody>\n<\/table>\n<p>Ber\u00e4kningarna ovan ger en \u00e5rsr\u00e4nta 31,19%-43,76% (Effektiv r\u00e4nta 36,05%-53,70%).<br \/>\n*Uppdaterad 2018-12-12<\/p>\n<h4>\u00d6PPETTIDER KUNDTJ\u00c4NST:<\/h4>\n<table class=\"table table-striped\" border=\"0\">\n<tbody>\n<tr>\n<td valign=\"top\" width=\"150\">M\u00e5ndag \u2013 Fredagar<\/td>\n<td valign=\"top\" width=\"100\">09:00 \u2013 17:00<\/td>\n<\/tr>\n<tr>\n<td valign=\"top\" width=\"150\">Helg<\/td>\n<td valign=\"top\" width=\"100\">St\u00e4ngt<\/td>\n<\/tr>\n<\/tbody>\n<\/table>\n<blockquote><p>Telefon: 020 &#8211; 018 00 20<br \/>\nE-mail: <a href=\"mailto:support@capitalbox.se\">support@capitalbox.se<\/a><\/p><\/blockquote>\n<p>*Svarar p\u00e5 mail i regel inom 12 timmar.<\/p>\n<blockquote class=\"theme\">\n<h4>ADRESS:<\/h4>\n<p>Wennerbergsgatan 10<br \/>\n112 58 Stockholm<br \/>\nOrg. nr: 556695-9655<\/p><\/blockquote>\n","protected":false},"excerpt":{"rendered":"<p>Om banken s\u00e4ger nej n\u00e4r du beh\u00f6ver pengar till ditt f\u00f6retag, \u00e4r det m\u00f6jligt att l\u00e5na upp till 2.000.000 kr utan s\u00e4kerhet fr\u00e5n CapitalBox med personlig borgen. F\u00f6r att er firma skall kunna ans\u00f6ka om l\u00e5n kr\u00e4vs att verksamheten och dess \u00e4gare \u00e4r baserade i Sverige, har en \u00e5rlig oms\u00e4ttning om minst 500.000 kr samt att det finns ett separat f\u00f6retagskonto.<\/p>\n","protected":false},"author":1,"featured_media":2140,"parent":164,"menu_order":20,"comment_status":"open","ping_status":"closed","template":"template-fullwidth.php","meta":{"footnotes":""},"class_list":["post-120","page","type-page","status-publish","has-post-thumbnail","hentry"],"_links":{"self":[{"href":"https:\/\/firmalan.com\/sv\/wp-json\/wp\/v2\/pages\/120","targetHints":{"allow":["GET"]}}],"collection":[{"href":"https:\/\/firmalan.com\/sv\/wp-json\/wp\/v2\/pages"}],"about":[{"href":"https:\/\/firmalan.com\/sv\/wp-json\/wp\/v2\/types\/page"}],"author":[{"embeddable":true,"href":"https:\/\/firmalan.com\/sv\/wp-json\/wp\/v2\/users\/1"}],"replies":[{"embeddable":true,"href":"https:\/\/firmalan.com\/sv\/wp-json\/wp\/v2\/comments?post=120"}],"version-history":[{"count":26,"href":"https:\/\/firmalan.com\/sv\/wp-json\/wp\/v2\/pages\/120\/revisions"}],"predecessor-version":[{"id":2143,"href":"https:\/\/firmalan.com\/sv\/wp-json\/wp\/v2\/pages\/120\/revisions\/2143"}],"up":[{"embeddable":true,"href":"https:\/\/firmalan.com\/sv\/wp-json\/wp\/v2\/pages\/164"}],"wp:featuredmedia":[{"embeddable":true,"href":"https:\/\/firmalan.com\/sv\/wp-json\/wp\/v2\/media\/2140"}],"wp:attachment":[{"href":"https:\/\/firmalan.com\/sv\/wp-json\/wp\/v2\/media?parent=120"}],"curies":[{"name":"wp","href":"https:\/\/api.w.org\/{rel}","templated":true}]}}