{"id":117,"date":"2017-05-03T08:07:41","date_gmt":"2017-05-03T08:07:41","guid":{"rendered":"https:\/\/firmalan.com\/sv\/?page_id=117"},"modified":"2019-11-20T19:26:41","modified_gmt":"2019-11-20T18:26:41","slug":"formedling","status":"publish","type":"page","link":"https:\/\/firmalan.com\/sv\/foretagsavveckling\/formedling\/","title":{"rendered":"F\u00f6retagsf\u00f6rmedling"},"content":{"rendered":"<p>\u00c4garskifte i f\u00f6retag beh\u00f6ver inte vara s\u00e5 komplicerat men det g\u00e4ller att f\u00e5 alla bitar p\u00e5 plats. Anlita en kvalificerad f\u00f6retagsf\u00f6rmedling vid f\u00f6rs\u00e4ljning eller ink\u00f6p och f\u00e5 tillg\u00e5ng till all n\u00f6dv\u00e4ndig expertis som kr\u00e4vs f\u00f6r att genomf\u00f6ra s\u00e4kra aff\u00e4rer.<\/p>\n<p>F\u00f6retagsf\u00f6rmedlare kopplar ihop bolags\u00e4gare med intressenter som vill k\u00f6pa f\u00f6retag. H\u00e4r hittar du information om f\u00f6retagsm\u00e4klare som med r\u00e4tt kompetens, erfarenhet och engagemang kan hj\u00e4lpa dig med bolagsf\u00f6rs\u00e4ljning.<\/p>\n<h3>Vad inneb\u00e4r f\u00f6retagsf\u00f6rmedling?<\/h3>\n<p>Att s\u00e4lja f\u00f6retag kan var en utdragen process, den huvudsakliga utmaningen ligger i att hitta relevanta spekulanter. M\u00e5nga verksamheter kr\u00e4ver \u00e4gare med specifika branschkunskaper. F\u00f6retagsf\u00f6rmedlingar har ett stort kundunderlag vilket g\u00f6r det l\u00e4ttare att hitta l\u00e4mpliga k\u00f6pare.<\/p>\n<p>F\u00f6retagsf\u00f6rmedlare arbetar m\u00e5lmedvetet f\u00f6r att underl\u00e4tta f\u00f6retagsf\u00f6rs\u00e4ljningar. En viktig del i detta arbete \u00e4r r\u00e5dgivning och v\u00e4gledning f\u00f6r s\u00e5v\u00e4l k\u00f6pare som s\u00e4ljare. Det \u00e4r en extra trygghet att ha n\u00e5gon som satt sig in i omst\u00e4ndigheterna och besitter tillr\u00e4cklig kunskap om b\u00e5de aff\u00e4rsm\u00e4ssiga och juridiska \u00f6verv\u00e4ganden.<\/p>\n<h3>Att anlita f\u00f6retagsm\u00e4klare<\/h3>\n<p>Fram till 1990 fanns ingen professionell yrkesk\u00e5r specifikt utbildad f\u00f6r att hantera och genomf\u00f6ra hela den process som ett \u00f6verl\u00e5ta av f\u00f6retag inneb\u00e4r. Ist\u00e4llet h\u00e4nvisades b\u00e5de s\u00e4ljare och k\u00f6pare till att anlita flera konsulter med olika yrkesinriktning som gemensamt sk\u00f6te hela processen. Detta var naturligtvis b\u00e5de kr\u00e5ngligare och mycket mer tidskr\u00e4vande \u00e4n att anlita en huvudman (f\u00f6retagsm\u00e4klare) som \u00e4r med under hela aff\u00e4ren.<\/p>\n<p>Numera finns det en m\u00e4ngd utbildade och erfaren f\u00f6retagsm\u00e4klare vars specialitet \u00e4r att hj\u00e4lpa till under hela \u00f6verl\u00e5telseprocessen. Dessa f\u00f6retagsm\u00e4klare kombinerar gedigna kunskaper med ett v\u00e4letablerat kontaktn\u00e4t och har vad som kr\u00e4vs f\u00f6r att genomf\u00f6ra hela bolagsf\u00f6rs\u00e4ljningen fr\u00e5n start till m\u00e5l.<\/p>\n<h3>Vad g\u00f6r en f\u00f6retagsf\u00f6rmedlare<\/h3>\n<blockquote><p>En f\u00f6retagsm\u00e4klare, eller f\u00f6retagsf\u00f6rmedlare agerar ombud mellan s\u00e4ljare och k\u00f6pare av f\u00f6retag.<\/p><\/blockquote>\n<h5>V\u00e4rdering<\/h5>\n<p>I det f\u00f6rsta steget innan \u00f6verl\u00e5telseprocessen p\u00e5b\u00f6rjas kommer f\u00f6retagsf\u00f6rmedlaren att g\u00f6ra en bed\u00f6mning av f\u00f6retagets v\u00e4rde och d\u00e4refter uppr\u00e4ttas ett v\u00e4rderingsintyg.<\/p>\n<p>N\u00e5gra av de modeller som till\u00e4mpas vid bolagsv\u00e4rdering \u00e4r: Marknadsv\u00e4rdering, Substansv\u00e4rdering, Multipelv\u00e4rdering, Kassafl\u00f6desv\u00e4rdering (DCF), Residual Income Valuation (RIV) eller Likvidationsv\u00e4rdering. vilken metod man v\u00e4ljer att anv\u00e4nd beror exempelvis p\u00e5 verksamhetstyp, hur l\u00e4nge det varit i drift samt dess storlek.<\/p>\n<h5>Maximera f\u00f6rs\u00e4ljningsv\u00e4rdet<\/h5>\n<p>Efter en grundlig genomg\u00e5ng av f\u00f6retaget kan f\u00f6rmedlaren komma med rekommendationer om v\u00e4rdeh\u00f6jande \u00e5tg\u00e4rder, detta \u00e4r f\u00f6r\u00e4ndringar som kan genomf\u00f6ras inom ramen f\u00f6r den befintliga verksamheten och som kan skapa merv\u00e4rde f\u00f6r eventuella k\u00f6pare.<\/p>\n<h5>Anskaffning av spekulanter<\/h5>\n<p>F\u00f6retagsf\u00f6rmedlingar har v\u00e4letablerade marknadsplatser som kan anv\u00e4nds f\u00f6r att exponera f\u00f6retagsobjekt f\u00f6r potentiella intressenter. Men de har \u00e4ven andra kanaler att anv\u00e4nda f\u00f6r att maximera marknadsexponeringen, det kan handla om att attrahera k\u00f6pa \u00e4ven fr\u00e5n utlandet eller ut\u00f6kad marknadsf\u00f6ring av ett objekt.<\/p>\n<h5>Expertis och assistans<\/h5>\n<p>F\u00f6retagsf\u00f6rmedlingarna har \u00e4ven tillg\u00e5ng till expertis antingen \u201dinhouse\u201d eller genom konsulter som kan hj\u00e4lpa till och l\u00f6sa alla t\u00e4nkbara problem och funderingar som kan uppst\u00e5 i samband med f\u00f6retags\u00f6verl\u00e5telser. N\u00e5gra efterfr\u00e5gade kompetenser \u00e4r juridik, skatter\u00e4tt samt <a href=\"https:\/\/firmalan.com\/sv\/finansieringsformer\/\">olika finansieringsl\u00f6sningar beroende p\u00e5 f\u00f6retagsform<\/a>. Men det \u00e4r \u00e4ven m\u00f6jligt att f\u00e5 hj\u00e4lp att skapa, uppr\u00e4tta och hantera dokumentation samt myndighetskontakter.<\/p>\n<hr \/>\n<h3>Etik\/praxis inom f\u00f6retagsf\u00f6rmedlingar<\/h3>\n<p>F\u00f6ljande normer och regler kan ses som v\u00e4gledande praxis bland f\u00f6retagsf\u00f6rmedlare:<\/p>\n<ul>\n<li>skydda och tillvarata sin uppdragsgivares intressen<\/li>\n<li>i f\u00f6rh\u00e5llande till s\u00e4ljare och k\u00f6pare visa objektivitet och efter b\u00e4sta f\u00f6rm\u00e5ga tillvarata b\u00e5da parters ber\u00e4ttigade intressen.<\/li>\n<li>vid uppr\u00e4ttande av handlingar efterstr\u00e4va att samtliga ber\u00f6rda parters \u00f6nskem\u00e5l och angel\u00e4genheter uttrycks entydigt och klart f\u00f6r att undvika missf\u00f6rst\u00e5nd.<\/li>\n<li>s\u00f6ka verifiera uppgifter som erh\u00e5lls betr\u00e4ffande objekt som skall f\u00f6rmedlas, allt i syfte att skydda intressenter mot fel, \u00f6verdrifter eller undanh\u00e5llande av v\u00e4sentliga fakta.<\/li>\n<li>genom diskretion och vald sekretessniv\u00e5 skydda parters ber\u00e4ttigade intressen.<\/li>\n<li>informera uppdragsgivare om dennes upplysningsplikt och spekulanter\/k\u00f6pare om dennes unders\u00f6kningsplikt.<\/li>\n<li>ej illojalt dra nytta av \u00f6vriga branschkollegors arbete.<\/li>\n<\/ul>\n<p>Observera att dessa punkter kan variera och se annorlunda ut hos olika f\u00f6rmedlingar men grundkonceptet \u00e4r detsamma.<\/p>\n","protected":false},"excerpt":{"rendered":"<p>\u00c4garskifte i f\u00f6retag beh\u00f6ver inte vara s\u00e5 komplicerat men det g\u00e4ller att f\u00e5 alla bitar p\u00e5 plats. Anlita en kvalificerad f\u00f6retagsf\u00f6rmedling vid f\u00f6rs\u00e4ljning eller ink\u00f6p och f\u00e5 tillg\u00e5ng till all &#8230;<\/p>\n","protected":false},"author":1,"featured_media":0,"parent":110,"menu_order":0,"comment_status":"open","ping_status":"closed","template":"","meta":{"footnotes":""},"class_list":["post-117","page","type-page","status-publish","hentry"],"_links":{"self":[{"href":"https:\/\/firmalan.com\/sv\/wp-json\/wp\/v2\/pages\/117","targetHints":{"allow":["GET"]}}],"collection":[{"href":"https:\/\/firmalan.com\/sv\/wp-json\/wp\/v2\/pages"}],"about":[{"href":"https:\/\/firmalan.com\/sv\/wp-json\/wp\/v2\/types\/page"}],"author":[{"embeddable":true,"href":"https:\/\/firmalan.com\/sv\/wp-json\/wp\/v2\/users\/1"}],"replies":[{"embeddable":true,"href":"https:\/\/firmalan.com\/sv\/wp-json\/wp\/v2\/comments?post=117"}],"version-history":[{"count":6,"href":"https:\/\/firmalan.com\/sv\/wp-json\/wp\/v2\/pages\/117\/revisions"}],"predecessor-version":[{"id":2073,"href":"https:\/\/firmalan.com\/sv\/wp-json\/wp\/v2\/pages\/117\/revisions\/2073"}],"up":[{"embeddable":true,"href":"https:\/\/firmalan.com\/sv\/wp-json\/wp\/v2\/pages\/110"}],"wp:attachment":[{"href":"https:\/\/firmalan.com\/sv\/wp-json\/wp\/v2\/media?parent=117"}],"curies":[{"name":"wp","href":"https:\/\/api.w.org\/{rel}","templated":true}]}}