{"id":114,"date":"2017-05-03T08:01:31","date_gmt":"2017-05-03T08:01:31","guid":{"rendered":"https:\/\/firmalan.com\/sv\/?page_id=114"},"modified":"2019-11-20T17:33:45","modified_gmt":"2019-11-20T16:33:45","slug":"juridiska","status":"publish","type":"page","link":"https:\/\/firmalan.com\/sv\/finansieringsformer\/juridiska\/","title":{"rendered":"Juridiska f\u00f6retagsformer"},"content":{"rendered":"<p>Begreppet juridisk person anv\u00e4nds f\u00f6r att beskriva f\u00f6retag, verksamheter eller organisationer som har samma juridiska r\u00e4ttigheter och skyldigheter som en fysisk person. Det inneb\u00e4r att det juridiska ansvaret tillskrivs verksamheten snarare \u00e4n \u00e4garna eller de anst\u00e4llda. Ett exempel p\u00e5 detta \u00e4r att st\u00e4mningsans\u00f6kan vid tvistem\u00e5l mellan tv\u00e5 aktiebolag, f\u00f6retr\u00e4desvis st\u00e4lls mot bolaget ist\u00e4llet f\u00f6r mot enskilda chefer eller anst\u00e4llda. En enskild firma \u00e4r inte en juridisk person; d\u00e4remot \u00e4r f\u00f6ljande <strong>olika juridiska f\u00f6retagsformer<\/strong>: Aktiebolag, Handelsbolag och Ekonomisk f\u00f6rening.<\/p>\n<p>D\u00e4remot \u00e4r det inte sant att f\u00f6retagsledare och styrelseledam\u00f6ter helt kan slippa undan ett personligt ansvar genom att vara verksamma inom exempelvis ett aktiebolag.\u00a0 Den verkst\u00e4llande direkt\u00f6ren har huvudansvar f\u00f6r att ett f\u00f6retags finanser och verksamhet h\u00e5lls i god ordning, men samtliga styrelseledam\u00f6ter har ett gemensamt ansvar f\u00f6r f\u00f6retagets f\u00f6rvaltning. Vid fusk och oegentligheter kan r\u00e4tten bed\u00f6ma att styrelseledam\u00f6ter i t.ex. ett aktiebolag har personligt ansvar f\u00f6r de skador som uppst\u00e5tt.<\/p>\n","protected":false},"excerpt":{"rendered":"<p>Begreppet juridisk person anv\u00e4nds f\u00f6r att beskriva f\u00f6retag, verksamheter eller organisationer som har samma juridiska r\u00e4ttigheter och skyldigheter som en fysisk person. Det inneb\u00e4r att det juridiska ansvaret tillskrivs verksamheten &#8230;<\/p>\n","protected":false},"author":1,"featured_media":0,"parent":75,"menu_order":0,"comment_status":"open","ping_status":"closed","template":"","meta":{"footnotes":""},"class_list":["post-114","page","type-page","status-publish","hentry"],"_links":{"self":[{"href":"https:\/\/firmalan.com\/sv\/wp-json\/wp\/v2\/pages\/114","targetHints":{"allow":["GET"]}}],"collection":[{"href":"https:\/\/firmalan.com\/sv\/wp-json\/wp\/v2\/pages"}],"about":[{"href":"https:\/\/firmalan.com\/sv\/wp-json\/wp\/v2\/types\/page"}],"author":[{"embeddable":true,"href":"https:\/\/firmalan.com\/sv\/wp-json\/wp\/v2\/users\/1"}],"replies":[{"embeddable":true,"href":"https:\/\/firmalan.com\/sv\/wp-json\/wp\/v2\/comments?post=114"}],"version-history":[{"count":2,"href":"https:\/\/firmalan.com\/sv\/wp-json\/wp\/v2\/pages\/114\/revisions"}],"predecessor-version":[{"id":2053,"href":"https:\/\/firmalan.com\/sv\/wp-json\/wp\/v2\/pages\/114\/revisions\/2053"}],"up":[{"embeddable":true,"href":"https:\/\/firmalan.com\/sv\/wp-json\/wp\/v2\/pages\/75"}],"wp:attachment":[{"href":"https:\/\/firmalan.com\/sv\/wp-json\/wp\/v2\/media?parent=114"}],"curies":[{"name":"wp","href":"https:\/\/api.w.org\/{rel}","templated":true}]}}