{"id":1134,"date":"2019-02-03T17:11:34","date_gmt":"2019-02-03T16:11:34","guid":{"rendered":"https:\/\/firmalan.com\/sv\/?page_id=1134"},"modified":"2019-11-20T11:27:02","modified_gmt":"2019-11-20T10:27:02","slug":"klarna-bank","status":"publish","type":"page","link":"https:\/\/firmalan.com\/sv\/lana-pengar\/klarna-bank\/","title":{"rendered":"Klarna Bank"},"content":{"rendered":"<div class=\"section-content\">\n<div class=\"row\">\n<div class=\"feature-item col-lg-6 col-sm-6 wow slideInUp\">\n<div class=\"feature-media\"><img decoding=\"async\" src=\"https:\/\/firmalan.com\/sv\/wp-content\/uploads\/2019\/02\/klarna-logo.jpg\" \/><\/div>\n<\/div>\n<div class=\"feature-item col-lg-6 col-sm-6 wow slideInUp\">\n<p>Klarna bank \u00e4r ett svensk grundat internationellt f\u00f6retag. Klarna F\u00f6retagsl\u00e5n Boost \u00e4r en produkt f\u00f6r befintliga f\u00f6retagskunder som beh\u00f6ver f\u00e5 loss r\u00f6relsekapital till verksamheten. Genom Boost f\u00f6retagsfinansiering \u00e4r det m\u00f6jligt att s\u00f6ka belopp p\u00e5 mellan 50.000 &#8211; 1.000.000 kr.<\/p>\n<p><span style=\"color: #f4f4f4;\"><strong><a class=\"btn btn-theme-primary btn-lg\" style=\"color: #f4f4f4;\" title=\"\u27a4 Klarna f\u00f6retag - boost l\u00e5n\" href=\"https:\/\/firmalan.com\/sv\/go\/krea\/\" target=\"_blank\" rel=\"nofollow noopener noreferrer\">\u27a4 J\u00e4mf\u00f6r Klarna Bank hos Krea<\/a><\/strong><\/span><\/p>\n<\/div>\n<p>\u00c5terbetalning sker l\u00f6pande genom att en viss procent dras normalt direkt butikens Klarna saldo veckovis d\u00e4r amorteringstakten anpassas efter storleken p\u00e5 era dagliga f\u00f6rs\u00e4ljningar. En fast kostnad som best\u00e4ms efter kreditpr\u00f6vning och individuell priss\u00e4ttning tas ut f\u00f6r Klarna f\u00f6retagsl\u00e5n d\u00e4rut\u00f6ver tillkommer ingen ytterligare r\u00e4nta. <\/p>\n<p>Det \u00e4r inte m\u00f6jligt att h\u00f6ja eller s\u00e4nka l\u00e5nebeloppet efter ans\u00f6kan, d\u00e4remot kan du v\u00e4lja att f\u00f6rtidsinl\u00f6sa l\u00e5net n\u00e4r som helst, de fasta l\u00e5nekostnaderna f\u00f6rblir emellertid de samma.<br \/>\nKlarna Boost f\u00f6r f\u00f6retag \u00e4r tillg\u00e4ngligt i Sverige, Norge, Finland, Danmark, Tyskland, \u00d6sterrike och Nederl\u00e4nderna.<\/p>\n<\/div>\n<\/div>\n<div class=\"section-color\">\n<div class=\"row\">\n<div class=\"feature-item col-lg-6 col-sm-6 wow slideInUp\">\n<p class=\"kapitel\">F\u00f6retagsl\u00e5n<\/p>\n<ul id=\"navlist\">\n<li>Belopp: 50.000 &#8211; 1.000.000 kr<\/li>\n<li>L\u00f6ptid: 6-12 m\u00e5n<\/li>\n<li>R\u00e4ntesats: Fast kostnad<\/li>\n<\/ul>\n<\/div>\n<div class=\"feature-item col-lg-6 col-sm-6 wow slideInUp\">\n<p class=\"kapitel\">Ans\u00f6kan<\/p>\n<ul id=\"navlist\">\n<li>Endast befintliga f\u00f6retagskunder hos Klarna kan s\u00f6ka Boost f\u00f6retagsl\u00e5n<\/li>\n<li>G\u00e5 till Boost-appen i Merchant Portal f\u00f6r att se ditt personliga erbjudande\/ans\u00f6ka.<\/li>\n<li>Individuell priss\u00e4ttning till\u00e4mpas<\/li>\n<li>Utbetalning sker i samband med e-handels utbetalning fr\u00e5n Klarna (sker dagligen\/veckovis)<\/li>\n<\/ul>\n<\/div>\n<\/div>\n<\/div>\n<p><span style=\"color: #00529c; font-size: 16pt;\">Villkor:<\/span><\/p>\n<table>\n<tbody>\n<tr>\n<td bgcolor=\"#000\"><span style=\"color: #ffffff;\">R\u00e4nta<\/span><\/td>\n<td>Fast l\u00e5nekostnad<\/td>\n<\/tr>\n<tr>\n<td bgcolor=\"#000\"><span style=\"color: #ffffff;\">Uppl\u00e4ggningsavgift<\/span><\/td>\n<td>Fast l\u00e5nekostnad.<\/td>\n<\/tr>\n<tr>\n<td bgcolor=\"#000\"><span style=\"color: #ffffff;\">Borgens\u00e5tagande<\/span><\/td>\n<td>Ingen uppgift.<\/td>\n<\/tr>\n<tr>\n<td bgcolor=\"#000\"><span style=\"color: #ffffff;\">F\u00f6rtidsinl\u00f6sen<\/span><\/td>\n<td>F\u00f6rtidsinl\u00f6sen \u00e4r m\u00f6jlig, du m\u00e5ste dock alltid betala samma fasta kostnader.<\/td>\n<\/tr>\n<tr>\n<td bgcolor=\"#000\"><span style=\"color: #ffffff;\">Betalningsanm\u00e4rkning<\/span><\/td>\n<td>Ingen uppgift<\/td>\n<\/tr>\n<\/tbody>\n<\/table>\n<hr \/>\n<p>Klarna erbjuder i f\u00f6rsta hand olika betalningsl\u00f6sningar f\u00f6r f\u00f6retag som bedriver e-handel online. Huvudfokus f\u00f6r Klarna \u00e4r m\u00f6jligg\u00f6ra f\u00f6r butiker att erbjuda kunder delbetalningsm\u00f6jligheter som inneb\u00e4r att kunder kan k\u00f6pa varor och tj\u00e4nster p\u00e5 avbetalning. Klarnas delbetalningstj\u00e4nst f\u00f6r e-handlare g\u00f6r det m\u00f6jligt f\u00f6r kunder att r\u00e4ntefritt delbetala k\u00f6p under 3-36 m\u00e5nader. Klarna tillhandah\u00e5ller \u00e4ven betalsystem med kassafunktioner\/checkout m\u00f6jligheter f\u00f6r e-handlare men s\u00e4ljer \u00e4ven riktade tj\u00e4nster till fysiska butiker.<\/p>\n<p>Fintech-bolaget grundades i Stockholm 2005 och ing\u00e5r i Klarna Group. Initialt fokuserade man enbart p\u00e5 Sverige, men 2008 b\u00f6rjade Klarna \u00e4ven s\u00e4lja sina tj\u00e4nster i Norge, Finland och Danmark. I dagsl\u00e4get bedriver man verksamhet i 18 olika l\u00e4nder och har omkring 2000 anst\u00e4llda. 2017 erh\u00e5ll man banktillst\u00e5nd och bytte i samband med detta namn till Klarna Bank.<\/p>\n<p>&nbsp;<\/p>\n<h4>\u00d6PPETTIDER KUNDTJ\u00c4NST:<\/h4>\n<table class=\"table table-striped\" border=\"0\">\n<tbody>\n<tr>\n<td valign=\"top\" width=\"150\">M\u00e5ndag \u2013 Torsdag<\/td>\n<td valign=\"top\" width=\"100\">08:00-18:00<\/td>\n<\/tr>\n<tr>\n<td valign=\"top\" width=\"150\">Fredag<\/td>\n<td valign=\"top\" width=\"100\">08:00-17:00<\/td>\n<\/tr>\n<tr>\n<td valign=\"top\" width=\"150\">Helg<\/td>\n<td valign=\"top\" width=\"100\">St\u00e4ngt<\/td>\n<\/tr>\n<\/tbody>\n<\/table>\n<blockquote><p>Telefon: 08 &#8211; 120 120 30<\/p>\n<blockquote class=\"theme\"><p>Klarna Bank AB (publ) <\/p>\n<h4>ADRESS:<\/h4>\n<p>Sveav\u00e4gen 46<br \/>\n111 34 Stockholm.<br \/>\nOrg. nr: 556737-0431<\/p><\/blockquote>\n","protected":false},"excerpt":{"rendered":"<p>Klarna bank \u00e4r ett svensk grundat internationellt f\u00f6retag. Klarna F\u00f6retagsl\u00e5n Boost \u00e4r en produkt f\u00f6r befintliga f\u00f6retagskunder som beh\u00f6ver f\u00e5 loss r\u00f6relsekapital till verksamheten. Genom Boost f\u00f6retagsfinansiering \u00e4r det m\u00f6jligt &#8230;<\/p>\n","protected":false},"author":1,"featured_media":1247,"parent":164,"menu_order":0,"comment_status":"closed","ping_status":"closed","template":"","meta":{"footnotes":""},"class_list":["post-1134","page","type-page","status-publish","has-post-thumbnail","hentry"],"_links":{"self":[{"href":"https:\/\/firmalan.com\/sv\/wp-json\/wp\/v2\/pages\/1134","targetHints":{"allow":["GET"]}}],"collection":[{"href":"https:\/\/firmalan.com\/sv\/wp-json\/wp\/v2\/pages"}],"about":[{"href":"https:\/\/firmalan.com\/sv\/wp-json\/wp\/v2\/types\/page"}],"author":[{"embeddable":true,"href":"https:\/\/firmalan.com\/sv\/wp-json\/wp\/v2\/users\/1"}],"replies":[{"embeddable":true,"href":"https:\/\/firmalan.com\/sv\/wp-json\/wp\/v2\/comments?post=1134"}],"version-history":[{"count":6,"href":"https:\/\/firmalan.com\/sv\/wp-json\/wp\/v2\/pages\/1134\/revisions"}],"predecessor-version":[{"id":2009,"href":"https:\/\/firmalan.com\/sv\/wp-json\/wp\/v2\/pages\/1134\/revisions\/2009"}],"up":[{"embeddable":true,"href":"https:\/\/firmalan.com\/sv\/wp-json\/wp\/v2\/pages\/164"}],"wp:featuredmedia":[{"embeddable":true,"href":"https:\/\/firmalan.com\/sv\/wp-json\/wp\/v2\/media\/1247"}],"wp:attachment":[{"href":"https:\/\/firmalan.com\/sv\/wp-json\/wp\/v2\/media?parent=1134"}],"curies":[{"name":"wp","href":"https:\/\/api.w.org\/{rel}","templated":true}]}}