{"id":1129,"date":"2019-02-03T11:31:49","date_gmt":"2019-02-03T10:31:49","guid":{"rendered":"https:\/\/firmalan.com\/sv\/?page_id=1129"},"modified":"2019-11-20T17:15:53","modified_gmt":"2019-11-20T16:15:53","slug":"valadium-finans","status":"publish","type":"page","link":"https:\/\/firmalan.com\/sv\/lana-pengar\/valadium-finans\/","title":{"rendered":"Valadium Finans"},"content":{"rendered":"<div class=\"section-content\">\n<div class=\"row\">\n<div class=\"feature-item col-lg-6 col-sm-6 wow slideInUp\">\n<div class=\"feature-media\"><\/div>\n<\/div>\n<div class=\"feature-item col-lg-6 col-sm-6 wow slideInUp\">\n<\/div>\n<\/div>\n<p><em>Uppgifterna om detta bolags verksamhet \u00e4r bristf\u00e4lliga, bland annat saknas \u00f6ppettider och annan v\u00e4sentlig information om Valadium Finans.<\/em> <\/p>\n<p>All data \u00e4r h\u00e4mtad fr\u00e5n valadium.se och b\u00f6r ej betraktas som helt\u00e4ckande och dess riktighet kan ej granteras.  Valadium Finans erbjuder finansiering till sm\u00e5, medelstora och stora f\u00f6retag genom f\u00f6retagsl\u00e5n upp till 250.000 kr vilket kan erbjudas efter kreditpr\u00f6vning. Betalningsanm\u00e4rkning beh\u00f6ver inte n\u00f6dv\u00e4ndigtvis utg\u00f6ra ett hinder f\u00f6r att f\u00e5 l\u00e5na. Utbetalning sker i regel samma dag som l\u00e5neans\u00f6kan godk\u00e4nns. <\/p>\n<p>\u00d6vriga finansiella tj\u00e4nster:<\/p>\n<p>Finansiering med factoring &#8211; f\u00e5 betalt f\u00f6r obetalda kundfakturor redan inom 24 timmar.<br \/>\nLeasing\/hyra &#8211; Ist\u00e4llet f\u00f6r att k\u00f6pa utrustning kan Valadium erbjuda l\u00f6sningar\/uppl\u00e4gg som g\u00f6r det m\u00f6jligt att leasa bil, maskiner och annan utrustning genom l\u00f6pande avtal.<br \/>\nAvbetalning &#8211; K\u00f6p objekt p\u00e5 avbetalning, med full avdragsr\u00e4tt och \u00e5terbetalning enligt en l\u00f6pande avbetalningsplan. Objektet kan fungera som s\u00e4kerhet f\u00f6r k\u00f6pet\/avtalet.\n<\/p><\/div>\n<div class=\"section-color\">\n<div class=\"row\">\n<div class=\"feature-item col-lg-6 col-sm-6 wow slideInUp\">\n<p class=\"kapitel\">F\u00f6retagsl\u00e5n<\/p>\n<ul id=\"navlist\">\n<li>Belopp: Upp till 250.000 kr<\/li>\n<li>L\u00f6ptid: Uppgift saknas<\/li>\n<li>R\u00e4ntesats: Fast m\u00e5nadskostnad<\/li>\n<\/ul>\n<\/div>\n<div class=\"feature-item col-lg-6 col-sm-6 wow slideInUp\">\n<p class=\"kapitel\">Ans\u00f6kan<\/p>\n<ul id=\"navlist\">\n<li>Kontakta Valadium Finans f\u00f6r att f\u00e5 reda p\u00e5 vad den effektiva r\u00e4nta blir.<\/li>\n<li>F\u00e5 l\u00e5nebeslutet efter kreditpr\u00f6vning inom 24 timmar<\/li>\n<li>Utbetalning sker normalt samma dag som l\u00e5net beviljas<\/li>\n<li>Inga dolda avgifter<\/li>\n<\/ul>\n<\/div>\n<\/div>\n<\/div>\n<p><span style=\"color: #00529c; font-size: 16pt;\">Villkor:<\/span><\/p>\n<table>\n<tbody>\n<tr>\n<td bgcolor=\"#000\"><span style=\"color: #ffffff;\">R\u00e4nta<\/span><\/td>\n<td>Fast m\u00e5nadskostnad<\/td>\n<\/tr>\n<tr>\n<td bgcolor=\"#000\"><span style=\"color: #ffffff;\">Uppl\u00e4ggningsavgift<\/span><\/td>\n<td>Fast m\u00e5nadskostnad.<\/td>\n<\/tr>\n<tr>\n<td bgcolor=\"#000\"><span style=\"color: #ffffff;\">Borgens\u00e5tagande<\/span><\/td>\n<td>Kr\u00e4ver personlig borgen .<\/td>\n<\/tr>\n<tr>\n<td bgcolor=\"#000\"><span style=\"color: #ffffff;\">F\u00f6rtidsinl\u00f6sen<\/span><\/td>\n<td>F\u00f6rtidsinl\u00f6sen \u00e4r m\u00f6jlig efter \u00f6verenskommelse.<\/td>\n<\/tr>\n<tr>\n<td bgcolor=\"#000\"><span style=\"color: #ffffff;\">Betalningsanm\u00e4rkning<\/span><\/td>\n<td>Kan godtas<\/td>\n<\/tr>\n<\/tbody>\n<\/table>\n<p><span style=\"color: #00529c; font-size: 16pt;\">Krav p\u00e5 f\u00f6retag som s\u00f6ker:<\/span><\/p>\n<table>\n<tbody>\n<tr>\n<td bgcolor=\"#000\"><span style=\"color: #ffffff;\">Oms\u00e4ttning<\/span><\/td>\n<td>Bokslut kr\u00e4vs.<\/td>\n<\/tr>\n<tr>\n<td bgcolor=\"#000\"><span style=\"color: #ffffff;\">Historik<\/span><\/td>\n<td>Ditt f\u00f6retag har en rimlig kreditv\u00e4rdighet samt att era kunder har rimlig kreditv\u00e4rdighet.<\/td>\n<\/tr>\n<tr>\n<td bgcolor=\"#000\"><span style=\"color: #ffffff;\">\u00c4garskap<\/span><\/td>\n<td>Ans\u00f6kan kan endast uppr\u00e4ttas av VD eller annan firmatecknare.<\/td>\n<\/tr>\n<tr>\n<td bgcolor=\"#000\"><span style=\"color: #ffffff;\">F\u00f6retagsadress<\/span><\/td>\n<td>Verksamheten \u00e4r registrerad hos bolagsverket i Sverige.<\/td>\n<\/tr>\n<\/tbody>\n<\/table>\n<p><span style=\"color: #00529c; font-size: 16pt;\">F\u00f6ljande information\/dokumentation beh\u00f6vs:<\/span><\/p>\n<ul>\n<li>Du skall ha namnteckningsr\u00e4tt i f\u00f6retaget ensam eller tillsammans annan person<\/li>\n<li>F\u00f6retagets faktureringsuppgifter samt bankgironummer<\/li>\n<li>Namn p\u00e5 och e-postadresser till ansvariga personer och eventuella borgensm\u00e4n.<\/li>\n<li>Samtliga borgensm\u00e4n beh\u00f6ver logga in och godk\u00e4nna villkoren f\u00f6r l\u00e5net och borgensansvaret.<\/li>\n<\/ul>\n<hr \/>\n<p>&nbsp;<\/p>\n<h4>\u00d6PPETTIDER KUNDTJ\u00c4NST:<\/h4>\n<table class=\"table table-striped\" border=\"0\">\n<tbody>\n<tr>\n<td valign=\"top\" width=\"150\">M\u00e5ndag \u2013 Fredagar<\/td>\n<td valign=\"top\" width=\"100\">Saknas<\/td>\n<\/tr>\n<tr>\n<td valign=\"top\" width=\"150\">Helg<\/td>\n<td valign=\"top\" width=\"100\">St\u00e4ngt<\/td>\n<\/tr>\n<\/tbody>\n<\/table>\n<blockquote><p>Telefon: +46 (0)8 684 563 60<br \/>\nE-mail: <a href=\"mailto:info@valadium.se\">info@valadium.se<\/a><\/p><\/blockquote>\n<blockquote class=\"theme\"><p>Valadium Finans AB <\/p>\n<h4>ADRESS:<\/h4>\n<p>Frejgatan 13, Box 753<br \/>\n114 79 STOCKHOLM<br \/>\nOrg. nr: 556935-5976<\/p><\/blockquote>\n","protected":false},"excerpt":{"rendered":"<p>Uppgifterna om detta bolags verksamhet \u00e4r bristf\u00e4lliga, bland annat saknas \u00f6ppettider och annan v\u00e4sentlig information om Valadium Finans. All data \u00e4r h\u00e4mtad fr\u00e5n valadium.se och b\u00f6r ej betraktas som helt\u00e4ckande &#8230;<\/p>\n","protected":false},"author":1,"featured_media":0,"parent":164,"menu_order":0,"comment_status":"closed","ping_status":"closed","template":"","meta":{"footnotes":""},"class_list":["post-1129","page","type-page","status-publish","hentry"],"_links":{"self":[{"href":"https:\/\/firmalan.com\/sv\/wp-json\/wp\/v2\/pages\/1129","targetHints":{"allow":["GET"]}}],"collection":[{"href":"https:\/\/firmalan.com\/sv\/wp-json\/wp\/v2\/pages"}],"about":[{"href":"https:\/\/firmalan.com\/sv\/wp-json\/wp\/v2\/types\/page"}],"author":[{"embeddable":true,"href":"https:\/\/firmalan.com\/sv\/wp-json\/wp\/v2\/users\/1"}],"replies":[{"embeddable":true,"href":"https:\/\/firmalan.com\/sv\/wp-json\/wp\/v2\/comments?post=1129"}],"version-history":[{"count":3,"href":"https:\/\/firmalan.com\/sv\/wp-json\/wp\/v2\/pages\/1129\/revisions"}],"predecessor-version":[{"id":2048,"href":"https:\/\/firmalan.com\/sv\/wp-json\/wp\/v2\/pages\/1129\/revisions\/2048"}],"up":[{"embeddable":true,"href":"https:\/\/firmalan.com\/sv\/wp-json\/wp\/v2\/pages\/164"}],"wp:attachment":[{"href":"https:\/\/firmalan.com\/sv\/wp-json\/wp\/v2\/media?parent=1129"}],"curies":[{"name":"wp","href":"https:\/\/api.w.org\/{rel}","templated":true}]}}