{"id":1109,"date":"2019-01-25T19:35:50","date_gmt":"2019-01-25T18:35:50","guid":{"rendered":"https:\/\/firmalan.com\/sv\/?page_id=1109"},"modified":"2019-11-20T18:29:33","modified_gmt":"2019-11-20T17:29:33","slug":"egenanstallning","status":"publish","type":"page","link":"https:\/\/firmalan.com\/sv\/egenanstallning\/","title":{"rendered":"Egenanst\u00e4llning"},"content":{"rendered":"<p>Gigekonomi med kortare konsult- och frilansjobb v\u00e4xer snabbt i Sverige. Omkring 50.000 svenskar verkar idag som egenanst\u00e4llda. Gig-ekonomi beskriver korta uppdrag och jobb p\u00e5 en flexibel arbetsmarknad d\u00e4r arbetsgivare tar in kompetens vid behov och den egenanst\u00e4llda sedan v\u00e4ljer om denne vill ta uppdraget eller inte. Man kan s\u00e4ga att gig-ekonomi \u00e4r en extrem form av konsult- eller bemanningsjobb, men med den skillnad att b\u00e5de arbetsgivaren och arbetstagaren saknar ett l\u00e5ngsiktigt gemensamt \u00e5tagande.<\/p>\n<p>Egenanst\u00e4llning ger samma frihet som egenf\u00f6retagare i enskilda firmor och aktiebolag, samtidigt som du slipper det extra ansvar och administration som det inneb\u00e4r att driva f\u00f6retag. Samtidigt b\u00f6r man veta att det l\u00e5ngsiktigt \u00e4r en f\u00f6rlustaff\u00e4r att vara egenanst\u00e4lld ist\u00e4llet f\u00f6r att ha ett eget f\u00f6retag, du m\u00e5ste n\u00e4mligen g\u00e5 via ett egenanst\u00e4llningsf\u00f6retag f\u00f6r att kunna faktura utan eget f\u00f6retag. Dessa bolag tar normalt en viss procent p\u00e5 varje faktura, kortsiktigt \u00e4r det inte speciellt dyrt och kan till och med vara att f\u00f6redra om man endast g\u00f6r ett f\u00e5tal sidouppdrag om \u00e5ret, men om man har gig-ekonomi som huvudsyssla kommer det snabbt vara en f\u00f6rlustaff\u00e4r.<\/p>\n<h3>Hur fungerar egenanst\u00e4llning?<\/h3>\n<p>Som egenanst\u00e4lld utf\u00f6r du mindre eller st\u00f6rre uppdrag \u00e5t uppdragsgivare och fakturerar sedan dessa med hj\u00e4lp av ett egenanst\u00e4llningsf\u00f6retag som sk\u00f6ter den administrativa delen som fakturering, l\u00f6n och skatter. Som egenanst\u00e4lld kr\u00e4vs d\u00e4rf\u00f6r varken F-skatt eller momsregistreringsnummer, ist\u00e4llet anv\u00e4nds egenanst\u00e4llningsf\u00f6retaget som &#8220;ditt bolag&#8221; i f\u00f6rh\u00e5llande till dina respektive uppdragsgivare. N\u00e4r f\u00f6retagen sedan betalar fakturan f\u00e5r du in pengarna p\u00e5 ditt konto skattat och klart. Du beh\u00f6ver inte f\u00f6ra n\u00e5gon l\u00f6pande bokf\u00f6ring eller l\u00e4mna in n\u00e5gon ytterligare deklaration till Skatteverket.<\/p>\n<h5>F\u00f6rdelar med egenanst\u00e4llning:<\/h5>\n<ul>\n<li>G\u00f6r det m\u00f6jligt att utf\u00f6ra tillf\u00e4lliga uppdrag\/tj\u00e4nster \u00e5t olika uppdragsgivare utan att <a href=\"https:\/\/firmalan.com\/sv\/1100-starta-eget\/\">starta eget<\/a>.<\/li>\n<li>Mycket frihet och flexibilitet.<\/li>\n<li>Det g\u00f6r arbete roligt eftersom du helt sj\u00e4lv v\u00e4ljer vilka jobb du vill ta.<\/li>\n<li>Du slipper tr\u00f6ttsam bokf\u00f6ring och administration som \u00f6vriga bolagsformer medf\u00f6r.<\/li>\n<\/ul>\n<h5>Nackdelar med egenanst\u00e4llning:<\/h5>\n<ul>\n<li>Mycket ovisshet, ibland kan det finnas fler uppdrag en vad du \u00f6nskar andra g\u00e5nger finns inga gig alls.<\/li>\n<li>Kan vara sv\u00e5rt att hitta uppdrag f\u00f6r den som inte redan \u00e4r ett inarbetat namn med goda referenser.<\/li>\n<li>Smidigt f\u00f6r den som vid ett f\u00e5tal tillf\u00e4llen sm\u00e5uppdrag\/tj\u00e4nster \u00e5t olika uppdragsgivare, men egenanst\u00e4llning \u00e4r en dyr arbetsform.<\/li>\n<li>Du m\u00e5ste betala procent och dela p\u00e5 kakan med egenanst\u00e4llningsf\u00f6retagen.<\/li>\n<li>Du f\u00e5r ingen tj\u00e4nstpension.<\/li>\n<li>Det \u00e4r sv\u00e5rare att f\u00e5 l\u00e5n utan fast anst\u00e4llning.<\/li>\n<\/ul>\n<hr \/>\n<h4>Egenanst\u00e4llda kan leva farligt<\/h4>\n<p>Att ha en egenanst\u00e4llning inneb\u00e4r oftast ett varierande och intressant arbete, men tillg\u00e5ngen p\u00e5 uppdrag kan variera mycket beroende p\u00e5 s\u00e4song och konjunktur vilket skapar os\u00e4kerhet f\u00f6r den enskilda individen. Men den egenanst\u00e4llda lever farligt m\u00e5nga andra vis, man saknar kollektivavtal genom facket, pensionerna riskerar att bli mycket l\u00e5ga och huruvida man f\u00e5r n\u00e5gon ers\u00e4ttning fr\u00e5n a-kassan eller inte \u00e4r ytterst os\u00e4kert. L\u00e5ngsiktigt kan priset bli stor f\u00f6r den som inte sj\u00e4lv ser till att man har den trygghet som beh\u00f6vs om n\u00e5got g\u00e5r fel.<\/p>\n","protected":false},"excerpt":{"rendered":"<p>Gigekonomi med kortare konsult- och frilansjobb v\u00e4xer snabbt i Sverige. Omkring 50.000 svenskar verkar idag som egenanst\u00e4llda. Gig-ekonomi beskriver korta uppdrag och jobb p\u00e5 en flexibel arbetsmarknad d\u00e4r arbetsgivare tar &#8230;<\/p>\n","protected":false},"author":1,"featured_media":0,"parent":0,"menu_order":0,"comment_status":"closed","ping_status":"closed","template":"","meta":{"footnotes":""},"class_list":["post-1109","page","type-page","status-publish","hentry"],"_links":{"self":[{"href":"https:\/\/firmalan.com\/sv\/wp-json\/wp\/v2\/pages\/1109","targetHints":{"allow":["GET"]}}],"collection":[{"href":"https:\/\/firmalan.com\/sv\/wp-json\/wp\/v2\/pages"}],"about":[{"href":"https:\/\/firmalan.com\/sv\/wp-json\/wp\/v2\/types\/page"}],"author":[{"embeddable":true,"href":"https:\/\/firmalan.com\/sv\/wp-json\/wp\/v2\/users\/1"}],"replies":[{"embeddable":true,"href":"https:\/\/firmalan.com\/sv\/wp-json\/wp\/v2\/comments?post=1109"}],"version-history":[{"count":4,"href":"https:\/\/firmalan.com\/sv\/wp-json\/wp\/v2\/pages\/1109\/revisions"}],"predecessor-version":[{"id":2056,"href":"https:\/\/firmalan.com\/sv\/wp-json\/wp\/v2\/pages\/1109\/revisions\/2056"}],"wp:attachment":[{"href":"https:\/\/firmalan.com\/sv\/wp-json\/wp\/v2\/media?parent=1109"}],"curies":[{"name":"wp","href":"https:\/\/api.w.org\/{rel}","templated":true}]}}