{"id":110,"date":"2017-05-03T07:52:11","date_gmt":"2017-05-03T07:52:11","guid":{"rendered":"https:\/\/firmalan.com\/sv\/?page_id=110"},"modified":"2019-06-12T15:28:35","modified_gmt":"2019-06-12T13:28:35","slug":"foretagsavveckling","status":"publish","type":"page","link":"https:\/\/firmalan.com\/sv\/foretagsavveckling\/","title":{"rendered":"F\u00f6retagsavveckling"},"content":{"rendered":"<p>De flesta bolagen g\u00e5r med f\u00f6rlust initialt f\u00f6r att sedan se trenden v\u00e4nda och g\u00e5 b\u00e4ttre. F\u00f6r en del kommer aldrig v\u00e4ndningen. \u00c4ven om det kan vara sv\u00e5rt att veta exakt n\u00e4r det \u00e4r l\u00e4ge att &#8220;ge upp&#8221;, kommer en tidpunkt f\u00f6rr eller senare d\u00e5 man vet att det \u00e4r dags att g\u00f6ra ett avslut. N\u00e4r man v\u00e4l fattat beslut om att avveckla f\u00f6retaget beh\u00f6ver man konkret ta tag i f\u00f6retagsavvecklingen.<\/p>\n<h3>F\u00f6retagsf\u00f6rs\u00e4ljning<\/h3>\n<p>Om bolaget har tillg\u00e5ngar av v\u00e4rde, kan i vissa fall kan en f\u00f6retagsf\u00f6rs\u00e4ljning vara aktuell. F\u00f6r dig som f\u00f6retags\u00e4gare \u00e4r en f\u00f6rs\u00e4ljning i regel det b\u00e4sta s\u00e4ttet att avyttra en verksamhet, d\u00e5 den nya \u00e4garen d\u00e5 \u00f6vertar det juridiska ansvaret och du slipper g\u00f6ra ett f\u00f6retagsavslut.<\/p>\n<p>Dock \u00e4r det viktigt att k\u00f6pare och s\u00e4ljare \u00e4r \u00f6verens om alla de juridiska bitarna. Om du \u00e4r villig att betala lite kan du f\u00e5 hj\u00e4lp med juridiska fr\u00e5gor av en expert inom f\u00f6retagsjuridik. D\u00e5 f\u00f6rs\u00e4ljningen av ett f\u00f6retag kan vara den st\u00f6rsta och kanske viktigaste aff\u00e4ren i livet, b\u00f6r du \u00f6verv\u00e4ga att ta n\u00e5gon som kan hj\u00e4lpa dig under hela processen och vet hur marknaden fungerar. Det finns <a href=\"https:\/\/firmalan.com\/sv\/foretagsavveckling\/formedling\/\">f\u00f6retagsm\u00e4klare<\/a> som erbjuder paketl\u00f6sningar d\u00e4r samtliga delar inklusive juridisk v\u00e4gledning ing\u00e5r i f\u00f6rs\u00e4ljningskostnaden.<\/p>\n<h3>Beg\u00e4ra f\u00f6retag i konkurs &#8211; s\u00e5 g\u00e5r ans\u00f6kan till!<\/h3>\n<p>Att g\u00e5 i konkurs \u00e4r ingen trevlig upplevelse men ibland \u00e4r det b\u00e4sta beslutet att g\u00f6ra ett korrekt avslut medan tid \u00e4nnu finns. Innan detta beslut fattas, kan det emellertid vara v\u00e4l v\u00e4rt att se \u00f6ver m\u00f6jligheterna att beviljas en <a href=\"https:\/\/firmalan.com\/sv\/likviditet\/rekonstruktion\/\">f\u00f6retagsrekonstruktion<\/a>. F\u00f6renklat inneb\u00e4r konkursf\u00f6rfarandet att bolagets alla tillg\u00e5ngar fryses och \u00f6ronm\u00e4rks f\u00f6r att betala utest\u00e5ende skulder.<\/p>\n<p>Ans\u00f6kan om konkurs g\u00f6rs vid den tingsr\u00e4tt din kommun tillh\u00f6r. Att uppr\u00e4tta en ans\u00f6kan kostar inget och ingen speciell blankett\/dokument kr\u00e4vs. Men din ans\u00f6kan om konkurs skall inneh\u00e5lla f\u00f6ljande:<\/p>\n<ol>\n<li>\u00a0Ange att du \u00e4r p\u00e5 obest\u00e5nd och inte klarar av att betala utest\u00e5ende skulder.<\/li>\n<li>Om ans\u00f6kan g\u00e4ller en enskild firma (fysisk person) skall ett hemortsbevis bifogas. Vilket kan best\u00e4llas fr\u00e5n Skatteverket.<\/li>\n<li>Avser ans\u00f6kan en juridisk person (aktiebolag, ekonomisk f\u00f6rening eller handelsbolag) ska ett registreringsbevis fr\u00e5n bolagsverket, ej \u00e4ldre \u00e4n en m\u00e5nad, bifogas.<\/li>\n<li>Bifoga helst en f\u00f6rteckning \u00f6ver samtliga tillg\u00e5ngar och skulder.<\/li>\n<li>Ange om det finns anst\u00e4llda och hur m\u00e5nga.<\/li>\n<li>Fullmakt kr\u00e4vs om ombud uppr\u00e4ttar ans\u00f6kan. Om ombud anv\u00e4nds skall dennes namn, postadress samt telefonnummer uppges.<\/li>\n<li>Ans\u00f6kan ska vara undertecknad av f\u00f6retagsledare eller ombud.<\/li>\n<\/ol>\n","protected":false},"excerpt":{"rendered":"<p>De flesta bolagen g\u00e5r med f\u00f6rlust initialt f\u00f6r att sedan se trenden v\u00e4nda och g\u00e5 b\u00e4ttre. F\u00f6r en del kommer aldrig v\u00e4ndningen. \u00c4ven om det kan vara sv\u00e5rt att veta &#8230;<\/p>\n","protected":false},"author":1,"featured_media":0,"parent":0,"menu_order":0,"comment_status":"open","ping_status":"closed","template":"","meta":{"footnotes":""},"class_list":["post-110","page","type-page","status-publish","hentry"],"_links":{"self":[{"href":"https:\/\/firmalan.com\/sv\/wp-json\/wp\/v2\/pages\/110","targetHints":{"allow":["GET"]}}],"collection":[{"href":"https:\/\/firmalan.com\/sv\/wp-json\/wp\/v2\/pages"}],"about":[{"href":"https:\/\/firmalan.com\/sv\/wp-json\/wp\/v2\/types\/page"}],"author":[{"embeddable":true,"href":"https:\/\/firmalan.com\/sv\/wp-json\/wp\/v2\/users\/1"}],"replies":[{"embeddable":true,"href":"https:\/\/firmalan.com\/sv\/wp-json\/wp\/v2\/comments?post=110"}],"version-history":[{"count":4,"href":"https:\/\/firmalan.com\/sv\/wp-json\/wp\/v2\/pages\/110\/revisions"}],"predecessor-version":[{"id":1604,"href":"https:\/\/firmalan.com\/sv\/wp-json\/wp\/v2\/pages\/110\/revisions\/1604"}],"wp:attachment":[{"href":"https:\/\/firmalan.com\/sv\/wp-json\/wp\/v2\/media?parent=110"}],"curies":[{"name":"wp","href":"https:\/\/api.w.org\/{rel}","templated":true}]}}