{"id":1095,"date":"2019-01-23T12:09:33","date_gmt":"2019-01-23T11:09:33","guid":{"rendered":"https:\/\/firmalan.com\/sv\/?page_id=1095"},"modified":"2019-11-20T11:56:37","modified_gmt":"2019-11-20T10:56:37","slug":"kronan-finans","status":"publish","type":"page","link":"https:\/\/firmalan.com\/sv\/kronan-finans\/","title":{"rendered":"Kronan Finans"},"content":{"rendered":"<div class=\"section-content\">\n<div class=\"row\">\n<div class=\"feature-item col-lg-6 col-sm-6 wow slideInUp\">\n<div class=\"feature-media\"><img decoding=\"async\" src=\"https:\/\/firmalan.com\/sv\/wp-content\/uploads\/2019\/01\/kronanfinans.jpg\" \/><\/div>\n<\/div>\n<div class=\"feature-item col-lg-6 col-sm-6 wow slideInUp\">\n<p>Kronan Finans \u00e4r ett svenskt finansbolag baserat i Landvetter utanf\u00f6r G\u00f6teborg som fokuserar p\u00e5 finansiella tj\u00e4nster som hj\u00e4lper f\u00f6retag f\u00f6rb\u00e4ttra l\u00f6nsamheten genom \u00f6kat tillg\u00e5ng p\u00e5 r\u00f6relsekapital.<\/p>\n<\/div>\n<h5>Fakturak\u00f6p<\/h5>\n<p>Fokus f\u00f6r Kronan Finans \u00e4r fakturak\u00f6p d\u00e4r kunder erh\u00e5ller 100 % bel\u00e5ning p\u00e5 kundfodringar och p\u00e5 detta vis snabbt kan frig\u00f6ra likvida medel som kan anv\u00e4ndas direkt i verksamheten. F\u00f6rdelen med att s\u00e4lja fakturor \u00e4r att skulds\u00e4ttningen inte p\u00e5verkas samtidigt som kreditrisken minimeras. I och med \u00f6verl\u00e5tandet av fodringarna, slipper du som f\u00f6retagare \u00e4ven att jaga kunder som inte betalar i tid och hantera inkasso\u00e4renden, ist\u00e4llet kan du helhj\u00e4rtat fokusera p\u00e5 drift och utveckling av k\u00e4rnverksamheten. Kronan Finans erbjuder \u00e4ven orderfinansiering vilket inneb\u00e4r att du i ett tidigt skede s\u00e4ljer eller bel\u00e5nar kundfakturor f\u00f6r att frig\u00f6ra kapital till n\u00f6dv\u00e4ndiga investeringar och omkostnader som oftast uppst\u00e5r n\u00e4r nya orderstockar skall hanteras och administreras.<\/p>\n<h5>Kreditram<\/h5>\n<p>Syftet med en kreditram \u00e4r att s\u00e4kerst\u00e4lla att det finns tillr\u00e4ckligt r\u00f6relsekapital f\u00f6r en \u00f6versk\u00e5dlig framtid. Kronan Finans kan erbjuda f\u00f6retagskrediter anpassade efter era specifika behov.<\/p>\n<h5>Byggkredit<\/h5>\n<p>I samband med nybyggnationer\/tillbyggnader kr\u00e4vs i regel tillf\u00e4lliga krediter som anv\u00e4nds f\u00f6r de l\u00f6pande kostnaderna. Dessa skulder kan i ett senare skede l\u00e4ggas om i renodlade fastighetsl\u00e5n d\u00e4r fastigheten fungerar som s\u00e4kerhet.<\/p>\n<h5>Betalningstj\u00e4nster<\/h5>\n<p>Med hj\u00e4lp av Kronan Finans kan du som driver f\u00f6retag erbjuda kunder uppdelade fakturabetalningar och\/eller delbetalningar. M\u00e5nga kunder v\u00e4ljer att delbetala k\u00f6p f\u00f6r att bibeh\u00e5lla likviditeten i verksamheten, Kronan Finans erbjuder funktionella betall\u00f6sningar f\u00f6r distans- och detalj- handeln.<\/p>\n<p>I dagsl\u00e4get finns Kronan Finans \u00e4ven med n\u00e4r <a href=\"https:\/\/firmalan.com\/sv\/lana-pengar\/krea\/\">Krea j\u00e4mf\u00f6r l\u00e5nef\u00f6rslag<\/a>.<\/p>\n<\/div>\n<\/div>\n<hr \/>\n<p>&nbsp;<\/p>\n<h4>\u00d6PPETTIDER KUNDTJ\u00c4NST:<\/h4>\n<table class=\"table table-striped\" border=\"0\">\n<tbody>\n<tr>\n<td valign=\"top\" width=\"150\">M\u00e5ndag \u2013 Fredag<\/td>\n<td valign=\"top\" width=\"100\">09:00-12:00 &amp; 13:00-15:00<\/td>\n<\/tr>\n<tr>\n<td valign=\"top\" width=\"150\">Helg<\/td>\n<td valign=\"top\" width=\"100\">St\u00e4ngt<\/td>\n<\/tr>\n<\/tbody>\n<\/table>\n<blockquote><p>Telefon: 031-97 75 30<br \/>\nE-mail: <a href=\"mailto:info@kronanfinans.se\">info@kronanfinans.se<\/a><\/p><\/blockquote>\n<blockquote class=\"theme\"><p>Kronan Sweden AB<\/p>\n<h4>ADRESS:<\/h4>\n<p>Mediav\u00e4gen 4<br \/>\n438 91 Landvetter<br \/>\nOrg. nr: 556810-2635<\/p><\/blockquote>\n","protected":false},"excerpt":{"rendered":"<p>Kronan Finans \u00e4r ett svenskt finansbolag baserat i Landvetter utanf\u00f6r G\u00f6teborg som fokuserar p\u00e5 finansiella tj\u00e4nster som hj\u00e4lper f\u00f6retag f\u00f6rb\u00e4ttra l\u00f6nsamheten genom \u00f6kat tillg\u00e5ng p\u00e5 r\u00f6relsekapital. Fakturak\u00f6p Fokus f\u00f6r Kronan &#8230;<\/p>\n","protected":false},"author":1,"featured_media":1096,"parent":0,"menu_order":0,"comment_status":"closed","ping_status":"closed","template":"","meta":{"footnotes":""},"class_list":["post-1095","page","type-page","status-publish","has-post-thumbnail","hentry"],"_links":{"self":[{"href":"https:\/\/firmalan.com\/sv\/wp-json\/wp\/v2\/pages\/1095","targetHints":{"allow":["GET"]}}],"collection":[{"href":"https:\/\/firmalan.com\/sv\/wp-json\/wp\/v2\/pages"}],"about":[{"href":"https:\/\/firmalan.com\/sv\/wp-json\/wp\/v2\/types\/page"}],"author":[{"embeddable":true,"href":"https:\/\/firmalan.com\/sv\/wp-json\/wp\/v2\/users\/1"}],"replies":[{"embeddable":true,"href":"https:\/\/firmalan.com\/sv\/wp-json\/wp\/v2\/comments?post=1095"}],"version-history":[{"count":4,"href":"https:\/\/firmalan.com\/sv\/wp-json\/wp\/v2\/pages\/1095\/revisions"}],"predecessor-version":[{"id":2019,"href":"https:\/\/firmalan.com\/sv\/wp-json\/wp\/v2\/pages\/1095\/revisions\/2019"}],"wp:featuredmedia":[{"embeddable":true,"href":"https:\/\/firmalan.com\/sv\/wp-json\/wp\/v2\/media\/1096"}],"wp:attachment":[{"href":"https:\/\/firmalan.com\/sv\/wp-json\/wp\/v2\/media?parent=1095"}],"curies":[{"name":"wp","href":"https:\/\/api.w.org\/{rel}","templated":true}]}}