{"id":1083,"date":"2019-01-13T18:40:46","date_gmt":"2019-01-13T17:40:46","guid":{"rendered":"https:\/\/firmalan.com\/sv\/?page_id=1083"},"modified":"2020-01-04T16:41:38","modified_gmt":"2020-01-04T15:41:38","slug":"helgdagar","status":"publish","type":"page","link":"https:\/\/firmalan.com\/sv\/helgdagar\/","title":{"rendered":"Bankhelgdagar 2020"},"content":{"rendered":"<p>F\u00f6ljande dagar under \u00e5ret \u00e4r bankfria helgdagar, vilket inneb\u00e4r att inga f\u00f6retagsl\u00e5n betalas ut under dessa dagar.<\/p>\n<p>Onsdag 1 januari \u00a0\u2013\u00a0Ny\u00e5rsdagen<br \/>\nM\u00e5ndag 6 januari \u00a0\u2013\u00a0Trettondedag jul<br \/>\nFredag 10 april \u00a0\u2013\u00a0L\u00e5ngfredagen<br \/>\nL\u00f6rdag 11 april \u00a0\u2013\u00a0P\u00e5skafton<br \/>\nS\u00f6ndag 12 april \u00a0\u2013\u00a0P\u00e5skdagen<br \/>\nM\u00e5ndag 13 april \u00a0\u2013\u00a0Annandag p\u00e5sk<br \/>\nFredag 1 maj \u00a0\u2013\u00a0F\u00f6rsta maj<br \/>\nTorsdag 21 maj\u00a0 \u2013\u00a0 Kristi himmelsf\u00e4rds dag<br \/>\nL\u00f6rdag 30 maj \u00a0\u2013\u00a0Pingstafton<br \/>\nS\u00f6ndag 31 maj \u00a0\u2013\u00a0Pingstdagen<br \/>\nL\u00f6rdag 6 juni \u00a0\u2013\u00a0Nationaldagen<br \/>\nFredag 19 juni \u00a0\u2013\u00a0Midsommarafton<br \/>\nL\u00f6rdag 20 juni \u00a0\u2013\u00a0Midsommardagen<br \/>\nL\u00f6rdag 31 oktober \u00a0\u2013\u00a0Alla helgons dag<br \/>\nTorsdag 24 december \u00a0\u2013\u00a0Julafton<br \/>\nFredag 25 december \u00a0\u2013\u00a0Juldagen<br \/>\nL\u00f6rdag 26 december \u00a0\u2013\u00a0Annandag jul<br \/>\nTorsdag 31 december \u00a0\u2013\u00a0Ny\u00e5rsafton<\/p>\n<p>Avvikelse fr\u00e5n ordinarie \u00f6ppettider kan \u00e4ven f\u00f6rekomma hos banker under f\u00f6ljande dagar:<\/p>\n<p>Torsdag 9 april &#8211; Sk\u00e4rtorsdagen<br \/>\nTorsdag 30 april &#8211; Valborgsm\u00e4ssoafton<br \/>\nOnsdag 20 maj &#8211; Dag f\u00f6re Kristi himmelsf\u00e4rds dag<br \/>\nFredag 29 maj &#8211; Dag f\u00f6re Pingstafton<br \/>\nTorsdag 18 juni &#8211; Dag f\u00f6re Midsommarafton<br \/>\nSeptember 30 november &#8211; Dag f\u00f6re Alla helgons dag<br \/>\nOnsdag 23 december &#8211; Dag f\u00f6re julafton<br \/>\nOnsdag 30 december &#8211; Dag f\u00f6re ny\u00e5rsafton<\/p>\n","protected":false},"excerpt":{"rendered":"<p>F\u00f6ljande dagar under \u00e5ret \u00e4r bankfria helgdagar, vilket inneb\u00e4r att inga f\u00f6retagsl\u00e5n betalas ut under dessa dagar. Onsdag 1 januari \u00a0\u2013\u00a0Ny\u00e5rsdagen M\u00e5ndag 6 januari \u00a0\u2013\u00a0Trettondedag jul Fredag 10 april \u00a0\u2013\u00a0L\u00e5ngfredagen &#8230;<\/p>\n","protected":false},"author":1,"featured_media":0,"parent":0,"menu_order":0,"comment_status":"closed","ping_status":"closed","template":"","meta":{"footnotes":""},"class_list":["post-1083","page","type-page","status-publish","hentry"],"_links":{"self":[{"href":"https:\/\/firmalan.com\/sv\/wp-json\/wp\/v2\/pages\/1083","targetHints":{"allow":["GET"]}}],"collection":[{"href":"https:\/\/firmalan.com\/sv\/wp-json\/wp\/v2\/pages"}],"about":[{"href":"https:\/\/firmalan.com\/sv\/wp-json\/wp\/v2\/types\/page"}],"author":[{"embeddable":true,"href":"https:\/\/firmalan.com\/sv\/wp-json\/wp\/v2\/users\/1"}],"replies":[{"embeddable":true,"href":"https:\/\/firmalan.com\/sv\/wp-json\/wp\/v2\/comments?post=1083"}],"version-history":[{"count":3,"href":"https:\/\/firmalan.com\/sv\/wp-json\/wp\/v2\/pages\/1083\/revisions"}],"predecessor-version":[{"id":2116,"href":"https:\/\/firmalan.com\/sv\/wp-json\/wp\/v2\/pages\/1083\/revisions\/2116"}],"wp:attachment":[{"href":"https:\/\/firmalan.com\/sv\/wp-json\/wp\/v2\/media?parent=1083"}],"curies":[{"name":"wp","href":"https:\/\/api.w.org\/{rel}","templated":true}]}}