{"id":1071,"date":"2019-01-12T19:08:52","date_gmt":"2019-01-12T18:08:52","guid":{"rendered":"https:\/\/firmalan.com\/sv\/?page_id=1071"},"modified":"2019-11-20T11:24:51","modified_gmt":"2019-11-20T10:24:51","slug":"kapitalkredit","status":"publish","type":"page","link":"https:\/\/firmalan.com\/sv\/lana-pengar\/kapitalkredit\/","title":{"rendered":"Kapitalkredit"},"content":{"rendered":"<div class=\"section-content\">\n<div class=\"row\">\n<div class=\"feature-item col-lg-6 col-sm-6 wow slideInUp\">\n<div class=\"feature-media\"><img decoding=\"async\" src=\"https:\/\/firmalan.com\/sv\/wp-content\/uploads\/2019\/01\/kapitalkredit.png\" \/><\/div>\n<\/div>\n<div class=\"feature-item col-lg-6 col-sm-6 wow slideInUp\">\n<p>Kapitalkredit erbjuder kortfristiga f\u00f6retagsl\u00e5n med m\u00f6jlighet att f\u00e5 snabb tillg\u00e5ng till kapital som kan anv\u00e4ndas till specifika investeringar eller den l\u00f6pande verksamheten. L\u00e5na upp till 500.000 kr med upp till tre amorteringsfria m\u00e5nader. Avbetalningen sker l\u00f6pande m\u00e5nadsvis med en fast l\u00e5nekostnad.  Ans\u00f6kan sker online med hj\u00e4lp av Mobilt BankID d\u00e4refter g\u00f6rs en kreditpr\u00f6vning och ett l\u00e5neerbjudande skickas direkt. Signera avtalet med Mobilt BankID och utbetalning sker inom 24 timmar. Ut\u00f6ver f\u00f6retagsl\u00e5n erbjuder kapitalkredit \u00e4ven fakturafinansiering (fakturak\u00f6p) samt r\u00e5dgivning inom f\u00f6retagsekonomi, avtalsjuridik, aff\u00e4rsutveckling,<br \/>\n \u00e5rsbokslut etc.<\/p>\n<\/div>\n<\/div>\n<\/div>\n<div class=\"section-color\">\n<div class=\"row\">\n<div class=\"feature-item col-lg-6 col-sm-6 wow slideInUp\">\n<p class=\"kapitel\">F\u00f6retagsl\u00e5n<\/p>\n<ul id=\"navlist\">\n<li>Belopp: Upp till 500.000 kr<\/li>\n<li>L\u00f6ptid: Uppgift saknas<\/li>\n<li>R\u00e4ntesats: Fast l\u00e5nekostnad<\/li>\n<\/ul>\n<\/div>\n<div class=\"feature-item col-lg-6 col-sm-6 wow slideInUp\">\n<p class=\"kapitel\">Ans\u00f6kan<\/p>\n<ul id=\"navlist\">\n<li>Ans\u00f6k p\u00e5 webben med Mobilt BankID<\/li>\n<li>F\u00e5 l\u00e5nebeslutet efter kreditpr\u00f6vning<\/li>\n<li>Utbetalning inom 24 timmar<\/li>\n<\/ul>\n<\/div>\n<\/div>\n<\/div>\n<p><span style=\"color: #00529c; font-size: 16pt;\">Villkor:<\/span><\/p>\n<table>\n<tbody>\n<tr>\n<td bgcolor=\"#000\"><span style=\"color: #ffffff;\">R\u00e4nta<\/span><\/td>\n<td>Fast l\u00e5nekostnad<\/td>\n<\/tr>\n<tr>\n<td bgcolor=\"#000\"><span style=\"color: #ffffff;\">Uppl\u00e4ggningsavgift<\/span><\/td>\n<td>Fast l\u00e5nekostnad.<\/td>\n<\/tr>\n<tr>\n<td bgcolor=\"#000\"><span style=\"color: #ffffff;\">Borgens\u00e5tagande<\/span><\/td>\n<td>Kr\u00e4ver personlig borgen .<\/td>\n<\/tr>\n<tr>\n<td bgcolor=\"#000\"><span style=\"color: #ffffff;\">F\u00f6rtidsinl\u00f6sen<\/span><\/td>\n<td>F\u00f6rtidsinl\u00f6sen \u00e4r m\u00f6jlig.<\/td>\n<\/tr>\n<tr>\n<td bgcolor=\"#000\"><span style=\"color: #ffffff;\">Betalningsanm\u00e4rkning<\/span><\/td>\n<td>Ingen uppgift<\/td>\n<\/tr>\n<\/tbody>\n<\/table>\n<p><span style=\"color: #00529c; font-size: 16pt;\">Krav p\u00e5 f\u00f6retag som s\u00f6ker:<\/span><\/p>\n<table>\n<tbody>\n<tr>\n<td bgcolor=\"#000\"><span style=\"color: #ffffff;\">Oms\u00e4ttning<\/span><\/td>\n<td>Bokslut kr\u00e4vs.<\/td>\n<\/tr>\n<tr>\n<td bgcolor=\"#000\"><span style=\"color: #ffffff;\">Historik<\/span><\/td>\n<td>Ditt f\u00f6retag har en rimlig kreditv\u00e4rdighet samt att era kunder har rimlig kreditv\u00e4rdighet.<\/td>\n<\/tr>\n<tr>\n<td bgcolor=\"#000\"><span style=\"color: #ffffff;\">\u00c4garskap<\/span><\/td>\n<td>Ans\u00f6kan kan endast uppr\u00e4ttas av VD eller annan firmatecknare.<\/td>\n<\/tr>\n<tr>\n<td bgcolor=\"#000\"><span style=\"color: #ffffff;\">F\u00f6retagsadress<\/span><\/td>\n<td>Verksamheten \u00e4r registrerad hos bolagsverket i Sverige.<\/td>\n<\/tr>\n<\/tbody>\n<\/table>\n<p><span style=\"color: #00529c; font-size: 16pt;\">F\u00f6ljande information\/dokumentation beh\u00f6vs:<\/span><\/p>\n<ul>\n<li>Tillg\u00e5ng till personligt BankID<\/li>\n<li>Du skall ha namnteckningsr\u00e4tt i f\u00f6retaget ensam eller tillsammans annan person<\/li>\n<li>F\u00f6retagets faktureringsuppgifter samt bankgironummer<\/li>\n<li>Namn p\u00e5 och e-postadresser till ansvariga personer och eventuella borgensm\u00e4n.<\/li>\n<li>Samtliga borgensm\u00e4n beh\u00f6ver logga in och godk\u00e4nna villkoren f\u00f6r l\u00e5net och borgensansvaret.<\/li>\n<\/ul>\n<hr \/>\n<p>&nbsp;<\/p>\n<h4>\u00d6PPETTIDER KUNDTJ\u00c4NST:<\/h4>\n<table class=\"table table-striped\" border=\"0\">\n<tbody>\n<tr>\n<td valign=\"top\" width=\"150\">M\u00e5ndag \u2013 Fredagar<\/td>\n<td valign=\"top\" width=\"100\">Saknas<\/td>\n<\/tr>\n<tr>\n<td valign=\"top\" width=\"150\">Helg<\/td>\n<td valign=\"top\" width=\"100\">St\u00e4ngt<\/td>\n<\/tr>\n<\/tbody>\n<\/table>\n<blockquote><p>Telefon: 010-380 70 00<br \/>\nE-mail: <a href=\"mailto:info@kapitalkredit.se\">info@kapitalkredit.se<\/a><\/p><\/blockquote>\n<blockquote class=\"theme\"><p>Kapitalkredit Sverige AB <\/p>\n<h4>ADRESS:<\/h4>\n<p>G\u00f6teborgsv\u00e4gen 89<br \/>\n431 30 M\u00f6lndal<br \/>\nOrg. nr: 556761-0315<\/p><\/blockquote>\n","protected":false},"excerpt":{"rendered":"<p>Kapitalkredit erbjuder kortfristiga f\u00f6retagsl\u00e5n med m\u00f6jlighet att f\u00e5 snabb tillg\u00e5ng till kapital som kan anv\u00e4ndas till specifika investeringar eller den l\u00f6pande verksamheten. L\u00e5na upp till 500.000 kr med upp till &#8230;<\/p>\n","protected":false},"author":1,"featured_media":1072,"parent":164,"menu_order":29,"comment_status":"closed","ping_status":"closed","template":"","meta":{"footnotes":""},"class_list":["post-1071","page","type-page","status-publish","has-post-thumbnail","hentry"],"_links":{"self":[{"href":"https:\/\/firmalan.com\/sv\/wp-json\/wp\/v2\/pages\/1071","targetHints":{"allow":["GET"]}}],"collection":[{"href":"https:\/\/firmalan.com\/sv\/wp-json\/wp\/v2\/pages"}],"about":[{"href":"https:\/\/firmalan.com\/sv\/wp-json\/wp\/v2\/types\/page"}],"author":[{"embeddable":true,"href":"https:\/\/firmalan.com\/sv\/wp-json\/wp\/v2\/users\/1"}],"replies":[{"embeddable":true,"href":"https:\/\/firmalan.com\/sv\/wp-json\/wp\/v2\/comments?post=1071"}],"version-history":[{"count":2,"href":"https:\/\/firmalan.com\/sv\/wp-json\/wp\/v2\/pages\/1071\/revisions"}],"predecessor-version":[{"id":2008,"href":"https:\/\/firmalan.com\/sv\/wp-json\/wp\/v2\/pages\/1071\/revisions\/2008"}],"up":[{"embeddable":true,"href":"https:\/\/firmalan.com\/sv\/wp-json\/wp\/v2\/pages\/164"}],"wp:featuredmedia":[{"embeddable":true,"href":"https:\/\/firmalan.com\/sv\/wp-json\/wp\/v2\/media\/1072"}],"wp:attachment":[{"href":"https:\/\/firmalan.com\/sv\/wp-json\/wp\/v2\/media?parent=1071"}],"curies":[{"name":"wp","href":"https:\/\/api.w.org\/{rel}","templated":true}]}}