{"id":1067,"date":"2019-01-12T15:13:43","date_gmt":"2019-01-12T14:13:43","guid":{"rendered":"https:\/\/firmalan.com\/sv\/?page_id=1067"},"modified":"2019-11-20T09:54:23","modified_gmt":"2019-11-20T08:54:23","slug":"avida-finans","status":"publish","type":"page","link":"https:\/\/firmalan.com\/sv\/lana-pengar\/avida-finans\/","title":{"rendered":"Avida Finans"},"content":{"rendered":"<div class=\"section-content\">\n<div class=\"row\">\n<div class=\"feature-item col-lg-6 col-sm-6 wow slideInUp\">\n<div class=\"feature-media\"><img decoding=\"async\" src=\"https:\/\/firmalan.com\/sv\/wp-content\/uploads\/2019\/01\/avida-finans.png\" \/><\/div>\n<\/div>\n<div class=\"feature-item col-lg-6 col-sm-6 wow slideInUp\">\n<p>Stockholmsbaserade kreditmarknadsbolaget Avida (tidigare Flexil Finans AB) grundades 1983 och bedriver idag verksamhet i Sverige, Norge och Finland. Ut\u00f6ver huvudkontoret i Stockholm har Avida \u00e4ven filialer i Oslo och Helsingfors. Under varum\u00e4rket Avida Finans erbjuder man en rad finansiella tj\u00e4nster till s\u00e5v\u00e4l privatpersoner som f\u00f6retag. Sedan ett antal \u00e5r tillbaka i tiden har Avida Finans erbjudit kontokrediter samt bel\u00e5ning\/k\u00f6p av fakturor. Den 10 januari 2019 lanserade man en ny produkt, ett fullst\u00e4ndigt digitalt f\u00f6retagsl\u00e5n utan krav p\u00e5 fysiskt m\u00f6te. Ans\u00f6kan om f\u00f6retagsl\u00e5net g\u00f6rs online och uppr\u00e4ttas\/undertecknas med hj\u00e4lp av BankID.   <\/p>\n<\/div>\n<p><span style=\"color: #f4f4f4;\"><strong><a class=\"btn btn-theme-primary btn-lg\" style=\"color: #f4f4f4;\" title=\"\u27a4 Avida Finans - l\u00e5n\" href=\"https:\/\/firmalan.com\/sv\/go\/krea\/\" target=\"_blank\" rel=\"nofollow noopener noreferrer\">\u27a4 S\u00f6k Avida Digitala l\u00e5n via Krea<\/a><\/strong><\/span>\n<\/div>\n<\/div>\n<div class=\"section-color\">\n<div class=\"row\">\n<div class=\"feature-item col-lg-6 col-sm-6 wow slideInUp\">\n<p class=\"kapitel\">Avida Digitalt F\u00f6retagsl\u00e5n<\/p>\n<ul id=\"navlist\">\n<li>Belopp: 50.000 &#8211; 1.000.000 kr<\/li>\n<li>L\u00f6ptid: Uppgift saknas<\/li>\n<li>R\u00e4ntesats: Uppgift saknas<\/li>\n<\/ul>\n<\/div>\n<div class=\"feature-item col-lg-6 col-sm-6 wow slideInUp\">\n<p class=\"kapitel\">Ans\u00f6kan<\/p>\n<ul id=\"navlist\">\n<li>Ans\u00f6k p\u00e5 webben med BankID<\/li>\n<li>F\u00e5 l\u00e5nebeslut direkt efter kreditpr\u00f6vning<\/li>\n<li>Utbetalning till f\u00f6retagskonto<\/li>\n<\/ul>\n<\/div>\n<\/div>\n<\/div>\n<p><span style=\"color: #00529c; font-size: 16pt;\">Villkor:<\/span><\/p>\n<table>\n<tbody>\n<tr>\n<td bgcolor=\"#000\"><span style=\"color: #ffffff;\">R\u00e4nta<\/span><\/td>\n<td>Individuell r\u00e4ntes\u00e4ttning till\u00e4mpas<\/td>\n<\/tr>\n<tr>\n<td bgcolor=\"#000\"><span style=\"color: #ffffff;\">Uppl\u00e4ggningsavgift<\/span><\/td>\n<td>Uppgift saknas.<\/td>\n<\/tr>\n<tr>\n<td bgcolor=\"#000\"><span style=\"color: #ffffff;\">Borgens\u00e5tagande<\/span><\/td>\n<td>Kr\u00e4ver personlig borgen .<\/td>\n<\/tr>\n<tr>\n<td bgcolor=\"#000\"><span style=\"color: #ffffff;\">F\u00f6rtidsinl\u00f6sen<\/span><\/td>\n<td>F\u00f6rtidsinl\u00f6sen \u00e4r m\u00f6jlig.<\/td>\n<\/tr>\n<tr>\n<td bgcolor=\"#000\"><span style=\"color: #ffffff;\">Betalningsanm\u00e4rkning<\/span><\/td>\n<td>Avida kan godta betalningsanm\u00e4rkning<\/td>\n<\/tr>\n<\/tbody>\n<\/table>\n<p><span style=\"color: #00529c; font-size: 16pt;\">Krav p\u00e5 f\u00f6retag som s\u00f6ker:<\/span><\/p>\n<table>\n<tbody>\n<tr>\n<td bgcolor=\"#000\"><span style=\"color: #ffffff;\">Oms\u00e4ttning<\/span><\/td>\n<td>Bokslut kr\u00e4vs.<\/td>\n<\/tr>\n<tr>\n<td bgcolor=\"#000\"><span style=\"color: #ffffff;\">Historik<\/span><\/td>\n<td>Ditt f\u00f6retag har en rimlig kreditv\u00e4rdighet samt att era kunder har rimlig kreditv\u00e4rdighet.<\/td>\n<\/tr>\n<tr>\n<td bgcolor=\"#000\"><span style=\"color: #ffffff;\">\u00c4garskap<\/span><\/td>\n<td>Ans\u00f6kan kan endast uppr\u00e4ttas av VD eller annan firmatecknare.<\/td>\n<\/tr>\n<tr>\n<td bgcolor=\"#000\"><span style=\"color: #ffffff;\">F\u00f6retagsadress<\/span><\/td>\n<td>Verksamheten \u00e4r registrerad hos bolagsverket i Sverige.<\/td>\n<\/tr>\n<\/tbody>\n<\/table>\n<p><span style=\"color: #00529c; font-size: 16pt;\">F\u00f6ljande information\/dokumentation beh\u00f6vs:<\/span><\/p>\n<ul>\n<li>Tillg\u00e5ng till personligt BankID<\/li>\n<li>Du skall ha namnteckningsr\u00e4tt i f\u00f6retaget ensam eller tillsammans annan person<\/li>\n<li>F\u00f6retagets faktureringsuppgifter samt bankgironummer<\/li>\n<li>Namn p\u00e5 och e-postadresser till ansvariga personer och eventuella borgensm\u00e4n.<\/li>\n<li>Samtliga borgensm\u00e4n beh\u00f6ver logga in och godk\u00e4nna villkoren f\u00f6r l\u00e5net och borgensansvaret.<\/li>\n<\/ul>\n<p><strong>F\u00f6retagskredit<\/strong><br \/>\nAns\u00f6k om en kontokredit med m\u00f6jlighet att v\u00e4lja rak amortering eller ett annuitetsl\u00e5n.<\/p>\n<p><strong>Fakturak\u00f6p<\/strong><br \/>\nS\u00e4lj fakturor och f\u00e5 pengar p\u00e5 kontot inom 24 timmar. Hur mycket du f\u00e5r betalat beror p\u00e5 flera faktorer s\u00e5 som  bolagets oms\u00e4ttning, antal fakturor samt vilka kunderna \u00e4r. Alla kunder tilldelas en personlig handl\u00e4ggare som tar hand om p\u00e5minnelse bevakning\/p\u00e5minnelser och eventuellt Inkasso.<br \/>\n<strong>Fakturabel\u00e5ning<\/strong><br \/>\nL\u00e5na med kundfakturor som s\u00e4kerhet, f\u00e5 70-90% av fakturabeloppet direkt och resterande summa n\u00e4r kunden betalar fakturan. R\u00e4nta f\u00f6r fakturabel\u00e5ning s\u00e4tts individuellt och beror p\u00e5 ett antal olika faktorer s\u00e5 som  bolagets oms\u00e4ttning, antal fakturor samt vilka kunderna \u00e4r.<\/p>\n<p>Ut\u00f6ver dessa l\u00e5neprodukter erbjuder Avida \u00e4ven Exportfactoring (f\u00f6r dig med utl\u00e4ndska kunder), reskontraservice samt inkassotj\u00e4nster. <\/p>\n<p>Avida Finans har flera \u00e5r i rad tagit emot Dagens Industri (DI) pris som gasellf\u00f6retag vilket delas ut till Sveriges snabbast v\u00e4xande f\u00f6retag.  <\/p>\n<hr \/>\n<p>&nbsp;<\/p>\n<h4>\u00d6PPETTIDER KUNDTJ\u00c4NST:<\/h4>\n<table class=\"table table-striped\" border=\"0\">\n<tbody>\n<tr>\n<td valign=\"top\" width=\"150\">M\u00e5ndag \u2013 Fredagar<\/td>\n<td valign=\"top\" width=\"100\">09:00 \u2013 17:00<\/td>\n<\/tr>\n<tr>\n<td valign=\"top\" width=\"150\">Helg<\/td>\n<td valign=\"top\" width=\"100\">St\u00e4ngt<\/td>\n<\/tr>\n<\/tbody>\n<\/table>\n<blockquote><p>Telefon: 08-564 20 110<br \/>\nE-mail: <a href=\"mailto:kundservice@avida.se\">kundservice@avida.se<\/a><\/p><\/blockquote>\n<blockquote class=\"theme\"><p>Avida Finans AB <\/p>\n<h4>ADRESS:<\/h4>\n<p>Box 38101<br \/>\n100 64 STOCKHOLM<br \/>\nOrg. nr: 556230-9004<\/p><\/blockquote>\n","protected":false},"excerpt":{"rendered":"<p>Stockholmsbaserade kreditmarknadsbolaget Avida (tidigare Flexil Finans AB) grundades 1983 och bedriver idag verksamhet i Sverige, Norge och Finland. Ut\u00f6ver huvudkontoret i Stockholm har Avida \u00e4ven filialer i Oslo och Helsingfors. &#8230;<\/p>\n","protected":false},"author":1,"featured_media":1068,"parent":164,"menu_order":6,"comment_status":"closed","ping_status":"closed","template":"","meta":{"footnotes":""},"class_list":["post-1067","page","type-page","status-publish","has-post-thumbnail","hentry"],"_links":{"self":[{"href":"https:\/\/firmalan.com\/sv\/wp-json\/wp\/v2\/pages\/1067","targetHints":{"allow":["GET"]}}],"collection":[{"href":"https:\/\/firmalan.com\/sv\/wp-json\/wp\/v2\/pages"}],"about":[{"href":"https:\/\/firmalan.com\/sv\/wp-json\/wp\/v2\/types\/page"}],"author":[{"embeddable":true,"href":"https:\/\/firmalan.com\/sv\/wp-json\/wp\/v2\/users\/1"}],"replies":[{"embeddable":true,"href":"https:\/\/firmalan.com\/sv\/wp-json\/wp\/v2\/comments?post=1067"}],"version-history":[{"count":6,"href":"https:\/\/firmalan.com\/sv\/wp-json\/wp\/v2\/pages\/1067\/revisions"}],"predecessor-version":[{"id":1979,"href":"https:\/\/firmalan.com\/sv\/wp-json\/wp\/v2\/pages\/1067\/revisions\/1979"}],"up":[{"embeddable":true,"href":"https:\/\/firmalan.com\/sv\/wp-json\/wp\/v2\/pages\/164"}],"wp:featuredmedia":[{"embeddable":true,"href":"https:\/\/firmalan.com\/sv\/wp-json\/wp\/v2\/media\/1068"}],"wp:attachment":[{"href":"https:\/\/firmalan.com\/sv\/wp-json\/wp\/v2\/media?parent=1067"}],"curies":[{"name":"wp","href":"https:\/\/api.w.org\/{rel}","templated":true}]}}