{"id":1059,"date":"2018-12-18T08:45:42","date_gmt":"2018-12-18T07:45:42","guid":{"rendered":"https:\/\/firmalan.com\/sv\/?page_id=1059"},"modified":"2020-09-30T06:37:52","modified_gmt":"2020-09-30T04:37:52","slug":"krea","status":"publish","type":"page","link":"https:\/\/firmalan.com\/sv\/lana-pengar\/krea\/","title":{"rendered":"Krea"},"content":{"rendered":"<div class=\"section-content\">\n<div class=\"row\">\n<div class=\"feature-item col-lg-6 col-sm-6 wow slideInUp\">\n<div class=\"feature-media\"><img decoding=\"async\" src=\"https:\/\/firmalan.com\/sv\/wp-content\/uploads\/2020\/09\/krea-foretagslan-logo.jpg\" \/><\/div>\n<\/div>\n<div class=\"feature-item col-lg-6 col-sm-6 wow slideInUp\">\n<p>Krea \u00e4r en ledande l\u00e5nef\u00f6rmedling f\u00f6r n\u00e4ringslivet specialiserad p\u00e5 f\u00f6retagsl\u00e5n. Fler \u00e4n 7000 svenska f\u00f6retag har hittat r\u00e4tt l\u00e5n via Krea. Med marknadens st\u00f6rsta n\u00e4tverk best\u00e5ende utav fler \u00e4n 20 banker och l\u00e5ngivare \u00f6kar chanserna att hitta l\u00e4gre r\u00e4nta och b\u00e4ttre villkor f\u00f6r ditt f\u00f6retagsl\u00e5n. Med hj\u00e4lp av modern teknik hj\u00e4lper Krea kunder att p\u00e5 tv\u00e5 minuter ans\u00f6ka om l\u00e5n online och f\u00e5 flera olika l\u00e5nesvar. Det maximala l\u00e5nebeloppet \u00e4r 5.000.000 kr och vanligtvis har samtliga l\u00e5nef\u00f6retag besvarat din ans\u00f6kan inom 24 timmar, d\u00e4refter v\u00e4ljer du sj\u00e4lv om och med vem avtal sluts.<\/p>\n<p><span style=\"color: #f4f4f4;\"><strong><a class=\"btn btn-theme-primary btn-lg\" style=\"color: #f4f4f4;\" title=\"\u27a4 Krea l\u00e5nef\u00f6rmedling\" href=\"https:\/\/firmalan.com\/sv\/go\/krea\/\" target=\"_blank\" rel=\"nofollow noopener noreferrer\">\u27a4 G\u00e5 Till Krea F\u00f6retagsl\u00e5n <\/a><\/strong><\/span><\/p>\n<\/div>\n<p><strong>F\u00f6ljande grundl\u00e4ggande kravs st\u00e4lls:<\/strong><\/p>\n<ul>\n<li>F\u00f6r ans\u00f6kan kr\u00e4vs registrerat Aktiebolag, Handelsbolag eller Enskild firma.<\/li>\n<li>Vanligtvis kr\u00e4vs en oms\u00e4ttning p\u00e5 minst 50 000kr\/m\u00e5n eller 600 000kr\/\u00e5r.<\/li>\n<li>Enligt Krea kan n\u00e5gra enstaka l\u00e5ngivare acceptera skuld fr\u00e5n Skatteverket hos Kronofogden.<\/li>\n<li>\u00c4ven nystartade f\u00f6retag kan erbjudas l\u00e5n, men en oms\u00e4ttning p\u00e5 minst 50.000 kr kr\u00e4vs.<\/li>\n<\/ul>\n<h3>Vilka banker\/kreditgivare samarbetar Krea med?<\/h3>\n<p>Krea har knutit till sig en m\u00e4ngd samarbetspartners, enligt information p\u00e5 Krea:s hemsida samarbetar man just nu med f\u00f6ljande 21 st akt\u00f6rer Approva, Aros, Avida, Balanzia, Capcito, Corpia, DBT, Fedelta, Ferratum (CapitalBox), Froda, IMH Credit Solutions, Klarna, Kronan Finans, Likvid F\u00f6retagsl\u00e5n, Marginalen Bank, Mynt, OPR, Qapitala, Qred, Savelend samt Toborrow.<\/p>\n<\/div>\n<\/div>\n<div class=\"section-color\">\n<div class=\"row\">\n<div class=\"feature-item col-lg-6 col-sm-6 wow slideInUp\">\n<p class=\"kapitel\">L\u00e5nef\u00f6rmedlare<\/p>\n<ul id=\"navlist\">\n<li>J\u00e4mf\u00f6r: Upp till 21 st olika l\u00e5n<\/li>\n<li>Belopp: 10 000-5 000 000 kr<\/li>\n<li>L\u00f6ptid: 1-60 m\u00e5n<\/li>\n<li>\u00c5rsr\u00e4nta: ca 6.0-40%<br \/>\n*Kostnaden \u00e4r individuell och best\u00e4ms efter kreditpr\u00f6vning.<\/li>\n<\/ul>\n<\/div>\n<div class=\"feature-item col-lg-6 col-sm-6 wow slideInUp\">\n<p class=\"kapitel\">Ans\u00f6kan<\/p>\n<ul id=\"navlist\">\n<li>Ans\u00f6kan tar ungef\u00e4r 2 minut!<\/li>\n<li>Digital signering med BankID<\/li>\n<li>Pengar p\u00e5 kontot oftast redan samma dag<\/li>\n<\/ul>\n<\/div>\n<\/div>\n<\/div>\n<p><span style=\"color: #00529c; font-size: 16pt;\">Villkor:<\/span><\/p>\n<table>\n<tbody>\n<tr>\n<td bgcolor=\"#000\"><span style=\"color: #ffffff;\">R\u00e4nta<\/span><\/td>\n<td>\u00c5rsr\u00e4nta: ca 6,0-40,0%.<\/td>\n<\/tr>\n<tr>\n<td bgcolor=\"#000\"><span style=\"color: #ffffff;\">Uppl\u00e4ggningsavgift<\/span><\/td>\n<td>Varierar.<\/td>\n<\/tr>\n<tr>\n<td bgcolor=\"#000\"><span style=\"color: #ffffff;\">Borgens\u00e5tagande<\/span><\/td>\n<td>Kr\u00e4ver personlig borgensf\u00f6rbindelse.<\/td>\n<\/tr>\n<tr>\n<td bgcolor=\"#000\"><span style=\"color: #ffffff;\">F\u00f6rtidsinl\u00f6sen<\/span><\/td>\n<td>F\u00f6rtidsinl\u00f6sen \u00e4r m\u00f6jlig, men i vissa fall kan kreditgivaren ta ut en avgift f\u00f6r att kompensera f\u00f6r utebliven r\u00e4nta.<\/td>\n<\/tr>\n<tr>\n<td bgcolor=\"#000\"><span style=\"color: #ffffff;\">Betalningsanm\u00e4rkning<\/span><\/td>\n<td>Till\u00e5ts inte.<\/td>\n<\/tr>\n<\/tbody>\n<\/table>\n<p><span style=\"color: #00529c; font-size: 16pt;\">Krav p\u00e5 f\u00f6retag som s\u00f6ker:<\/span><\/p>\n<table>\n<tbody>\n<tr>\n<td bgcolor=\"#000\"><span style=\"color: #ffffff;\">Oms\u00e4ttning<\/span><\/td>\n<td>Minst 50 000kr\/m\u00e5n eller 600 000kr\/\u00e5r.<\/td>\n<\/tr>\n<tr>\n<td bgcolor=\"#000\"><span style=\"color: #ffffff;\">Historik<\/span><\/td>\n<td>Minst 6 m\u00e5n verksamhetshistorik.<\/td>\n<\/tr>\n<tr>\n<td bgcolor=\"#000\"><span style=\"color: #ffffff;\">\u00c4garskap<\/span><\/td>\n<td>Ans\u00f6kan kan endast uppr\u00e4ttas av bolagsman med teckningsr\u00e4tt.<\/td>\n<\/tr>\n<tr>\n<td bgcolor=\"#000\"><span style=\"color: #ffffff;\">F\u00f6retagsadress<\/span><\/td>\n<td>Verksamheten \u00e4r registrerad hos bolagsverket i Sverige.<\/td>\n<\/tr>\n<\/tbody>\n<\/table>\n<p><span style=\"color: #00529c; font-size: 16pt;\">F\u00f6ljande information\/dokumentation beh\u00f6vs:<\/span><\/p>\n<ul>\n<li>Du skall ha namnteckningsr\u00e4tt i f\u00f6retaget ensam eller tillsammans annan person<\/li>\n<li>Tillg\u00e5ng till BankID eller mobilt BankID alt. Digipass\/bankdosa.<\/li>\n<li>F\u00f6retagets faktureringsuppgifter samt bankkontonummer<\/li>\n<li>Namn p\u00e5 och e-postadresser till ansvariga personer och borgensm\u00e4n.<\/li>\n<\/ul>\n<hr \/>\n<p>Ambitionen \u00e4r stor hos nykomlingen Krea (tidigare Cfind) som satt upp m\u00e5ls\u00e4ttningen att bli st\u00f6rst i Norden. Det kan l\u00e5ta som hybris men sannolikt inte en om\u00f6jlighet om man ser till vilka som st\u00e5r bakom tj\u00e4nsten, h\u00e4r \u00e5terfinns bland annat grundaren till framg\u00e5ngsrika Advisa l\u00e5nef\u00f6rmedling, Kristoffer Lindqvist samt Advisa styrelseledamoten Fredrik Lundahl.<\/p>\n<p><a href=\"\/sv\/go\/krea\/\" target=\"_blank\" rel=\"nofollow noopener noreferrer\"><img decoding=\"async\" class=\"alignnone size-full wp-image-1636\" src=\"https:\/\/firmalan.com\/sv\/wp-content\/uploads\/2019\/08\/krea__firmalan2.jpg\" alt=\"\" width=\"90%\" \/><\/a><\/p>\n<p>Sedan 2019-03-08 \u00e4r Krea Technology AB registrerade som ett finansiellt institut hos Finansinspektionen. I f\u00f6rsta hand b\u00f6r tj\u00e4nsten d\u00e4rf\u00f6r betraktas som en teknisk j\u00e4mf\u00f6relsetj\u00e4nst som g\u00f6r det m\u00f6jligt att skicka en och samma ans\u00f6kan till flera l\u00e5ngivare p\u00e5 en och samma g\u00e5ng, i vilken omfattning Krea verkar som r\u00e5dgivningstj\u00e4nst eller licensierade l\u00e5nehandl\u00e4ggare \u00e4r otydligt. Notera att Krea inte st\u00e5r under Finansinspektionens tillsyn.<\/p>\n<p><em>*Informationen uppdaterad 2019-11-20<\/em><\/p>\n<p><img decoding=\"async\" title=\"Cfind bytte namn till Krea 28 februari 2019\" src=\"https:\/\/firmalan.com\/sv\/wp-content\/uploads\/2019\/02\/cfind.jpg\" alt=\"Tidigare logotype\" \/><br \/>\nDet tidigare varum\u00e4rket.<\/p>\n<h4>\u00d6PPETTIDER KUNDTJ\u00c4NST:<\/h4>\n<table class=\"table table-striped\" border=\"0\">\n<tbody>\n<tr>\n<td valign=\"top\" width=\"150\">M\u00e5ndag \u2013 Fredagar<\/td>\n<td valign=\"top\" width=\"100\">09:00 \u2013 18:00<br \/>\n13:00-16:00<\/td>\n<\/tr>\n<tr>\n<td valign=\"top\" width=\"150\">Helg<\/td>\n<td valign=\"top\" width=\"100\">St\u00e4ngt<\/td>\n<\/tr>\n<\/tbody>\n<\/table>\n<blockquote><p>Telefon: 08-551 082 62<br \/>\nE-mail: <a href=\"mailto:kundservice@krea.se\">kundservice@krea.se.<\/a><\/p><\/blockquote>\n<blockquote class=\"theme\"><p>Krea Technology AB<\/p>\n<h4>ADRESS:<\/h4>\n<p>Sankt Eriksplan 2<br \/>\n113 20 Stockholm<br \/>\nOrg. nr: 559173-2895<\/p><\/blockquote>\n","protected":false},"excerpt":{"rendered":"<p>Krea \u00e4r en ledande l\u00e5nef\u00f6rmedling f\u00f6r n\u00e4ringslivet specialiserad p\u00e5 f\u00f6retagsl\u00e5n. Fler \u00e4n 7000 svenska f\u00f6retag har hittat r\u00e4tt l\u00e5n via Krea. Med marknadens st\u00f6rsta n\u00e4tverk best\u00e5ende utav fler \u00e4n 20 &#8230;<\/p>\n","protected":false},"author":1,"featured_media":2380,"parent":164,"menu_order":50,"comment_status":"closed","ping_status":"closed","template":"","meta":{"footnotes":""},"class_list":["post-1059","page","type-page","status-publish","has-post-thumbnail","hentry"],"_links":{"self":[{"href":"https:\/\/firmalan.com\/sv\/wp-json\/wp\/v2\/pages\/1059","targetHints":{"allow":["GET"]}}],"collection":[{"href":"https:\/\/firmalan.com\/sv\/wp-json\/wp\/v2\/pages"}],"about":[{"href":"https:\/\/firmalan.com\/sv\/wp-json\/wp\/v2\/types\/page"}],"author":[{"embeddable":true,"href":"https:\/\/firmalan.com\/sv\/wp-json\/wp\/v2\/users\/1"}],"replies":[{"embeddable":true,"href":"https:\/\/firmalan.com\/sv\/wp-json\/wp\/v2\/comments?post=1059"}],"version-history":[{"count":26,"href":"https:\/\/firmalan.com\/sv\/wp-json\/wp\/v2\/pages\/1059\/revisions"}],"predecessor-version":[{"id":2386,"href":"https:\/\/firmalan.com\/sv\/wp-json\/wp\/v2\/pages\/1059\/revisions\/2386"}],"up":[{"embeddable":true,"href":"https:\/\/firmalan.com\/sv\/wp-json\/wp\/v2\/pages\/164"}],"wp:featuredmedia":[{"embeddable":true,"href":"https:\/\/firmalan.com\/sv\/wp-json\/wp\/v2\/media\/2380"}],"wp:attachment":[{"href":"https:\/\/firmalan.com\/sv\/wp-json\/wp\/v2\/media?parent=1059"}],"curies":[{"name":"wp","href":"https:\/\/api.w.org\/{rel}","templated":true}]}}