{"id":1049,"date":"2018-12-17T09:48:39","date_gmt":"2018-12-17T08:48:39","guid":{"rendered":"https:\/\/firmalan.com\/sv\/?page_id=1049"},"modified":"2020-05-07T19:20:15","modified_gmt":"2020-05-07T17:20:15","slug":"corpia","status":"publish","type":"page","link":"https:\/\/firmalan.com\/sv\/lana-pengar\/corpia\/","title":{"rendered":"Corpia"},"content":{"rendered":"<div class=\"section-content\">\n<div class=\"row\">\n<div class=\"feature-item col-lg-6 col-sm-6 wow slideInUp\">\n<div class=\"feature-media\"><img decoding=\"async\" src=\"https:\/\/firmalan.com\/sv\/wp-content\/uploads\/2018\/12\/corpia-logo.png\" \/><\/div>\n<\/div>\n<div class=\"feature-item col-lg-6 col-sm-6 wow slideInUp\">\n<p>Corpia \u00e4r sedan 2012 en marknadsplats f\u00f6r l\u00e5n, d\u00e4r l\u00e5ntagare i form av svenska mindre till medelstora aktiebolag paras ihop med l\u00e4mpliga investerare i form av huvudsakligen privatpersoner kombinerat med andra f\u00f6retag och institutioner. I slutet av 2019 valde Corpia att lansera ett eget f\u00f6retagsl\u00e5n med l\u00e5nebelopp mellan 100.000 &#8211; 2.000.000 kronor med en valbar l\u00f6ptid fr\u00e5n 1 m\u00e5nad upp till 36 m\u00e5n. Det kan fortsatt vara m\u00f6jligt att l\u00e5na \u00e4nnu st\u00f6rre belopp men det f\u00f6ruts\u00e4tter ett personligt erbjudande. Corpia f\u00f6retagsl\u00e5n kan anv\u00e4ndas som ett kapitaltillskott till ordinarie verksamhet, f\u00f6r investeringar, f\u00f6rv\u00e4rv eller tillv\u00e4xt.<\/p>\n<p><span style=\"color: #f4f4f4;\"><strong><a class=\"btn btn-theme-primary btn-lg\" style=\"color: #f4f4f4;\" title=\"\u27a4 Corpia - l\u00e5n\" href=\"https:\/\/firmalan.com\/sv\/go\/corpia\/\" target=\"_blank\" rel=\"nofollow noopener noreferrer\">\u27a4 Ans\u00f6k om Corpia F\u00f6retagsl\u00e5n<\/a><\/strong><\/span><\/p>\n<\/div>\n<\/div>\n<\/div>\n<div class=\"section-color\">\n<div class=\"row\">\n<div class=\"feature-item col-lg-6 col-sm-6 wow slideInUp\">\n<p class=\"kapitel\">F\u00f6retagsl\u00e5n<\/p>\n<ul id=\"navlist\">\n<li>Belopp: 100.000-2.000.000 kr<\/li>\n<li>L\u00f6ptid: 1-36 m\u00e5n<\/li>\n<li>R\u00e4ntesats: 8-12% *varierar<\/li>\n<\/ul>\n<\/div>\n<div class=\"feature-item col-lg-6 col-sm-6 wow slideInUp\">\n<p class=\"kapitel\">Ans\u00f6kan<\/p>\n<ul id=\"navlist\">\n<li>Ans\u00f6k direkt online med BankID<\/li>\n<li>Handl\u00e4ggningstid 1-2 dagar.<\/li>\n<li>Inga krav p\u00e5 personlig borgen.<\/li>\n<\/ul>\n<\/div>\n<\/div>\n<\/div>\n<p><span style=\"color: #00529c; font-size: 16pt;\">Villkor:<\/span><\/p>\n<table>\n<tbody>\n<tr>\n<td bgcolor=\"#000\"><span style=\"color: #ffffff;\">R\u00e4nta<\/span><\/td>\n<td>ex. 8% (effektiv r\u00e4nta 10%) *varierar<\/td>\n<\/tr>\n<tr>\n<td bgcolor=\"#000\"><span style=\"color: #ffffff;\">Uppl\u00e4ggningsavgift<\/span><\/td>\n<td>2% av l\u00e5nebeloppet, \u00e4r inkluderad i r\u00e4ntesatsen.<\/td>\n<\/tr>\n<tr>\n<td bgcolor=\"#000\"><span style=\"color: #ffffff;\">Borgens\u00e5tagande<\/span><\/td>\n<td>Borgens\u00e5taganden alternativt s\u00e4kerhet i fastighet eller f\u00f6retagshypotek.<\/td>\n<\/tr>\n<tr>\n<td bgcolor=\"#000\"><span style=\"color: #ffffff;\">F\u00f6rtidsinl\u00f6sen<\/span><\/td>\n<td>I normalfallet m\u00e5nadsvis amortering, kontakta Corpia f\u00f6r f\u00f6rtidsinl\u00f6sen.<\/td>\n<\/tr>\n<tr>\n<td bgcolor=\"#000\"><span style=\"color: #ffffff;\">Betalningsanm\u00e4rkning<\/span><\/td>\n<td>Ingen uppgift.<\/td>\n<\/tr>\n<\/tbody>\n<\/table>\n<p><span style=\"color: #00529c; font-size: 16pt;\">Krav p\u00e5 f\u00f6retag som s\u00f6ker:<\/span><\/p>\n<table>\n<tbody>\n<tr>\n<td bgcolor=\"#000\"><span style=\"color: #ffffff;\">Oms\u00e4ttning<\/span><\/td>\n<td>Mint 2 miljoner i oms\u00e4ttning.<\/td>\n<\/tr>\n<tr>\n<td bgcolor=\"#000\"><span style=\"color: #ffffff;\">Historik<\/span><\/td>\n<td>Minst ett \u00e5rsbokslut registrerat. Slagningar mot s\u00e4rskilda register kommer g\u00f6ras f\u00f6r att g\u00e5 igenom vilka kreditrisker som f\u00f6religger.<\/td>\n<\/tr>\n<tr>\n<td bgcolor=\"#000\"><span style=\"color: #ffffff;\">\u00c4garskap<\/span><\/td>\n<td>Endast f\u00f6r aktiebolag. Ans\u00f6kan kan uppr\u00e4ttas av VD eller annan firmatecknare.<\/td>\n<\/tr>\n<tr>\n<td bgcolor=\"#000\"><span style=\"color: #ffffff;\">F\u00f6retagsadress<\/span><\/td>\n<td>Etablerat som aktiebolag i Sverige.<\/td>\n<\/tr>\n<\/tbody>\n<\/table>\n<p><span style=\"color: #00529c; font-size: 16pt;\">F\u00f6ljande information\/dokumentation kan beh\u00f6vas:<\/span><\/p>\n<ul>\n<li>Ledande roll i f\u00f6retaget, s\u00e5 som att \u00e4r man \u00e4r VD, styrelsemedlem eller suppleant i styrelsen<\/li>\n<li>Du skall ha namnteckningsr\u00e4tt i f\u00f6retaget ensam eller tillsammans annan person<\/li>\n<li>Registreringsbevis<\/li>\n<li>\u00c4garstrukturen, organisationsstruktur<\/li>\n<li>Balansr\u00e4kning<\/li>\n<li>Budget<\/li>\n<li>\u00c5rsredovisningar<\/li>\n<li>Bankkonto i svensk bank<\/li>\n<li>BankID<\/li>\n<\/ul>\n<p>Ans\u00f6kan om <strong>f\u00f6retagsl\u00e5n kan uppr\u00e4ttas direkt online i fem steg<\/strong> av svenska aktiebolag d\u00e4r firma\u00e4gare eller annan f\u00f6retagsledare har mandat fr\u00e5n styrelsen:<\/p>\n<div class=\"numberlist\">\n<ol>\n<li>V\u00e4lj \u00f6nskat belopp och \u00e5terbetalningstid, bekr\u00e4fta din identitet med BankID.<\/li>\n<li>S\u00e4nd in efterfr\u00e5gade uppgifter om f\u00f6retagets ekonomi.<\/li>\n<li>Fyll i aktuella kontaktuppgifter.<\/li>\n<li>V\u00e4lj \u00f6nskade s\u00e4kerheter f\u00f6r l\u00e5net i form av fastighet, f\u00f6retagshypotek och borgens\u00e5taganden.<\/li>\n<li>G\u00e5 igenom hela ans\u00f6kan igen och korrigera eventuella fel f\u00f6r att snabba p\u00e5 behandlingen.<\/li>\n<\/ol>\n<\/div>\n<p>Behandlingstiden efter att en fullst\u00e4ndig och underskriven ans\u00f6kan skickas in \u00e4r ca 1-2 dagar. Corpia tar UC och kan eventuellt \u00e4ven anv\u00e4nda annat kompletterande kreditupplysningsf\u00f6retag. anv\u00e4nder<\/p>\n<p>Notera att Corpia tar ut en uppl\u00e4ggningsavgift p\u00e5 2% av l\u00e5nebeloppet. Ut\u00f6ver denna kostnader tillkommer \u00e4ven r\u00e4nta. Skulle du \u00e5ngra din l\u00e5neans\u00f6kan, kontakta d\u00e5 Corpia f\u00f6r att hitta en l\u00f6sning.<\/p>\n<p>Corpia Group AB har funnits sedan 2012 och \u00e4r finansiella r\u00e5dgivare som kombinerar r\u00e5dgivning med f\u00f6rmedling av finansiering.<\/p>\n<hr \/>\n<p>&nbsp;<\/p>\n<h4>\u00d6PPETTIDER KUNDTJ\u00c4NST:<\/h4>\n<table class=\"table table-striped\" border=\"0\">\n<tbody>\n<tr>\n<td valign=\"top\" width=\"150\">M\u00e5ndag \u2013 Fredag<\/td>\n<td valign=\"top\" width=\"100\">Ingen uppgift<\/td>\n<\/tr>\n<tr>\n<td valign=\"top\" width=\"150\">L\u00f6rdag<\/td>\n<td valign=\"top\" width=\"100\">St\u00e4ngt<\/td>\n<\/tr>\n<tr>\n<td valign=\"top\" width=\"150\">S\u00f6ndag<\/td>\n<td valign=\"top\" width=\"100\">St\u00e4ngt<\/td>\n<\/tr>\n<\/tbody>\n<\/table>\n<blockquote><p>Telefon:08-42003831<br \/>\nE-mail: <a href=\"mailto:kundtjanst@corpia.se\">kundtjanst@corpia.se.<\/a><\/p><\/blockquote>\n<blockquote class=\"theme\"><p>Corpia Group AB<\/p>\n<h4>ADRESS:<\/h4>\n<p>Kungsgatan 10<br \/>\n111 43 Stockholm<br \/>\nOrg. nr: 559060-1919<\/p><\/blockquote>\n","protected":false},"excerpt":{"rendered":"<p>Corpia \u00e4r sedan 2012 en marknadsplats f\u00f6r l\u00e5n, d\u00e4r l\u00e5ntagare i form av svenska mindre till medelstora aktiebolag paras ihop med l\u00e4mpliga investerare i form av huvudsakligen privatpersoner kombinerat med &#8230;<\/p>\n","protected":false},"author":1,"featured_media":1051,"parent":164,"menu_order":11,"comment_status":"closed","ping_status":"closed","template":"","meta":{"footnotes":""},"class_list":["post-1049","page","type-page","status-publish","has-post-thumbnail","hentry"],"_links":{"self":[{"href":"https:\/\/firmalan.com\/sv\/wp-json\/wp\/v2\/pages\/1049","targetHints":{"allow":["GET"]}}],"collection":[{"href":"https:\/\/firmalan.com\/sv\/wp-json\/wp\/v2\/pages"}],"about":[{"href":"https:\/\/firmalan.com\/sv\/wp-json\/wp\/v2\/types\/page"}],"author":[{"embeddable":true,"href":"https:\/\/firmalan.com\/sv\/wp-json\/wp\/v2\/users\/1"}],"replies":[{"embeddable":true,"href":"https:\/\/firmalan.com\/sv\/wp-json\/wp\/v2\/comments?post=1049"}],"version-history":[{"count":10,"href":"https:\/\/firmalan.com\/sv\/wp-json\/wp\/v2\/pages\/1049\/revisions"}],"predecessor-version":[{"id":2220,"href":"https:\/\/firmalan.com\/sv\/wp-json\/wp\/v2\/pages\/1049\/revisions\/2220"}],"up":[{"embeddable":true,"href":"https:\/\/firmalan.com\/sv\/wp-json\/wp\/v2\/pages\/164"}],"wp:featuredmedia":[{"embeddable":true,"href":"https:\/\/firmalan.com\/sv\/wp-json\/wp\/v2\/media\/1051"}],"wp:attachment":[{"href":"https:\/\/firmalan.com\/sv\/wp-json\/wp\/v2\/media?parent=1049"}],"curies":[{"name":"wp","href":"https:\/\/api.w.org\/{rel}","templated":true}]}}