{"id":1033,"date":"2018-12-14T12:00:00","date_gmt":"2018-12-14T11:00:00","guid":{"rendered":"https:\/\/firmalan.com\/sv\/?page_id=1033"},"modified":"2018-12-14T13:40:43","modified_gmt":"2018-12-14T12:40:43","slug":"sparbankerna","status":"publish","type":"page","link":"https:\/\/firmalan.com\/sv\/sparbankerna\/","title":{"rendered":"Sparbankerna"},"content":{"rendered":"<p>Sparbankernas riksf\u00f6rbund \u00e4r en samlingsorganisation och representant f\u00f6r 59 av Sveriges 60 lokala\/regionala sparbanker. Sparbankerna och Swedbank har en l\u00e5ng historia ihop och den f\u00f6rstn\u00e4mnda \u00e4ger drygt 10% av Swedbank, d\u00e4rut\u00f6ver finns m\u00e5nga gemensam samarbetsavtal och tekniska\/IT-l\u00f6sningar p\u00e5 plats som g\u00f6r det m\u00f6jligt f\u00f6r bankerna synka sina verksamheter med varandra. Det t\u00e4ta samarbetet blev \u00e4n t\u00e4tare 1997 i och med fusionen mellan Sparbanken Sverige och F\u00f6reningsbanken som ledde till bildandet av F\u00f6reningssparbanken, nuvarande Swedbank.<\/p>\n<p>Flera av tj\u00e4nsterna hos de frist\u00e5ende sparbankerna liknar Swedbanks uppl\u00e4gg, men lokala variationer kan f\u00f6rekomma b\u00e5de vad g\u00e4ller tj\u00e4nsters inneh\u00e5ll och dess priser.<\/p>\n<p>F\u00f6ljande Sparbanker ing\u00e5r i riksf\u00f6rbundet:<\/p>\n<ul>\n<li>Bergslagens Sparbank AB<\/li>\n<li>Bjurs\u00e5s Sparbank<\/li>\n<li>Dalslands Sparbank<\/li>\n<li>Ekeby Sparbank<\/li>\n<li>Falkenbergs Sparbank<\/li>\n<li>Fryksdalens Sparbank<\/li>\n<li>H\u00e4lsinglands Sparbank<\/li>\n<li>H\u00e4radssparbanken M\u00f6nster\u00e5s<\/li>\n<li>H\u00f6gsby Sparbank<\/li>\n<li>Ivetofta Sparbank i Brom\u00f6lla<\/li>\n<li>Kinda\u2013Ydre Sparbank<\/li>\n<li>Laholms Sparbank<\/li>\n<li>Lekebergs Sparbank<\/li>\n<li>Leksands Sparbank<\/li>\n<li>L\u00f6nneberga-Tuna-Vena Sparbank<\/li>\n<li>Markaryds Sparbank<\/li>\n<li>Mj\u00f6b\u00e4cks Sparbank<\/li>\n<li>Norrb\u00e4rke Sparbank<\/li>\n<li>N\u00e4rs Sparbank<\/li>\n<li>Orusts Sparbank<\/li>\n<li>Roslagens Sparbank<\/li>\n<li>Sala Sparbank<\/li>\n<li>Sidensj\u00f6 Sparbank<\/li>\n<li>Skurups Sparbank<\/li>\n<li>Snapphanebygdens Sparbank<\/li>\n<li>Sparbanken Alings\u00e5s AB<\/li>\n<li>Sparbanken Boken<\/li>\n<li>Sparbanken Eken AB<\/li>\n<li>Sparbanken Gotland<\/li>\n<li>Sparbanken G\u00f6inge AB<\/li>\n<li>Sparbanken i Enk\u00f6ping<\/li>\n<li>Sparbanken i Karlshamn<\/li>\n<li>Sparbanken Lidk\u00f6ping AB<\/li>\n<li>Sparbanken Nord<\/li>\n<li>Sparbanken Rekarne AB<\/li>\n<li>Sparbanken Sjuh\u00e4rad AB<\/li>\n<li>Sparbanken Skaraborg AB<\/li>\n<li>Sparbanken Sk\u00e5ne AB<\/li>\n<li>Sparbanken Tanum<\/li>\n<li>Sparbanken Tranemo<\/li>\n<li>Sparbanken V\u00e4stra M\u00e4lardalen<\/li>\n<li>S\u00f6dra Dalarnas Sparbank<\/li>\n<li>S\u00f6dra Hestra Sparbank<\/li>\n<li>S\u00f6lvesborg Mj\u00e4llby Sparbank<\/li>\n<li>S\u00f6rmlands Sparbank<\/li>\n<li>Tidaholms Sparbank<\/li>\n<\/ul>\n","protected":false},"excerpt":{"rendered":"<p>Sparbankernas riksf\u00f6rbund \u00e4r en samlingsorganisation och representant f\u00f6r 59 av Sveriges 60 lokala\/regionala sparbanker. Sparbankerna och Swedbank har en l\u00e5ng historia ihop och den f\u00f6rstn\u00e4mnda \u00e4ger drygt 10% av Swedbank, &#8230;<\/p>\n","protected":false},"author":1,"featured_media":1035,"parent":0,"menu_order":0,"comment_status":"closed","ping_status":"closed","template":"","meta":{"footnotes":""},"class_list":["post-1033","page","type-page","status-publish","has-post-thumbnail","hentry"],"_links":{"self":[{"href":"https:\/\/firmalan.com\/sv\/wp-json\/wp\/v2\/pages\/1033","targetHints":{"allow":["GET"]}}],"collection":[{"href":"https:\/\/firmalan.com\/sv\/wp-json\/wp\/v2\/pages"}],"about":[{"href":"https:\/\/firmalan.com\/sv\/wp-json\/wp\/v2\/types\/page"}],"author":[{"embeddable":true,"href":"https:\/\/firmalan.com\/sv\/wp-json\/wp\/v2\/users\/1"}],"replies":[{"embeddable":true,"href":"https:\/\/firmalan.com\/sv\/wp-json\/wp\/v2\/comments?post=1033"}],"version-history":[{"count":3,"href":"https:\/\/firmalan.com\/sv\/wp-json\/wp\/v2\/pages\/1033\/revisions"}],"predecessor-version":[{"id":1038,"href":"https:\/\/firmalan.com\/sv\/wp-json\/wp\/v2\/pages\/1033\/revisions\/1038"}],"wp:featuredmedia":[{"embeddable":true,"href":"https:\/\/firmalan.com\/sv\/wp-json\/wp\/v2\/media\/1035"}],"wp:attachment":[{"href":"https:\/\/firmalan.com\/sv\/wp-json\/wp\/v2\/media?parent=1033"}],"curies":[{"name":"wp","href":"https:\/\/api.w.org\/{rel}","templated":true}]}}