{"id":1031,"date":"2018-12-13T14:53:39","date_gmt":"2018-12-13T13:53:39","guid":{"rendered":"https:\/\/firmalan.com\/sv\/?page_id=1031"},"modified":"2019-11-20T19:36:15","modified_gmt":"2019-11-20T18:36:15","slug":"foretagssparande","status":"publish","type":"page","link":"https:\/\/firmalan.com\/sv\/foretagssparande\/","title":{"rendered":"F\u00f6retagssparande"},"content":{"rendered":"<p>Sedan ett par \u00e5r tillbaka i tiden ger m\u00e5nga banker inte n\u00e5gon som helst r\u00e4nta p\u00e5 sparkonton. Detta drabbar inte minst f\u00f6retag som periodvis bygger upp stora kapitaltillg\u00e5ngar exempelvis i tider av h\u00f6gkonjunktur. I regel l\u00f6nar sig det visserligen b\u00e4st att \u00e5terinvestera eventuell vinst i verksamheten, men det \u00e4r inte alltid l\u00e4ge att utveckla eller investera i bolaget, d\u00e5 vill man ist\u00e4llet f\u00f6rvalta \u00f6verskottet s\u00e5 bra det bara g\u00e5r.<\/p>\n<p>H\u00e4r kan du se vilken r\u00e4nta olika banker och sparinstitut erbjuder och komma ig\u00e5ng med f\u00f6retagssparandet. J\u00e4mf\u00f6r sparkonton f\u00f6r f\u00f6retag, placeringskonto med fast r\u00e4nta samt andra investeringsm\u00f6jligheter s\u00e5 som P2P-utl\u00e5ning:<\/p>\n","protected":false},"excerpt":{"rendered":"<p>Sedan ett par \u00e5r tillbaka i tiden ger m\u00e5nga banker inte n\u00e5gon som helst r\u00e4nta p\u00e5 sparkonton. Detta drabbar inte minst f\u00f6retag som periodvis bygger upp stora kapitaltillg\u00e5ngar exempelvis i &#8230;<\/p>\n","protected":false},"author":1,"featured_media":0,"parent":0,"menu_order":0,"comment_status":"closed","ping_status":"closed","template":"","meta":{"footnotes":""},"class_list":["post-1031","page","type-page","status-publish","hentry"],"_links":{"self":[{"href":"https:\/\/firmalan.com\/sv\/wp-json\/wp\/v2\/pages\/1031","targetHints":{"allow":["GET"]}}],"collection":[{"href":"https:\/\/firmalan.com\/sv\/wp-json\/wp\/v2\/pages"}],"about":[{"href":"https:\/\/firmalan.com\/sv\/wp-json\/wp\/v2\/types\/page"}],"author":[{"embeddable":true,"href":"https:\/\/firmalan.com\/sv\/wp-json\/wp\/v2\/users\/1"}],"replies":[{"embeddable":true,"href":"https:\/\/firmalan.com\/sv\/wp-json\/wp\/v2\/comments?post=1031"}],"version-history":[{"count":5,"href":"https:\/\/firmalan.com\/sv\/wp-json\/wp\/v2\/pages\/1031\/revisions"}],"predecessor-version":[{"id":2079,"href":"https:\/\/firmalan.com\/sv\/wp-json\/wp\/v2\/pages\/1031\/revisions\/2079"}],"wp:attachment":[{"href":"https:\/\/firmalan.com\/sv\/wp-json\/wp\/v2\/media?parent=1031"}],"curies":[{"name":"wp","href":"https:\/\/api.w.org\/{rel}","templated":true}]}}