{"id":103,"date":"2017-04-08T19:17:56","date_gmt":"2017-04-08T19:17:56","guid":{"rendered":"https:\/\/firmalan.com\/sv\/?page_id=103"},"modified":"2020-11-25T23:50:56","modified_gmt":"2020-11-25T22:50:56","slug":"om-oss","status":"publish","type":"page","link":"https:\/\/firmalan.com\/sv\/om-oss\/","title":{"rendered":"Information om Nordiska Firmal\u00e5n"},"content":{"rendered":"<p>De flesta f\u00f6retagare hamnar f\u00f6rr eller senare i en situation d\u00e4r man beh\u00f6ver g\u00f6ra investeringar f\u00f6r att kunna forts\u00e4tta expandera verksamheten. Inte s\u00e4llan saknas tillr\u00e4ckligt eget kapital i f\u00f6retaget vilket g\u00f6r att man beh\u00f6ver finansiera satsningarna med pengar utifr\u00e5n.<\/p>\n<p><strong>Nordiska firmal\u00e5n erbjuder frist\u00e5ende och oberoende information och konsumentv\u00e4gledning inom f\u00f6retagsfinansiering<\/strong>. Vi granskar en m\u00e4ngd olika l\u00e5nem\u00f6jligheter f\u00f6r f\u00f6retag och j\u00e4mf\u00f6r villkor, pris och krav hos banker och kreditmarknadsf\u00f6retag. Samtliga kreditgivare som ing\u00e5r i v\u00e5ra j\u00e4mf\u00f6relser st\u00e5r under Finansinspektionens tillsyn och f\u00f6ljer svensk lag och praxis.<\/p>\n<h3>Vem v\u00e4nder vi oss till?<\/h3>\n<p>Idag finns det omkring 1.000.000 registrerade f\u00f6retag i Sverige. Merparten av dessa \u00e4r enskilda firmor och sm\u00e5 aktiebolag. M\u00e5nga av dessa bolag beh\u00f6ver f\u00f6rr eller senare ta in kapital utifr\u00e5n f\u00f6r att kunna v\u00e4xa. M\u00f6jligheterna att f\u00e5 bankl\u00e5n till f\u00f6retaget \u00e4r numera ofta begr\u00e4nsade, d\u00e4rf\u00f6r finns det idag ett antal kreditmarknadsf\u00f6retag som erbjuder f\u00f6retagsl\u00e5n men ocks\u00e5 annan f\u00f6retagsfinansiering s\u00e5 som leasing, fakturak\u00f6p, fakturabel\u00e5ning eller crowdfunding.<\/p>\n<h3>S\u00e5 arbetar vi<\/h3>\n<p>Firmal\u00e5n str\u00e4var efter att alltid h\u00e5lla informationen p\u00e5 v\u00e5ra hemsidor aktuell och uppdaterar d\u00e4rf\u00f6r materialet regelbundet. Likas\u00e5 kommer nya l\u00e5n fortl\u00f6pande l\u00e4ggas till i v\u00e5r databas. D\u00e4remot kan vi inte garantera att alla data alltid \u00e4r aktuell och ibland kan det \u00e4ven smyga sig in fel, d\u00e4rf\u00f6r vill vi p\u00e5minna er om att alltid noga l\u00e4sa igenom eventuella avtal innan ni tecknar l\u00e5n.<\/p>\n<p>Sajten Firmalan.com \u00e4gs och drivs frist\u00e5ende fr\u00e5n banker och kreditgivare, vilket inneb\u00e4r att eventuella avtal som sluts genom l\u00e4nkar fr\u00e5n v\u00e5r sida uppr\u00e4ttas direkt mellan f\u00f6retagaren och l\u00e5ngivaren och Nordiska Firmal\u00e5n har ingen del i dessa avtal.<\/p>\n<h3>Teknologi<\/h3>\n<p>Webbtj\u00e4nsten Firmal\u00e5n \u00e4r flerspr\u00e5kig och finns i dagsl\u00e4get p\u00e5 engelska, svenska, norska, danska och finska. Hemsidan \u00e4r byggd i html och php och drivs med den senaste WordPress-versionen.<\/p>\n","protected":false},"excerpt":{"rendered":"<p>De flesta f\u00f6retagare hamnar f\u00f6rr eller senare i en situation d\u00e4r man beh\u00f6ver g\u00f6ra investeringar f\u00f6r att kunna forts\u00e4tta expandera verksamheten. Inte s\u00e4llan saknas tillr\u00e4ckligt eget kapital i f\u00f6retaget vilket &#8230;<\/p>\n","protected":false},"author":1,"featured_media":0,"parent":0,"menu_order":0,"comment_status":"open","ping_status":"closed","template":"","meta":{"footnotes":""},"class_list":["post-103","page","type-page","status-publish","hentry"],"_links":{"self":[{"href":"https:\/\/firmalan.com\/sv\/wp-json\/wp\/v2\/pages\/103","targetHints":{"allow":["GET"]}}],"collection":[{"href":"https:\/\/firmalan.com\/sv\/wp-json\/wp\/v2\/pages"}],"about":[{"href":"https:\/\/firmalan.com\/sv\/wp-json\/wp\/v2\/types\/page"}],"author":[{"embeddable":true,"href":"https:\/\/firmalan.com\/sv\/wp-json\/wp\/v2\/users\/1"}],"replies":[{"embeddable":true,"href":"https:\/\/firmalan.com\/sv\/wp-json\/wp\/v2\/comments?post=103"}],"version-history":[{"count":5,"href":"https:\/\/firmalan.com\/sv\/wp-json\/wp\/v2\/pages\/103\/revisions"}],"predecessor-version":[{"id":2393,"href":"https:\/\/firmalan.com\/sv\/wp-json\/wp\/v2\/pages\/103\/revisions\/2393"}],"wp:attachment":[{"href":"https:\/\/firmalan.com\/sv\/wp-json\/wp\/v2\/media?parent=103"}],"curies":[{"name":"wp","href":"https:\/\/api.w.org\/{rel}","templated":true}]}}