{"id":1029,"date":"2018-12-13T14:36:38","date_gmt":"2018-12-13T13:36:38","guid":{"rendered":"https:\/\/firmalan.com\/sv\/?page_id=1029"},"modified":"2019-11-20T19:34:35","modified_gmt":"2019-11-20T18:34:35","slug":"foretagskonto","status":"publish","type":"page","link":"https:\/\/firmalan.com\/sv\/foretagskonto\/","title":{"rendered":"F\u00f6retagskonto"},"content":{"rendered":"<p>Alla de stora bankerna i Sverige samt ett par mindre akt\u00f6rer erbjuder f\u00f6rm\u00e5nliga f\u00f6retagspaket till f\u00f6retagare med registrerad enskilda firma, handelsbolag, aktiebolag samt de flesta andra bolagsformer.\u00a0 I ett f\u00f6retagspaket ing\u00e5r normalt ett dedikerat f\u00f6retagskonto, ett bankgironummer med m\u00f6jlighet att ta emot betalningar samt direkt\u00e5tkomst online via respektive internetbank.<\/p>\n<p>Flera f\u00f6retagsbanker kan \u00e4ven erbjuda sina kunder appar som kan anv\u00e4ndas p\u00e5 mobiler och surfplattor, vilka g\u00e5r att ladda ner fr\u00e5n App Store (Iphone\/Ipad) eller Google play (Android mobiler\/surfplattor).<\/p>\n<p>Vissa mindre\u00a0banker och kreditinstitut erbjuder inte n\u00e5gra paket, ist\u00e4llet kan f\u00f6retag teckna enskilda tj\u00e4nster s\u00e5 som likviditetskonto, placeringskonto eller andra f\u00f6retagskonton b\u00e5de med eller utan r\u00e4nta.<\/p>\n<p>&nbsp;<\/p>\n","protected":false},"excerpt":{"rendered":"<p>Alla de stora bankerna i Sverige samt ett par mindre akt\u00f6rer erbjuder f\u00f6rm\u00e5nliga f\u00f6retagspaket till f\u00f6retagare med registrerad enskilda firma, handelsbolag, aktiebolag samt de flesta andra bolagsformer.\u00a0 I ett f\u00f6retagspaket &#8230;<\/p>\n","protected":false},"author":1,"featured_media":0,"parent":0,"menu_order":0,"comment_status":"closed","ping_status":"closed","template":"template-fullwidth.php","meta":{"footnotes":""},"class_list":["post-1029","page","type-page","status-publish","hentry"],"_links":{"self":[{"href":"https:\/\/firmalan.com\/sv\/wp-json\/wp\/v2\/pages\/1029","targetHints":{"allow":["GET"]}}],"collection":[{"href":"https:\/\/firmalan.com\/sv\/wp-json\/wp\/v2\/pages"}],"about":[{"href":"https:\/\/firmalan.com\/sv\/wp-json\/wp\/v2\/types\/page"}],"author":[{"embeddable":true,"href":"https:\/\/firmalan.com\/sv\/wp-json\/wp\/v2\/users\/1"}],"replies":[{"embeddable":true,"href":"https:\/\/firmalan.com\/sv\/wp-json\/wp\/v2\/comments?post=1029"}],"version-history":[{"count":2,"href":"https:\/\/firmalan.com\/sv\/wp-json\/wp\/v2\/pages\/1029\/revisions"}],"predecessor-version":[{"id":2078,"href":"https:\/\/firmalan.com\/sv\/wp-json\/wp\/v2\/pages\/1029\/revisions\/2078"}],"wp:attachment":[{"href":"https:\/\/firmalan.com\/sv\/wp-json\/wp\/v2\/media?parent=1029"}],"curies":[{"name":"wp","href":"https:\/\/api.w.org\/{rel}","templated":true}]}}