{"id":101,"date":"2017-04-08T19:15:00","date_gmt":"2017-04-08T19:15:00","guid":{"rendered":"https:\/\/firmalan.com\/sv\/?page_id=101"},"modified":"2018-12-08T13:41:24","modified_gmt":"2018-12-08T12:41:24","slug":"kontakt","status":"publish","type":"page","link":"https:\/\/firmalan.com\/sv\/kontakt\/","title":{"rendered":"Kontakt"},"content":{"rendered":"<p>H\u00e4r \u00e4r det m\u00f6jligt att komma i kontakt med oss som driver Firmal\u00e5n.com. Notera att vi inte \u00e4r en l\u00e5ngivare eller erbjuder n\u00e5gon form av egen finansiering till vare sig f\u00f6retag eller privatpersoner. Fr\u00e5gor om banker och enskilda kreditgivare, ber vi er i f\u00f6rsta hand rikta direkt till respektive finansbolag.<\/p>\n<p>&nbsp;<\/p>\n<p>[contact-form-7 id=&#8221;7&#8243; title=&#8221;Kontaktformul\u00e4r 1&#8243;]<\/p>\n","protected":false},"excerpt":{"rendered":"<p>H\u00e4r \u00e4r det m\u00f6jligt att komma i kontakt med oss som driver Firmal\u00e5n.com. Notera att vi inte \u00e4r en l\u00e5ngivare eller erbjuder n\u00e5gon form av egen finansiering till vare sig &#8230;<\/p>\n","protected":false},"author":1,"featured_media":0,"parent":0,"menu_order":0,"comment_status":"open","ping_status":"closed","template":"","meta":{"footnotes":""},"class_list":["post-101","page","type-page","status-publish","hentry"],"_links":{"self":[{"href":"https:\/\/firmalan.com\/sv\/wp-json\/wp\/v2\/pages\/101","targetHints":{"allow":["GET"]}}],"collection":[{"href":"https:\/\/firmalan.com\/sv\/wp-json\/wp\/v2\/pages"}],"about":[{"href":"https:\/\/firmalan.com\/sv\/wp-json\/wp\/v2\/types\/page"}],"author":[{"embeddable":true,"href":"https:\/\/firmalan.com\/sv\/wp-json\/wp\/v2\/users\/1"}],"replies":[{"embeddable":true,"href":"https:\/\/firmalan.com\/sv\/wp-json\/wp\/v2\/comments?post=101"}],"version-history":[{"count":1,"href":"https:\/\/firmalan.com\/sv\/wp-json\/wp\/v2\/pages\/101\/revisions"}],"predecessor-version":[{"id":102,"href":"https:\/\/firmalan.com\/sv\/wp-json\/wp\/v2\/pages\/101\/revisions\/102"}],"wp:attachment":[{"href":"https:\/\/firmalan.com\/sv\/wp-json\/wp\/v2\/media?parent=101"}],"curies":[{"name":"wp","href":"https:\/\/api.w.org\/{rel}","templated":true}]}}