{"id":1002,"date":"2018-12-08T11:50:51","date_gmt":"2018-12-08T10:50:51","guid":{"rendered":"https:\/\/firmalan.com\/sv\/?page_id=1002"},"modified":"2020-06-22T16:19:30","modified_gmt":"2020-06-22T14:19:30","slug":"jamfor-lan","status":"publish","type":"page","link":"https:\/\/firmalan.com\/sv\/lana-pengar\/jamfor-lan\/","title":{"rendered":"J\u00e4mf\u00f6r f\u00f6retagsl\u00e5n"},"content":{"rendered":"<p>Det \u00e4r ganska komplicerat att j\u00e4mf\u00f6ra f\u00f6retagsl\u00e5n r\u00e4nta och kostnad eftersom uppl\u00e4ggen i vissa fall skiljer sig v\u00e4ldigt mycket \u00e5t. F\u00f6retagsl\u00e5n d\u00e4r en fastighet eller maskinutrustning anv\u00e4nds som s\u00e4kerhet har oftast en l\u00e4gre r\u00e4nta j\u00e4mf\u00f6rt med uppl\u00e4gg utan s\u00e4kerhet d\u00e4r en personlig borgen ist\u00e4llet kr\u00e4vs.<\/p>\n<p>En f\u00f6rsv\u00e5rande faktor n\u00e4r man vill j\u00e4mf\u00f6ra f\u00f6retagsl\u00e5n \u00e4r att de ibland l\u00f6per m\u00e5nadsvis likt en kontokredit med m\u00e5nadsr\u00e4nta medan andra avtal l\u00f6per \u00f6ver flera \u00e5r enligt en fast \u00e5rlig r\u00e4nta. Dessutom best\u00e4ms r\u00e4ntesatser i regel individuellt efter kreditpr\u00f6vning, vilket inneb\u00e4r att f\u00f6retag mer eller mindre \u00e4r tvungna att uppr\u00e4tta en ans\u00f6kan och f\u00e5 ett erbjudande med effektiv r\u00e4nta innan det \u00e4r m\u00f6jligt att ber\u00e4kna den faktiska l\u00e5nekostnaden.<\/p>\n<p>P\u00e5 den h\u00e4r sidan har vi sammanst\u00e4llt alla tillg\u00e4ngliga f\u00f6retagsl\u00e5n p\u00e5 den svenska marknaden med ambitionen att erbjuda en oberoende j\u00e4mf\u00f6relse av r\u00e4nta, krav och kostnader. Uppgifterna uppdateras l\u00f6pande men informationen b\u00f6r inte ses som helt\u00e4ckande och villkor kan snabbt f\u00f6r\u00e4ndras d\u00e4rf\u00f6r kan felaktigheter f\u00f6rekomma.<\/p>\n<p>Ist\u00e4llet f\u00f6r att g\u00f6ra ett stort antal ans\u00f6kningar vilket p\u00e5verkar kreditv\u00e4rdigheten negativt, kan en <a href=\"#lanemaklare\">l\u00e5nem\u00e4klare<\/a> j\u00e4mf\u00f6ra flera f\u00f6retagsl\u00e5n p\u00e5 en ans\u00f6kan.<\/p>\n<p>&nbsp;<\/p>\n","protected":false},"excerpt":{"rendered":"<p>Det \u00e4r ganska komplicerat att j\u00e4mf\u00f6ra f\u00f6retagsl\u00e5n r\u00e4nta och kostnad eftersom uppl\u00e4ggen i vissa fall skiljer sig v\u00e4ldigt mycket \u00e5t. F\u00f6retagsl\u00e5n d\u00e4r en fastighet eller maskinutrustning anv\u00e4nds som s\u00e4kerhet har &#8230;<\/p>\n","protected":false},"author":1,"featured_media":0,"parent":164,"menu_order":27,"comment_status":"open","ping_status":"closed","template":"template-fullwidth.php","meta":{"footnotes":""},"class_list":["post-1002","page","type-page","status-publish","hentry"],"_links":{"self":[{"href":"https:\/\/firmalan.com\/sv\/wp-json\/wp\/v2\/pages\/1002","targetHints":{"allow":["GET"]}}],"collection":[{"href":"https:\/\/firmalan.com\/sv\/wp-json\/wp\/v2\/pages"}],"about":[{"href":"https:\/\/firmalan.com\/sv\/wp-json\/wp\/v2\/types\/page"}],"author":[{"embeddable":true,"href":"https:\/\/firmalan.com\/sv\/wp-json\/wp\/v2\/users\/1"}],"replies":[{"embeddable":true,"href":"https:\/\/firmalan.com\/sv\/wp-json\/wp\/v2\/comments?post=1002"}],"version-history":[{"count":17,"href":"https:\/\/firmalan.com\/sv\/wp-json\/wp\/v2\/pages\/1002\/revisions"}],"predecessor-version":[{"id":2277,"href":"https:\/\/firmalan.com\/sv\/wp-json\/wp\/v2\/pages\/1002\/revisions\/2277"}],"up":[{"embeddable":true,"href":"https:\/\/firmalan.com\/sv\/wp-json\/wp\/v2\/pages\/164"}],"wp:attachment":[{"href":"https:\/\/firmalan.com\/sv\/wp-json\/wp\/v2\/media?parent=1002"}],"curies":[{"name":"wp","href":"https:\/\/api.w.org\/{rel}","templated":true}]}}