{"id":99,"date":"2019-03-14T11:55:24","date_gmt":"2019-03-14T10:55:24","guid":{"rendered":"https:\/\/firmalan.com\/no\/?page_id=99"},"modified":"2020-11-28T17:52:40","modified_gmt":"2020-11-28T16:52:40","slug":"factoring","status":"publish","type":"page","link":"https:\/\/firmalan.com\/no\/factoring\/","title":{"rendered":"Factoring"},"content":{"rendered":"<p>N\u00e5r dine kunder ikke betaler sine fakturaer i tide, s\u00e5 finnes det flere muligheter for \u00e5 hjelpe med \u00e5 forhindre en redusert kontantstr\u00f8m p\u00e5 grunn av manglende betaling. Man kan velge \u00e5 selge fakturaen til tilbydere av factoring, men i tillegg kan man velge \u00e5 l\u00e5ne penger p\u00e5 fordringer man har til kunder (fakturabel\u00e5ning).<\/p>\n<p>&nbsp;<\/p>\n<p>Det finnes flere tilbydere av denne typen tjenester, og man b\u00f8r ta seg tiden til \u00e5 finne en tilbyder med gode betingelser. Ved \u00e5 benytte factoring og denne typen alternativer for finansiering kan man slippe en del ulemper.<\/p>\n<p>&nbsp;<\/p>\n<h2>Fakturabel\u00e5ning<\/h2>\n<p>N\u00e5r man har kunder som ikke betaler det de skylder, s\u00e5 betyr ikke dette at man ikke kan beholde likviditeten man trenger for \u00e5 fortsette \u00e5 betale utgifter. Man kan velge \u00e5 bel\u00e5ne fakturaen slik at man ikke trenger \u00e5 vente p\u00e5 betalingen f\u00f8r man har tilgang p\u00e5 pengene.<\/p>\n<p>&nbsp;<\/p>\n<p>Det er mulig \u00e5 benytte seg av flere alternativer n\u00e5r man skal finne beste muligheter for fakturabel\u00e5ning. Man kan l\u00e5ne inntil 90% av fakturabel\u00f8pet fra tilbydere av factoring-tjenester.L\u00e5nebel\u00f8pet\/rente du kan f\u00e5 vil v\u00e6re resultatet av en vurdering av din \u00f8konomiske situasjon og verdien av fakturaene dine.<\/p>\n<div style='display:none'>Adservice Comparison Feed: Could not find feed with ID \"no001\"<\/div>\n<script>console.log('Adservice Comparison Feed: Could not find feed with ID \"no001\"');<\/script>\n","protected":false},"excerpt":{"rendered":"<p>N\u00e5r dine kunder ikke betaler sine fakturaer i tide, s\u00e5 finnes det flere muligheter for \u00e5 hjelpe med \u00e5 forhindre en redusert kontantstr\u00f8m p\u00e5 grunn av manglende betaling. Man kan &#8230;<\/p>\n","protected":false},"author":1,"featured_media":0,"parent":0,"menu_order":0,"comment_status":"closed","ping_status":"closed","template":"","meta":{"footnotes":""},"class_list":["post-99","page","type-page","status-publish","hentry"],"_links":{"self":[{"href":"https:\/\/firmalan.com\/no\/wp-json\/wp\/v2\/pages\/99","targetHints":{"allow":["GET"]}}],"collection":[{"href":"https:\/\/firmalan.com\/no\/wp-json\/wp\/v2\/pages"}],"about":[{"href":"https:\/\/firmalan.com\/no\/wp-json\/wp\/v2\/types\/page"}],"author":[{"embeddable":true,"href":"https:\/\/firmalan.com\/no\/wp-json\/wp\/v2\/users\/1"}],"replies":[{"embeddable":true,"href":"https:\/\/firmalan.com\/no\/wp-json\/wp\/v2\/comments?post=99"}],"version-history":[{"count":3,"href":"https:\/\/firmalan.com\/no\/wp-json\/wp\/v2\/pages\/99\/revisions"}],"predecessor-version":[{"id":238,"href":"https:\/\/firmalan.com\/no\/wp-json\/wp\/v2\/pages\/99\/revisions\/238"}],"wp:attachment":[{"href":"https:\/\/firmalan.com\/no\/wp-json\/wp\/v2\/media?parent=99"}],"curies":[{"name":"wp","href":"https:\/\/api.w.org\/{rel}","templated":true}]}}