{"id":98,"date":"2019-03-14T10:56:26","date_gmt":"2019-03-14T09:56:26","guid":{"rendered":"https:\/\/firmalan.com\/no\/?page_id=98"},"modified":"2020-11-28T17:51:59","modified_gmt":"2020-11-28T16:51:59","slug":"bedriftskort","status":"publish","type":"page","link":"https:\/\/firmalan.com\/no\/bedriftskort\/","title":{"rendered":"Bedriftskort"},"content":{"rendered":"<p>Kredittkort er praktiske \u00e5 bruke for bedriftskunder og for private kunder. I dag kan man faktisk tjene penger hvis man benytter et bedriftskort riktig. Ulempen med kredittkort er at en del personer benytter dem for \u00e5 erstatte bedriftsl\u00e5n, og dette er sjelden l\u00f8nnsomt. Hvis man derimot benytter denne typen kort til \u00e5 gjennomf\u00f8re kj\u00f8p eller utlegg som man \u00f8nsker \u00e5 betale senere eller som man f\u00e5r refundert fra bedriften senere, s\u00e5 vil man ha et praktisk produkt som vil v\u00e6re en fordel for alle. I tillegg har i dag tilbydere av bedriftskort lagt inn muligheter for rabatter ved bruk av kredittkort. Disse kan v\u00e6re i form av billigere drivstoff, eller det kan v\u00e6re i forhold til at man sparer opp poeng til gratis flyreiser. Uansett hvilken rabatt man kan oppn\u00e5, s\u00e5 vil man med gebyrfrie bedriftskort kunne oppn\u00e5 \u00e5 spare penger ved \u00e5 benytte disse.<\/p>\n<h3><\/h3>\n<div style='display:none'>Adservice Comparison Feed: Could not find feed with ID \"no002\"<\/div>\n<script>console.log('Adservice Comparison Feed: Could not find feed with ID \"no002\"');<\/script>\n<h3>Kredittkort for bedrift<\/h3>\n<p><strong>IKEA Bedriftskonto<\/strong><\/p>\n<ul>\n<li>Inntil 300 000 kroner i kredittramme.<\/li>\n<li>Ingen \u00e5rsavgiften<\/li>\n<li>Ingen etableringsgebyr<\/li>\n<li>S\u00f8ke om opptil 10 kort p\u00e5 samme kundenummer<\/li>\n<li>samarbeidsavtale med <a href=\"https:\/\/firmalan.com\/no\/ikano-bank\/\">Ikano Bank<\/a><\/li>\n<\/ul>\n<p><strong>Coop Bedriftskort<\/strong><\/p>\n<ul>\n<li>Inntil 300 000 kroner i kredittramme<\/li>\n<li>32 dagers betalingsfrist<\/li>\n<li>5% rabatt p\u00e5 mobilabonnement hos Dipper<\/li>\n<li>Drivstoffrabatt<\/li>\n<li>rabatt p\u00e5 en mengde varer hos Maske AS<\/li>\n<li>samarbeidsavtale med Ikano Bank<\/li>\n<\/ul>\n<p><strong>Ikano VISA<\/strong> (privat ansvar for innkj\u00f8p til bedriften)<\/p>\n<ul>\n<li>Inntil 100 000 kroner i kredittramme.<\/li>\n<li>1% rabatt p\u00e5 alle bensinstasjoner<\/li>\n<li>1% fast rabatt p\u00e5 mat- og dagligvarer<\/li>\n<li>2% rabatt p\u00e5 Shell-stasjoner<\/li>\n<li>10% rabatt p\u00e5 leiebil fra Rentalcars.com<\/li>\n<li>Opptil 50 dagers rentefri kreditt<\/li>\n<\/ul>\n<p><img loading=\"lazy\" decoding=\"async\" class=\"alignnone size-full wp-image-101\" src=\"https:\/\/firmalan.com\/no\/wp-content\/uploads\/2019\/03\/bedriftskort-ikano-bank.jpeg\" alt=\"\" width=\"282\" height=\"179\" \/><\/p>\n<p>Renteeksempel: Eff.rente 21,92 %, 20 000 o\/12 mnd. Kostnad: 2 102, totalt 22 102.<br \/>\n<a class=\"btn btn-theme-primary btn-lg\" href=\"https:\/\/firmalan.com\/no\/lane-penger\/005-visa-kort\/\" target=\"_blank\" rel=\"nofollow noopener noreferrer\">Se tilbud<\/a><br \/>\n<em>Annonselenke<\/em><\/p>\n<p><strong>Mastercard\u00ae BusinessCard<br \/>\n<\/strong>F\u00f8lgende kortutstedere i Norge tilbyr Mastercard-kort: Handelsbanken,Ikano Bank,Komplett Bank,Nordea,N\u00e6ringsbanken,Resurs Bank,SEB,Sparebank1,Storebrand Bank.<\/p>\n<ul>\n<li>Inntil 45 dager rentefri kreditt og fleksibel nedbetaling av faktura<\/li>\n<li>God reiseforsikring i kortet<\/li>\n<li>Valg mellom firmaansvar (krav om 3 \u00e5rs regnskap) og privat ansvar<\/li>\n<li>Velg mellom 15, 20 eller 30 forfallsdager<\/li>\n<li>\u00c5rspris omtrent 200-300 kroner<\/li>\n<\/ul>\n<p><strong>Eurocard Corporate Gold\/Platinum<\/strong><\/p>\n<ul>\n<li>Ingen \u00f8vre kj\u00f8psgrense<\/li>\n<li>Tilgang til lounger<\/li>\n<li>Reiseforsikring p\u00e5 kj\u00f8pet<\/li>\n<\/ul>\n<p>Velge mellom kredittkort med privat ansvar og bedriftsansvar. Ansvarsforhold referer til hvem som har skyld og st\u00e5r i ansvar p\u00e5 grunn av hans\/hennes handlinger. For bedriftskort med privat ansvar gjelder, er det kortholder som er juridisk ansvarlig for all bruk av kortet. For kredittkort med bedriftsansvar er det bedriften som er juridisk ansvarlig for all bruk av kortet og kredittgrensen er basert p\u00e5 bedriftens betalingsevne.<\/p>\n<h3>Bensinkort<\/h3>\n<p><strong>Circle K Firmakort<\/strong><\/p>\n<ul>\n<li>Rabatt p\u00e5 besin per liter drivstoff<\/li>\n<li>Hver 6 bilvask er gratis<\/li>\n<\/ul>\n<p><strong>ESSO CARD drivstoffkort for firmabil<\/strong><\/p>\n<ul>\n<li>40 \u00f8re rabatt p\u00e5 pumpepris per liter drivstoff<\/li>\n<\/ul>\n<p><strong>YX\/Uno-X Firmakort<\/strong><\/p>\n<ul>\n<li>Rabatt p\u00e5 pumpepris<\/li>\n<li>Over 370 stasjoner i Norge<\/li>\n<li>Kan ogs\u00e5 benyttes p\u00e5 Preem stasjoner i Sverige<\/li>\n<\/ul>\n<p><strong>YX truckkort<\/strong> (tilpasset tungtransport)<\/p>\n<ul>\n<li>Tilgang til over 400 stasjoner i Norge<\/li>\n<li>Rabatt p\u00e5 listepris<\/li>\n<li>Kan ogs\u00e5 benyttes p\u00e5 Preem-stasjoner i Sverige og Uno-X i Danmark<\/li>\n<\/ul>\n<p><strong>Ikano VISA<\/strong> (privat ansvar for innkj\u00f8p til bedriften)<\/p>\n<ul>\n<li>Inntil 100 000 kroner i kredittramme.<\/li>\n<li>1% rabatt p\u00e5 alle bensinstasjoner<\/li>\n<li>2% rabatt p\u00e5 Shell-stasjoner<\/li>\n<li>Opptil 50 dagers rentefri kreditt<\/li>\n<\/ul>\n<p>Renteeksempel: Eff.rente 21,92 %, 20 000 o\/12 mnd. Kostnad: 2 102, totalt 22 102.<br \/>\n<a class=\"btn btn-theme-primary btn-lg\" href=\"https:\/\/firmalan.com\/no\/lane-penger\/005-visa-kort\/\" target=\"_blank\" rel=\"nofollow noopener noreferrer\">Se tilbud<\/a><br \/>\n<em>Annonselenke<\/em><\/p>\n<p><img loading=\"lazy\" decoding=\"async\" class=\"alignnone size-medium wp-image-103\" src=\"https:\/\/firmalan.com\/no\/wp-content\/uploads\/2019\/03\/rabatt-pa-bensin-300x107.jpeg\" alt=\"\" width=\"300\" height=\"107\" srcset=\"https:\/\/firmalan.com\/no\/wp-content\/uploads\/2019\/03\/rabatt-pa-bensin-300x107.jpeg 300w, https:\/\/firmalan.com\/no\/wp-content\/uploads\/2019\/03\/rabatt-pa-bensin.jpeg 376w\" sizes=\"auto, (max-width: 300px) 100vw, 300px\" \/><\/p>\n<p><strong>Coop Firmakort<\/strong><\/p>\n<ul>\n<li>Rabatt p\u00e5 besin per liter drivstoff<\/li>\n<\/ul>\n<h3>Firmakort for innkj\u00f8p\/ bedrifthandel<\/h3>\n<ol>\n<li>Joker bedriftskort leveres av NorgesGruppen Finans AS<\/li>\n<li>KIWI\/NorgesGruppen Bedriftskort leveres av NorgesGruppen Betalingstjenester AS<\/li>\n<li>MENY\/NorgesGruppen Bedriftskort leveres av NorgesGruppen Betalingstjenester AS<\/li>\n<li>REMA 1000 i <span class=\"st\">samarbeid med Danske Bank<\/span><\/li>\n<li>SPAR og EUROSPAR <span class=\"st\">leveres av NorgesGruppen Finans AS<\/span><\/li>\n<\/ol>\n<h2>Kredittkort i forhold til forbruksl\u00e5n<\/h2>\n<p>I nesten alle tilfeller vil det v\u00e6re billigere \u00e5 benytte seg av et forbruksl\u00e5n i stedet for \u00e5 l\u00e5ne penger med et kredittkort. Effektive renter p\u00e5 et kredittkort kan v\u00e6re fra 25% til 40% per \u00e5r, mens de dyreste forbruksl\u00e5nene vanligvis ligger rundt 20%. Dette med unntak av mikrol\u00e5n som kan v\u00e6re dyrere enn kredittkort. Ved \u00e5 benytte alternativer for refinansiering hvor man vurderer betingelser fra flere tilbydere, kan man spare mye p\u00e5 refinansiering av gamle l\u00e5n. Hvis man skal finne de beste betingelsene for en refinansiering, s\u00e5 kan det v\u00e6re hvis man vurderer muligheter for \u00e5 refinansiere ved hjelp av bedriftsl\u00e5n.<\/p>\n<p>Betingelser p\u00e5 forskjellige forbruksl\u00e5n kan variere en god del fra markedsf\u00f8rte renter for de tilbyderne som ikke tilpasser prisene sine til markedet for l\u00e5n uten sikkerhet. Man kan ta opp st\u00f8rre l\u00e5n <span class=\"st\">hvis man kan tilby sikkerhet i bolig eller for eksempel i et varelager man har i bedriften.<\/span><\/p>\n","protected":false},"excerpt":{"rendered":"<p>Kredittkort er praktiske \u00e5 bruke for bedriftskunder og for private kunder. I dag kan man faktisk tjene penger hvis man benytter et bedriftskort riktig. Ulempen med kredittkort er at en &#8230;<\/p>\n","protected":false},"author":1,"featured_media":0,"parent":0,"menu_order":0,"comment_status":"closed","ping_status":"closed","template":"","meta":{"footnotes":""},"class_list":["post-98","page","type-page","status-publish","hentry"],"_links":{"self":[{"href":"https:\/\/firmalan.com\/no\/wp-json\/wp\/v2\/pages\/98","targetHints":{"allow":["GET"]}}],"collection":[{"href":"https:\/\/firmalan.com\/no\/wp-json\/wp\/v2\/pages"}],"about":[{"href":"https:\/\/firmalan.com\/no\/wp-json\/wp\/v2\/types\/page"}],"author":[{"embeddable":true,"href":"https:\/\/firmalan.com\/no\/wp-json\/wp\/v2\/users\/1"}],"replies":[{"embeddable":true,"href":"https:\/\/firmalan.com\/no\/wp-json\/wp\/v2\/comments?post=98"}],"version-history":[{"count":7,"href":"https:\/\/firmalan.com\/no\/wp-json\/wp\/v2\/pages\/98\/revisions"}],"predecessor-version":[{"id":237,"href":"https:\/\/firmalan.com\/no\/wp-json\/wp\/v2\/pages\/98\/revisions\/237"}],"wp:attachment":[{"href":"https:\/\/firmalan.com\/no\/wp-json\/wp\/v2\/media?parent=98"}],"curies":[{"name":"wp","href":"https:\/\/api.w.org\/{rel}","templated":true}]}}