{"id":92,"date":"2018-12-19T09:39:18","date_gmt":"2018-12-19T08:39:18","guid":{"rendered":"https:\/\/firmalan.com\/no\/?page_id=92"},"modified":"2020-11-28T17:33:41","modified_gmt":"2020-11-28T16:33:41","slug":"oppstartslan","status":"publish","type":"page","link":"https:\/\/firmalan.com\/no\/oppstartslan\/","title":{"rendered":"Oppstartsl\u00e5n"},"content":{"rendered":"<p>N\u00e5r man skal etablere et selskap, eller starte en bedrift, s\u00e5 kan dette ofte v\u00e6re vanskelig uten en eller annen form for finansiering. Heldigvis finnes det mange muligheter for \u00e5 sette en dr\u00f8m ut i livet eller for \u00e5 markedsf\u00f8re en god ide som man ellers ikke hadde hatt r\u00e5d til \u00e5 realisere. I Norge har banker hatt en holdning som tilsier at man ikke tar sjanser n\u00e5r man investerer, og det har derfor v\u00e6rt tiln\u00e6rmet umulig for noen \u00e5 starte opp en virksomhet kun med en ide og ingenting annet. Kommer du inn i en bank med en plan for en virksomhet med en konkret plan for l\u00f8nnsomhet, s\u00e5 vil du likevel m\u00e5tte stille med sikkerhet for \u00e5 f\u00e5 tilbud om oppstartsl\u00e5n fra en norsk bank. Selv om bankene ikke endrer denne praksisen da de \u00f8nsker garantert l\u00f8nnsomhet, s\u00e5 har det de siste \u00e5rene dukket opp flere muligheter for \u00e5 kunne sette i gang med noe man har tro p\u00e5 selv om man ikke har sikkerhet. Det vanlige stedet \u00e5 fors\u00f8ke har tidligere v\u00e6rt gjennom bedriftsl\u00e5n, men har du ikke en bolig, et varelager eller liknende som du kan stille som sikkerhet, s\u00e5 er sannsynligheten liten for at du oppn\u00e5r m\u00e5let hvis du ikke stiller med sikkerhet.<\/p>\n<p>Hvis man \u00f8nsker \u00e5 starte opp uten sikkerhet, s\u00e5 finnes det mulighet for \u00e5 benytte seg av forbruksl\u00e5n. Dette kan i dag benyttes til hva som helst, men du trenger \u00e5 kunne vise til at du har en grei \u00f8konomi med inntekt og forholdsvis lite gjeld for \u00e5 kunne f\u00e5 denne typen l\u00e5n. I v\u00e5re naboland har det de siste \u00e5rene dukket opp andre muligheter, som har finnes i andre land som UK og USA i flere \u00e5r, i form av peer-to-peer utl\u00e5n eller folkefinansiering. Dette er muligheter som inneb\u00e6rer at du kan f\u00e5 muligheten til \u00e5 sette en god ide ut i livet ved hjelp av at flere personer investerer mindre bel\u00f8p for at din bedrift skal f\u00e5 de pengene som trengs for \u00e5 kunne tilby det produktet du \u00f8nsker \u00e5 tilby til markedet. Investeringen er enten i form av l\u00e5n, innskudd eller eierandeler i selskapet.<\/p>\n<h3>Benytte bedriftsl\u00e5n i bank<\/h3>\n<p><a href=\"https:\/\/firmalan.com\/no\/\">Bedriftsl\u00e5n<\/a> er den vanligste l\u00f8sningen for \u00e5 finansiere etablering av selskap eller oppstart av bedrift. Banker \u00f8nsker \u00e5 finansiere bedrifter hvis de har tro p\u00e5 at de kan oppn\u00e5 l\u00f8nnsomhet, men de stiller alltid krav til sikkerhet p\u00e5 en eller annen m\u00e5te. Uten sikkerhet s\u00e5 er det ikke mye en ordin\u00e6r bank kan eller \u00f8nsker \u00e5 gj\u00f8re. Norske banker skyr unna det meste av risiko og vil sikre at de f\u00e5r tilbake pengene sine p\u00e5 en eller annen m\u00e5te. Hvis du ikke kan stille med sikkerhet, s\u00e5 er ikke dette l\u00f8sningen for deg uansett hvor god ideen din er.<\/p>\n<h3>Peer-to-peer utl\u00e5n<\/h3>\n<p>En ny mulighet som har dukket opp i det norske markedet, som har eksistert en stund i nabolandene v\u00e5re, er <a href=\"https:\/\/firmalan.com\/no\/folkefinansiering\/\">peer-to-peer l\u00e5nebasert crowdfunding<\/a>. Dette formidles vanligvis via nettsider, og gj\u00f8res ved at man gir investorer og dem som trenger finansiering et sted hvor de kan finne hverandre. Man legger ut en foresp\u00f8rsel om peer-to-peer utl\u00e5n, og s\u00e5 er det opp til investorer hvor mye hver \u00f8nsker \u00e5 l\u00e5ne til ditt prosjekt. Denne typen l\u00e5n tilbakebetales p\u00e5 samme m\u00e5te som et ordin\u00e6rt l\u00e5n, og de som l\u00e5ner deg pengene har dermed en ganske sikker m\u00e5te for \u00e5 f\u00e5 tilbake pengene.<\/p>\n<h3>Finansiering med forbruksl\u00e5n<\/h3>\n<p>Mange som \u00f8nsker \u00e5 finansiere en virksomhet uten sikkerhet kan ogs\u00e5 gj\u00f8re dette ved hjelp av forbruksl\u00e5n. Da l\u00e5ner du pengene fra en tilbyder av forbruksl\u00e5n og benytter disse til \u00e5 starte opp en bedrift. Hvis bedriften ikke lykkes, s\u00e5 vil du likevel m\u00e5tte betale tilbake disse pengene.<\/p>\n<script type=\"text\/javascript\" src=\"\/\/static.ascontentcloud.com\/comparisonfeed\/resources\/js\/iframeResizer.min.js\"><\/script>\n<iframe id=\"as-comparison-iframe\" \n    style=\"border: none; width: 1px; min-width: 100%; overflow: hidden;\" scrolling=\"no\" \n    src=\"\/\/feed.ascontentcloud.com\/cgi-bin\/publisher\/comparisoniFramePreview.pl?id=38471&categoryId=147&showFilter=0&includeNewCampaigns=false&removedItems=[]&conditions=&customOrder={}&customRating={}&title=&color=82c075&hColor=62b052&minRating=60&initialRows=&maxRows=&fontUrl=&fontName=&sub=|||CPL&media_id=0&lazyLoading=false\"\n    onload=\"iFrameResize({heightCalculationMethod: 'taggedElement', checkOrigin: false}, this);\">\n<\/iframe>\n<h3>Folkefinansiering<\/h3>\n<p>Folkefinansiering er blitt en popul\u00e6r finansieringsform de siste \u00e5rene. Dette gir investorer mulighet til \u00e5 finansiere prosjekter de har tro p\u00e5 med en mindre sum. Med mange mindre summer kan du f\u00e5 anledning til \u00e5 gjennomf\u00f8re ideen din. De som har investert i din bedrift f\u00e5r enten aksjer i bedriften eller en oppmerksomhet for donasjonen. I sistnevnte tilfelle vil de ikke ha noe krav i forhold til din bedrift n\u00e5r den lykkes.<\/p>\n","protected":false},"excerpt":{"rendered":"<p>N\u00e5r man skal etablere et selskap, eller starte en bedrift, s\u00e5 kan dette ofte v\u00e6re vanskelig uten en eller annen form for finansiering. Heldigvis finnes det mange muligheter for \u00e5 &#8230;<\/p>\n","protected":false},"author":1,"featured_media":0,"parent":0,"menu_order":0,"comment_status":"closed","ping_status":"closed","template":"","meta":{"footnotes":""},"class_list":["post-92","page","type-page","status-publish","hentry"],"_links":{"self":[{"href":"https:\/\/firmalan.com\/no\/wp-json\/wp\/v2\/pages\/92","targetHints":{"allow":["GET"]}}],"collection":[{"href":"https:\/\/firmalan.com\/no\/wp-json\/wp\/v2\/pages"}],"about":[{"href":"https:\/\/firmalan.com\/no\/wp-json\/wp\/v2\/types\/page"}],"author":[{"embeddable":true,"href":"https:\/\/firmalan.com\/no\/wp-json\/wp\/v2\/users\/1"}],"replies":[{"embeddable":true,"href":"https:\/\/firmalan.com\/no\/wp-json\/wp\/v2\/comments?post=92"}],"version-history":[{"count":4,"href":"https:\/\/firmalan.com\/no\/wp-json\/wp\/v2\/pages\/92\/revisions"}],"predecessor-version":[{"id":229,"href":"https:\/\/firmalan.com\/no\/wp-json\/wp\/v2\/pages\/92\/revisions\/229"}],"wp:attachment":[{"href":"https:\/\/firmalan.com\/no\/wp-json\/wp\/v2\/media?parent=92"}],"curies":[{"name":"wp","href":"https:\/\/api.w.org\/{rel}","templated":true}]}}