{"id":88,"date":"2018-12-19T09:16:40","date_gmt":"2018-12-19T08:16:40","guid":{"rendered":"https:\/\/firmalan.com\/no\/?page_id=88"},"modified":"2020-11-28T17:47:26","modified_gmt":"2020-11-28T16:47:26","slug":"folkefinansiering","status":"publish","type":"page","link":"https:\/\/firmalan.com\/no\/folkefinansiering\/","title":{"rendered":"Folkefinansiering og l\u00e5nebasert crowdfunding for bedrift"},"content":{"rendered":"<p>N\u00e5r man g\u00e5r til en bank for \u00e5 f\u00e5 l\u00e5n til \u00e5 starte opp en virksomhet, s\u00e5 er vurderingen alltid basert p\u00e5 risiko. I Norge tar sjelden bankvirksomheter sjanser. Man f\u00e5r stort sett kun l\u00e5n hvis man kan stille en sikkerhet som gj\u00f8r at banken garantert kan f\u00e5 tilbake pengene sine. Dette gj\u00f8r at det kan v\u00e6re vanskelig \u00e5 f\u00e5 finansiering i Norge til risikofylte prosjekter. Man vil derfor ha sm\u00e5 muligheter til \u00e5 satse p\u00e5 spennende ideer og muligheter dersom man ikke har noe \u00e5 stille som sikkerhet eller man allerede har penger \u00e5 investere i ideen. Eneste mulighet man har hatt for \u00e5 satse p\u00e5 \u00e5 utvikle en ide hvis man ikke har penger \u00e5 investere er \u00e5 benytte et forbruksl\u00e5n. Selv da m\u00e5 man vise til en \u00f8konomisk situasjon med fast inntekt.<\/p>\n<p>Med folkefinansiering eller crowdfunding kan man i dag l\u00f8se denne utfordringen ved \u00e5 hente inn finansiering fra andre som har tro p\u00e5 prosjektet. Dette gj\u00f8r at man har mulighet til \u00e5 finansiere en virksomhet p\u00e5 grunnlag av ideen i seg selv og ikke p\u00e5 grunn av at man har sikkerhet man kan stille for \u00e5 f\u00e5 i gang virksomheten. Det finnes flere m\u00e5ter man kan gjennomf\u00f8re denne finansieringen p\u00e5 og flere nettsteder som hjelper med \u00e5 h\u00e5ndtere innhenting av midler. Enten det l\u00f8ses med l\u00e5n, innsamling, peer-to-peer eller ved hjelp av en nettside, s\u00e5 gir dette muligheter man tidligere ikke har hatt. P\u00e5 denne m\u00e5ten kan flere gode ideer komme frem i lyset uten at man allerede sitter p\u00e5 en pengesekk som skal gj\u00f8re det mulig \u00e5 gjennomf\u00f8re oppstart eller utvikling som er n\u00f8dvendig. Folkefinansiering er forholdsvis nytt i Norge, men i utlandet har mange virksomheter allerede blitt finansiert p\u00e5 denne m\u00e5ten. Selv i v\u00e5re n\u00e6rmeste naboland er dette mer vanlig enn i Norge, og mange benytter seg av dette for \u00e5 sette nye ideer ut i livet.<\/p>\n<h3>L\u00e5nemuligheter for risikobedrifter<\/h3>\n<p>Alle tilbydere av l\u00e5n i Norge satser p\u00e5 risikofrie l\u00e5n. N\u00e5r man nettopp har etablert seg som l\u00e5ntilbyder, s\u00e5 vil flere ta noe st\u00f8rre sjanser enn n\u00e5r man har v\u00e6rt p\u00e5 markedet en stund. Selv om man i starten tilbyr l\u00e5n til alle forskjellige markedssegmenter, s\u00e5 vil man raskt begynne \u00e5 fjerne noen segmenter som har h\u00f8yere risiko for tap. Et eksempel er l\u00e5ngivere som starter som en tilbyder som tilbyr l\u00e5n til alle personer av myndig alder. Noen f\u00e5 \u00e5r etter de f\u00f8rst startet opp, s\u00e5 har de ogs\u00e5 \u00f8kt aldersgrensen for \u00e5 sile bort de som har h\u00f8yest risiko.<\/p>\n<h3>Crowdfunding som l\u00e5n<\/h3>\n<p>Det finnes forskjellige typer crowdfunding. Noen av dem som formidler denne typen finansiering tilbyr crowdfunding som l\u00e5n og lokker investorer med potensiell avkastning p\u00e5 pengene de skaffer til finansiering. N\u00e5r du finner begreper som crowdfunding eller den norske varianten, folkefinansiering, s\u00e5 benyttes dette som en catch-phrase for flere typer finansiering. Egentlig betyr dette at man investerer penger enten med forventning om en gevinst hvis virksomheten lykkes, eller uten noen forventning annet enn \u00f8nsket om at satsingen skal lykkes. Begrepet peer-to-peer lending havner ogs\u00e5 inn under crowdfunding selv om dette gis i form av et l\u00e5n og ikke som en ren finansiering. Man forventer en m\u00e5nedlig tilbakebetaling av l\u00e5net, noe som gj\u00f8r at den som investerer pengene har en vesentlig lavere risiko.<\/p>\n<h3>Folkefinansiering som st\u00f8tte for ny virksomhet<\/h3>\n<p>Folkefinansiering i sin opprinnelige form er ment for \u00e5 tilby penger for oppstart av en virksomhet. Det kan enten v\u00e6re som aksjer i selskapet som bygges opp, eller det kan v\u00e6re kun med en liten oppmerksomhet i form av en kopi av det ferdige produktet eller liknende.<\/p>\n<h3>Crowdfunding gir nye muligheter<\/h3>\n<p>Med crowdfunding f\u00e5r man muligheter man ikke tidligere har hatt i forbindelse med \u00e5 f\u00e5 frem gode ideer til et markedsf\u00f8rt produkt eller for innsamling til veldedige form\u00e5l.<\/p>\n<div style='display:none'>Adservice Comparison Feed: Could not find feed with ID \"no001\"<\/div>\n<script>console.log('Adservice Comparison Feed: Could not find feed with ID \"no001\"');<\/script>\n","protected":false},"excerpt":{"rendered":"<p>N\u00e5r man g\u00e5r til en bank for \u00e5 f\u00e5 l\u00e5n til \u00e5 starte opp en virksomhet, s\u00e5 er vurderingen alltid basert p\u00e5 risiko. I Norge tar sjelden bankvirksomheter sjanser. Man &#8230;<\/p>\n","protected":false},"author":1,"featured_media":0,"parent":0,"menu_order":0,"comment_status":"closed","ping_status":"closed","template":"","meta":{"footnotes":""},"class_list":["post-88","page","type-page","status-publish","hentry"],"_links":{"self":[{"href":"https:\/\/firmalan.com\/no\/wp-json\/wp\/v2\/pages\/88","targetHints":{"allow":["GET"]}}],"collection":[{"href":"https:\/\/firmalan.com\/no\/wp-json\/wp\/v2\/pages"}],"about":[{"href":"https:\/\/firmalan.com\/no\/wp-json\/wp\/v2\/types\/page"}],"author":[{"embeddable":true,"href":"https:\/\/firmalan.com\/no\/wp-json\/wp\/v2\/users\/1"}],"replies":[{"embeddable":true,"href":"https:\/\/firmalan.com\/no\/wp-json\/wp\/v2\/comments?post=88"}],"version-history":[{"count":2,"href":"https:\/\/firmalan.com\/no\/wp-json\/wp\/v2\/pages\/88\/revisions"}],"predecessor-version":[{"id":236,"href":"https:\/\/firmalan.com\/no\/wp-json\/wp\/v2\/pages\/88\/revisions\/236"}],"wp:attachment":[{"href":"https:\/\/firmalan.com\/no\/wp-json\/wp\/v2\/media?parent=88"}],"curies":[{"name":"wp","href":"https:\/\/api.w.org\/{rel}","templated":true}]}}