{"id":82,"date":"2018-09-26T10:39:07","date_gmt":"2018-09-26T08:39:07","guid":{"rendered":"https:\/\/firmalan.com\/no\/?page_id=82"},"modified":"2018-09-26T10:42:03","modified_gmt":"2018-09-26T08:42:03","slug":"002-fundingpartner","status":"publish","type":"page","link":"https:\/\/firmalan.com\/no\/002-fundingpartner\/","title":{"rendered":"FundingPartner"},"content":{"rendered":"<div class=\"section-content\">\n<div class=\"row\">\n<div class=\"feature-item col-lg-6 col-sm-6 wow slideInUp\">\n<div class=\"feature-media\"><img decoding=\"async\" src=\"https:\/\/firmalan.com\/no\/wp-content\/uploads\/2018\/09\/fundingparter.jpg\"\/><\/div>\n<\/div>\n<div class=\"feature-item col-lg-6 col-sm-6 wow slideInUp\">\n<p>L\u00e5neformidleren FundingPartner tilbyr alternative l\u00e5n gjennom Crowdlending. Med hjelp av tjenesten kan bedrifter l\u00e5ne pengar direkte fr\u00e5 privatpersonar. L\u00e5ne med eller uten sikkerhet, noen eksempler p\u00e5 sikkerhet kan v\u00e6re fast eiendom, kundefordringer, varelager, inventar og maskiner.<br \/>\nHvis du l\u00e5ner som enkeltmannsforetak vil du alltid bli personlig ansvarlig for l\u00e5net. FundingPartner formidler vanligvis ikke l\u00e5n til oppstartsselskaper, disse m\u00e5 f\u00f8rst vis at de kan tjene nok til \u00e5 betale tilbake l\u00e5net. <\/p>\n<\/div>\n<\/div>\n<\/div>\n<div class=\"section-color\">\n<div class=\"row\">\n<div class=\"feature-item col-lg-6 col-sm-6 wow slideInUp\">\n<p class=\"kapitel\">FundingPartner l\u00e5n<\/p>\n<ul id=\"navlist\">\n<li>Bel\u00f8p: 100.000 \u2013 10.000.000 kr.<\/li>\n<li>Nedbetaling: 0,5 \u2013 5 \u00e5r<\/li>\n<li>L\u00e5nekostnader: Fra 5%<\/li>\n<\/ul>\n<\/div>\n<div class=\"feature-item col-lg-6 col-sm-6 wow slideInUp\">\n<p class=\"kapitel\">S\u00f8knad 24\/7<\/p>\n<ul id=\"navlist\">\n<li>Ans\u00f8g p\u00e5 2 minutter.<\/li>\n<li>Svar innen 2 dager, gitt at all n\u00f8dvendig dokumentasjon fra ditt selskap vil bli innsendt s\u00e5 snart FundingPartner ber om det.<\/li>\n<li>Penger p\u00e5 din konto innen 1-3 uker.<\/li>\n<\/ul>\n<\/div>\n<\/div>\n<\/div>\n<p><span style=\"color: #00529c; font-size: 16pt;\">Betingelser:<\/span><\/p>\n<table>\n<tbody>\n<tr>\n<td bgcolor=\"#000\"><span style=\"color: #ffffff;\">Rentesats<\/span><\/td>\n<td>5-20 %.<\/td>\n<\/tr>\n<tr>\n<td bgcolor=\"#000\"><span style=\"color: #ffffff;\">Oprettelsesgebyr<\/span><\/td>\n<td>2-3% av l\u00e5nebel\u00f8pet.\n<\/td>\n<\/tr>\n<\/tbody>\n<\/table>\n<p><span style=\"color: #00529c; font-size: 16pt;\">Kvalifiserte l\u00e5ntakere:<\/span><\/p>\n<table>\n<tbody>\n<tr>\n<td bgcolor=\"#000\"><span style=\"color: #ffffff;\">Omsetning<\/span><\/td>\n<td>Inntekter p\u00e5 over 400 000 NOK.<\/td>\n<\/tr>\n<tr>\n<td bgcolor=\"#000\"><span style=\"color: #ffffff;\">Firman<\/span><\/td>\n<td>2 \u00e5r eller mer siden selskapsstiftelse og positivt resultat. Ingen betalingsanmerkninger.<\/td>\n<\/tr>\n<tr>\n<td bgcolor=\"#000\"><span style=\"color: #ffffff;\">Bankkonto<\/span><\/td>\n<td>Bankkonto dedikeret til forretninger.<\/td>\n<\/tr>\n<tr>\n<td bgcolor=\"#000\"><span style=\"color: #ffffff;\">Adresse<\/span><\/td>\n<td>En fast adresse.<\/td>\n<\/tr>\n<tr>\n<td bgcolor=\"#000\"><span style=\"color: #ffffff;\">Eierskap<\/span><\/td>\n<td>V\u00e6re juridisk basert i Norge.<\/td>\n<\/tr>\n<\/tbody>\n<\/table>\n<p><span style=\"color: #00529c; font-size: 16pt;\">F\u00f8lgende opplysninger og dokumenter kreves:<\/span><\/p>\n<ul>\n<li>BankID<\/li>\n<li>Org nr<\/li>\n<li>Bankkonto<\/li>\n<\/ul>\n<hr \/>\n<p><a name=\"tabell\"><\/a> <span style=\"color: #00529c; font-size: 16pt;\">Kostnad for l\u00e5n<\/span><\/p>\n<hr \/>\n<h4>Support:<\/h4>\n<table class=\"table table-striped\" border=\"0\">\n<tbody>\n<tr>\n<td valign=\"top\" width=\"150\">Man-Fre<\/td>\n<td valign=\"top\" width=\"100\">Alltid \u00e5pen<\/td>\n<\/tr>\n<tr>\n<td valign=\"top\" width=\"150\">Helg<\/td>\n<td valign=\"top\" width=\"100\">Alltid \u00e5pen<\/td>\n<\/tr>\n<\/tbody>\n<\/table>\n<blockquote><p>Telefon: +47 226 99 001<br \/>\nE-post: <a href=\"mailto:bedriftslan@fundingpartner.no\">bedriftslan@fundingpartner.no<\/a><\/p><\/blockquote>\n<p>*F\u00e5 svar p\u00e5 din epost innen 24 timer.<\/p>\n<blockquote class=\"theme\"><p>\nFundingPartner AS<\/p>\n<h4>ADRESSE:<\/h4>\n<p>Forskningsparken<br \/>\nGaustadall\u00e9en 21<br \/>\n0349 Oslo<br \/>\nCVR-nr. 916980248<\/p><\/blockquote>\n","protected":false},"excerpt":{"rendered":"<p>L\u00e5neformidleren FundingPartner tilbyr alternative l\u00e5n gjennom Crowdlending. Med hjelp av tjenesten kan bedrifter l\u00e5ne pengar direkte fr\u00e5 privatpersonar. L\u00e5ne med eller uten sikkerhet, noen eksempler p\u00e5 sikkerhet kan v\u00e6re fast &#8230;<\/p>\n","protected":false},"author":1,"featured_media":83,"parent":0,"menu_order":0,"comment_status":"closed","ping_status":"closed","template":"template-fullwidth.php","meta":{"footnotes":""},"class_list":["post-82","page","type-page","status-publish","has-post-thumbnail","hentry"],"_links":{"self":[{"href":"https:\/\/firmalan.com\/no\/wp-json\/wp\/v2\/pages\/82","targetHints":{"allow":["GET"]}}],"collection":[{"href":"https:\/\/firmalan.com\/no\/wp-json\/wp\/v2\/pages"}],"about":[{"href":"https:\/\/firmalan.com\/no\/wp-json\/wp\/v2\/types\/page"}],"author":[{"embeddable":true,"href":"https:\/\/firmalan.com\/no\/wp-json\/wp\/v2\/users\/1"}],"replies":[{"embeddable":true,"href":"https:\/\/firmalan.com\/no\/wp-json\/wp\/v2\/comments?post=82"}],"version-history":[{"count":3,"href":"https:\/\/firmalan.com\/no\/wp-json\/wp\/v2\/pages\/82\/revisions"}],"predecessor-version":[{"id":86,"href":"https:\/\/firmalan.com\/no\/wp-json\/wp\/v2\/pages\/82\/revisions\/86"}],"wp:featuredmedia":[{"embeddable":true,"href":"https:\/\/firmalan.com\/no\/wp-json\/wp\/v2\/media\/83"}],"wp:attachment":[{"href":"https:\/\/firmalan.com\/no\/wp-json\/wp\/v2\/media?parent=82"}],"curies":[{"name":"wp","href":"https:\/\/api.w.org\/{rel}","templated":true}]}}