{"id":75,"date":"2018-09-25T12:02:41","date_gmt":"2018-09-25T10:02:41","guid":{"rendered":"https:\/\/firmalan.com\/no\/?page_id=75"},"modified":"2018-09-25T13:18:35","modified_gmt":"2018-09-25T11:18:35","slug":"001-svea","status":"publish","type":"page","link":"https:\/\/firmalan.com\/no\/001-svea\/","title":{"rendered":"Svea Business Credit"},"content":{"rendered":"<div class=\"section-content\">\n<div class=\"row\">\n<div class=\"feature-item col-lg-6 col-sm-6 wow slideInUp\">\n<div class=\"feature-media\"><img decoding=\"async\" src=\"https:\/\/firmalan.com\/no\/wp-content\/uploads\/2018\/09\/sveafinans.jpg\"\/><\/div>\n<\/div>\n<div class=\"feature-item col-lg-6 col-sm-6 wow slideInUp\">\n<p>L\u00e5n opp til 1.000.000 kroner. Hvis s\u00f8knaden din er godkjent, vil du vanligvis motta pengene i kontoen innen 24 timer. Business Credit kan bare s\u00f8ges av AS eller ENK bedrifter. SVEA Finans har presentert sv\u00e6rt liten informasjon om Business Credit, derfor kan vi ikke presentere alle vilk\u00e5r og betingelser for l\u00e5net.<\/p>\n<\/div>\n<\/div>\n<\/div>\n<div class=\"section-color\">\n<div class=\"row\">\n<div class=\"feature-item col-lg-6 col-sm-6 wow slideInUp\">\n<p class=\"kapitel\">Business Credit<\/p>\n<ul id=\"navlist\">\n<li>Bel\u00f8p: opp til 1.000.000 kr.<\/li>\n<li>Nedbetaling: Ingen informasjon<\/li>\n<li>L\u00e5nekostnader: Rente og 195 kr i m\u00e5nedlig avgift<\/li>\n<\/ul>\n<\/div>\n<div class=\"feature-item col-lg-6 col-sm-6 wow slideInUp\">\n<p class=\"kapitel\">S\u00f8knad 24\/7<\/p>\n<ul id=\"navlist\">\n<li>Ans\u00f8g p\u00e5 1 minut.<\/li>\n<li>Svar umiddelbart.<\/li>\n<li>Penger dagen etter till din konto innen 24 timer.<\/li>\n<\/ul>\n<\/div>\n<\/div>\n<\/div>\n<p><span style=\"color: #00529c; font-size: 16pt;\">Betingelser:<\/span><\/p>\n<table>\n<tbody>\n<tr>\n<td bgcolor=\"#000\"><span style=\"color: #ffffff;\">Rentesats<\/span><\/td>\n<td>Renten bestemmes etter en individuell vurdering av hver s\u00f8knad.<\/td>\n<\/tr>\n<tr>\n<td bgcolor=\"#000\"><span style=\"color: #ffffff;\">Oprettelsesgebyr<\/span><\/td>\n<td>M\u00e5nedsavgift p\u00e5 kr. 195\n<\/td>\n<\/tr>\n<\/tbody>\n<\/table>\n<p><span style=\"color: #00529c; font-size: 16pt;\">Kvalifiserte l\u00e5ntakere:<\/span><\/p>\n<table>\n<tbody>\n<tr>\n<td bgcolor=\"#000\"><span style=\"color: #ffffff;\">Omsetning<\/span><\/td>\n<td>\nIngen oppgave.<\/td>\n<\/tr>\n<tr>\n<td bgcolor=\"#000\"><span style=\"color: #ffffff;\">Firma<\/span><\/td>\n<td>Selskapet er aktivt.<\/td>\n<\/tr>\n<tr>\n<td bgcolor=\"#000\"><span style=\"color: #ffffff;\">Bankkonto<\/span><\/td>\n<td>Bankkonto dedikeret til forretninger.<\/td>\n<\/tr>\n<tr>\n<td bgcolor=\"#000\"><span style=\"color: #ffffff;\">Adresse<\/span><\/td>\n<td>En fast adresse.<\/td>\n<\/tr>\n<tr>\n<td bgcolor=\"#000\"><span style=\"color: #ffffff;\">Eierskap<\/span><\/td>\n<td>V\u00e6re juridisk basert i Norge.<\/td>\n<\/tr>\n<\/tbody>\n<\/table>\n<p><span style=\"color: #00529c; font-size: 16pt;\">F\u00f8lgende opplysninger og dokumenter kreves:<\/span><\/p>\n<ul>\n<li>BankID<\/li>\n<li>Org nr<\/li>\n<li>Bankkonto<\/li>\n<\/ul>\n<hr \/>\n<p><a name=\"tabell\"><\/a> <span style=\"color: #00529c; font-size: 16pt;\">Kostnad for l\u00e5n<\/span><\/p>\n<hr \/>\n<h4>Support:<\/h4>\n<table class=\"table table-striped\" border=\"0\">\n<tbody>\n<tr>\n<td valign=\"top\" width=\"150\">Man-Fre<\/td>\n<td valign=\"top\" width=\"100\">09:00 \u2013 17:00<\/td>\n<\/tr>\n<tr>\n<td valign=\"top\" width=\"150\">Helg<\/td>\n<td valign=\"top\" width=\"100\">Stengt<\/td>\n<\/tr>\n<\/tbody>\n<\/table>\n<blockquote><p>Telefon: +47 73 93 06 66<br \/>\nE-post: <a href=\"mailto:business.credit@sveafinans.no\">business.credit@sveafinans.no<\/a><\/p><\/blockquote>\n<p>*F\u00e5 svar p\u00e5 din epost innen 24 timer.<\/p>\n<blockquote class=\"theme\"><p>\nSvea Finans Norge<\/p>\n<h4>ADRESSE:<\/h4>\n<p>Innspurten 15<br \/>\n0663 Oslo<br \/>\n21 54 24 00<br \/>\nSvea Ekonomi AB Org.nr 556489-2924<\/p><\/blockquote>\n","protected":false},"excerpt":{"rendered":"<p>L\u00e5n opp til 1.000.000 kroner. Hvis s\u00f8knaden din er godkjent, vil du vanligvis motta pengene i kontoen innen 24 timer. Business Credit kan bare s\u00f8ges av AS eller ENK bedrifter. &#8230;<\/p>\n","protected":false},"author":1,"featured_media":76,"parent":0,"menu_order":0,"comment_status":"closed","ping_status":"closed","template":"template-fullwidth.php","meta":{"footnotes":""},"class_list":["post-75","page","type-page","status-publish","has-post-thumbnail","hentry"],"_links":{"self":[{"href":"https:\/\/firmalan.com\/no\/wp-json\/wp\/v2\/pages\/75","targetHints":{"allow":["GET"]}}],"collection":[{"href":"https:\/\/firmalan.com\/no\/wp-json\/wp\/v2\/pages"}],"about":[{"href":"https:\/\/firmalan.com\/no\/wp-json\/wp\/v2\/types\/page"}],"author":[{"embeddable":true,"href":"https:\/\/firmalan.com\/no\/wp-json\/wp\/v2\/users\/1"}],"replies":[{"embeddable":true,"href":"https:\/\/firmalan.com\/no\/wp-json\/wp\/v2\/comments?post=75"}],"version-history":[{"count":4,"href":"https:\/\/firmalan.com\/no\/wp-json\/wp\/v2\/pages\/75\/revisions"}],"predecessor-version":[{"id":80,"href":"https:\/\/firmalan.com\/no\/wp-json\/wp\/v2\/pages\/75\/revisions\/80"}],"wp:featuredmedia":[{"embeddable":true,"href":"https:\/\/firmalan.com\/no\/wp-json\/wp\/v2\/media\/76"}],"wp:attachment":[{"href":"https:\/\/firmalan.com\/no\/wp-json\/wp\/v2\/media?parent=75"}],"curies":[{"name":"wp","href":"https:\/\/api.w.org\/{rel}","templated":true}]}}