{"id":32,"date":"2017-06-25T13:43:27","date_gmt":"2017-06-25T11:43:27","guid":{"rendered":"https:\/\/firmalan.com\/no\/?page_id=32"},"modified":"2017-06-25T13:43:27","modified_gmt":"2017-06-25T11:43:27","slug":"naeringslan","status":"publish","type":"page","link":"https:\/\/firmalan.com\/no\/naeringslan\/","title":{"rendered":"N\u00e6ringsl\u00e5n"},"content":{"rendered":"<p>N\u00e5r du starter opp en virksomhet, eller du har behov for ekstra finansiering til din eksisterende bedrift for nye investeringer, s\u00e5 kan du trenge et n\u00e6ringsl\u00e5n. N\u00e5r du skal finne rette n\u00e6ringsl\u00e5n for din bedrift, er det viktig \u00e5 vurdere hvilken type l\u00e5n du har behov for og hvilken tilbyder du \u00f8nsker \u00e5 benytte deg av. Hvis du kun trenger en kassakreditt for \u00e5 h\u00e5ndtere perioder hvor du har mer utgifter enn vanlig, s\u00e5 er det muligens ikke l\u00f8nnsomt med et n\u00e6ringsl\u00e5n. Hvilken tilbyder du benytter deg av kan v\u00e6re viktig, da du kan f\u00e5 en del forskjellige betingelser fra forskjellige tilbydere. Det er viktig \u00e5 avklare hva behovene er, slik at du kan finne ut hvilken type l\u00e5n som er mest l\u00f8nnsomt.<\/p>\n<h3>Hvilken type l\u00e5n har du behov for<\/h3>\n<p>Det finnes mange typer n\u00e6ringsl\u00e5n eller kreditter, og betingelsene for de forskjellige er tilpasset behovet du har n\u00e5r du benytter deg av det. Det kan derfor v\u00e6re viktig \u00e5 avklare om du har behov for et n\u00e6ringsl\u00e5n, eller om du rett og slett kun trenger en kassakreditt for en regnv\u00e6rsdag. En kassakreditt betaler du kun renter for n\u00e5r du benytter den, i tillegg til at vanligvis m\u00e5 betale en fast provisjon for \u00e5 ha kreditten tilknyttet kontoen. Det er sjelden l\u00f8nnsomt med et n\u00e6ringsl\u00e5n hvis du kun trenger en kassakreditt p\u00e5 kontoen til bedriften.<\/p>\n<h3>Finn beste tilbyder av n\u00e6ringsl\u00e5n<\/h3>\n<p>N\u00e5r du har avklart hva du faktisk trenger, s\u00e5 er det lurt \u00e5 sjekke flere steder hva prisene er for det n\u00e6ringsl\u00e5net du trenger. Selv om du allerede har en bankforbindelse i forbindelse med din bedrift, s\u00e5 kan det v\u00e6re lurt \u00e5 sjekke andre steder. Selv om du ikke \u00f8nsker \u00e5 bytte bank, s\u00e5 kan du benytte deg av eventuelle tilbud for \u00e5 f\u00e5 bedre betingelser hos banken du allerede benytter i dag.<\/p>\n","protected":false},"excerpt":{"rendered":"<p>N\u00e5r du starter opp en virksomhet, eller du har behov for ekstra finansiering til din eksisterende bedrift for nye investeringer, s\u00e5 kan du trenge et n\u00e6ringsl\u00e5n. N\u00e5r du skal finne &#8230;<\/p>\n","protected":false},"author":1,"featured_media":0,"parent":0,"menu_order":0,"comment_status":"closed","ping_status":"closed","template":"","meta":{"footnotes":""},"class_list":["post-32","page","type-page","status-publish","hentry"],"_links":{"self":[{"href":"https:\/\/firmalan.com\/no\/wp-json\/wp\/v2\/pages\/32","targetHints":{"allow":["GET"]}}],"collection":[{"href":"https:\/\/firmalan.com\/no\/wp-json\/wp\/v2\/pages"}],"about":[{"href":"https:\/\/firmalan.com\/no\/wp-json\/wp\/v2\/types\/page"}],"author":[{"embeddable":true,"href":"https:\/\/firmalan.com\/no\/wp-json\/wp\/v2\/users\/1"}],"replies":[{"embeddable":true,"href":"https:\/\/firmalan.com\/no\/wp-json\/wp\/v2\/comments?post=32"}],"version-history":[{"count":1,"href":"https:\/\/firmalan.com\/no\/wp-json\/wp\/v2\/pages\/32\/revisions"}],"predecessor-version":[{"id":33,"href":"https:\/\/firmalan.com\/no\/wp-json\/wp\/v2\/pages\/32\/revisions\/33"}],"wp:attachment":[{"href":"https:\/\/firmalan.com\/no\/wp-json\/wp\/v2\/media?parent=32"}],"curies":[{"name":"wp","href":"https:\/\/api.w.org\/{rel}","templated":true}]}}