{"id":29,"date":"2017-06-25T13:42:07","date_gmt":"2017-06-25T11:42:07","guid":{"rendered":"https:\/\/firmalan.com\/no\/?page_id=29"},"modified":"2020-11-28T17:46:39","modified_gmt":"2020-11-28T16:46:39","slug":"enkeltmannsforetak","status":"publish","type":"page","link":"https:\/\/firmalan.com\/no\/enkeltmannsforetak\/","title":{"rendered":"L\u00e5n til enkeltmannsforetak"},"content":{"rendered":"<p>Mange som starter opp et enkeltmannsforetak i stedet for et aksjeselskap er usikre p\u00e5 om man har de samme mulighetene for \u00e5 f\u00e5 l\u00e5n til enkeltmannsforetak. Det er mange grunner til at man trenger l\u00e5n for oppstart av et enkeltmannsforetak. Hvis man starter en fysisk butikk, for eksempel, s\u00e5 trenger man finansiering for lokale, interi\u00f8r, belysning og varebeholdning, i tillegg til mye annet. Med nettbutikk eller annen virksomhet kan man ha behov for \u00e5 bygge opp en lagerbeholdning eller man trenger \u00e5 investere i produksjons-maskiner. Man kan benytte seg av l\u00e5n til enkeltmannsforetak s\u00e5 lenge man har sikkerhet i firmaets eiendeler eller private eiendeler.<\/p>\n<h3>Hvordan kan man ta opp l\u00e5n til enkeltmannsforetak<\/h3>\n<p>Man kan benytte seg av l\u00e5n til enkeltmannsforetak p\u00e5 samme m\u00e5te som man kan l\u00e5ne penger til et aksjeselskap. Forskjellen er at man vil v\u00e6re personlig ansvarlig for et l\u00e5n til enkeltmannsforetak. N\u00e5r et aksjeselskap tar opp et l\u00e5n, s\u00e5 er selskapet ansvarlig for l\u00e5net, men n\u00e5r et enkeltmannsforetak gj\u00f8r det, s\u00e5 vil man selv v\u00e6re ansvarlig for at l\u00e5net blir tilbakebetalt. Uansett hvilket ansvar man f\u00e5r overfor l\u00e5ngiver, s\u00e5 vil l\u00e5net gi mulighet for tilgang til den finansieringen man har behov for.<\/p>\n<h3>Flere muligheter for sikkerhet for l\u00e5n<\/h3>\n<p>De fleste banker vil kreve sikkerhet for \u00e5 skaffe deg l\u00e5n til enkeltmannsselskap. Denne sikkerheten kan v\u00e6re i form av at du stiller en bolig til r\u00e5dighet, eller man kan ogs\u00e5 benytte verdier i selskapet som sikkerhet. For eksempel kan man benytte varelager eller andre eiendeler som firmaer har til r\u00e5dighet. Bilpark og b\u00e5ter i firmaets eierskap kan ogs\u00e5 benyttes til sikkerhet. S\u00e5 lenge man har den n\u00f8dvendige sikkerheten, s\u00e5 er sjansen stor for at man vil f\u00e5 tilgang til den finansieringen man trenger uansett om man har et enkeltmannsforetak eller om l\u00e5net tas i regi av et aksjeselskap.<\/p>\n<div style='display:none'>Adservice Comparison Feed: Could not find feed with ID \"no001\"<\/div>\n<script>console.log('Adservice Comparison Feed: Could not find feed with ID \"no001\"');<\/script>\n","protected":false},"excerpt":{"rendered":"<p>Mange som starter opp et enkeltmannsforetak i stedet for et aksjeselskap er usikre p\u00e5 om man har de samme mulighetene for \u00e5 f\u00e5 l\u00e5n til enkeltmannsforetak. Det er mange grunner &#8230;<\/p>\n","protected":false},"author":1,"featured_media":0,"parent":0,"menu_order":0,"comment_status":"closed","ping_status":"closed","template":"","meta":{"footnotes":""},"class_list":["post-29","page","type-page","status-publish","hentry"],"_links":{"self":[{"href":"https:\/\/firmalan.com\/no\/wp-json\/wp\/v2\/pages\/29","targetHints":{"allow":["GET"]}}],"collection":[{"href":"https:\/\/firmalan.com\/no\/wp-json\/wp\/v2\/pages"}],"about":[{"href":"https:\/\/firmalan.com\/no\/wp-json\/wp\/v2\/types\/page"}],"author":[{"embeddable":true,"href":"https:\/\/firmalan.com\/no\/wp-json\/wp\/v2\/users\/1"}],"replies":[{"embeddable":true,"href":"https:\/\/firmalan.com\/no\/wp-json\/wp\/v2\/comments?post=29"}],"version-history":[{"count":3,"href":"https:\/\/firmalan.com\/no\/wp-json\/wp\/v2\/pages\/29\/revisions"}],"predecessor-version":[{"id":234,"href":"https:\/\/firmalan.com\/no\/wp-json\/wp\/v2\/pages\/29\/revisions\/234"}],"wp:attachment":[{"href":"https:\/\/firmalan.com\/no\/wp-json\/wp\/v2\/media?parent=29"}],"curies":[{"name":"wp","href":"https:\/\/api.w.org\/{rel}","templated":true}]}}