{"id":21,"date":"2017-05-16T12:01:05","date_gmt":"2017-05-16T10:01:05","guid":{"rendered":"https:\/\/firmalan.com\/no\/?page_id=21"},"modified":"2019-04-17T10:21:01","modified_gmt":"2019-04-17T08:21:01","slug":"bedriftsforsikring","status":"publish","type":"page","link":"https:\/\/firmalan.com\/no\/bedriftsforsikring\/","title":{"rendered":"Bedriftsforsikring"},"content":{"rendered":"<p>N\u00e5r du skal velge bedriftsforsikring for bedriften din, s\u00e5 b\u00f8r du bruke litt tid p\u00e5 \u00e5 finne det beste tilbudet. Det kan v\u00e6re stor forskjell p\u00e5 pris, og selv om du ikke \u00f8nsker \u00e5 bytte forsikringsselskap, s\u00e5 kan du benytte et godt tilbud for \u00e5 forhandle pris med forsikringsselskapet du har i dag. N\u00e5r du skal finne den rette bedriftsforsikringen for deg, b\u00f8r du sende foresp\u00f8rsel om tilbud til flere selskaper slik at du kan finne det beste selskapet som tilbyr den forsikringen du trenger for din bedrift.<\/p>\n<p><em>Annonse<\/em><br \/>\nForsikringer.no<br \/>\n<script type=\"text\/javascript\" src=\"https:\/\/static.ascontentcloud.com\/comparisonfeed\/resources\/js\/iframeResizer.min.js\"><\/script><br \/>\n<iframe id=\"adservice-bd721b4cc4\" style=\"border: none; width: 1px; min-width: 100%; overflow: hidden;\" src=\"https:\/\/impr.adservicemedia.dk\/cgi-bin\/Services\/ThirdpartyService\/ThirdpartyService.pl?bid=1270311&amp;media_id=38471&amp;url=https%3A%2F%2Fonline.adservicemedia.dk%2Fcgi-bin%2Fclick.pl%3Fbid%3D1270311%26media_id%3D38471%26redirurl%3D\" scrolling=\"no\"><\/iframe><\/p>\n<p><a class=\"btn btn-theme-primary btn-lg\" href=\"https:\/\/firmalan.com\/no\/go\/forsikringno\/\" target=\"_blank\" rel=\"nofollow noopener noreferrer\">S\u00d8K OM Forsikring<\/a><br \/>\n<em>Annonselenke<\/em><\/p>\n<h3>Hvordan velge tilbyder av bedriftsforsikring?<\/h3>\n<p>N\u00e5r du skal finne beste forsikringsselskap for din bedriftsforsikring, s\u00e5 er det lurt \u00e5 sjekke litt i forkant slik at du f\u00e5r den forsikringen som passer best for din bedrift. Du b\u00f8r f\u00f8rst og fremst avklare hva du faktisk trenger i forhold til forsikring. Mange opplever at tilbudet de f\u00e5r p\u00e5 bedriftsforsikring er h\u00f8yere enn det trenger \u00e5 v\u00e6re fordi de ikke har tilpasset forsikringen til deres behov. I stedet har de valgt en standardforsikring som inkluderer flere faktorer i forsikringen som ikke er relevante for din bedrift. Det er derfor lurt \u00e5 sende ut en foresp\u00f8rsel om tilbud til flere selskaper hvor du har tatt stilling til hvilken type forsikring du faktisk trenger.<\/p>\n<h3>Avklare forsikringsbehov<\/h3>\n<p>I prosessen med \u00e5 anskaffe bedriftsforsikring for din bedrift, er det viktig \u00e5 avklare hva dine behov er. Hvis du overvurderer dine behov og verdien du \u00f8nsker \u00e5 v\u00e6re forsikret for, s\u00e5 ender du opp med \u00e5 betale en h\u00f8yere forsikringspremie enn du har behov for. I stedet b\u00f8r du avklare dette allerede n\u00e5r du innhenter tilbud slik at du kan f\u00e5 tilbud fra forsikringsselskapene som lar seg sammenlikne. N\u00e5r du f\u00e5r relevante tilbud er det lettere \u00e5 bed\u00f8mme hvilket tilbud som faktisk er det beste tilbudet n\u00e5r det inneholder de betingelsene du faktisk har behov for.<\/p>\n","protected":false},"excerpt":{"rendered":"<p>N\u00e5r du skal velge bedriftsforsikring for bedriften din, s\u00e5 b\u00f8r du bruke litt tid p\u00e5 \u00e5 finne det beste tilbudet. Det kan v\u00e6re stor forskjell p\u00e5 pris, og selv om &#8230;<\/p>\n","protected":false},"author":1,"featured_media":0,"parent":0,"menu_order":0,"comment_status":"closed","ping_status":"closed","template":"","meta":{"footnotes":""},"class_list":["post-21","page","type-page","status-publish","hentry"],"_links":{"self":[{"href":"https:\/\/firmalan.com\/no\/wp-json\/wp\/v2\/pages\/21","targetHints":{"allow":["GET"]}}],"collection":[{"href":"https:\/\/firmalan.com\/no\/wp-json\/wp\/v2\/pages"}],"about":[{"href":"https:\/\/firmalan.com\/no\/wp-json\/wp\/v2\/types\/page"}],"author":[{"embeddable":true,"href":"https:\/\/firmalan.com\/no\/wp-json\/wp\/v2\/users\/1"}],"replies":[{"embeddable":true,"href":"https:\/\/firmalan.com\/no\/wp-json\/wp\/v2\/comments?post=21"}],"version-history":[{"count":2,"href":"https:\/\/firmalan.com\/no\/wp-json\/wp\/v2\/pages\/21\/revisions"}],"predecessor-version":[{"id":157,"href":"https:\/\/firmalan.com\/no\/wp-json\/wp\/v2\/pages\/21\/revisions\/157"}],"wp:attachment":[{"href":"https:\/\/firmalan.com\/no\/wp-json\/wp\/v2\/media?parent=21"}],"curies":[{"name":"wp","href":"https:\/\/api.w.org\/{rel}","templated":true}]}}