{"id":206,"date":"2019-09-12T17:13:04","date_gmt":"2019-09-12T15:13:04","guid":{"rendered":"https:\/\/firmalan.com\/no\/?page_id=206"},"modified":"2019-09-12T17:13:04","modified_gmt":"2019-09-12T15:13:04","slug":"klarna","status":"publish","type":"page","link":"https:\/\/firmalan.com\/no\/klarna\/","title":{"rendered":"Klarna Bedriftsl\u00e5n"},"content":{"rendered":"<div class=\"section-content\">\n<div class=\"row\">\n<div class=\"feature-item col-lg-6 col-sm-6 wow slideInUp\">\n<div class=\"feature-media\"><img decoding=\"async\" src=\"https:\/\/firmalan.com\/no\/wp-content\/uploads\/2019\/09\/klarna-norge.jpg\" \/><\/div>\n<\/div>\n<div class=\"feature-item col-lg-6 col-sm-6 wow slideInUp\">\n<p>Klarna er en bank som ble grunnlagt i 2005 med et m\u00e5l om \u00e5 bli kvitt utrygg netthandel. I dag er Klarna en av de st\u00f8rste bankene i Europa og kjent for sine smidige, sikre og enkle betalingsl\u00f8sninger. Klarna har ogs\u00e5 flere gode l\u00f8sninger for bedrifter som trenger litt ekstra kapital, og er kjent for sitt utrolig enkle og smarte bedriftsl\u00e5n.<\/p>\n<\/div>\n<\/div>\n<div class=\"section-color\">\n<div class=\"row\">\n<div class=\"feature-item col-lg-6 col-sm-6 wow slideInUp\">\n<p class=\"kapitel\">Klarna Bedriftl\u00e5n<\/p>\n<ul id=\"navlist\">\n<li>Bel\u00f8p: 50.000-1.500.000 kr.<\/li>\n<li>Nedbetaling: 3-12 m\u00e5neder<\/li>\n<li>L\u00e5nekostnader: Fast avgift (Individuell prissetting)<\/li>\n<li>Rente: <\/li>\n<li>Ditt f\u00f8rste 3-m\u00e5neders l\u00e5n er gratis. Ingen avgifter.<\/li>\n<\/ul>\n<\/div>\n<div class=\"feature-item col-lg-6 col-sm-6 wow slideInUp\">\n<p class=\"kapitel\">S\u00f8knad 24\/7<\/p>\n<ul id=\"navlist\">\n<li>Eksklusivt for Klarna-butikker. Logg inn for \u00e5 s\u00f8ke om bedriftsl\u00e5n.<\/li>\n<li>L\u00e5nes\u00f8knad: S\u00f8k p\u00e5 f\u00e5 minutter, f\u00e5 l\u00e5net s\u00e5 snart som allerede neste dag.<\/li>\n<\/ul>\n<\/div>\n<\/div>\n<\/div>\n<p><span style=\"color: #00529c; font-size: 16pt;\">Betingelser:<\/span><\/p>\n<table>\n<tbody>\n<tr>\n<td bgcolor=\"#000\"><span style=\"color: #ffffff;\">Rentesats<\/span><\/td>\n<td>Fast avgift (2-7%)<\/td>\n<\/tr>\n<tr>\n<td bgcolor=\"#000\"><span style=\"color: #ffffff;\">Oprettelsesgebyr<\/span><\/td>\n<td>Fast avgift<\/td>\n<\/tr>\n<\/tbody>\n<\/table>\n<p><span style=\"color: #00529c; font-size: 16pt;\">Kvalifiserte l\u00e5ntakere:<\/span><\/p>\n<table>\n<tbody>\n<tr>\n<td bgcolor=\"#000\"><span style=\"color: #ffffff;\">Omsetning<\/span><\/td>\n<td>Stabilt salg.<\/td>\n<\/tr>\n<tr>\n<td bgcolor=\"#000\"><span style=\"color: #ffffff;\">Firma<\/span><\/td>\n<td>Eksklusivt for Klarna-butikker.<\/td>\n<\/tr>\n<tr>\n<td bgcolor=\"#000\"><span style=\"color: #ffffff;\">Bankkonto<\/span><\/td>\n<td>Bankkonto dedikeret til forretninger.<\/td>\n<\/tr>\n<tr>\n<td bgcolor=\"#000\"><span style=\"color: #ffffff;\">Adresse<\/span><\/td>\n<td>En fast adresse.<\/td>\n<\/tr>\n<tr>\n<td bgcolor=\"#000\"><span style=\"color: #ffffff;\">Eierskap<\/span><\/td>\n<td>Etablert i Norge.<\/td>\n<\/tr>\n<\/tbody>\n<\/table>\n<p><span style=\"color: #00529c; font-size: 16pt;\">F\u00f8lgende opplysninger og dokumenter kreves:<\/span><\/p>\n<ul>\n<li>BankID<\/li>\n<\/ul>\n<h2>Bedriftsl\u00e5n fra Klarna<\/h2>\n<p>Klarna er som sagt kjent for sine smidige, sikre og enkle betalingsl\u00f8sninger; Det samme kan ogs\u00e5 sies om bedriftsl\u00e5net til Klarna. Ingen tradisjonelle banker kan p\u00e5st\u00e5 at de har like enkle og smidige l\u00f8sninger for bedriftsl\u00e5n som det Klarna har.\n<\/p>\n<p>\u00c5 sende inn l\u00e5nes\u00f8knaden kunne ikke v\u00e6rt enklere, det tar bare noen f\u00e5 minutter. Etter du har sent inn l\u00e5nes\u00f8knaden kan du forvente pengene p\u00e5 konto allerede neste dag! Og for \u00e5 gj\u00f8re hele prosessen enda enklere har Klarna ogs\u00e5 en utrolig brukervennlig og enkel app som kan lastes ned gratis.\n<\/p>\n<p>Tilbakebetalingen kunne heller ikke v\u00e6rt enklere; Klarna vil automatisk trekke en prosentandel av dine salg fram til l\u00e5net er nedbetalt. P\u00e5 den m\u00e5ten slipper du \u00e5 bekymre deg for at du ikke skal klare \u00e5 betale tilbake l\u00e5net dersom salget g\u00e5r d\u00e5rlig i perioder. Denne geniale l\u00f8sningen s\u00f8rger for at l\u00e5net blir betalt raskt dersom din bedrift tjener mye p\u00e5 salg og litt tregere dersom salget g\u00e5r d\u00e5rlig og likviditeten er viktigere enn nedbetaling av l\u00e5net. Du tenker kanskje at dersom salget g\u00e5r d\u00e5rlig vil denne l\u00f8sningen bety at rentene p\u00e5 l\u00e5net raskt bygger seg opp til et stort bel\u00f8p, men der tar du helt feil; Klarna har fast avgift p\u00e5 l\u00e5nene sine, du vet med andre ord alltid n\u00f8yaktig hvor mye l\u00e5net vil koste deg.\n<\/p>\n<p>Der er alts\u00e5 mange fordeler med bedriftsl\u00e5n fra Klarna; Du f\u00e5r utbetalt l\u00e5net raskt og enkelt, tilbakebetalingen skjer basert p\u00e5 din suksess basert p\u00e5 en prosentandel av salg, s\u00f8knadsprosessen er rask og uten un\u00f8dvendige sp\u00f8rsm\u00e5l, administrasjons gebyr og flytende renter er heller ikke noe du trenger \u00e5 bekymre deg for ettersom Klarna alltid har faste avgifter p\u00e5 sine l\u00e5n.\n<\/p>\n<p>Hundrevis av butikker bruker allerede dette smarte bedriftsl\u00e5net fra Klarna, og din bedrift kan bli en av dem.\n<\/p>\n<hr \/>\n<h4>Support:<\/h4>\n<table class=\"table table-striped\" border=\"0\">\n<tbody>\n<tr>\n<td valign=\"top\" width=\"150\">Man-Fre<\/td>\n<td valign=\"top\" width=\"100\">00:00-24:00<\/td>\n<\/tr>\n<tr>\n<td valign=\"top\" width=\"150\">Helg<\/td>\n<td valign=\"top\" width=\"100\">Stengt<\/td>\n<\/tr>\n<\/tbody>\n<\/table>\n<blockquote>\n<blockquote class=\"theme\"><p>Klarna Norge AS<\/p>\n<h4>ADRESSE:<\/h4>\n<p>Biskop Gunnerus gate 14 A<br \/>\n0185 Oslo<br \/>\nOrg.nr 995 515 164<\/p><\/blockquote>\n","protected":false},"excerpt":{"rendered":"<p>Klarna er en bank som ble grunnlagt i 2005 med et m\u00e5l om \u00e5 bli kvitt utrygg netthandel. I dag er Klarna en av de st\u00f8rste bankene i Europa og &#8230;<\/p>\n","protected":false},"author":1,"featured_media":207,"parent":0,"menu_order":0,"comment_status":"closed","ping_status":"closed","template":"","meta":{"footnotes":""},"class_list":["post-206","page","type-page","status-publish","has-post-thumbnail","hentry"],"_links":{"self":[{"href":"https:\/\/firmalan.com\/no\/wp-json\/wp\/v2\/pages\/206","targetHints":{"allow":["GET"]}}],"collection":[{"href":"https:\/\/firmalan.com\/no\/wp-json\/wp\/v2\/pages"}],"about":[{"href":"https:\/\/firmalan.com\/no\/wp-json\/wp\/v2\/types\/page"}],"author":[{"embeddable":true,"href":"https:\/\/firmalan.com\/no\/wp-json\/wp\/v2\/users\/1"}],"replies":[{"embeddable":true,"href":"https:\/\/firmalan.com\/no\/wp-json\/wp\/v2\/comments?post=206"}],"version-history":[{"count":1,"href":"https:\/\/firmalan.com\/no\/wp-json\/wp\/v2\/pages\/206\/revisions"}],"predecessor-version":[{"id":208,"href":"https:\/\/firmalan.com\/no\/wp-json\/wp\/v2\/pages\/206\/revisions\/208"}],"wp:featuredmedia":[{"embeddable":true,"href":"https:\/\/firmalan.com\/no\/wp-json\/wp\/v2\/media\/207"}],"wp:attachment":[{"href":"https:\/\/firmalan.com\/no\/wp-json\/wp\/v2\/media?parent=206"}],"curies":[{"name":"wp","href":"https:\/\/api.w.org\/{rel}","templated":true}]}}