{"id":201,"date":"2019-09-12T14:47:28","date_gmt":"2019-09-12T12:47:28","guid":{"rendered":"https:\/\/firmalan.com\/no\/?page_id=201"},"modified":"2019-09-12T14:49:28","modified_gmt":"2019-09-12T12:49:28","slug":"investio","status":"publish","type":"page","link":"https:\/\/firmalan.com\/no\/investio\/","title":{"rendered":"Investio"},"content":{"rendered":"<div class=\"section-content\">\n<div class=\"row\">\n<div class=\"feature-item col-lg-6 col-sm-6 wow slideInUp\">\n<div class=\"feature-media\"><img decoding=\"async\" src=\"https:\/\/firmalan.com\/no\/wp-content\/uploads\/2019\/09\/investio.png\" \/><\/div>\n<\/div>\n<div class=\"feature-item col-lg-6 col-sm-6 wow slideInUp\">\n<p>Investio er basert p\u00e5 en smart l\u00f8sning som lar privat personer investere i bedriftsl\u00e5n til norske bedrifter i vekst. Investio tilbyr bedrifter i vekst et l\u00e5n med 5% til 20% rente og gir samtidig privat personer som \u00f8nsker en h\u00f8y avkastning p\u00e5 investeringen sin muligheten til \u00e5 kj\u00f8pe disse l\u00e5nene.\n<\/p>\n<p>Investio passer perfekt for norske bedrifter som fortsatt er i en tidlig fase, men som har et ferdig produkt eller tjeneste og kan dokumentere salg av dette. Investios evalueringsmodell tar ekstra hensyn til dette n\u00e5r l\u00e5nes\u00f8knaden skal evalueres.\n<\/p>\n<p>Investio er i skrivende stund under utvikling, og m\u00e5let er \u00e5 lansere tjenesten i f\u00f8rste kvartal av 2020.<\/p>\n<\/div>\n<\/div>\n<div class=\"section-color\">\n<div class=\"row\">\n<div class=\"feature-item col-lg-6 col-sm-6 wow slideInUp\">\n<p class=\"kapitel\">Investo Bedriftl\u00e5n (P2B Crowdfunding)<\/p>\n<ul id=\"navlist\">\n<li>Bel\u00f8p: 100.000-10.000.000 kr.<\/li>\n<li>Nedbetaling: 12-60 m\u00e5neder<\/li>\n<li>L\u00e5nekostnader: 3 % i formidlingsgebyr og administrative kostnader<\/li>\n<li>Rente: 5.00%-20.00%<\/li>\n<\/ul>\n<\/div>\n<div class=\"feature-item col-lg-6 col-sm-6 wow slideInUp\">\n<p class=\"kapitel\">S\u00f8knad 24\/7<\/p>\n<ul id=\"navlist\">\n<li>L\u00e5nes\u00f8knad: Ans\u00f8g online, l\u00e5nes\u00f8knaden sendes inn og evalueres.<\/li>\n<li>Tegningsperiode: N\u00e5r l\u00e5net er fulltegnet registrerer Investio sikkerhetene, og l\u00e5net betales ut.<\/li>\n<\/ul>\n<\/div>\n<\/div>\n<\/div>\n<p><span style=\"color: #00529c; font-size: 16pt;\">Betingelser:<\/span><\/p>\n<table>\n<tbody>\n<tr>\n<td bgcolor=\"#000\"><span style=\"color: #ffffff;\">Rentesats<\/span><\/td>\n<td>5-20% (Renten blir bestemt av <a href=\"https:\/\/firmalan.com\/no\/kredittscore\/\">risiko score<\/a>)<\/td>\n<\/tr>\n<tr>\n<td bgcolor=\"#000\"><span style=\"color: #ffffff;\">Oprettelsesgebyr<\/span><\/td>\n<td>3%<\/td>\n<\/tr>\n<\/tbody>\n<\/table>\n<p><span style=\"color: #00529c; font-size: 16pt;\">Kvalifiserte l\u00e5ntakere:<\/span><\/p>\n<table>\n<tbody>\n<tr>\n<td bgcolor=\"#000\"><span style=\"color: #ffffff;\">Omsetning<\/span><\/td>\n<td>Ha positiv egenkapital.<\/td>\n<\/tr>\n<tr>\n<td bgcolor=\"#000\"><span style=\"color: #ffffff;\">Firma<\/span><\/td>\n<td>Selskapet er aktivt.<\/td>\n<\/tr>\n<tr>\n<td bgcolor=\"#000\"><span style=\"color: #ffffff;\">Bankkonto<\/span><\/td>\n<td>Bankkonto dedikeret til forretninger.<\/td>\n<\/tr>\n<tr>\n<td bgcolor=\"#000\"><span style=\"color: #ffffff;\">Adresse<\/span><\/td>\n<td>En fast adresse.<\/td>\n<\/tr>\n<tr>\n<td bgcolor=\"#000\"><span style=\"color: #ffffff;\">Eierskap<\/span><\/td>\n<td>Etablert i Norge.<\/td>\n<\/tr>\n<\/tbody>\n<\/table>\n<p><span style=\"color: #00529c; font-size: 16pt;\">F\u00f8lgende opplysninger og dokumenter kreves:<\/span><\/p>\n<ul>\n<li>BankID<\/li>\n<li>Org nr<\/li>\n<li>Bankkonto<\/li>\n<li>oppdatert finansiell informasjon<\/li>\n<\/ul>\n<h2>Hvordan virker Investio?<\/h2>\n<p>Den f\u00f8rste delen av prosessen er naturligvis at l\u00e5nes\u00f8knaden sendes inn og evalueres. Under evalueringen vil bedrifter i tidlig vekstfase med et ferdig produkt eller tjeneste, og som kan vise til dokumentert salg bli tatt ekstra hensyn til.\n<\/p>\n<p>N\u00e5r l\u00e5nes\u00f8knaden er blitt godkjent av Investio vil l\u00e5net bli tilgjengelig for privat personer som et investeringsobjekt. Privat personene som i dette tilfellet har rollen som utl\u00e5nere vil gjennom Investios plattform ha oversikt over alle de ulike investeringsobjektene og kan fritt velge hvilke l\u00e5n de \u00f8nsker \u00e5 investere i ved \u00e5 se p\u00e5 ting som risiko og forventet avkastning.\n<\/p>\n<p>N\u00e5r et investeringsobjekt har n\u00e5dd 100% finansiering og hele l\u00e5nebel\u00f8pet er dekket vil Investio automatisk sende ut en l\u00e5neavtale til alle parter. Her m\u00e5 alts\u00e5 l\u00e5ntaker og alle utl\u00e5nerne godkjenne og signere avtalen.\n<\/p>\n<p>N\u00e5r alle parter er enige om betingelsene for l\u00e5net og har signert avtalen vil l\u00e5nesummen bli utbetalt til l\u00e5ntaker, her vil Investio ta et gebyr p\u00e5 3% av l\u00e5nesummen. Etter l\u00e5nesummen er mottatt vil l\u00e5ntaker betale tilbake faste m\u00e5nedlige avdrag og renter, disse pengene vil deretter fordeles p\u00e5 alle utl\u00e5nerne som dermed til slutt vil ha tjent penger p\u00e5 investeringen sin takket v\u00e6re rentene.\n<\/p>\n<hr \/>\n<h2>Hvorfor skal jeg velge Investio?<\/h2>\n<p>Som bedrift f\u00e5r du raskt tilgang til private l\u00e5ngivere og gunstige betingelser gjennom Investio plattformen. Du slipper da \u00e5 g\u00e5 gjennom kostbare og trege prosesser for \u00e5 hente inn aksje kapital fra investorer. Investio passer ogs\u00e5 utmerket for deg som eier en liten bedrift i vekstfasen som kan vise til dokumentert salg av varer eller tjenester.\n<\/p>\n<hr \/>\n<h4>Support:<\/h4>\n<table class=\"table table-striped\" border=\"0\">\n<tbody>\n<tr>\n<td valign=\"top\" width=\"150\">Man-Fre<\/td>\n<td valign=\"top\" width=\"100\">&#8211;<\/td>\n<\/tr>\n<tr>\n<td valign=\"top\" width=\"150\">Helg<\/td>\n<td valign=\"top\" width=\"100\">Stengt<\/td>\n<\/tr>\n<\/tbody>\n<\/table>\n<blockquote><p>\nE-post: <a href=\"mailto:post@investio.no\">post@investio.no<\/a><\/p><\/blockquote>\n<blockquote class=\"theme\"><p>Investio AS<\/p>\n<h4>ADRESSE:<\/h4>\n<p>Vindskarveien 17<br \/>\n5363 \u00c5gotnes<br \/>\nOrg.nr 921 399 952<\/p><\/blockquote>\n","protected":false},"excerpt":{"rendered":"<p>Investio er basert p\u00e5 en smart l\u00f8sning som lar privat personer investere i bedriftsl\u00e5n til norske bedrifter i vekst. Investio tilbyr bedrifter i vekst et l\u00e5n med 5% til 20% &#8230;<\/p>\n","protected":false},"author":1,"featured_media":203,"parent":0,"menu_order":0,"comment_status":"closed","ping_status":"closed","template":"","meta":{"footnotes":""},"class_list":["post-201","page","type-page","status-publish","has-post-thumbnail","hentry"],"_links":{"self":[{"href":"https:\/\/firmalan.com\/no\/wp-json\/wp\/v2\/pages\/201","targetHints":{"allow":["GET"]}}],"collection":[{"href":"https:\/\/firmalan.com\/no\/wp-json\/wp\/v2\/pages"}],"about":[{"href":"https:\/\/firmalan.com\/no\/wp-json\/wp\/v2\/types\/page"}],"author":[{"embeddable":true,"href":"https:\/\/firmalan.com\/no\/wp-json\/wp\/v2\/users\/1"}],"replies":[{"embeddable":true,"href":"https:\/\/firmalan.com\/no\/wp-json\/wp\/v2\/comments?post=201"}],"version-history":[{"count":2,"href":"https:\/\/firmalan.com\/no\/wp-json\/wp\/v2\/pages\/201\/revisions"}],"predecessor-version":[{"id":205,"href":"https:\/\/firmalan.com\/no\/wp-json\/wp\/v2\/pages\/201\/revisions\/205"}],"wp:featuredmedia":[{"embeddable":true,"href":"https:\/\/firmalan.com\/no\/wp-json\/wp\/v2\/media\/203"}],"wp:attachment":[{"href":"https:\/\/firmalan.com\/no\/wp-json\/wp\/v2\/media?parent=201"}],"curies":[{"name":"wp","href":"https:\/\/api.w.org\/{rel}","templated":true}]}}