{"id":192,"date":"2019-08-17T20:17:32","date_gmt":"2019-08-17T18:17:32","guid":{"rendered":"https:\/\/firmalan.com\/no\/?page_id=192"},"modified":"2019-08-17T20:22:57","modified_gmt":"2019-08-17T18:22:57","slug":"eiendomskreditt","status":"publish","type":"page","link":"https:\/\/firmalan.com\/no\/eiendomskreditt\/","title":{"rendered":"Eiendomskreditt"},"content":{"rendered":"<p>Eiendomskreditt er et kredittforetak som ble grunnlagt i 1997 og har f\u00e5tt god kredittrating av S&amp;P Global Ratings. Eiendomskreditt har so sitt m\u00e5l \u00e5 v\u00e6re den foretrukne l\u00e5ngiveren for profesjonelle sm\u00e5 og mellomstore eiendomsakt\u00f8rer. Eiendomskreditt tilbyr l\u00e5n til n\u00e6ringsbygg.<\/p>\n<p>Eiendomskreditt har 68 ulike sparebanker spredt over hele Norge som aksjon\u00e6rer og kan derfor gjennom samarbeid med disse gi deg de beste betingelsene og ikke minst den beste sikkerheten for din bedrift.<\/p>\n<p>&nbsp;<\/p>\n<h3>N\u00e6ringsl\u00e5n fra Eiendomskreditt<\/h3>\n<p>Eiendomskreditt tilbyr l\u00e5n til blant annet n\u00e6ringsbygg, leieg\u00e5rder og kontorlokaler. Det er mange fordeler ved \u00e5 velge Eiendomskreditt som l\u00e5ngiver enten du skal pusse opp eller refinansierer tidligere l\u00e5n til din n\u00e6ringseiendom. Eiendomskreditt tilbyr sv\u00e6rt gunstige betingelser og l\u00f8petid p\u00e5 n\u00e6ringsl\u00e5n for opp til 55% av eiendommens verdi, eiendommen benyttes som pant for l\u00e5net.<\/p>\n<p>S\u00f8knadsprosessen er enkel og veldig raskt; Alt du trenger \u00e5 gj\u00f8re er \u00e5 fylle ut s\u00f8knadsskjemaet p\u00e5 Eiendomskreditts nettsider og etter kort tid og intern diskusjon vil de ta kontakt med deg.<\/p>\n<p>Eiendomskreditt tilbyr mange ulike l\u00f8sninger for deg som \u00f8nsker et n\u00e6ringsl\u00e5n. De tilbyr b\u00e5de fast og flytende rente og dessuten mange m\u00e5ter \u00e5 sikre l\u00e5net.<\/p>\n<p>Dersom du allerede har et l\u00e5n p\u00e5 ditt n\u00e6ringsbygg, kan det ofte l\u00f8nne seg \u00e5 refinansiere det hos Eiendomskreditt. N\u00e6ringsl\u00e5net ditt flyttes enkelt av Eiendomskreditt og du trenger ikke endre kontoforhold. Du b\u00f8r hele tiden f\u00f8lge med p\u00e5 prisene p\u00e5 n\u00e6ringsl\u00e5n i markedet, Eiendomskreditt pr\u00f8ver alltid \u00e5 v\u00e6re blant de rimeligste og dersom du ser at Eiendomskreditt tilbyr bedre l\u00e5nebetingelser en din n\u00e5v\u00e6rende l\u00e5ngiver er det lurt \u00e5 bytte til Eiendomskreditt snarest mulig. Det er ikke noe poeng i \u00e5 klenge seg til den samme banken du alltid har pleid \u00e5 bruke dersom de ikke er konkurransedyktige. Gode l\u00e5nebetingelser kan ha sv\u00e6rt mye \u00e5 si for likviditeten i ditt selskap; Det skader ikke \u00e5 se hva Eiendomskreditt kan tilby deg.<\/p>\n<h4>Support:<\/h4>\n<table class=\"table table-striped\" border=\"0\">\n<tbody>\n<tr>\n<td valign=\"top\" width=\"150\">Man-Fre<\/td>\n<td valign=\"top\" width=\"100\">08:00 \u2013 16:00<\/td>\n<\/tr>\n<tr>\n<td valign=\"top\" width=\"150\">Helg<\/td>\n<td valign=\"top\" width=\"100\">Stengt<\/td>\n<\/tr>\n<\/tbody>\n<\/table>\n<blockquote><p>Telefon: 55 33 27 00<br \/>\nE-post: <a href=\"mailto:post@eiendomskreditt.no\">post@eiendomskreditt.no<\/a><\/p><\/blockquote>\n<blockquote class=\"theme\"><p>Eiendomskreditt AS<\/p>\n<h4>ADRESSE:<\/h4>\n<p>Solheimsgaten 11<br \/>\n5058 Bergen<br \/>\nNorway<br \/>\nOrg.nr  979 391 285<\/p><\/blockquote>\n","protected":false},"excerpt":{"rendered":"<p>Eiendomskreditt er et kredittforetak som ble grunnlagt i 1997 og har f\u00e5tt god kredittrating av S&amp;P Global Ratings. Eiendomskreditt har so sitt m\u00e5l \u00e5 v\u00e6re den foretrukne l\u00e5ngiveren for profesjonelle &#8230;<\/p>\n","protected":false},"author":1,"featured_media":0,"parent":0,"menu_order":0,"comment_status":"closed","ping_status":"closed","template":"","meta":{"footnotes":""},"class_list":["post-192","page","type-page","status-publish","hentry"],"_links":{"self":[{"href":"https:\/\/firmalan.com\/no\/wp-json\/wp\/v2\/pages\/192","targetHints":{"allow":["GET"]}}],"collection":[{"href":"https:\/\/firmalan.com\/no\/wp-json\/wp\/v2\/pages"}],"about":[{"href":"https:\/\/firmalan.com\/no\/wp-json\/wp\/v2\/types\/page"}],"author":[{"embeddable":true,"href":"https:\/\/firmalan.com\/no\/wp-json\/wp\/v2\/users\/1"}],"replies":[{"embeddable":true,"href":"https:\/\/firmalan.com\/no\/wp-json\/wp\/v2\/comments?post=192"}],"version-history":[{"count":3,"href":"https:\/\/firmalan.com\/no\/wp-json\/wp\/v2\/pages\/192\/revisions"}],"predecessor-version":[{"id":196,"href":"https:\/\/firmalan.com\/no\/wp-json\/wp\/v2\/pages\/192\/revisions\/196"}],"wp:attachment":[{"href":"https:\/\/firmalan.com\/no\/wp-json\/wp\/v2\/media?parent=192"}],"curies":[{"name":"wp","href":"https:\/\/api.w.org\/{rel}","templated":true}]}}