{"id":190,"date":"2019-08-17T19:53:55","date_gmt":"2019-08-17T17:53:55","guid":{"rendered":"https:\/\/firmalan.com\/no\/?page_id=190"},"modified":"2019-08-17T20:20:32","modified_gmt":"2019-08-17T18:20:32","slug":"debank","status":"publish","type":"page","link":"https:\/\/firmalan.com\/no\/debank\/","title":{"rendered":"DeBank"},"content":{"rendered":"<p>DeBank er et finansieringsforetak som tilbyr flere tjenester for sm\u00e5 og mellomstore bedrifter. DeBank er et heleid datterselskap av SpareBank 1 SMN. DeBank spesialiserer seg i \u00e5 finne l\u00f8sninger p\u00e5 likviditetsproblemer og hjelper din bedrift med \u00e5 ha kontanter tilgjengelig n\u00e5r dere trenger det.<\/p>\n<h3>Hvilke tjenester tilbyr DeBank?<\/h3>\n<p>DeBank tilbyr flere tjenester for sm\u00e5 og mellomstore bedrifter som kan hjelpe med \u00e5 bekjempe likviditetsproblemer. Likviditetsproblemer bremser vekst og skaper un\u00f8dvendige problemer; DeBank har som m\u00e5l og gi din bedrift bedre likviditet gjennom sine smarte og enkle l\u00f8sninger.<\/p>\n<p>En av tjenestene til DeBank er fakturasalg. Fakturasalg er en enkel m\u00e5te \u00e5 oppn\u00e5 bedre likviditet. DeBank behandler og godkjenner fakturaene din bedrift \u00f8nsker \u00e5 selge og vil s\u00f8rge for at pengene utbetales til konto samme dag. Det er mange fordeler ved fakturasalg; Fakturasalg gir deg bedre likviditet, redusert kredittrisiko, mer fokus p\u00e5 viktigere ting og redusert behov for annen type finansiering som for eksempel l\u00e5n.<\/p>\n<p>En annen popul\u00e6r tjeneste tilbudt av DeBank er verdikjedefinansiering. Verdikjedefinansiering er p\u00e5 mange m\u00e5ter ogs\u00e5 en form for fakturasalg. Det fungerer ved at leverand\u00f8r selger en vare eller tjeneste med faktura til oppdragsgiver, oppdragsgiver vil deretter sende fakturaen til DeBank som vil godkjenne og umiddelbart betale hele bel\u00f8pet p\u00e5 fakturaen til leverand\u00f8r, oppdragsgiver trenger ikke betale DeBank f\u00e5r forfall av fakturaen. Dette gir alts\u00e5 leverand\u00f8r \u00f8kt likviditet ettersom de mottar betaling umiddelbart, og oppdragsgiver vil ogs\u00e5 f\u00e5 \u00f8kt likviditet ettersom at de ikke trenger \u00e5 betale fakturaen f\u00f8r forfall. DeBank fungerer ogs\u00e5 som et mellomledd i verdikjedefinansieringen og s\u00f8rger for at alle parter f\u00e5r \u00f8kt likviditet.<\/p>\n<p>Den siste, men absolutt ikke minstetjenesten DeBank tilbyr er bedriftsl\u00e5n. DeBank tilbyr fleksible l\u00e5n som egner seg for korte finansieringsbehov. Et bedriftsl\u00e5n kan gi din bedrift bedre forutsigbarhet og fleksibilitet og gi deg rask tilgang til likviditet n\u00e5r du trenger det. DeBank tilbyr en rekke ulike l\u00f8sninger for bedriftsl\u00e5n, dersom du kontakter DeBank kan de sannsynligvis skreddersy et l\u00e5n som passer perfekt for dine behov.<\/p>\n<h4>Support:<\/h4>\n<table class=\"table table-striped\" border=\"0\">\n<tbody>\n<tr>\n<td valign=\"top\" width=\"150\">Man-Fre<\/td>\n<td valign=\"top\" width=\"100\">08:00 \u2013 16:00<\/td>\n<\/tr>\n<tr>\n<td valign=\"top\" width=\"150\">Helg<\/td>\n<td valign=\"top\" width=\"100\">Stengt<\/td>\n<\/tr>\n<\/tbody>\n<\/table>\n<blockquote><p>Telefon: 48 50 90 00<br \/>\nE-post: <a href=\"mailto:kundeservice@debank.no\">kundeservice@debank.no<\/a><\/p><\/blockquote>\n<blockquote class=\"theme\"><p>DeBank ASA<\/p>\n<h4>ADRESSE:<\/h4>\n<p>Dronningens gate 7<br \/>\n7011 Trondheim<br \/>\nNorge<br \/>\nOrg.nr 916 585 837<\/p><\/blockquote>\n","protected":false},"excerpt":{"rendered":"<p>DeBank er et finansieringsforetak som tilbyr flere tjenester for sm\u00e5 og mellomstore bedrifter. DeBank er et heleid datterselskap av SpareBank 1 SMN. DeBank spesialiserer seg i \u00e5 finne l\u00f8sninger p\u00e5 &#8230;<\/p>\n","protected":false},"author":1,"featured_media":0,"parent":0,"menu_order":0,"comment_status":"closed","ping_status":"closed","template":"","meta":{"footnotes":""},"class_list":["post-190","page","type-page","status-publish","hentry"],"_links":{"self":[{"href":"https:\/\/firmalan.com\/no\/wp-json\/wp\/v2\/pages\/190","targetHints":{"allow":["GET"]}}],"collection":[{"href":"https:\/\/firmalan.com\/no\/wp-json\/wp\/v2\/pages"}],"about":[{"href":"https:\/\/firmalan.com\/no\/wp-json\/wp\/v2\/types\/page"}],"author":[{"embeddable":true,"href":"https:\/\/firmalan.com\/no\/wp-json\/wp\/v2\/users\/1"}],"replies":[{"embeddable":true,"href":"https:\/\/firmalan.com\/no\/wp-json\/wp\/v2\/comments?post=190"}],"version-history":[{"count":2,"href":"https:\/\/firmalan.com\/no\/wp-json\/wp\/v2\/pages\/190\/revisions"}],"predecessor-version":[{"id":194,"href":"https:\/\/firmalan.com\/no\/wp-json\/wp\/v2\/pages\/190\/revisions\/194"}],"wp:attachment":[{"href":"https:\/\/firmalan.com\/no\/wp-json\/wp\/v2\/media?parent=190"}],"curies":[{"name":"wp","href":"https:\/\/api.w.org\/{rel}","templated":true}]}}