{"id":187,"date":"2019-08-11T22:07:51","date_gmt":"2019-08-11T20:07:51","guid":{"rendered":"https:\/\/firmalan.com\/no\/?page_id=187"},"modified":"2019-08-11T22:08:02","modified_gmt":"2019-08-11T20:08:02","slug":"fakturakjop","status":"publish","type":"page","link":"https:\/\/firmalan.com\/no\/fakturakjop\/","title":{"rendered":"Fakturakj\u00f8p &#8211; selge ubetalt faktura til factoringselskaper"},"content":{"rendered":"<p>Fakturakj\u00f8p er en l\u00f8sning som mange selskaper utnytter. Det er fornuftig spesielt for bedrifter med f\u00e5, men store fakturaer-der likviditeten lett blir lav n\u00e5r kontanter er bundet opp i ikke-likvide midler. Hvis av en eller annen grunn en forretningspartner ikke oppfyller sine l\u00f8fter, er det mulig \u00e5 selge fakturaen til et factoringselskap og f\u00e5 betalt direkte og potensielt unng\u00e5 mye tidkrevende arbeid.<\/p>\n<h3>Hva er factoring &#8211; fakturakj\u00f8p og Utl\u00e5n<\/h3>\n<p>Kort sagt: du vil alltid v\u00e6re sikker p\u00e5 at du f\u00e5r betalingen s\u00e5 raskt som mulig, for \u00e5 sikre h\u00f8y likviditet i selskapet.<\/p>\n<p>N\u00e5r noen unnlater \u00e5 gj\u00f8re betaling i tide, kan du i stedet for \u00e5 vente p\u00e5 at kunden skal betale velge \u00e5 selge fakturaen og f\u00e5 betalt umiddelbart. Det er flere factoringselskaper som er villige til \u00e5 kj\u00f8pe dine kunders ubetalte fakturaer.<\/p>\n<p>Hvis du velger \u00e5 selge fakturaen vil kj\u00f8peren h\u00e5ndtere alt som omgir fakturaen, og ogs\u00e5 ta den fulle \u00f8konomiske risikoen.\u00a0Men du vil ikke alltid f\u00e5 full verdi ut av fakturaene, dette er delvis fordi factoringselskapene trenger \u00e5 sikre seg mot potensiell kredittrisiko.<\/p>\n<p>Det er ogs\u00e5 et alternativ kalt for <a href=\"https:\/\/firmalan.com\/no\/factoring\/\">fakturabel\u00e5ning<\/a>; Dette betyr at i stedet for \u00e5 selge fakturaen din, kan du l\u00e5ne penger basert p\u00e5 bel\u00f8pet som er oppgitt p\u00e5 fakturaen. Fakturafinansiering i form av et l\u00e5n er sikret ved underliggende kundefordringer (fakturaen).<\/p>\n<h3>Verdt \u00e5 vite om fakturakj\u00f8p<\/h3>\n<p>Du f\u00e5r betalingen raskt n\u00e5r du selger en faktura. Det er hele fordelen med det.<\/p>\n<p>Prosessen er relativt rett frem og det er lett \u00e5 komme i gang n\u00e5r du finner en markedsplass for fakturakj\u00f8p, eller et nettsted som kobler factoringselskaper med selgere.<\/p>\n<p>Verdivurdering: hvor mye du f\u00e5r betalt per faktura avhenger av flere forskjellige ting. F\u00f8rst og fremst er det avhengig av bel\u00f8pet som er oppgitt p\u00e5 fakturaen, men kundens kredittverdighet, samt de fastsatte faktura betalingsbetingelsene, tas ogs\u00e5 med i betraktning under evalueringsprosessen. Prisen du blir enige om vil bli overf\u00f8rt til bankkontoen din raskt, ofte p\u00e5 en dag eller to, dersom du velger \u00e5 selge fakturaen din.<\/p>\n<p>N\u00e5r du oppretter en kontrakt, velger du om du bare vil selge fakturaer innimellom eller regelmessig.<\/p>\n<h3>Slik selger du en faktura<\/h3>\n<p>S\u00e5 langt har du f\u00e5tt litt kunnskap om fakturakj\u00f8p,men hvordan kommer du i gang med \u00e5 selge en faktura?<\/p>\n<p>Du m\u00e5 bare finne en markedsplass eller et factoringselskap og sende fakturaen. Hvis det er mulig \u00e5 finne en kj\u00f8per, vil du raskt f\u00e5 en betaling og det er egentlig alt som skal til.<\/p>\n<p>Fakturaen m\u00e5 selvf\u00f8lgelig f\u00f8rst godkjennes, men vanligvis vil denne prosessen ikke ta lang tid. Det er derfor ganske enkelt \u00e5 komme i gang med fakturakj\u00f8p og salg av ubetalte fakturaer.<\/p>\n<p>For \u00e5 oppsummere: fakturakj\u00f8p er en god l\u00f8sning hvis du \u00f8nsker \u00e5 sikre likviditet og hvis du ikke vil ha hodepine av inkasso.<\/p>\n<p>Factoring snur ikke-likvide midler til likvide midler, som er en viktig komponent for selskapets vekst og b\u00e6rekraftig kontantstr\u00f8m.<\/p>\n","protected":false},"excerpt":{"rendered":"<p>Fakturakj\u00f8p er en l\u00f8sning som mange selskaper utnytter. Det er fornuftig spesielt for bedrifter med f\u00e5, men store fakturaer-der likviditeten lett blir lav n\u00e5r kontanter er bundet opp i ikke-likvide &#8230;<\/p>\n","protected":false},"author":1,"featured_media":0,"parent":0,"menu_order":0,"comment_status":"closed","ping_status":"closed","template":"","meta":{"footnotes":""},"class_list":["post-187","page","type-page","status-publish","hentry"],"_links":{"self":[{"href":"https:\/\/firmalan.com\/no\/wp-json\/wp\/v2\/pages\/187","targetHints":{"allow":["GET"]}}],"collection":[{"href":"https:\/\/firmalan.com\/no\/wp-json\/wp\/v2\/pages"}],"about":[{"href":"https:\/\/firmalan.com\/no\/wp-json\/wp\/v2\/types\/page"}],"author":[{"embeddable":true,"href":"https:\/\/firmalan.com\/no\/wp-json\/wp\/v2\/users\/1"}],"replies":[{"embeddable":true,"href":"https:\/\/firmalan.com\/no\/wp-json\/wp\/v2\/comments?post=187"}],"version-history":[{"count":1,"href":"https:\/\/firmalan.com\/no\/wp-json\/wp\/v2\/pages\/187\/revisions"}],"predecessor-version":[{"id":188,"href":"https:\/\/firmalan.com\/no\/wp-json\/wp\/v2\/pages\/187\/revisions\/188"}],"wp:attachment":[{"href":"https:\/\/firmalan.com\/no\/wp-json\/wp\/v2\/media?parent=187"}],"curies":[{"name":"wp","href":"https:\/\/api.w.org\/{rel}","templated":true}]}}