{"id":177,"date":"2019-06-14T15:47:16","date_gmt":"2019-06-14T13:47:16","guid":{"rendered":"https:\/\/firmalan.com\/no\/?page_id=177"},"modified":"2019-06-14T15:53:37","modified_gmt":"2019-06-14T13:53:37","slug":"perx","status":"publish","type":"page","link":"https:\/\/firmalan.com\/no\/perx\/","title":{"rendered":"Perx"},"content":{"rendered":"<div class=\"section-content\">\n<div class=\"row\">\n<div class=\"feature-item col-lg-6 col-sm-6 wow slideInUp\">\n<div class=\"feature-media\"><img decoding=\"async\" src=\"https:\/\/firmalan.com\/no\/wp-content\/uploads\/2019\/06\/perx-b.jpg\" \/><\/div>\n<\/div>\n<div class=\"feature-item col-lg-6 col-sm-6 wow slideInUp\">Folkefinansiering kalles ogs\u00e5 crowdfunding og fungerer ved at man gir bedrifter og privatpersoner mulighet for \u00e5 tilby sine sparepenger som l\u00e5n for andre personer eller bedrifter. I Perx sitt tilfelle, s\u00e5 er det b\u00e5de privatpersoner og bedrifter som de sikter seg inn mot, mens flere andre velger \u00e5 satse kun mot bedriftsmarkedet.<\/div>\n<p>For den som benytter seg av peer-to-peer lending vil prosessen utarte seg p\u00e5 samme m\u00e5te som om man l\u00e5ner penger andre steder, mens for bedriftsmarkedet vil man finne flere varianter. Enten er investorene villige til \u00e5 ta en del av risikoen ved at de investerer i aksjer i virksomheten, eller man kan ogs\u00e5 som bedrift benytte seg av crowdfunding for finansiering som l\u00e5n.<\/p>\n<p>Perx tilbyr crowdfunding tjenesten som l\u00e5n, gjennom s\u00e5kalt l\u00e5nebasert folkefinansiering.Denne typen finansiering har eksistert for eksempel i Storbritannia i flere \u00e5r, men er relativt nytt for det norske markedet. Utbetaling vil skje n\u00e4r l\u00e5net \u00e4r fullt finansierat. Vanligvis gjelder, kortere l\u00f8petid, jo raskere fylles l\u00e5net ditt.<\/p>\n<div class=\"section-color\">\n<div class=\"row\">\n<div class=\"feature-item col-lg-6 col-sm-6 wow slideInUp\">\n<p class=\"kapitel\">Perx Bedriftsl\u00e5n<\/p>\n<ul id=\"navlist\">\n<li>Bel\u00f8p: 250.000-5.000.000 kr.<\/li>\n<li>Nedbetaling: 6-24 m\u00e5neder<\/li>\n<li>L\u00e5nekostnader: 3 % i etableringsgebyr<\/li>\n<li>Termingebyr: 20 kr<\/li>\n<li>Kredittsjekke: 39 kr<\/li>\n<\/ul>\n<\/div>\n<div class=\"feature-item col-lg-6 col-sm-6 wow slideInUp\">\n<p class=\"kapitel\">S\u00f8knad 24\/7<\/p>\n<ul id=\"navlist\">\n<li>Bel\u00f8p: 250.000-5.000.000 kr.<\/li>\n<li>Nedbetaling: 6-24 m\u00e5neder<\/li>\n<li>L\u00e5nekostnader: 3 % i etableringsgebyr<\/li>\n<li>Termingebyr: 20 kr<\/li>\n<li>Kredittsjekke: 39 kr<\/li>\n<\/ul>\n<\/div>\n<div class=\"feature-item col-lg-6 col-sm-6 wow slideInUp\">\n<p class=\"kapitel\">S\u00f8knad 24\/7<\/p>\n<ul id=\"navlist\">\n<li>Risikoanalyse: kredittvurderingen fra Experian.<\/li>\n<li>Utbetaling: 2-7 virkedager etter det l\u00e5net \u00e4r fullt finansierat.<\/li>\n<\/ul>\n<\/div>\n<\/div>\n<\/div>\n<p>&nbsp;<\/p>\n<div style=\"clear: both;\"><\/div>\n<p><span style=\"color: #00529c; font-size: 16pt;\">Betingelser:<\/span><\/p>\n<table>\n<tbody>\n<tr>\n<td bgcolor=\"#000\"><span style=\"color: #ffffff;\">Rentesats<\/span><\/td>\n<td>5-20%<\/td>\n<\/tr>\n<tr>\n<td bgcolor=\"#000\"><span style=\"color: #ffffff;\">Oprettelsesgebyr<\/span><\/td>\n<td>3%<\/td>\n<\/tr>\n<\/tbody>\n<\/table>\n<p><span style=\"color: #00529c; font-size: 16pt;\">Kvalifiserte l\u00e5ntakere:<\/span><\/p>\n<table>\n<tbody>\n<tr>\n<td bgcolor=\"#000\"><span style=\"color: #ffffff;\">Omsetning<\/span><\/td>\n<td>Positiv \u00f8konomisk historikk.<\/td>\n<\/tr>\n<tr>\n<td bgcolor=\"#000\"><span style=\"color: #ffffff;\">Firma<\/span><\/td>\n<td>Selskapet er aktivt.<\/td>\n<\/tr>\n<tr>\n<td bgcolor=\"#000\"><span style=\"color: #ffffff;\">Bankkonto<\/span><\/td>\n<td>Bankkonto dedikeret til forretning.<\/td>\n<\/tr>\n<tr>\n<td bgcolor=\"#000\"><span style=\"color: #ffffff;\">Adresse<\/span><\/td>\n<td>En fast adresse.<\/td>\n<\/tr>\n<tr>\n<td bgcolor=\"#000\"><span style=\"color: #ffffff;\">Eierskap<\/span><\/td>\n<td>Registrerte norske selskaper.<\/td>\n<\/tr>\n<\/tbody>\n<\/table>\n<\/div>\n<\/div>\n<p><span style=\"color: #00529c; font-size: 16pt;\">F\u00f8lgende opplysninger og dokumenter kreves:<\/span><\/p>\n<ul>\n<li>BankID<\/li>\n<li>Org nr<\/li>\n<li>Bankkonto<\/li>\n<li>Oppdatert finansiell informasjon<\/li>\n<\/ul>\n<hr \/>\n<h4>Support:<\/h4>\n<table class=\"table table-striped\" border=\"0\">\n<tbody>\n<tr>\n<td valign=\"top\" width=\"150\">Man-Fre<\/td>\n<td valign=\"top\" width=\"100\">09:00 \u2013 15:00<\/td>\n<\/tr>\n<tr>\n<td valign=\"top\" width=\"150\">Helg<\/td>\n<td valign=\"top\" width=\"100\">Stengt<\/td>\n<\/tr>\n<\/tbody>\n<\/table>\n<blockquote><p>Telefon: 45 859 900<br \/>\nE-post: <a href=\"mailto:kundeservice@perx.no\">kundeservice@perx.no<\/a><\/p><\/blockquote>\n<blockquote class=\"theme\"><p>PERX Folkefinansiering AS<\/p>\n<h4>ADRESSE:<\/h4>\n<p>Filipstadveien 5<br \/>\n0250 Oslo<br \/>\nNorge<br \/>\nOrg.nr 817 653 952<\/p><\/blockquote>\n","protected":false},"excerpt":{"rendered":"<p>Folkefinansiering kalles ogs\u00e5 crowdfunding og fungerer ved at man gir bedrifter og privatpersoner mulighet for \u00e5 tilby sine sparepenger som l\u00e5n for andre personer eller bedrifter. I Perx sitt tilfelle, &#8230;<\/p>\n","protected":false},"author":1,"featured_media":178,"parent":0,"menu_order":0,"comment_status":"closed","ping_status":"closed","template":"","meta":{"footnotes":""},"class_list":["post-177","page","type-page","status-publish","has-post-thumbnail","hentry"],"_links":{"self":[{"href":"https:\/\/firmalan.com\/no\/wp-json\/wp\/v2\/pages\/177","targetHints":{"allow":["GET"]}}],"collection":[{"href":"https:\/\/firmalan.com\/no\/wp-json\/wp\/v2\/pages"}],"about":[{"href":"https:\/\/firmalan.com\/no\/wp-json\/wp\/v2\/types\/page"}],"author":[{"embeddable":true,"href":"https:\/\/firmalan.com\/no\/wp-json\/wp\/v2\/users\/1"}],"replies":[{"embeddable":true,"href":"https:\/\/firmalan.com\/no\/wp-json\/wp\/v2\/comments?post=177"}],"version-history":[{"count":7,"href":"https:\/\/firmalan.com\/no\/wp-json\/wp\/v2\/pages\/177\/revisions"}],"predecessor-version":[{"id":185,"href":"https:\/\/firmalan.com\/no\/wp-json\/wp\/v2\/pages\/177\/revisions\/185"}],"wp:featuredmedia":[{"embeddable":true,"href":"https:\/\/firmalan.com\/no\/wp-json\/wp\/v2\/media\/178"}],"wp:attachment":[{"href":"https:\/\/firmalan.com\/no\/wp-json\/wp\/v2\/media?parent=177"}],"curies":[{"name":"wp","href":"https:\/\/api.w.org\/{rel}","templated":true}]}}