{"id":164,"date":"2019-06-14T10:23:35","date_gmt":"2019-06-14T08:23:35","guid":{"rendered":"https:\/\/firmalan.com\/no\/?page_id=164"},"modified":"2019-06-14T10:24:04","modified_gmt":"2019-06-14T08:24:04","slug":"monner","status":"publish","type":"page","link":"https:\/\/firmalan.com\/no\/monner\/","title":{"rendered":"Monner Crowdfunding"},"content":{"rendered":"<div class=\"section-content\">\n<div class=\"row\">\n<div class=\"feature-item col-lg-6 col-sm-6 wow slideInUp\">\n<div class=\"feature-media\"><img decoding=\"async\" src=\"https:\/\/firmalan.com\/no\/wp-content\/uploads\/2019\/06\/monner.jpg\" \/><\/div>\n<\/div>\n<div class=\"feature-item col-lg-6 col-sm-6 wow slideInUp\">Monner er en digital plattform for l\u00e5nebasert crowdfunding. Her har man anledning til \u00e5 be om finansiering mellom 250.000 kr inntil 20.000.000 kr med en rente p\u00e5 mellom 5% og 12,2% rente. Monner bedrifsl\u00e5n har en nedbetalingstid over opp til 3 \u00e5r med mulighet for inntil 3 m\u00e5neders avdragsfrihet.<\/div>\n<\/div>\n<p>Finansieringen henter Monner inn fra bedrifter og privatpersoner som er interessert i \u00e5 investere i crowdfunding P2P-l\u00e5n tiltenkte bedrifter som har behov for vekstfinansiering. B\u00e5de v\u00e5re l\u00e5ntakere og investorer m\u00e5 autentisere seg med BankID f\u00f8r de kan bli kunde hos Monner.\n<\/p>\n<p>N\u00e5r man velger l\u00e5nebasert crowdfunding, s\u00e5 forholder man seg til dette som et ordin\u00e6rt l\u00e5n, men bel\u00f8pet kan v\u00e6re finansiert av flere forskjellige investorer som s\u00e5 f\u00e5r en avkastning p\u00e5 sin investering i henhold til avtale med Monner.\n<\/p>\n<p>For \u00e5 etablere denne typen finansiering for din virksomhet, s\u00e5 inneb\u00e6rer det at man vil f\u00e5 et etableringsgebyr p\u00e5 minimum 2,5% av bel\u00f8pet man \u00f8nsker \u00e5 l\u00e5ne. Dette kan v\u00e6re en mulighet for en ide \u00e5 bli virkelighet selv om personen som har ideen ikke har de n\u00f8dvendige midlene for \u00e5 markedsf\u00f8re konseptet sitt selv eller for \u00e5 starte produksjon av produktet man \u00f8nsker \u00e5 markedsf\u00f8re.\n<\/p>\n<h2>Monner tilbyr fire forskjellige finansieringstyper<\/h2>\n<h5>Usikret vekstl\u00e5n<\/h5>\n<p>Dette er et l\u00e5n uten sikkerhet som bare tilbys norkse aksjeselskaper, foreninger og lag som kan vise til positiv \u00f8konomisk historikk og god kontantstr\u00f8m s\u00e5 vel som kompetente n\u00f8kkelpersoner.\n<\/p>\n<h5>Sikret vekstl\u00e5n<\/h5>\n<p>For \u00e5 kunne s\u00f8ke om dette l\u00e5net er det n\u00f8dvendig med en kausjon eller pant som sikkerhe. Tilbys aksjeselskaper, foreninger og lag som er relativt nyetablerte men har en god forretningside og kompetente n\u00f8kkelpersoner.\n<\/p>\n<h5>Eiendomsl\u00e5n<\/h5>\n<p>Dette er et l\u00e5n som er tilbakebetalt i sin helhet ved slutten av kredittperioden, et s\u00e5kalt bullet l\u00e5n\/ballongl\u00e5n som er avdragsfritt i hele l\u00e5neperioden. Tilbys aksjeselskaper med eller uten driftsinntekter, som har mulighet til \u00e5 stille sikkerhet for l\u00e5net med pant innenfor 80% av markedsverdien til panteobjektet ved tilbakebetalingstidspunktet.\n <\/p>\n<h5>Startl\u00e5n<\/h5>\n<p>Dette l\u00e5net krever personlig garanti (stilt kausjon). Tilbys enkeltmannsforetak (ENK) eller sm\u00e5 aksjeselskap uten \u00f8konomisk historikk. Sikkerhet er personlig garanti.\n<\/p>\n<div class=\"section-color\">\n<div class=\"row\">\n<div class=\"feature-item col-lg-6 col-sm-6 wow slideInUp\">\n<p class=\"kapitel\">Monner Usikret\/Sikret P2P-l\u00e5n<\/p>\n<ul id=\"navlist\">\n<li>Bel\u00f8p: 250.000-20.000.000 kr.<\/li>\n<li>Nedbetaling: 6-36 m\u00e5neder<\/li>\n<li>L\u00e5nekostnader: 2-5 % i etableringsgebyr og administrative kostnader<\/li>\n<\/ul>\n<\/div>\n<div class=\"feature-item col-lg-6 col-sm-6 wow slideInUp\">\n<p class=\"kapitel\">S\u00f8knad 24\/7<\/p>\n<ul id=\"navlist\">\n<li>L\u00e5nes\u00f8knad: Ans\u00f8g online med BankID, f\u00e5 svar innen dager.<\/li>\n<li>Risikoanalyse: Kredittvurderingen fra Experian.<\/li>\n<li>Tegningsperiode: Tilgjengelig p\u00e5 plattformen i opptil 30 dager.<\/li>\n<li>Utbetaling: Opptil en uke etter kampanjen er fullf\u00f8rt.<\/li>\n<\/ul>\n<\/div>\n<\/div>\n<\/div>\n<p><span style=\"color: #00529c; font-size: 16pt;\">Betingelser:<\/span><\/p>\n<table>\n<tbody>\n<tr>\n<td bgcolor=\"#000\"><span style=\"color: #ffffff;\">Rentesats<\/span><\/td>\n<td>5-12,2%<\/td>\n<\/tr>\n<tr>\n<td bgcolor=\"#000\"><span style=\"color: #ffffff;\">Oprettelsesgebyr<\/span><\/td>\n<td>2.5%-5%<\/td>\n<\/tr>\n<\/tbody>\n<\/table>\n<p><span style=\"color: #00529c; font-size: 16pt;\">Kvalifiserte l\u00e5ntakere:<\/span><\/p>\n<table>\n<tbody>\n<tr>\n<td bgcolor=\"#000\"><span style=\"color: #ffffff;\">Omsetning<\/span><\/td>\n<td>Positiv \u00f8konomisk historikk.<\/td>\n<\/tr>\n<tr>\n<td bgcolor=\"#000\"><span style=\"color: #ffffff;\">Firma<\/span><\/td>\n<td>Selskapet er aktivt.<\/td>\n<\/tr>\n<tr>\n<td bgcolor=\"#000\"><span style=\"color: #ffffff;\">Bankkonto<\/span><\/td>\n<td>Bankkonto dedikeret til forretning.<\/td>\n<\/tr>\n<tr>\n<td bgcolor=\"#000\"><span style=\"color: #ffffff;\">Adresse<\/span><\/td>\n<td>En fast adresse.<\/td>\n<\/tr>\n<tr>\n<td bgcolor=\"#000\"><span style=\"color: #ffffff;\">Eierskap<\/span><\/td>\n<td>Enkeltmannsforetak (ENK),aksjeselskap,foreninger og lag i Norge.<\/td>\n<\/tr>\n<\/tbody>\n<\/table>\n<p><span style=\"color: #00529c; font-size: 16pt;\">F\u00f8lgende opplysninger og dokumenter kreves:<\/span><\/p>\n<ul>\n<li>BankID<\/li>\n<li>Org nr<\/li>\n<li>Bankkonto<\/li>\n<li>Oppdatert finansiell informasjon<\/li>\n<\/ul>\n<h3>Grunnleggende krav:<\/h3>\n<ul>\n<li>Monner henvender seg prim\u00e6rt til sm\u00e5 og mellomstore bedrifter.<\/li>\n<li>Bedriftsl\u00e5n kan kun gis til et konkret form\u00e5l som er forenlig med god forretningsskikk<\/li>\n<li>Ingen utest\u00e5ende betalingsanmerkninger\/ inkassosaker finnes.<\/li>\n<li>M\u00e5 v\u00e6re i stand til \u00e5 vise at de kan overholde sine forpliktelser og styre sin egen \u00f8konomi.<\/li>\n<\/ul>\n<p>Noen vanlige grunner til at bedrifter ikke f\u00e5r l\u00e5ne er:<\/p>\n<ul>\n<li>Lav kreditt-score.<\/li>\n<li>Negativ egenkapital.<\/li>\n<li>Gjeld.<\/li>\n<li>Lav l\u00f8nnsomhet.<\/li>\n<li>Betalingsanmerkninger.<\/li>\n<li>Inkassosaker.<\/li>\n<\/ul>\n<p>En godkjent l\u00e5neinvitasjon vil v\u00e6re tilgjengelig for finansiering p\u00e5 plattformen i opptil 30 dager. Det kan ta opptil en uke fra l\u00e5nekampanjen er avsluttet, til pengene blir utbetalt.\n<\/p>\n<h5>Markedsf\u00f8ringspakker &#8211; for bedrifter som \u00f8nsker \u00e5 bli sett<\/h5>\n<p>For \u00e5 f\u00e5 finansiering gjennom en crowdfuding plattform, m\u00e5 man skille seg ut fra mengden. Etableringsgebyret inkluderer synlighet i Monner-plattformen, i tillegg tilbyr Monner \u00e5 bist\u00e5 bedriften med \u00e5 skape ekstra engasjement rundt<br \/>\nkampanjen. Velg mellom tre ulike markedsf\u00f8ringspakker:<\/p>\n<ol>\n<li>Start: kr 5 000 eks mva<\/li>\n<li>Growth Hacker: kr 12 000 eks mva<\/li>\n<li>Lojalitet: kr 34 000 eks mva<\/li>\n<\/ol>\n<h3>Om Monner AS<\/h3>\n<p>Monner AS er en del av Monner Group AS og driver med crowdfunding av selskaper. 27 mai kj\u00f8pte SpareBank 1 SR-Bank crowdfundingselskapet Monner AS, med planen om \u00e5 bli den foretrukne banktjenesten for gr\u00fcndere og entrepren\u00f8rer over hele Norge! <\/p>\n<hr \/>\n<h4>Support:<\/h4>\n<table class=\"table table-striped\" border=\"0\">\n<tbody>\n<tr>\n<td valign=\"top\" width=\"150\">Man-Fre<\/td>\n<td valign=\"top\" width=\"100\">00:00 \u2013 24:00<\/td>\n<\/tr>\n<tr>\n<td valign=\"top\" width=\"150\">Helg<\/td>\n<td valign=\"top\" width=\"100\">Stengt<\/td>\n<\/tr>\n<\/tbody>\n<\/table>\n<blockquote><p>\nE-post: <a href=\"mailto:hei@monner.no\">hei@monner.no<\/a><\/p><\/blockquote>\n<blockquote class=\"theme\"><p>Monner AS<\/p>\n<h4>ADRESSE:<\/h4>\n<p>Kongens gate 12<br \/>\n0153 Oslo, Norway<br \/>\nOrg.nr 913 978 617<\/p><\/blockquote>\n","protected":false},"excerpt":{"rendered":"<p>Monner er en digital plattform for l\u00e5nebasert crowdfunding. Her har man anledning til \u00e5 be om finansiering mellom 250.000 kr inntil 20.000.000 kr med en rente p\u00e5 mellom 5% og &#8230;<\/p>\n","protected":false},"author":1,"featured_media":165,"parent":0,"menu_order":0,"comment_status":"closed","ping_status":"closed","template":"","meta":{"footnotes":""},"class_list":["post-164","page","type-page","status-publish","has-post-thumbnail","hentry"],"_links":{"self":[{"href":"https:\/\/firmalan.com\/no\/wp-json\/wp\/v2\/pages\/164","targetHints":{"allow":["GET"]}}],"collection":[{"href":"https:\/\/firmalan.com\/no\/wp-json\/wp\/v2\/pages"}],"about":[{"href":"https:\/\/firmalan.com\/no\/wp-json\/wp\/v2\/types\/page"}],"author":[{"embeddable":true,"href":"https:\/\/firmalan.com\/no\/wp-json\/wp\/v2\/users\/1"}],"replies":[{"embeddable":true,"href":"https:\/\/firmalan.com\/no\/wp-json\/wp\/v2\/comments?post=164"}],"version-history":[{"count":3,"href":"https:\/\/firmalan.com\/no\/wp-json\/wp\/v2\/pages\/164\/revisions"}],"predecessor-version":[{"id":169,"href":"https:\/\/firmalan.com\/no\/wp-json\/wp\/v2\/pages\/164\/revisions\/169"}],"wp:featuredmedia":[{"embeddable":true,"href":"https:\/\/firmalan.com\/no\/wp-json\/wp\/v2\/media\/165"}],"wp:attachment":[{"href":"https:\/\/firmalan.com\/no\/wp-json\/wp\/v2\/media?parent=164"}],"curies":[{"name":"wp","href":"https:\/\/api.w.org\/{rel}","templated":true}]}}