{"id":160,"date":"2019-05-31T20:35:18","date_gmt":"2019-05-31T18:35:18","guid":{"rendered":"https:\/\/firmalan.com\/no\/?page_id=160"},"modified":"2019-05-31T20:35:18","modified_gmt":"2019-05-31T18:35:18","slug":"kameo","status":"publish","type":"page","link":"https:\/\/firmalan.com\/no\/kameo\/","title":{"rendered":"Kameo"},"content":{"rendered":"<div class=\"section-content\">\n<div class=\"row\">\n<div class=\"feature-item col-lg-6 col-sm-6 wow slideInUp\">\n<div class=\"feature-media\"><img decoding=\"async\" src=\"https:\/\/firmalan.com\/no\/wp-content\/uploads\/2019\/05\/kameo-norway.png\" \/><\/div>\n<\/div>\n<div class=\"feature-item col-lg-6 col-sm-6 wow slideInUp\">Crowdfunding fra Kameo gir bedrifter og private mulighet til \u00e5 investere i andre bedrifter (eiendomsutvikling, tomtekj\u00f8p, og andre byggeprosjekter) i form av peer-to-peer l\u00e5n opp til 10 millioner kroner i 6-36 m\u00e5neder og en gjennomsnittlig rente p\u00e5 9,8%.<\/div>\n<\/div>\n<\/div>\n<div class=\"section-color\">\n<div class=\"row\">\n<div class=\"feature-item col-lg-6 col-sm-6 wow slideInUp\">\n<p class=\"kapitel\">Kameo bedrifsl\u00e5n\/eiendomsl\u00e5n<\/p>\n<ul id=\"navlist\">\n<li>Bel\u00f8p: 500.000-10.000.000 kr.<\/li>\n<li>Nedbetaling: 6-36 m\u00e5neder<\/li>\n<li>L\u00e5nekostnader: 2-5 % i etableringsgebyr og administrative kostnader<\/li>\n<\/ul>\n<\/div>\n<div class=\"feature-item col-lg-6 col-sm-6 wow slideInUp\">\n<p class=\"kapitel\">S\u00f8knad 24\/7<\/p>\n<ul id=\"navlist\">\n<li>L\u00e5nes\u00f8knad: Ans\u00f8g online, f\u00e5 rask tilbakemelding.<\/li>\n<li>Risikoanalyse: kredittvurderingen fra UC,Experian og Bisnode.<\/li>\n<li>Tegningsperiode: N\u00e5r l\u00e5net er fulltegnet registrerer l\u00e5neagenten sikkerhetene, og l\u00e5net betales ut.<\/li>\n<\/ul>\n<\/div>\n<\/div>\n<\/div>\n<p><span style=\"color: #00529c; font-size: 16pt;\">Betingelser:<\/span><\/p>\n<table>\n<tbody>\n<tr>\n<td bgcolor=\"#000\"><span style=\"color: #ffffff;\">Rentesats<\/span><\/td>\n<td>5-15% (gjennomsnittlig rente:9,8%)<\/td>\n<\/tr>\n<tr>\n<td bgcolor=\"#000\"><span style=\"color: #ffffff;\">Oprettelsesgebyr<\/span><\/td>\n<td>2.5%-5%<\/td>\n<\/tr>\n<\/tbody>\n<\/table>\n<p><span style=\"color: #00529c; font-size: 16pt;\">Kvalifiserte l\u00e5ntakere:<\/span><\/p>\n<table>\n<tbody>\n<tr>\n<td bgcolor=\"#000\"><span style=\"color: #ffffff;\">Omsetning<\/span><\/td>\n<td>Ha positiv egenkapital.<\/td>\n<\/tr>\n<tr>\n<td bgcolor=\"#000\"><span style=\"color: #ffffff;\">Firma<\/span><\/td>\n<td>Selskapet er aktivt.<\/td>\n<\/tr>\n<tr>\n<td bgcolor=\"#000\"><span style=\"color: #ffffff;\">Bankkonto<\/span><\/td>\n<td>Bankkonto dedikeret til forretninger.<\/td>\n<\/tr>\n<tr>\n<td bgcolor=\"#000\"><span style=\"color: #ffffff;\">Adresse<\/span><\/td>\n<td>En fast adresse.<\/td>\n<\/tr>\n<tr>\n<td bgcolor=\"#000\"><span style=\"color: #ffffff;\">Eierskap<\/span><\/td>\n<td>Etablert som aksjeselskap i Skandinavia.<\/td>\n<\/tr>\n<\/tbody>\n<\/table>\n<p><span style=\"color: #00529c; font-size: 16pt;\">F\u00f8lgende opplysninger og dokumenter kreves:<\/span><\/p>\n<ul>\n<li>BankID<\/li>\n<li>Org nr<\/li>\n<li>Bankkonto<\/li>\n<li>oppdatert finansiell informasjon (ikke eldre enn tre m\u00e5neder)<\/li>\n<\/ul>\n<p>Flere bedrifter og privatpersoner stiller da l\u00e5nebel\u00f8p til r\u00e5dighet til bedrifter som har et behov eller et \u00f8nske om \u00e5 utvide sin virksomhet eller for \u00e5 finansiere utvikling av en ide eller produksjon av produkter basert p\u00e5 en ide eller et eksisterende produkt. Dette kan v\u00e6re en mulighet for norske bedrifter eller privatpersoner for \u00e5 fremme nyskapning og vekst i det norske samfunnet. Crowdfunding forenkler konseptet med \u00e5 skaffe finansiering for utvikling av en virksomhet. Man har tidligere selv m\u00e5ttet finne de aktuelle investorene, noe som forenkles i forbindelse med at Kameo tilbyr \u00e5 opprette kontakten som trengs mellom investor og virksomhet.<\/p>\n<h3>Grunnleggende krav:<\/h3>\n<ul>\n<li>Etablert som aksjeselskap i Skandinavia<\/li>\n<li>Ha positiv egenkapital<\/li>\n<li>Kunne presentere oppdatert finansiell informasjon (ikke eldre enn tre m\u00e5neder)<\/li>\n<li>Ha levert inn ett \u00e5rsregnskap<\/li>\n<li>Godkjent kredittvurdering fra UC og Bisnode eller lignende<\/li>\n<\/ul>\n<p>Alle bedriftsl\u00e5n som tegnes via Kameos plattform krever sikkerhet. Eksempler p\u00e5 sikkerhet kan v\u00e6re kausjon, pant i fordringer eller eiendom el.<\/p>\n<p>Kameo er en dansk bedrift som ble etablert i 2014. De har siden den gang tilbudt crowdfunding til det danske markedet, men har ogs\u00e5 startet opp filialer i Norge og Sverige hvor de tilbyr denne tjenesten til det norske markedet. Co-founder og daglig leder i Norge er Sebastian Martens Harung. Kameo AS st\u00f8ttes blant annet av investeringsbanken ABG Sundal Collier.<\/p>\n<hr \/>\n<hr \/>\n<h4>Support:<\/h4>\n<table class=\"table table-striped\" border=\"0\">\n<tbody>\n<tr>\n<td valign=\"top\" width=\"150\">Man-Fre<\/td>\n<td valign=\"top\" width=\"100\">09:00 \u2013 17:00<\/td>\n<\/tr>\n<tr>\n<td valign=\"top\" width=\"150\">Helg<\/td>\n<td valign=\"top\" width=\"100\">Stengt<\/td>\n<\/tr>\n<\/tbody>\n<\/table>\n<blockquote><p>Telefon: 0047 919 03 155<br \/>\nE-post: <a href=\"mailto:helpdesk@kameo.no\">helpdesk@kameo.no<\/a><\/p><\/blockquote>\n<blockquote class=\"theme\"><p>Kameo Branch Norway<\/p>\n<h4>ADRESSE:<\/h4>\n<p>Stortorvet 10<br \/>\n0155 Oslo<br \/>\nKameo AS<br \/>\nOrg.nr 916 253 192<\/p><\/blockquote>\n","protected":false},"excerpt":{"rendered":"<p>Crowdfunding fra Kameo gir bedrifter og private mulighet til \u00e5 investere i andre bedrifter (eiendomsutvikling, tomtekj\u00f8p, og andre byggeprosjekter) i form av peer-to-peer l\u00e5n opp til 10 millioner kroner i &#8230;<\/p>\n","protected":false},"author":1,"featured_media":161,"parent":0,"menu_order":0,"comment_status":"closed","ping_status":"closed","template":"","meta":{"footnotes":""},"class_list":["post-160","page","type-page","status-publish","has-post-thumbnail","hentry"],"_links":{"self":[{"href":"https:\/\/firmalan.com\/no\/wp-json\/wp\/v2\/pages\/160","targetHints":{"allow":["GET"]}}],"collection":[{"href":"https:\/\/firmalan.com\/no\/wp-json\/wp\/v2\/pages"}],"about":[{"href":"https:\/\/firmalan.com\/no\/wp-json\/wp\/v2\/types\/page"}],"author":[{"embeddable":true,"href":"https:\/\/firmalan.com\/no\/wp-json\/wp\/v2\/users\/1"}],"replies":[{"embeddable":true,"href":"https:\/\/firmalan.com\/no\/wp-json\/wp\/v2\/comments?post=160"}],"version-history":[{"count":1,"href":"https:\/\/firmalan.com\/no\/wp-json\/wp\/v2\/pages\/160\/revisions"}],"predecessor-version":[{"id":162,"href":"https:\/\/firmalan.com\/no\/wp-json\/wp\/v2\/pages\/160\/revisions\/162"}],"wp:featuredmedia":[{"embeddable":true,"href":"https:\/\/firmalan.com\/no\/wp-json\/wp\/v2\/media\/161"}],"wp:attachment":[{"href":"https:\/\/firmalan.com\/no\/wp-json\/wp\/v2\/media?parent=160"}],"curies":[{"name":"wp","href":"https:\/\/api.w.org\/{rel}","templated":true}]}}