{"id":142,"date":"2019-04-08T15:37:07","date_gmt":"2019-04-08T13:37:07","guid":{"rendered":"https:\/\/firmalan.com\/no\/?page_id=142"},"modified":"2019-04-08T15:37:07","modified_gmt":"2019-04-08T13:37:07","slug":"landkreditt-bank","status":"publish","type":"page","link":"https:\/\/firmalan.com\/no\/landkreditt-bank\/","title":{"rendered":"Landkreditt Bank"},"content":{"rendered":"<p>Landkreditt Bank har sin opprinnelse fra 1915 og er et finanskonsern som er rettet mot landbruket. B\u00e5de privatpersoner og g\u00e5rdsbruk har med dette tilgang p\u00e5 en bank som fokuserer p\u00e5 utfordringene til b\u00f8nder og eiere av g\u00e5rdsbruk. N\u00e5r man driver med g\u00e5rdsbruk, s\u00e5 har man ofte andre utfordringer enn man har i bedrifter og ogs\u00e5 i forhold til privatpersoner som ikke driver med g\u00e5rdsbruk. G\u00e5rdsbruk kan ofte ha behov for sesongbasert finansiering. Drift av g\u00e5rdsbruk kan i mange situasjoner v\u00e6re uforutsigbart i forhold til v\u00e6r og klima, og i noen situasjoner kan man trenge finansiering p\u00e5 denne typen vilk\u00e5r. Det kan v\u00e6re utfordrende \u00e5 vedlikeholde et g\u00e5rdsbruk uten finansiering i forhold til denne type virksomhet. Selv om man kan benytte seg av finansiering ogs\u00e5 i andre banker, s\u00e5 vil man hos Landkreditt Bank f\u00e5 bedre betingelser i forhold til landbruk enn man vil andre steder.<\/p>\n<h3>L\u00e5n til landbruk<\/h3>\n<p><strong>Landbruksl\u00e5n<\/strong> &#8211; L\u00e5ne med pant i landbrukseiendom fra 3,20 % nominell rente. l\u00f8petid p\u00e5 inntil 25 \u00e5r og med mulighet for 5 \u00e5rs avdragsfrihet.<\/p>\n<p><strong>G\u00e5rdskreditt<\/strong> &#8211; L\u00e5n med pant i g\u00e5rdseiendom inntil 60 % av eiendommens verdi. L\u00e5nebel\u00f8p fra 250.000 kr med inntil 15 \u00e5rs nedbetalingstid, fra 3,20 % nominell rente.<\/p>\n<p><strong>Driftskreditt<\/strong> &#8211; En kassekreditt for den daglige driften betale kun rente p\u00e5 den kreditten som du benytter 3,65 % nominell rente.<\/p>\n<p><strong>Generasjonsskiftel\u00e5n<\/strong> &#8211; Landbruksfinansiering &#8211; Fra 2,90 % nominell rente.<\/p>\n<p><strong>Traktorl\u00e5n<\/strong> &#8211; L\u00e5n med sikkerhet i traktoren fra 3,50 % rente &#8211; S\u00f8k online med BankID<\/p>\n<h3>Tjenester for bedrifter hos Landkreditt Bank<\/h3>\n<p>Landkreditt Bank tilbyr flere l\u00e5nemuligheter som er tilpasset g\u00e5rdsbruk. Man kan benytte seg av tjenester som Landbruksl\u00e5n, G\u00e5rdskreditt, Driftskreditt, Generasjonsskiftel\u00e5n og Traktorl\u00e5n. Landbruksl\u00e5n er et nedbetalingsl\u00e5n som gir mulighet til en engangsfinansiering som man betaler ned i henhold til en avtale over tid. Driftskreditt gir mulighet til at man kan sikre seg mot d\u00e5rlige sesonger ved at man til en hver tid har tilgang p\u00e5 noe ekstra penger enn det man til en hver tid har p\u00e5 konto. G\u00e5rdskreditt gir ogs\u00e5 mulighet til \u00e5 ha tilgang p\u00e5 ekstra penger, men dette er knyttet til en sikkerhet i g\u00e5rdens verdi. N\u00e5r man \u00f8nsker at neste generasjon tar over g\u00e5rden, s\u00e5 kan dette inneb\u00e6rer ekstra kostnader. Da kan man benytte seg av Generasjonsskiftel\u00e5n. Man kan ogs\u00e5 benytte seg av et traktorl\u00e5n. Alle g\u00e5rdsbruk har behov for en traktor for \u00e5 kunne hjelpe med de tyngste oppgavene p\u00e5 g\u00e5rden, som alt fra pl\u00f8ying til \u00e5 hente inn h\u00f8y og skogsdrift.<\/p>\n","protected":false},"excerpt":{"rendered":"<p>Landkreditt Bank har sin opprinnelse fra 1915 og er et finanskonsern som er rettet mot landbruket. B\u00e5de privatpersoner og g\u00e5rdsbruk har med dette tilgang p\u00e5 en bank som fokuserer p\u00e5 &#8230;<\/p>\n","protected":false},"author":1,"featured_media":0,"parent":0,"menu_order":0,"comment_status":"closed","ping_status":"closed","template":"","meta":{"footnotes":""},"class_list":["post-142","page","type-page","status-publish","hentry"],"_links":{"self":[{"href":"https:\/\/firmalan.com\/no\/wp-json\/wp\/v2\/pages\/142","targetHints":{"allow":["GET"]}}],"collection":[{"href":"https:\/\/firmalan.com\/no\/wp-json\/wp\/v2\/pages"}],"about":[{"href":"https:\/\/firmalan.com\/no\/wp-json\/wp\/v2\/types\/page"}],"author":[{"embeddable":true,"href":"https:\/\/firmalan.com\/no\/wp-json\/wp\/v2\/users\/1"}],"replies":[{"embeddable":true,"href":"https:\/\/firmalan.com\/no\/wp-json\/wp\/v2\/comments?post=142"}],"version-history":[{"count":1,"href":"https:\/\/firmalan.com\/no\/wp-json\/wp\/v2\/pages\/142\/revisions"}],"predecessor-version":[{"id":150,"href":"https:\/\/firmalan.com\/no\/wp-json\/wp\/v2\/pages\/142\/revisions\/150"}],"wp:attachment":[{"href":"https:\/\/firmalan.com\/no\/wp-json\/wp\/v2\/media?parent=142"}],"curies":[{"name":"wp","href":"https:\/\/api.w.org\/{rel}","templated":true}]}}