{"id":131,"date":"2019-04-08T15:19:22","date_gmt":"2019-04-08T13:19:22","guid":{"rendered":"https:\/\/firmalan.com\/no\/?page_id=131"},"modified":"2019-04-08T15:19:23","modified_gmt":"2019-04-08T13:19:23","slug":"ikano-bank","status":"publish","type":"page","link":"https:\/\/firmalan.com\/no\/ikano-bank\/","title":{"rendered":"Ikano Bank"},"content":{"rendered":"<p>Ikano Bank er en bank som er startet i forbindelse med Ikea. Man tilb\u00f8d opprinnelig finansiering for kj\u00f8p av m\u00f8bler p\u00e5 Ikea, men har i de siste \u00e5rene fokusert p\u00e5 det generelle markedet. Banken tilbyr fortsatt sin tjeneste til kunder av Ikea, men tilbyr ogs\u00e5 finansiering til andre som \u00f8nsker det.<\/p>\n<p>Fra \u00e5 v\u00e6re en tilbyder av finansiering for m\u00f8bler, er Ikano Bank i dag en fullverdig finansinstitusjon og tilbyr ikke bare finansiering for kj\u00f8p av produkter, men ogs\u00e5 forbruksl\u00e5n. I tillegg til ordin\u00e6re forbruksl\u00e5n tilbyr denne banken ogs\u00e5 finansiering for bedrifter. Man kan benytte seg av denne typen finansiering dersom man \u00f8nsker \u00e5 starte opp en bedrift, eller dersom man av en eller annen grunn trenger ekstra finansiering i forhold til drift av bedriften eller av andre grunner.<\/p>\n<p>Ikano er i utgangspunktet en svensk bank som har etablert seg med filial i Norge for \u00e5 h\u00e5ndtere det norske markedet, og er en bank b\u00e5de for privat og for bedrifter som trenger finansiering.<\/p>\n<h3>Ikano Bank bedriftsfinansiering<\/h3>\n<p><strong>Leasing<\/strong> &#8211; mulighet til \u00e5 lease en ny og moderne driftsmidler og l\u00f8s\u00f8re basert p\u00e5 behov til fast m\u00e5nedlig pris.<\/p>\n<p><strong>Bedriftskort<\/strong> &#8211; Ikano Bank er kortutsteder til to <a href=\"https:\/\/firmalan.com\/no\/bedriftskort\/\">forskjellige bedriftskort<\/a> i samarbeid med IKEA og Coop. Firmakort med bedriftsansvar med inntil 300 000 kroner i kredittramme.<\/p>\n<h3>Tjenester for bedrifter hos Ikano Bank<\/h3>\n<p>Ikano Bank tilbyr forbruksl\u00e5n som tilbud for bedrifter. P\u00e5 denne m\u00e5ten kan man l\u00e5ne penger uten sikkerhet til det man trenger det til. Man har anledning til \u00e5 benytte denne typen l\u00e5n til oppstart av bedrift, eller man kan finansiere prosjekter i bedriften. Enten man \u00f8nsker \u00e5 benytte l\u00e5net til \u00e5 utf\u00f8re et \u00f8nsket prosjekt eller man \u00f8nsker \u00e5 investere i innkj\u00f8p av nye produkter, s\u00e5 kan dette v\u00e6re en bra mulighet for din bedrift. Denne typen finansiering gir muligheter man ikke f\u00e5r hos andre banker da de fleste banker \u00f8nsker en eller annen form for sikkerhet for \u00e5 tilby bedriftsl\u00e5n. Det kan v\u00e6re sikkerhet i forhold til et lager, eller i forhold til eiendeler i bedriften, men hos Ikano Bank beh\u00f8ver man ikke stille sikkerhet for l\u00e5net man benytter seg av.<\/p>\n","protected":false},"excerpt":{"rendered":"<p>Ikano Bank er en bank som er startet i forbindelse med Ikea. Man tilb\u00f8d opprinnelig finansiering for kj\u00f8p av m\u00f8bler p\u00e5 Ikea, men har i de siste \u00e5rene fokusert p\u00e5 &#8230;<\/p>\n","protected":false},"author":1,"featured_media":0,"parent":0,"menu_order":0,"comment_status":"closed","ping_status":"closed","template":"","meta":{"footnotes":""},"class_list":["post-131","page","type-page","status-publish","hentry"],"_links":{"self":[{"href":"https:\/\/firmalan.com\/no\/wp-json\/wp\/v2\/pages\/131","targetHints":{"allow":["GET"]}}],"collection":[{"href":"https:\/\/firmalan.com\/no\/wp-json\/wp\/v2\/pages"}],"about":[{"href":"https:\/\/firmalan.com\/no\/wp-json\/wp\/v2\/types\/page"}],"author":[{"embeddable":true,"href":"https:\/\/firmalan.com\/no\/wp-json\/wp\/v2\/users\/1"}],"replies":[{"embeddable":true,"href":"https:\/\/firmalan.com\/no\/wp-json\/wp\/v2\/comments?post=131"}],"version-history":[{"count":1,"href":"https:\/\/firmalan.com\/no\/wp-json\/wp\/v2\/pages\/131\/revisions"}],"predecessor-version":[{"id":138,"href":"https:\/\/firmalan.com\/no\/wp-json\/wp\/v2\/pages\/131\/revisions\/138"}],"wp:attachment":[{"href":"https:\/\/firmalan.com\/no\/wp-json\/wp\/v2\/media?parent=131"}],"curies":[{"name":"wp","href":"https:\/\/api.w.org\/{rel}","templated":true}]}}