{"id":127,"date":"2019-04-08T15:05:43","date_gmt":"2019-04-08T13:05:43","guid":{"rendered":"https:\/\/firmalan.com\/no\/?page_id=127"},"modified":"2019-04-08T15:05:44","modified_gmt":"2019-04-08T13:05:44","slug":"handelsbanken","status":"publish","type":"page","link":"https:\/\/firmalan.com\/no\/handelsbanken\/","title":{"rendered":"Handelsbanken"},"content":{"rendered":"<p>Handelsbanken har sitt hovedkontor i Norge p\u00e5 Tjuvholmen. Banken er et datterselskap svenske Handelsbanken AB, og tilbyr sine tjenester til privatpersoner og bedrifter i Norge. Med kontorer flere steder i Norge, s\u00e5 dekker de en stor del av det norske markedet med sine tjenester. Handelsbanken har bygget opp sin virksomhet ved hjelp av allerede etablerte kontorer i Oslo, Stavanger og Bergen. P\u00e5 grunn av oppkj\u00f8p av nyoppstartede og etablerte banker skaffet denne svenske banken seg raskt et marked i Norge som siden deres etablering i Norge p\u00e5 midten av 1980-tallet har vokst og utvidet sin markedsandel. Med mange forn\u00f8yde kunder b\u00e5de innen privatmarkedet og inne bedriftssektoren, s\u00e5 utvider banken stadig sitt tjenestespekter for \u00e5 tilpasse seg nye og eksisterende kunder. Handelsbanken i Norge drar nytte av kredittrating og st\u00f8rrelsen til deres svenske moderselskap n\u00e5r de presenterer seg overfor markedet. For en bank i vekst er det viktig med et godt nettverk bak seg og at man kan benytte seg av fordeler man tar med seg fra en godt etablert og velrennomert bank med lang fartstid.<\/p>\n<h3>Handelsbanken bedriftsfinansiering<\/h3>\n<p><strong>Leasing<\/strong> &#8211; mulighet til \u00e5 lease en ny og sikker selskapsbil basert p\u00e5 behov til fast m\u00e5nedlig pris.<\/p>\n<p><strong>L\u00e5nefinansiering<\/strong> &#8211; passer til st\u00f8rre investeringer i enten eiendom, maskiner eller utstyr. (tilbakebetalingstid vanligvis 3-7 \u00e5r)<\/p>\n<p><strong>Kassekreditt<\/strong> &#8211; F\u00e5 en kreditt knyttet til en bedriftskonto. Du betaler kun rente p\u00e5 den kreditten som du benytter og en provisjon for \u00e5 ha kreditten tilgjengelig p\u00e5 konto. Det er ogs\u00e5 mulig \u00e5 f\u00e5 kreditten i en annen valuta enn NOK.<\/p>\n<p><strong>Bankgarantier<\/strong> &#8211; Handelsbanken stiller som garantist for at innholdet i kontrakten vil bli oppfylt.<\/p>\n<h3>Tjenester for bedrifter i Handelsbanken<\/h3>\n<p>Hos handelsbanken kan du benytte deg av tjenester for \u00e5 finansiere eiendom, bedriftsl\u00e5n og for leasing. N\u00e5r man skal benytte seg av tjenester for finansiering av eiendom, s\u00e5 kan man i samr\u00e5d med banken finne frem til det beste alternativet for dette, og dermed ogs\u00e5 finne den beste typen finansiering. Bedriftsl\u00e5n som kan tilbys fra Handelsbanken er avhengig av hva du har behov for. Med denne typen l\u00e5n fra Handelsbanken kan du benytte deg av alt fra kassekreditt til l\u00e5n for \u00e5 finansiere maskiner og utstyr eller for innkj\u00f8p bedriften din har behov for. Lesing er et alternativ i forhold til \u00e5 eie i flere sammenhenger, for eksempel for firmabiler. Det er en vurdering i hvert enkelt tilfelle i forhold til hva som er l\u00f8nnsomt for deg i forhold til dette.<\/p>\n","protected":false},"excerpt":{"rendered":"<p>Handelsbanken har sitt hovedkontor i Norge p\u00e5 Tjuvholmen. Banken er et datterselskap svenske Handelsbanken AB, og tilbyr sine tjenester til privatpersoner og bedrifter i Norge. Med kontorer flere steder i &#8230;<\/p>\n","protected":false},"author":1,"featured_media":0,"parent":0,"menu_order":0,"comment_status":"closed","ping_status":"closed","template":"","meta":{"footnotes":""},"class_list":["post-127","page","type-page","status-publish","hentry"],"_links":{"self":[{"href":"https:\/\/firmalan.com\/no\/wp-json\/wp\/v2\/pages\/127","targetHints":{"allow":["GET"]}}],"collection":[{"href":"https:\/\/firmalan.com\/no\/wp-json\/wp\/v2\/pages"}],"about":[{"href":"https:\/\/firmalan.com\/no\/wp-json\/wp\/v2\/types\/page"}],"author":[{"embeddable":true,"href":"https:\/\/firmalan.com\/no\/wp-json\/wp\/v2\/users\/1"}],"replies":[{"embeddable":true,"href":"https:\/\/firmalan.com\/no\/wp-json\/wp\/v2\/comments?post=127"}],"version-history":[{"count":1,"href":"https:\/\/firmalan.com\/no\/wp-json\/wp\/v2\/pages\/127\/revisions"}],"predecessor-version":[{"id":130,"href":"https:\/\/firmalan.com\/no\/wp-json\/wp\/v2\/pages\/127\/revisions\/130"}],"wp:attachment":[{"href":"https:\/\/firmalan.com\/no\/wp-json\/wp\/v2\/media?parent=127"}],"curies":[{"name":"wp","href":"https:\/\/api.w.org\/{rel}","templated":true}]}}