{"id":125,"date":"2019-04-08T14:51:06","date_gmt":"2019-04-08T12:51:06","guid":{"rendered":"https:\/\/firmalan.com\/no\/?page_id=125"},"modified":"2019-04-08T14:51:06","modified_gmt":"2019-04-08T12:51:06","slug":"dnb","status":"publish","type":"page","link":"https:\/\/firmalan.com\/no\/dnb\/","title":{"rendered":"Den Norske Bank"},"content":{"rendered":"<p>DnB, eller Den Norske Bank, har sinn opprinnelse helt tilbake til 1822. Den gangen het banken Christiania Sparebank og har siden den gangen utviklet seg til \u00e5 bli den st\u00f8rste norskeide finansinstitusjonen. Flere sammensl\u00e5inger har gjort banken til det den er i dag, det vil si at den het DnB NOR fra 2003 n\u00e5r den ble sl\u00e5tt sammen med Gjensidige NOR, Postbanken, Vital Forsikring og Nordlandsbanken. Siden 2011 har banken hatt navnet DnB. DnB er i dag en forretningsbank og har derfor et stort antall bedriftskunder i tillegg til at mange privatkunder benytter seg av denne banken. Tilbudet til privatkunder har f\u00e5tt en del kritikk de siste \u00e5rene p\u00e5 grunn av at nettbanken har hatt en del nedetid. Likevel er dette en av favorittbankene til norske kunder. Banken har sitt hovedkontor i Bj\u00f8rvika i Oslo, og tilbyr det meste av finansielle tjenester til sine kunder. Den Norske Bank er en stor og sikker bank med h\u00f8y kredittrating som gir et sikkert alternativ til sine kunder.<\/p>\n<h3>DNB Bedriftsfinansiering<\/h3>\n<p><strong>Nedbetalningsl\u00e5n<\/strong> &#8211; en langsiktig form for finansiering, passer til st\u00f8rre investeringer i enten eiendom, maskiner eller utstyr.<\/p>\n<p><strong>Kassekreditt<\/strong> &#8211; L\u00f8per inntil ett \u00e5r og disponeres fra driftskontoen<\/p>\n<p><strong>Leasing<\/strong> &#8211; gjenstander,maskiner,bil og andre kj\u00f8ret\u00f8y.<\/p>\n<p><strong>Factoring<\/strong> &#8211; f\u00e5 betalt for ubetalte fakturaer \u00e5 overlate fakturaoppf\u00f8lging av dine kunder til DNB. Finansieringsformen passer for bedrifter som selger for mer enn 10mill i \u00e5ret og sender ut omtrent 20-30 fakturaer i m\u00e5neden.<\/p>\n<p><strong>Bankgarantier<\/strong> &#8211; DNB stiller som garantist for at innholdet i kontrakten vil bli oppfylt.<\/p>\n<h3>Tjenester for bedrifter hos Den Norske Bank<\/h3>\n<p>Den Norske Bank har mange valgmuligheter til sine kunder, enten de er bedriftskunder eller privatkunder. S\u00e5 lenge man kan stille med sikkerhet, s\u00e5 vil man kunne benytte seg av finansiering for oppstart av virksomhet eller for \u00e5 finansiere investeringer i bedriften. Alternative finansieringsl\u00f8sninger er kassekreditt, bankgaranti, leasing eller factoring. Factoring betyr at banken kan tilby inntil 85% av verdien av fakturaer utbetalt umiddelbart slik at du ivaretar en god likviditet for bedriften. N\u00e5r man investerer i biler eller andre ting for bedriften, s\u00e5 kan man benytte seg av l\u00e5n eller man kan benytte seg av leasing. Bankgaranti kan hjelpe bedrifter med for eksempel leiekontrakter hvor man m\u00e5 stille med bankgaranti for depositum. Kassekreditt hjelper bedriften med likviditeten ved at man til en hver tid har mulighet til \u00e5 bruke et bestemt bel\u00f8p i tillegg til hva man har p\u00e5 bankkontoen.<\/p>\n","protected":false},"excerpt":{"rendered":"<p>DnB, eller Den Norske Bank, har sinn opprinnelse helt tilbake til 1822. Den gangen het banken Christiania Sparebank og har siden den gangen utviklet seg til \u00e5 bli den st\u00f8rste &#8230;<\/p>\n","protected":false},"author":1,"featured_media":0,"parent":0,"menu_order":0,"comment_status":"closed","ping_status":"closed","template":"","meta":{"footnotes":""},"class_list":["post-125","page","type-page","status-publish","hentry"],"_links":{"self":[{"href":"https:\/\/firmalan.com\/no\/wp-json\/wp\/v2\/pages\/125","targetHints":{"allow":["GET"]}}],"collection":[{"href":"https:\/\/firmalan.com\/no\/wp-json\/wp\/v2\/pages"}],"about":[{"href":"https:\/\/firmalan.com\/no\/wp-json\/wp\/v2\/types\/page"}],"author":[{"embeddable":true,"href":"https:\/\/firmalan.com\/no\/wp-json\/wp\/v2\/users\/1"}],"replies":[{"embeddable":true,"href":"https:\/\/firmalan.com\/no\/wp-json\/wp\/v2\/comments?post=125"}],"version-history":[{"count":2,"href":"https:\/\/firmalan.com\/no\/wp-json\/wp\/v2\/pages\/125\/revisions"}],"predecessor-version":[{"id":155,"href":"https:\/\/firmalan.com\/no\/wp-json\/wp\/v2\/pages\/125\/revisions\/155"}],"wp:attachment":[{"href":"https:\/\/firmalan.com\/no\/wp-json\/wp\/v2\/media?parent=125"}],"curies":[{"name":"wp","href":"https:\/\/api.w.org\/{rel}","templated":true}]}}